{"id":3,"date":"2023-06-26T08:16:32","date_gmt":"2023-06-26T08:16:32","guid":{"rendered":"http:\/\/www.smagapaperwood.com\/?page_id=3"},"modified":"2025-03-21T20:05:29","modified_gmt":"2025-03-21T20:05:29","slug":"privacy-policy","status":"publish","type":"page","link":"https:\/\/www.smagapaperwood.com\/pl\/privacy-policy\/","title":{"rendered":"Polityka prywatno\u015bci"},"content":{"rendered":"<h1 class=\"privacy-policy-h1\">Polityka prywatno\u015bci<\/h1>\n<p>Ostatnia aktualizacja 16 marca 2025 r.<\/p>\n<p>Data wej\u015bcia w \u017cycie 16 marca 2025 r.<\/p>\n<p class=\"privacy-policy-p\">Niniejsza Polityka prywatno\u015bci opisuje zasady<\/p>\n<p>Smaga Monika Smaga,<br \/>Nad Brda 4, Bo\u017cenkowo,<br \/>Osielsko<br \/>86-021,<br \/>Poland,<br \/>email: hello@smagapaperwood.com,<br \/>phone: +48505863668<\/p>\n<p>w sprawie gromadzenia, wykorzystywania i ujawniania informacji gromadzonych przez nas podczas korzystania przez u\u017cytkownika z naszej strony internetowej ( https:\/\/www.smagapaperwood.com ).<br \/>( Strona )<\/p>\n<p>Uzyskuj\u0105c dost\u0119p do Strony lub korzystaj\u0105c z niej, u\u017cytkownik wyra\u017ca zgod\u0119 na gromadzenie, wykorzystywanie i ujawnianie jego informacji zgodnie z niniejsz\u0105 Polityk\u0105 prywatno\u015bci. Je\u015bli u\u017cytkownik nie wyra\u017ca na to zgody, nie powinien uzyskiwa\u0107 dost\u0119pu do Us\u0142ugi ani z niej korzysta\u0107.<\/p>\n<ol class=\"privacy-policy-ol\">\n<li>\n<h2 class=\"privacy-policy-h2\">Gromadzone przez nas informacje:<\/h2>\n<p class=\"privacy-policy-p\">Gromadzone, przechowywane i wykorzystywane mog\u0105 by\u0107 nast\u0119puj\u0105ce rodzaje danych osobowych:<\/p>\n<ol class=\"privacy-policy-ol\">\n<li>\n<p>informacje, takie jak adres e-mail, kt\u00f3re u\u017cytkownik podaje podczas rejestracji na naszej stronie internetowej;<\/p>\n<\/li>\n<li>\n<p>informacje, takie jak imi\u0119 i nazwisko oraz adres e-mail, kt\u00f3re u\u017cytkownik podaje w celu skonfigurowania subskrypcji naszych wiadomo\u015bci e-mail lub biuletyn\u00f3w;<\/p>\n<\/li>\n<li>Gdy u\u017cytkownik kupuje nasze produkty, gromadzimy podane przez niego dane osobowe. Obejmuj\u0105 one imi\u0119 i nazwisko, adres i adres e-mail.<\/li>\n<li>Informacje zawarte we wszelkiej korespondencji wysy\u0142anej do nas poczt\u0105 elektroniczn\u0105 lub za po\u015brednictwem naszej strony internetowej, w tym tre\u015b\u0107 komunikacji i metadane;<\/li>\n<li>Podczas przegl\u0105dania naszego sklepu nasz system automatycznie odbiera adres IP komputera u\u017cytkownika. Daje nam to przydatne informacje o przegl\u0105darce i systemie operacyjnym u\u017cytkownika.<\/li>\n<\/ol>\n<\/li>\n<li>\n<h2 class=\"privacy-policy-h2\">W jaki spos\u00f3b wykorzystujemy informacje o u\u017cytkowniku:<\/h2>\n<p class=\"privacy-policy-p\">B\u0119dziemy wykorzystywa\u0107 gromadzone przez nas informacje<br \/>o u\u017cytkowniku w nast\u0119puj\u0105cych celach:<\/p>\n<ol class=\"privacy-policy-ol\">\n<li>Tworzenie konta u\u017cytkownika<\/li>\n<li>Przetwarzanie p\u0142atno\u015bci<\/li>\n<li>Informacje administracyjne<\/li>\n<li>Zarz\u0105dzanie zam\u00f3wieniami klient\u00f3w<\/li>\n<li>Zarz\u0105dzanie kontem u\u017cytkownika<\/li>\n<\/ol>\n<p class=\"privacy-policy-p\">Je\u015bli b\u0119dziemy chcieli wykorzysta\u0107 dane u\u017cytkownika w jakimkolwiek innym celu, poprosimy go o zgod\u0119. B\u0119dziemy wykorzystywa\u0107 dane u\u017cytkownika wy\u0142\u0105cznie do cel\u00f3w, na kt\u00f3re u\u017cytkownik wyrazi\u0142 zgod\u0119, chyba \u017ce prawo wymaga od nas innego post\u0119powania.<\/p>\n<\/li>\n<li>\n<h2 class=\"privacy-policy-h2\">Przechowywanie informacji o u\u017cytkowniku:<\/h2>\n<p class=\"privacy-policy-p\">B\u0119dziemy przechowywa\u0107 dane osobowe u\u017cytkownika przez okres od 90 dni do 2 lat po zamkni\u0119ciu jego konta lub tak d\u0142ugo, jak b\u0119dziemy ich potrzebowa\u0107 do realizacji cel\u00f3w, dla kt\u00f3rych zosta\u0142y zebrane, zgodnie z niniejsz\u0105 Polityk\u0105 prywatno\u015bci. Mog\u0105 wyst\u0105pi\u0107 przypadki, w kt\u00f3rych b\u0119dziemy musieli przechowywa\u0107 pewne informacje przez d\u0142u\u017cszy okres, na przyk\u0142ad w celu prowadzenia dokumentacji lub raportowania zgodnie z obowi\u0105zuj\u0105cym prawem lub z innych uzasadnionych powod\u00f3w, w tym w celu egzekwowania praw i zapobiegania oszustwom. Szcz\u0105tkowe anonimowe informacje i informacje zbiorcze, z kt\u00f3rych \u017cadna nie identyfikuje u\u017cytkownika (bezpo\u015brednio lub po\u015brednio), mog\u0105 by\u0107 przechowywane przez czas nieokre\u015blony.<\/p>\n<\/li>\n<li>\n<h2 class=\"privacy-policy-h2\">Twoje prawa:<\/h2>\n<p>U\u017cytkownik ma prawo dost\u0119pu do swoich danych osobowych, ich sprostowania, usuni\u0119cia lub otrzymania ich kopii. U\u017cytkownik ma r\u00f3wnie\u017c prawo do ograniczenia lub sprzeciwu wobec aktywnego przetwarzania jego danych, do zwr\u00f3cenia si\u0119 do nas o udost\u0119pnienie (przeniesienie) jego danych osobowych innemu podmiotowi, do wycofania udzielonej nam zgody na przetwarzanie jego danych oraz do z\u0142o\u017cenia skargi do organu ustawowego. S\u0105 to prawa wynikaj\u0105ce z obowi\u0105zuj\u0105cych przepis\u00f3w. Aby skorzysta\u0107 z tych praw, nale\u017cy skontaktowa\u0107 si\u0119 z nami pod adresem hello@smagapaperwood.com.<br \/>Odpowiemy na \u017c\u0105danie u\u017cytkownika zgodnie z obowi\u0105zuj\u0105cym prawem.<\/p>\n<p>Nale\u017cy pami\u0119ta\u0107, \u017ce je\u015bli u\u017cytkownik nie zezwoli nam na gromadzenie lub przetwarzanie wymaganych danych osobowych lub wycofa swoj\u0105 zgod\u0119 na ich przetwarzanie w wymaganych celach, mo\u017ce nie by\u0107 w stanie uzyska\u0107 dost\u0119pu lub korzysta\u0107 z us\u0142ug, dla kt\u00f3rych informacje te by\u0142y wymagane.<\/p>\n<\/li>\n<li>\n<h2 class=\"privacy-policy-h2\">Cookies Etc.<\/h2>\n<p>Aby dowiedzie\u0107 si\u0119 wi\u0119cej o tym, w jaki spos\u00f3b korzystamy z tych technologii i jakie s\u0105 wybory u\u017cytkownika w zwi\u0105zku z tymi technologiami \u015bledzenia, zapoznaj si\u0119 z nasz\u0105 witryn\u0105<br \/><a href=\"https:\/\/www.smagapaperwood.com\/pl\/cookie-policy\/\">Cookie Policy.<\/a><\/p>\n<\/li>\n<li>\n<h2 class=\"privacy-policy-h2\">Security:<\/h2>\n<p class=\"privacy-policy-p\">Bezpiecze\u0144stwo informacji u\u017cytkownika jest dla nas wa\u017cne i b\u0119dziemy stosowa\u0107 uzasadnione \u015brodki bezpiecze\u0144stwa, aby zapobiec utracie, niew\u0142a\u015bciwemu wykorzystaniu lub nieuprawnionej zmianie informacji u\u017cytkownika znajduj\u0105cych si\u0119 pod nasz\u0105 kontrol\u0105. Bior\u0105c jednak pod uwag\u0119 nieod\u0142\u0105czne ryzyko, nie mo\u017cemy zagwarantowa\u0107 ca\u0142kowitego bezpiecze\u0144stwa, a w konsekwencji nie mo\u017cemy zapewni\u0107 ani zagwarantowa\u0107 bezpiecze\u0144stwa jakichkolwiek informacji, kt\u00f3re nam przekazujesz i robisz to na w\u0142asne ryzyko.<\/p>\n<\/li>\n<li>\n<h2 class=\"privacy-policy-h2\">Grievance \/ Data Protection Officer:<\/h2>\n<p class=\"privacy-policy-p\">Je\u015bli masz jakiekolwiek pytania lub w\u0105tpliwo\u015bci dotycz\u0105ce przetwarzania Twoich danych, kt\u00f3re s\u0105 u nas dost\u0119pne, mo\u017cesz wys\u0142a\u0107 wiadomo\u015b\u0107 e-mail do naszego inspektora ds. skarg na adres:\u00a0<\/p>\nSmaga Monika Smaga, Nad Brda 4, Bo\u017cenkowo, email: hello@smagapaperwood.com.<br \/>Odpowiemy na \u017c\u0105danie u\u017cytkownika zgodnie z obowi\u0105zuj\u0105cym prawem.<\/li>\n<\/ol>","protected":false},"excerpt":{"rendered":"","protected":false},"author":1,"featured_media":0,"parent":0,"menu_order":0,"comment_status":"closed","ping_status":"open","template":"","meta":{"footnotes":""},"class_list":["post-3","page","type-page","status-publish","hentry"],"yoast_head":"<!-- This site is optimized with the Yoast SEO plugin v27.4 - https:\/\/yoast.com\/product\/yoast-seo-wordpress\/ -->\n<title>Privacy Policy - SmagaPaperwood<\/title>\n<meta name=\"robots\" content=\"index, follow, max-snippet:-1, max-image-preview:large, max-video-preview:-1\" \/>\n<link rel=\"canonical\" href=\"https:\/\/www.smagapaperwood.com\/pl\/privacy-policy\/\" \/>\n<meta property=\"og:locale\" content=\"pl_PL\" \/>\n<meta property=\"og:type\" content=\"article\" \/>\n<meta property=\"og:title\" content=\"Privacy Policy - SmagaPaperwood\" \/>\n<meta property=\"og:url\" content=\"https:\/\/www.smagapaperwood.com\/pl\/privacy-policy\/\" \/>\n<meta property=\"og:site_name\" content=\"SmagaPaperwood\" \/>\n<meta property=\"article:publisher\" content=\"https:\/\/www.facebook.com\/SmagaPaperWood\" \/>\n<meta property=\"article:modified_time\" content=\"2025-03-21T20:05:29+00:00\" \/>\n<meta name=\"twitter:card\" content=\"summary_large_image\" \/>\n<meta name=\"twitter:label1\" content=\"Szacowany czas czytania\" \/>\n\t<meta name=\"twitter:data1\" content=\"3 minuty\" \/>\n<script type=\"application\/ld+json\" class=\"yoast-schema-graph\">{\"@context\":\"https:\\\/\\\/schema.org\",\"@graph\":[{\"@type\":\"WebPage\",\"@id\":\"https:\\\/\\\/www.smagapaperwood.com\\\/privacy-policy\\\/\",\"url\":\"https:\\\/\\\/www.smagapaperwood.com\\\/privacy-policy\\\/\",\"name\":\"Privacy Policy - SmagaPaperwood\",\"isPartOf\":{\"@id\":\"https:\\\/\\\/www.smagapaperwood.com\\\/#website\"},\"datePublished\":\"2023-06-26T08:16:32+00:00\",\"dateModified\":\"2025-03-21T20:05:29+00:00\",\"breadcrumb\":{\"@id\":\"https:\\\/\\\/www.smagapaperwood.com\\\/privacy-policy\\\/#breadcrumb\"},\"inLanguage\":\"pl-PL\",\"potentialAction\":[{\"@type\":\"ReadAction\",\"target\":[\"https:\\\/\\\/www.smagapaperwood.com\\\/privacy-policy\\\/\"]}]},{\"@type\":\"BreadcrumbList\",\"@id\":\"https:\\\/\\\/www.smagapaperwood.com\\\/privacy-policy\\\/#breadcrumb\",\"itemListElement\":[{\"@type\":\"ListItem\",\"position\":1,\"name\":\"Strona g\u0142\u00f3wna\",\"item\":\"https:\\\/\\\/www.smagapaperwood.com\\\/\"},{\"@type\":\"ListItem\",\"position\":2,\"name\":\"Privacy Policy\"}]},{\"@type\":\"WebSite\",\"@id\":\"https:\\\/\\\/www.smagapaperwood.com\\\/#website\",\"url\":\"https:\\\/\\\/www.smagapaperwood.com\\\/\",\"name\":\"SmagaPaperwood\",\"description\":\"Papercraft &amp; Paper Masks Design, Easy DIY Craft Ideas.\",\"publisher\":{\"@id\":\"https:\\\/\\\/www.smagapaperwood.com\\\/#organization\"},\"potentialAction\":[{\"@type\":\"SearchAction\",\"target\":{\"@type\":\"EntryPoint\",\"urlTemplate\":\"https:\\\/\\\/www.smagapaperwood.com\\\/?s={search_term_string}\"},\"query-input\":{\"@type\":\"PropertyValueSpecification\",\"valueRequired\":true,\"valueName\":\"search_term_string\"}}],\"inLanguage\":\"pl-PL\"},{\"@type\":\"Organization\",\"@id\":\"https:\\\/\\\/www.smagapaperwood.com\\\/#organization\",\"name\":\"SmagaPaperwood\",\"url\":\"https:\\\/\\\/www.smagapaperwood.com\\\/\",\"logo\":{\"@type\":\"ImageObject\",\"inLanguage\":\"pl-PL\",\"@id\":\"https:\\\/\\\/www.smagapaperwood.com\\\/#\\\/schema\\\/logo\\\/image\\\/\",\"url\":\"https:\\\/\\\/i0.wp.com\\\/www.smagapaperwood.com\\\/wp-content\\\/uploads\\\/2023\\\/06\\\/logo-black.jpg?fit=1053%2C387&ssl=1\",\"contentUrl\":\"https:\\\/\\\/i0.wp.com\\\/www.smagapaperwood.com\\\/wp-content\\\/uploads\\\/2023\\\/06\\\/logo-black.jpg?fit=1053%2C387&ssl=1\",\"width\":1053,\"height\":387,\"caption\":\"SmagaPaperwood\"},\"image\":{\"@id\":\"https:\\\/\\\/www.smagapaperwood.com\\\/#\\\/schema\\\/logo\\\/image\\\/\"},\"sameAs\":[\"https:\\\/\\\/www.facebook.com\\\/SmagaPaperWood\",\"https:\\\/\\\/www.instagram.com\\\/smagapaperwood\\\/\"]}]}<\/script>\n<!-- \/ Yoast SEO plugin. -->","yoast_head_json":{"title":"Privacy Policy - SmagaPaperwood","robots":{"index":"index","follow":"follow","max-snippet":"max-snippet:-1","max-image-preview":"max-image-preview:large","max-video-preview":"max-video-preview:-1"},"canonical":"https:\/\/www.smagapaperwood.com\/pl\/privacy-policy\/","og_locale":"pl_PL","og_type":"article","og_title":"Privacy Policy - SmagaPaperwood","og_url":"https:\/\/www.smagapaperwood.com\/pl\/privacy-policy\/","og_site_name":"SmagaPaperwood","article_publisher":"https:\/\/www.facebook.com\/SmagaPaperWood","article_modified_time":"2025-03-21T20:05:29+00:00","twitter_card":"summary_large_image","twitter_misc":{"Szacowany czas czytania":"3 minuty"},"schema":{"@context":"https:\/\/schema.org","@graph":[{"@type":"WebPage","@id":"https:\/\/www.smagapaperwood.com\/privacy-policy\/","url":"https:\/\/www.smagapaperwood.com\/privacy-policy\/","name":"Privacy Policy - SmagaPaperwood","isPartOf":{"@id":"https:\/\/www.smagapaperwood.com\/#website"},"datePublished":"2023-06-26T08:16:32+00:00","dateModified":"2025-03-21T20:05:29+00:00","breadcrumb":{"@id":"https:\/\/www.smagapaperwood.com\/privacy-policy\/#breadcrumb"},"inLanguage":"pl-PL","potentialAction":[{"@type":"ReadAction","target":["https:\/\/www.smagapaperwood.com\/privacy-policy\/"]}]},{"@type":"BreadcrumbList","@id":"https:\/\/www.smagapaperwood.com\/privacy-policy\/#breadcrumb","itemListElement":[{"@type":"ListItem","position":1,"name":"Strona g\u0142\u00f3wna","item":"https:\/\/www.smagapaperwood.com\/"},{"@type":"ListItem","position":2,"name":"Privacy Policy"}]},{"@type":"WebSite","@id":"https:\/\/www.smagapaperwood.com\/#website","url":"https:\/\/www.smagapaperwood.com\/","name":"SmagaPaperwood","description":"Papercraft &amp; Paper Masks Design, Easy DIY Craft Ideas.","publisher":{"@id":"https:\/\/www.smagapaperwood.com\/#organization"},"potentialAction":[{"@type":"SearchAction","target":{"@type":"EntryPoint","urlTemplate":"https:\/\/www.smagapaperwood.com\/?s={search_term_string}"},"query-input":{"@type":"PropertyValueSpecification","valueRequired":true,"valueName":"search_term_string"}}],"inLanguage":"pl-PL"},{"@type":"Organization","@id":"https:\/\/www.smagapaperwood.com\/#organization","name":"SmagaPaperwood","url":"https:\/\/www.smagapaperwood.com\/","logo":{"@type":"ImageObject","inLanguage":"pl-PL","@id":"https:\/\/www.smagapaperwood.com\/#\/schema\/logo\/image\/","url":"https:\/\/i0.wp.com\/www.smagapaperwood.com\/wp-content\/uploads\/2023\/06\/logo-black.jpg?fit=1053%2C387&ssl=1","contentUrl":"https:\/\/i0.wp.com\/www.smagapaperwood.com\/wp-content\/uploads\/2023\/06\/logo-black.jpg?fit=1053%2C387&ssl=1","width":1053,"height":387,"caption":"SmagaPaperwood"},"image":{"@id":"https:\/\/www.smagapaperwood.com\/#\/schema\/logo\/image\/"},"sameAs":["https:\/\/www.facebook.com\/SmagaPaperWood","https:\/\/www.instagram.com\/smagapaperwood\/"]}]}},"_links":{"self":[{"href":"https:\/\/www.smagapaperwood.com\/pl\/wp-json\/wp\/v2\/pages\/3","targetHints":{"allow":["GET"]}}],"collection":[{"href":"https:\/\/www.smagapaperwood.com\/pl\/wp-json\/wp\/v2\/pages"}],"about":[{"href":"https:\/\/www.smagapaperwood.com\/pl\/wp-json\/wp\/v2\/types\/page"}],"author":[{"embeddable":true,"href":"https:\/\/www.smagapaperwood.com\/pl\/wp-json\/wp\/v2\/users\/1"}],"replies":[{"embeddable":true,"href":"https:\/\/www.smagapaperwood.com\/pl\/wp-json\/wp\/v2\/comments?post=3"}],"version-history":[{"count":11,"href":"https:\/\/www.smagapaperwood.com\/pl\/wp-json\/wp\/v2\/pages\/3\/revisions"}],"predecessor-version":[{"id":2349,"href":"https:\/\/www.smagapaperwood.com\/pl\/wp-json\/wp\/v2\/pages\/3\/revisions\/2349"}],"wp:attachment":[{"href":"https:\/\/www.smagapaperwood.com\/pl\/wp-json\/wp\/v2\/media?parent=3"}],"curies":[{"name":"wp","href":"https:\/\/api.w.org\/{rel}","templated":true}]}}