{"id":81,"date":"2013-08-11T19:22:53","date_gmt":"2013-08-11T19:22:53","guid":{"rendered":"http:\/\/localhost:8888\/test\/?page_id=532"},"modified":"2025-03-13T14:00:23","modified_gmt":"2025-03-13T14:00:23","slug":"contact-smagapaperwood","status":"publish","type":"page","link":"https:\/\/www.smagapaperwood.com\/pl\/papercraft-paper-craft\/contact-smagapaperwood\/","title":{"rendered":"Kontakt"},"content":{"rendered":"\n\t<div id=\"gap-132200539\" class=\"gap-element clearfix\" style=\"display:block; height:auto;\">\n\t\t\n<style>\n#gap-132200539 {\n  padding-top: 20px;\n}\n@media (min-width:550px) {\n  #gap-132200539 {\n    padding-top: 20px;\n  }\n}\n@media (min-width:850px) {\n  #gap-132200539 {\n    padding-top: 40px;\n  }\n}\n<\/style>\n\t<\/div>\n\t\n\n<h1 style=\"text-align: center;\"><strong>We\u2019re here to assist with paper craft ideas, templates, and requests. <\/strong><\/h1>\n<h1 class=\"alt-font\" style=\"text-align: center;\"><strong>Let\u2019s create something amazing together!<\/strong><\/h1>\n\t<div id=\"gap-272270581\" class=\"gap-element clearfix\" style=\"display:block; height:auto;\">\n\t\t\n<style>\n#gap-272270581 {\n  padding-top: 20px;\n}\n@media (min-width:550px) {\n  #gap-272270581 {\n    padding-top: 20px;\n  }\n}\n@media (min-width:850px) {\n  #gap-272270581 {\n    padding-top: 60px;\n  }\n}\n<\/style>\n\t<\/div>\n\t\n\n<div class=\"row\"  id=\"row-1507999846\">\n\n\n\t<div id=\"col-2009120053\" class=\"col medium-4 small-12 large-4\"  >\n\t\t\t\t<div class=\"col-inner\"  >\n\t\t\t\n\t\t\t\n\n\t<div class=\"img has-hover x md-x lg-x y md-y lg-y\" id=\"image_569499272\">\n\t\t\t\t\t\t\t\t<div class=\"img-inner dark\" >\n\t\t\t<img loading=\"lazy\" decoding=\"async\" width=\"240\" height=\"240\" src=\"https:\/\/i0.wp.com\/www.smagapaperwood.com\/wp-content\/uploads\/2023\/07\/map-pin-2-fill-2.png?fit=240%2C240&amp;ssl=1\" class=\"attachment-large size-large\" alt=\"\" srcset=\"https:\/\/i0.wp.com\/www.smagapaperwood.com\/wp-content\/uploads\/2023\/07\/map-pin-2-fill-2.png?w=240&amp;ssl=1 240w, https:\/\/i0.wp.com\/www.smagapaperwood.com\/wp-content\/uploads\/2023\/07\/map-pin-2-fill-2.png?resize=100%2C100&amp;ssl=1 100w, https:\/\/i0.wp.com\/www.smagapaperwood.com\/wp-content\/uploads\/2023\/07\/map-pin-2-fill-2.png?resize=12%2C12&amp;ssl=1 12w\" sizes=\"auto, (max-width: 240px) 100vw, 240px\" \/>\t\t\t\t\t\t\n\t\t\t\t\t<\/div>\n\t\t\t\t\t\t\t\t\n<style>\n#image_569499272 {\n  width: 15%;\n}\n@media (min-width:550px) {\n  #image_569499272 {\n    width: 20%;\n  }\n}\n<\/style>\n\t<\/div>\n\t\n\n<h3 class=\"uppercase\"><strong>Address:<\/strong><\/h3>\n<h3>Nad Brda 4<br \/>86-021 Bozenkowo<br \/>Poland<\/h3>\n\n\n\t\t<\/div>\n\t\t\t\t\t<\/div>\n\n\t\n\n\t<div id=\"col-1889640896\" class=\"col medium-4 small-12 large-4\"  >\n\t\t\t\t<div class=\"col-inner\"  >\n\t\t\t\n\t\t\t\n\n\t<div class=\"img has-hover x md-x lg-x y md-y lg-y\" id=\"image_680042417\">\n\t\t\t\t\t\t\t\t<div class=\"img-inner dark\" >\n\t\t\t<img loading=\"lazy\" decoding=\"async\" width=\"240\" height=\"240\" src=\"https:\/\/i0.wp.com\/www.smagapaperwood.com\/wp-content\/uploads\/2023\/07\/mail-open-fill.png?fit=240%2C240&amp;ssl=1\" class=\"attachment-large size-large\" alt=\"\" srcset=\"https:\/\/i0.wp.com\/www.smagapaperwood.com\/wp-content\/uploads\/2023\/07\/mail-open-fill.png?w=240&amp;ssl=1 240w, https:\/\/i0.wp.com\/www.smagapaperwood.com\/wp-content\/uploads\/2023\/07\/mail-open-fill.png?resize=100%2C100&amp;ssl=1 100w, https:\/\/i0.wp.com\/www.smagapaperwood.com\/wp-content\/uploads\/2023\/07\/mail-open-fill.png?resize=12%2C12&amp;ssl=1 12w\" sizes=\"auto, (max-width: 240px) 100vw, 240px\" \/>\t\t\t\t\t\t\n\t\t\t\t\t<\/div>\n\t\t\t\t\t\t\t\t\n<style>\n#image_680042417 {\n  width: 15%;\n}\n@media (min-width:550px) {\n  #image_680042417 {\n    width: 20%;\n  }\n}\n<\/style>\n\t<\/div>\n\t\n\n<h3 class=\"uppercase\"><strong>E-mail:<\/strong><\/h3>\n<p>\u00a0<\/p>\n<h3>shop@smagapaperwood.com<\/h3>\n\n\t\t<\/div>\n\t\t\t\t\t<\/div>\n\n\t\n\n\t<div id=\"col-861765951\" class=\"col medium-4 small-12 large-4\"  >\n\t\t\t\t<div class=\"col-inner\"  >\n\t\t\t\n\t\t\t\n\n\t<div class=\"img has-hover x md-x lg-x y md-y lg-y\" id=\"image_1879770742\">\n\t\t\t\t\t\t\t\t<div class=\"img-inner dark\" >\n\t\t\t<img loading=\"lazy\" decoding=\"async\" width=\"240\" height=\"240\" src=\"https:\/\/i0.wp.com\/www.smagapaperwood.com\/wp-content\/uploads\/2023\/07\/phone-fill.png?fit=240%2C240&amp;ssl=1\" class=\"attachment-large size-large\" alt=\"\" srcset=\"https:\/\/i0.wp.com\/www.smagapaperwood.com\/wp-content\/uploads\/2023\/07\/phone-fill.png?w=240&amp;ssl=1 240w, https:\/\/i0.wp.com\/www.smagapaperwood.com\/wp-content\/uploads\/2023\/07\/phone-fill.png?resize=100%2C100&amp;ssl=1 100w, https:\/\/i0.wp.com\/www.smagapaperwood.com\/wp-content\/uploads\/2023\/07\/phone-fill.png?resize=12%2C12&amp;ssl=1 12w\" sizes=\"auto, (max-width: 240px) 100vw, 240px\" \/>\t\t\t\t\t\t\n\t\t\t\t\t<\/div>\n\t\t\t\t\t\t\t\t\n<style>\n#image_1879770742 {\n  width: 15%;\n}\n@media (min-width:550px) {\n  #image_1879770742 {\n    width: 20%;\n  }\n}\n<\/style>\n\t<\/div>\n\t\n\n<h3 class=\"uppercase\"><strong>phone:<\/strong><\/h3>\n<p>\u00a0<\/p>\n<h3>+48505863668<\/h3>\n\n\t\t<\/div>\n\t\t\t\t\t<\/div>\n\n\t\n\n<\/div>\n\t<div id=\"gap-2016424545\" class=\"gap-element clearfix\" style=\"display:block; height:auto;\">\n\t\t\n<style>\n#gap-2016424545 {\n  padding-top: 20px;\n}\n@media (min-width:550px) {\n  #gap-2016424545 {\n    padding-top: 20px;\n  }\n}\n@media (min-width:850px) {\n  #gap-2016424545 {\n    padding-top: 40px;\n  }\n}\n<\/style>\n\t<\/div>\n\t\n\n<div class=\"is-divider divider clearfix\" style=\"max-width:1000px;\"><\/div>\n\n<h4 class=\"alt-font\"><strong><span style=\"font-size: 200%;\">Ask a question:<\/span><\/strong><\/h4>\n<h4>We will do our best to reply as soon as possible.<\/h4>\n\n\n\n<div class=\"wpforms-container wpforms-container-full wpforms-block wpforms-block-03f0c098-e5fe-4f59-a038-c34a6db1d120 wpforms-render-modern\" id=\"wpforms-1994\"><form id=\"wpforms-form-1994\" class=\"wpforms-validate wpforms-form wpforms-ajax-form\" data-formid=\"1994\" method=\"post\" enctype=\"multipart\/form-data\" action=\"\/pl\/wp-json\/wp\/v2\/pages\/81\" data-token=\"0541be76894abfc54efabfb41edf214e\" data-token-time=\"1778604172\"><noscript class=\"wpforms-error-noscript\">Aby wype\u0142ni\u0107 ten formularz, w\u0142\u0105cz obs\u0142ug\u0119 JavaScript w przegl\u0105darce.<\/noscript><div id=\"wpforms-error-noscript\" style=\"display: none;\">Aby wype\u0142ni\u0107 ten formularz, w\u0142\u0105cz obs\u0142ug\u0119 JavaScript w przegl\u0105darce.<\/div><div class=\"wpforms-field-container\"><div id=\"wpforms-1994-field_1-container\" class=\"wpforms-field wpforms-field-name\" data-field-id=\"1\"><fieldset><legend class=\"wpforms-field-label\">Imi\u0119 i nazwisko <span class=\"wpforms-required-label\" aria-hidden=\"true\">*<\/span><\/legend><div class=\"wpforms-field-row wpforms-field-medium\"><div class=\"wpforms-field-row-block wpforms-first wpforms-one-half\"><input type=\"text\" id=\"wpforms-1994-field_1\" class=\"wpforms-field-name-first wpforms-field-required\" name=\"wpforms[fields][1][first]\" aria-errormessage=\"wpforms-1994-field_1-error\" required><label for=\"wpforms-1994-field_1\" class=\"wpforms-field-sublabel after\">Pierwszy<\/label><\/div><div class=\"wpforms-field-row-block wpforms-one-half\"><input type=\"text\" id=\"wpforms-1994-field_1-last\" class=\"wpforms-field-name-last wpforms-field-required\" name=\"wpforms[fields][1][last]\" aria-errormessage=\"wpforms-1994-field_1-last-error\" required><label for=\"wpforms-1994-field_1-last\" class=\"wpforms-field-sublabel after\">Ostatni<\/label><\/div><\/div><\/fieldset><\/div><div id=\"wpforms-1994-field_2-container\" class=\"wpforms-field wpforms-field-email\" data-field-id=\"2\"><label class=\"wpforms-field-label\" for=\"wpforms-1994-field_2\">Adres e-mail <span class=\"wpforms-required-label\" aria-hidden=\"true\">*<\/span><\/label><input type=\"email\" id=\"wpforms-1994-field_2\" class=\"wpforms-field-medium wpforms-field-required\" name=\"wpforms[fields][2]\" spellcheck=\"false\" aria-errormessage=\"wpforms-1994-field_2-error\" required><\/div>\t\t<div id=\"wpforms-1994-field_4-container\"\n\t\t\tclass=\"wpforms-field wpforms-field-text\"\n\t\t\tdata-field-type=\"text\"\n\t\t\tdata-field-id=\"4\"\n\t\t\t>\n\t\t\t<label class=\"wpforms-field-label\" for=\"wpforms-1994-field_4\" >Komentarz nazwisko e-mail<\/label>\n\t\t\t<input type=\"text\" id=\"wpforms-1994-field_4\" class=\"wpforms-field-medium\" name=\"wpforms[fields][4]\" >\n\t\t<\/div>\n\t\t<div id=\"wpforms-1994-field_3-container\" class=\"wpforms-field wpforms-field-textarea\" data-field-id=\"3\"><label class=\"wpforms-field-label\" for=\"wpforms-1994-field_3\">Komentarz lub wiadomo\u015b\u0107<\/label><textarea id=\"wpforms-1994-field_3\" class=\"wpforms-field-medium\" name=\"wpforms[fields][3]\" aria-errormessage=\"wpforms-1994-field_3-error\" ><\/textarea><\/div><script>\n\t\t\t\t( function() {\n\t\t\t\t\tconst style = document.createElement( 'style' );\n\t\t\t\t\tstyle.appendChild( document.createTextNode( '#wpforms-1994-field_4-container { position: absolute !important; overflow: hidden !important; display: inline !important; height: 1px !important; width: 1px !important; z-index: -1000 !important; padding: 0 !important; } #wpforms-1994-field_4-container input { visibility: hidden; } #wpforms-conversational-form-page #wpforms-1994-field_4-container label { counter-increment: none; }' ) );\n\t\t\t\t\tdocument.head.appendChild( style );\n\t\t\t\t\tdocument.currentScript?.remove();\n\t\t\t\t} )();\n\t\t\t<\/script><\/div><!-- .wpforms-field-container --><div class=\"wpforms-submit-container\" ><input type=\"hidden\" name=\"wpforms[id]\" value=\"1994\"><input type=\"hidden\" name=\"page_title\" value=\"\"><input type=\"hidden\" name=\"page_url\" value=\"https:\/\/www.smagapaperwood.com\/pl\/wp-json\/wp\/v2\/pages\/81\"><input type=\"hidden\" name=\"url_referer\" value=\"\"><button type=\"submit\" name=\"wpforms[submit]\" id=\"wpforms-submit-1994\" class=\"wpforms-submit\" data-alt-text=\"Wysy\u0142anie...\" data-submit-text=\"Prze\u015blij\" aria-live=\"assertive\" value=\"wpforms-submit\">Prze\u015blij<\/button><img loading=\"lazy\" decoding=\"async\" src=\"https:\/\/www.smagapaperwood.com\/wp-content\/plugins\/wpforms-lite\/assets\/images\/submit-spin.svg\" class=\"wpforms-submit-spinner\" style=\"display: none;\" width=\"26\" height=\"26\" alt=\"Wczytywanie\"><\/div><\/form><\/div>  <!-- .wpforms-container -->","protected":false},"excerpt":{"rendered":"","protected":false},"author":1,"featured_media":17,"parent":2116,"menu_order":0,"comment_status":"closed","ping_status":"closed","template":"page-blank.php","meta":{"footnotes":""},"class_list":["post-81","page","type-page","status-publish","has-post-thumbnail","hentry"],"yoast_head":"<!-- This site is optimized with the Yoast SEO plugin v27.5 - https:\/\/yoast.com\/product\/yoast-seo-wordpress\/ -->\n<title>Contact SmagaPaperwood<\/title>\n<meta name=\"description\" content=\"Have questions or need help? Contact us! We\u2019re here to assist with paper craft ideas, templates, and requests. Let\u2019s create something amazing together!\" \/>\n<meta name=\"robots\" content=\"index, follow, max-snippet:-1, max-image-preview:large, max-video-preview:-1\" \/>\n<link rel=\"canonical\" href=\"https:\/\/www.smagapaperwood.com\/pl\/papercraft-paper-craft\/contact-smagapaperwood\/\" \/>\n<meta property=\"og:locale\" content=\"pl_PL\" \/>\n<meta property=\"og:type\" content=\"article\" \/>\n<meta property=\"og:title\" content=\"Contact SmagaPaperwood\" \/>\n<meta property=\"og:description\" content=\"Have questions or need help? Contact us! We\u2019re here to assist with paper craft ideas, templates, and requests. Let\u2019s create something amazing together!\" \/>\n<meta property=\"og:url\" content=\"https:\/\/www.smagapaperwood.com\/pl\/papercraft-paper-craft\/contact-smagapaperwood\/\" \/>\n<meta property=\"og:site_name\" content=\"SmagaPaperwood\" \/>\n<meta property=\"article:publisher\" content=\"https:\/\/www.facebook.com\/SmagaPaperWood\" \/>\n<meta property=\"article:modified_time\" content=\"2025-03-13T14:00:23+00:00\" \/>\n<meta property=\"og:image\" content=\"https:\/\/www.smagapaperwood.com\/wp-content\/uploads\/2016\/08\/dummy-1.jpg\" \/>\n\t<meta property=\"og:image:width\" content=\"400\" \/>\n\t<meta property=\"og:image:height\" content=\"260\" \/>\n\t<meta property=\"og:image:type\" content=\"image\/jpeg\" \/>\n<meta name=\"twitter:card\" content=\"summary_large_image\" \/>\n<meta name=\"twitter:label1\" content=\"Szacowany czas czytania\" \/>\n\t<meta name=\"twitter:data1\" content=\"1 minuta\" \/>\n<script type=\"application\/ld+json\" class=\"yoast-schema-graph\">{\"@context\":\"https:\\\/\\\/schema.org\",\"@graph\":[{\"@type\":\"WebPage\",\"@id\":\"https:\\\/\\\/www.smagapaperwood.com\\\/papercraft-paper-craft\\\/contact-smagapaperwood\\\/\",\"url\":\"https:\\\/\\\/www.smagapaperwood.com\\\/papercraft-paper-craft\\\/contact-smagapaperwood\\\/\",\"name\":\"Contact SmagaPaperwood\",\"isPartOf\":{\"@id\":\"https:\\\/\\\/www.smagapaperwood.com\\\/#website\"},\"primaryImageOfPage\":{\"@id\":\"https:\\\/\\\/www.smagapaperwood.com\\\/papercraft-paper-craft\\\/contact-smagapaperwood\\\/#primaryimage\"},\"image\":{\"@id\":\"https:\\\/\\\/www.smagapaperwood.com\\\/papercraft-paper-craft\\\/contact-smagapaperwood\\\/#primaryimage\"},\"thumbnailUrl\":\"https:\\\/\\\/i0.wp.com\\\/www.smagapaperwood.com\\\/wp-content\\\/uploads\\\/2016\\\/08\\\/dummy-1.jpg?fit=400%2C260&ssl=1\",\"datePublished\":\"2013-08-11T19:22:53+00:00\",\"dateModified\":\"2025-03-13T14:00:23+00:00\",\"description\":\"Have questions or need help? Contact us! We\u2019re here to assist with paper craft ideas, templates, and requests. Let\u2019s create something amazing together!\",\"breadcrumb\":{\"@id\":\"https:\\\/\\\/www.smagapaperwood.com\\\/papercraft-paper-craft\\\/contact-smagapaperwood\\\/#breadcrumb\"},\"inLanguage\":\"pl-PL\",\"potentialAction\":[{\"@type\":\"ReadAction\",\"target\":[\"https:\\\/\\\/www.smagapaperwood.com\\\/papercraft-paper-craft\\\/contact-smagapaperwood\\\/\"]}]},{\"@type\":\"ImageObject\",\"inLanguage\":\"pl-PL\",\"@id\":\"https:\\\/\\\/www.smagapaperwood.com\\\/papercraft-paper-craft\\\/contact-smagapaperwood\\\/#primaryimage\",\"url\":\"https:\\\/\\\/i0.wp.com\\\/www.smagapaperwood.com\\\/wp-content\\\/uploads\\\/2016\\\/08\\\/dummy-1.jpg?fit=400%2C260&ssl=1\",\"contentUrl\":\"https:\\\/\\\/i0.wp.com\\\/www.smagapaperwood.com\\\/wp-content\\\/uploads\\\/2016\\\/08\\\/dummy-1.jpg?fit=400%2C260&ssl=1\",\"width\":400,\"height\":260},{\"@type\":\"BreadcrumbList\",\"@id\":\"https:\\\/\\\/www.smagapaperwood.com\\\/papercraft-paper-craft\\\/contact-smagapaperwood\\\/#breadcrumb\",\"itemListElement\":[{\"@type\":\"ListItem\",\"position\":1,\"name\":\"Strona g\u0142\u00f3wna\",\"item\":\"https:\\\/\\\/www.smagapaperwood.com\\\/\"},{\"@type\":\"ListItem\",\"position\":2,\"name\":\"Papercraft &#038; Paper Masks Design: DIY Craft Ideas.\",\"item\":\"https:\\\/\\\/www.smagapaperwood.com\\\/\"},{\"@type\":\"ListItem\",\"position\":3,\"name\":\"Contact\"}]},{\"@type\":\"WebSite\",\"@id\":\"https:\\\/\\\/www.smagapaperwood.com\\\/#website\",\"url\":\"https:\\\/\\\/www.smagapaperwood.com\\\/\",\"name\":\"SmagaPaperwood\",\"description\":\"Papercraft &amp; Paper Masks Design, Easy DIY Craft Ideas.\",\"publisher\":{\"@id\":\"https:\\\/\\\/www.smagapaperwood.com\\\/#organization\"},\"potentialAction\":[{\"@type\":\"SearchAction\",\"target\":{\"@type\":\"EntryPoint\",\"urlTemplate\":\"https:\\\/\\\/www.smagapaperwood.com\\\/?s={search_term_string}\"},\"query-input\":{\"@type\":\"PropertyValueSpecification\",\"valueRequired\":true,\"valueName\":\"search_term_string\"}}],\"inLanguage\":\"pl-PL\"},{\"@type\":\"Organization\",\"@id\":\"https:\\\/\\\/www.smagapaperwood.com\\\/#organization\",\"name\":\"SmagaPaperwood\",\"url\":\"https:\\\/\\\/www.smagapaperwood.com\\\/\",\"logo\":{\"@type\":\"ImageObject\",\"inLanguage\":\"pl-PL\",\"@id\":\"https:\\\/\\\/www.smagapaperwood.com\\\/#\\\/schema\\\/logo\\\/image\\\/\",\"url\":\"https:\\\/\\\/i0.wp.com\\\/www.smagapaperwood.com\\\/wp-content\\\/uploads\\\/2023\\\/06\\\/logo-black.jpg?fit=1053%2C387&ssl=1\",\"contentUrl\":\"https:\\\/\\\/i0.wp.com\\\/www.smagapaperwood.com\\\/wp-content\\\/uploads\\\/2023\\\/06\\\/logo-black.jpg?fit=1053%2C387&ssl=1\",\"width\":1053,\"height\":387,\"caption\":\"SmagaPaperwood\"},\"image\":{\"@id\":\"https:\\\/\\\/www.smagapaperwood.com\\\/#\\\/schema\\\/logo\\\/image\\\/\"},\"sameAs\":[\"https:\\\/\\\/www.facebook.com\\\/SmagaPaperWood\",\"https:\\\/\\\/www.instagram.com\\\/smagapaperwood\\\/\"]}]}<\/script>\n<!-- \/ Yoast SEO plugin. -->","yoast_head_json":{"title":"Contact SmagaPaperwood","description":"Have questions or need help? Contact us! We\u2019re here to assist with paper craft ideas, templates, and requests. Let\u2019s create something amazing together!","robots":{"index":"index","follow":"follow","max-snippet":"max-snippet:-1","max-image-preview":"max-image-preview:large","max-video-preview":"max-video-preview:-1"},"canonical":"https:\/\/www.smagapaperwood.com\/pl\/papercraft-paper-craft\/contact-smagapaperwood\/","og_locale":"pl_PL","og_type":"article","og_title":"Contact SmagaPaperwood","og_description":"Have questions or need help? Contact us! We\u2019re here to assist with paper craft ideas, templates, and requests. Let\u2019s create something amazing together!","og_url":"https:\/\/www.smagapaperwood.com\/pl\/papercraft-paper-craft\/contact-smagapaperwood\/","og_site_name":"SmagaPaperwood","article_publisher":"https:\/\/www.facebook.com\/SmagaPaperWood","article_modified_time":"2025-03-13T14:00:23+00:00","og_image":[{"width":400,"height":260,"url":"https:\/\/www.smagapaperwood.com\/wp-content\/uploads\/2016\/08\/dummy-1.jpg","type":"image\/jpeg"}],"twitter_card":"summary_large_image","twitter_misc":{"Szacowany czas czytania":"1 minuta"},"schema":{"@context":"https:\/\/schema.org","@graph":[{"@type":"WebPage","@id":"https:\/\/www.smagapaperwood.com\/papercraft-paper-craft\/contact-smagapaperwood\/","url":"https:\/\/www.smagapaperwood.com\/papercraft-paper-craft\/contact-smagapaperwood\/","name":"Contact SmagaPaperwood","isPartOf":{"@id":"https:\/\/www.smagapaperwood.com\/#website"},"primaryImageOfPage":{"@id":"https:\/\/www.smagapaperwood.com\/papercraft-paper-craft\/contact-smagapaperwood\/#primaryimage"},"image":{"@id":"https:\/\/www.smagapaperwood.com\/papercraft-paper-craft\/contact-smagapaperwood\/#primaryimage"},"thumbnailUrl":"https:\/\/i0.wp.com\/www.smagapaperwood.com\/wp-content\/uploads\/2016\/08\/dummy-1.jpg?fit=400%2C260&ssl=1","datePublished":"2013-08-11T19:22:53+00:00","dateModified":"2025-03-13T14:00:23+00:00","description":"Have questions or need help? Contact us! We\u2019re here to assist with paper craft ideas, templates, and requests. Let\u2019s create something amazing together!","breadcrumb":{"@id":"https:\/\/www.smagapaperwood.com\/papercraft-paper-craft\/contact-smagapaperwood\/#breadcrumb"},"inLanguage":"pl-PL","potentialAction":[{"@type":"ReadAction","target":["https:\/\/www.smagapaperwood.com\/papercraft-paper-craft\/contact-smagapaperwood\/"]}]},{"@type":"ImageObject","inLanguage":"pl-PL","@id":"https:\/\/www.smagapaperwood.com\/papercraft-paper-craft\/contact-smagapaperwood\/#primaryimage","url":"https:\/\/i0.wp.com\/www.smagapaperwood.com\/wp-content\/uploads\/2016\/08\/dummy-1.jpg?fit=400%2C260&ssl=1","contentUrl":"https:\/\/i0.wp.com\/www.smagapaperwood.com\/wp-content\/uploads\/2016\/08\/dummy-1.jpg?fit=400%2C260&ssl=1","width":400,"height":260},{"@type":"BreadcrumbList","@id":"https:\/\/www.smagapaperwood.com\/papercraft-paper-craft\/contact-smagapaperwood\/#breadcrumb","itemListElement":[{"@type":"ListItem","position":1,"name":"Strona g\u0142\u00f3wna","item":"https:\/\/www.smagapaperwood.com\/"},{"@type":"ListItem","position":2,"name":"Papercraft &#038; Paper Masks Design: DIY Craft Ideas.","item":"https:\/\/www.smagapaperwood.com\/"},{"@type":"ListItem","position":3,"name":"Contact"}]},{"@type":"WebSite","@id":"https:\/\/www.smagapaperwood.com\/#website","url":"https:\/\/www.smagapaperwood.com\/","name":"SmagaPaperwood","description":"Papercraft &amp; Paper Masks Design, Easy DIY Craft Ideas.","publisher":{"@id":"https:\/\/www.smagapaperwood.com\/#organization"},"potentialAction":[{"@type":"SearchAction","target":{"@type":"EntryPoint","urlTemplate":"https:\/\/www.smagapaperwood.com\/?s={search_term_string}"},"query-input":{"@type":"PropertyValueSpecification","valueRequired":true,"valueName":"search_term_string"}}],"inLanguage":"pl-PL"},{"@type":"Organization","@id":"https:\/\/www.smagapaperwood.com\/#organization","name":"SmagaPaperwood","url":"https:\/\/www.smagapaperwood.com\/","logo":{"@type":"ImageObject","inLanguage":"pl-PL","@id":"https:\/\/www.smagapaperwood.com\/#\/schema\/logo\/image\/","url":"https:\/\/i0.wp.com\/www.smagapaperwood.com\/wp-content\/uploads\/2023\/06\/logo-black.jpg?fit=1053%2C387&ssl=1","contentUrl":"https:\/\/i0.wp.com\/www.smagapaperwood.com\/wp-content\/uploads\/2023\/06\/logo-black.jpg?fit=1053%2C387&ssl=1","width":1053,"height":387,"caption":"SmagaPaperwood"},"image":{"@id":"https:\/\/www.smagapaperwood.com\/#\/schema\/logo\/image\/"},"sameAs":["https:\/\/www.facebook.com\/SmagaPaperWood","https:\/\/www.instagram.com\/smagapaperwood\/"]}]}},"_links":{"self":[{"href":"https:\/\/www.smagapaperwood.com\/pl\/wp-json\/wp\/v2\/pages\/81","targetHints":{"allow":["GET"]}}],"collection":[{"href":"https:\/\/www.smagapaperwood.com\/pl\/wp-json\/wp\/v2\/pages"}],"about":[{"href":"https:\/\/www.smagapaperwood.com\/pl\/wp-json\/wp\/v2\/types\/page"}],"author":[{"embeddable":true,"href":"https:\/\/www.smagapaperwood.com\/pl\/wp-json\/wp\/v2\/users\/1"}],"replies":[{"embeddable":true,"href":"https:\/\/www.smagapaperwood.com\/pl\/wp-json\/wp\/v2\/comments?post=81"}],"version-history":[{"count":25,"href":"https:\/\/www.smagapaperwood.com\/pl\/wp-json\/wp\/v2\/pages\/81\/revisions"}],"predecessor-version":[{"id":2157,"href":"https:\/\/www.smagapaperwood.com\/pl\/wp-json\/wp\/v2\/pages\/81\/revisions\/2157"}],"up":[{"embeddable":true,"href":"https:\/\/www.smagapaperwood.com\/pl\/wp-json\/wp\/v2\/pages\/2116"}],"wp:featuredmedia":[{"embeddable":true,"href":"https:\/\/www.smagapaperwood.com\/pl\/wp-json\/wp\/v2\/media\/17"}],"wp:attachment":[{"href":"https:\/\/www.smagapaperwood.com\/pl\/wp-json\/wp\/v2\/media?parent=81"}],"curies":[{"name":"wp","href":"https:\/\/api.w.org\/{rel}","templated":true}]}}