{"id":1153,"date":"2023-07-01T09:42:41","date_gmt":"2023-07-01T09:42:41","guid":{"rendered":"https:\/\/www.smagapaperwood.com\/?post_type=product&#038;p=1153"},"modified":"2025-09-13T06:07:18","modified_gmt":"2025-09-13T06:07:18","slug":"paper-heart-sculpture-3d-low-poly-papercraft-how-to-make-a-3d-heart-out-of-paper","status":"publish","type":"product","link":"https:\/\/www.smagapaperwood.com\/pl\/produkt\/paper-heart-sculpture-3d-low-poly-papercraft-how-to-make-a-3d-heart-out-of-paper\/","title":{"rendered":"Rze\u017aba z papieru Serce. Papierowe r\u0119kodzie\u0142o 3D o niskiej zawarto\u015bci poli. Jak zrobi\u0107 serce 3D z papieru."},"content":{"rendered":"<p>Paper Heart sculpture<\/p>\n<p>The 3D paper heart is a low poly model you can make at home. All you need is a printer, paper, scissors, and glue. If you want to show your feelings in an original way, the heart sculpture is the perfect solution. Nothing makes people happier than creative, handmade gifts.<br \/>\nYou can make your heart in any colour you like, or turn it into a multi-coloured garland and make an excellent wall decoration.<\/p>\n<div class=\"is-divider divider clearfix\" style=\"max-width:100%;\"><\/div>\n<p><strong>VIDEO TUTORIAL<\/strong><\/p>\n<p><a href=\"https:\/\/www.youtube.com\/watch?v=F4mwa36YurM&amp;t=54s\">Here you will find our video tutorial on YouTube <strong>KLIK<\/strong><\/a><\/p>\n<p><strong><div class=\"is-divider divider clearfix\" style=\"max-width:100%;\"><\/div><\/strong><\/p>\n<p class=\"translation-block\"><strong>CO KUPUJESZ?<\/strong><br>\nZakup daje dost\u0119p do:<br>\n- Natychmiastowego pobrania plik\u00f3w PDF i SVG z przejrzystymi szablonami, KOMPATYBILNYMI Z PAPIEREM A4 I US LETTER.<br>\n- Ilustrowane instrukcje krok po kroku w j\u0119zyku angielskim<br>\n- Nasz\u0105 pomoc, kiedy tylko jej potrzebujesz \ud83d\ude42<br>\nNie wahaj si\u0119 napisa\u0107 do nas z jakimikolwiek pytaniami. Do\u0142o\u017cymy wszelkich stara\u0144, aby odpowiedzie\u0107 tak szybko, jak to mo\u017cliwe!<\/p>\n<p><strong><div class=\"is-divider divider clearfix\" style=\"max-width:100%;\"><\/div><\/strong><\/p>\n<p><strong>Jak to dzia\u0142a:<\/strong><br \/>\n-\u015aci\u0105gnij plik i wydrukuj szablon (na grubym papierze formatu A4 lub letter)<br \/>\n-Przeczytaj krok po kroku instrukcj\u0119.<br \/>\n-Zapoznaj si\u0119 z instrukcj\u0105 ilustrowan\u0105.<br \/>\nCzas zacz\u0105\u0107 sklejanie!<br \/>\n-Wytnij ka\u017cdy element.<br \/>\n-Zagnie\u0107 linie bigowania i zegnij zgodnie z zaznaczonym kierunkiem.<br \/>\n-Znajd\u017a kraw\u0119d\u017a i klap\u0119 z tym samym numerem i sklej je.<br \/>\n- Zacznij od klapy numer 1 i kontynuuj zgodnie z numeracj\u0105.<\/p>\n<p><strong><div class=\"is-divider divider clearfix\" style=\"max-width:100%;\"><\/div><\/strong><\/p>\n<p><strong>YOU WILL NEED<\/strong><br \/>\n- Drukarka (format A4 lub US Letter)<br \/>\n&#8212; Thick A4 or US Letter size paper (190g &#8211; 280g)<br \/>\nSpr\u00f3buj u\u017cy\u0107 grubszego kolorowego brystolu, metalicznego papieru lub brokatowej kartki typu craft.<br \/>\nMo\u017cesz u\u017cy\u0107 dowolnego kartonu, kt\u00f3ry mo\u017cna \u0142atwo ci\u0105\u0107 i zgina\u0107.<br \/>\n- No\u017cyczki i n\u00f3\u017c rzemie\u015blniczy.<br \/>\n- Linijka i n\u00f3\u017c z t\u0119p\u0105 kraw\u0119dzi\u0105 do bigowania.<br \/>\n- Uniwersalny klej z cienkim aplikatorem lub ta\u015bma dwustronna.<br \/>\n- Troch\u0119 wolnego czasu \ud83d\ude42<\/p>\n<p><strong><div class=\"is-divider divider clearfix\" style=\"max-width:100%;\"><\/div><\/strong><\/p>\n<p><strong>SIZE<\/strong><br \/>\nDimensions of the finished object:<br \/>\nSmall heart:<br \/>\n&#8212; Height: 10 cm \/ 3.9 in.<br \/>\n&#8212; Width: 11 cm \/ 4.3 in<br \/>\nMedium heart:<br \/>\n&#8212; Height: 13 cm \/ 5 .1 in<br \/>\n&#8212; Width: 14 cm \/ 5.5 in<br \/>\nLarge heart:<br \/>\n\u2014 Wysoko\u015b\u0107: 20 cm<br \/>\n&#8212; Width: 21 cm \/ 8.3 in<\/p>\n<p><strong><div class=\"is-divider divider clearfix\" style=\"max-width:100%;\"><\/div><\/strong><\/p>\n<p><strong>SKILL LEVEL<\/strong><br \/>\n&#8212; Easy<br \/>\n&#8212; TAKES ABOUT 1-3 HOURS<br \/>\n&#8212; The pattern is ready to print on both A4 and US Letter size paper, use the actual size option in your printer preferences.<\/p>\n<p><strong><div class=\"is-divider divider clearfix\" style=\"max-width:100%;\"><\/div><\/strong><\/p>\n<p><strong><div class=\"is-divider divider clearfix\" style=\"max-width:100%;\"><\/div><\/strong><\/p>\n<p>Our designs are copyrighted, so please do not copy, share or steal. Our designs are for personal or educational use only (use in school plays is encouraged!), so if you wish to use them for any other purpose (e.g. photo shoots, exhibitions, advertising) please contact us in advance.<br \/>\nNIE U\u017bYWAJ ICH DO CEL\u00d3W KOMERCYJNYCH BEZ NASZEJ ZGODY.<\/p>\n<p>WE ALWAYS TAKE INTO ACCOUNT ANY ADVICE AND CORRECTIONS YOU GIVE US IN YOUR MESSAGES AND REVIEWS, SO WE ARE CONSTANTLY IMPROVING OUR MODELS AND CORRECTING ANY ERRORS THAT APPEAR.<\/p>","protected":false},"excerpt":{"rendered":"<p>Paper sculpture to print and assemble yourself.<\/p>\n<h1 class=\"uppercase\"><strong>Pobranie cyfrowe<\/strong><\/h1>","protected":false},"featured_media":1093,"template":"","meta":[],"product_brand":[],"product_cat":[135],"product_tag":[805,348,238,557,350,843,351,878,938,164,352,188,939,262,241,880,940,888,942,944],"class_list":{"0":"post-1153","1":"product","2":"type-product","3":"status-publish","4":"has-post-thumbnail","6":"product_cat-paper-craft-art","7":"product_tag-3d-papercraft","8":"product_tag-diy_kit","9":"product_tag-low_poly_paper_craft","10":"product_tag-lowpoly","11":"product_tag-lowpoly_papercraft","12":"product_tag-make-your-own","13":"product_tag-model_kit","14":"product_tag-paper-bird","15":"product_tag-paper-heart-sculpture","16":"product_tag-paper_anniversary","17":"product_tag-paper_decorations","18":"product_tag-paper_sculpture","19":"product_tag-papercraft-heart","20":"product_tag-papercraft_3d","21":"product_tag-papercraft_sculpture","22":"product_tag-papierowe-diy","23":"product_tag-papierowe-serce","24":"product_tag-rzezba-z-papieru","25":"product_tag-serce-3d","26":"product_tag-serce-z-papieru","28":"first","29":"instock","30":"downloadable","31":"taxable","32":"shipping-taxable","33":"purchasable","34":"product-type-simple"},"yoast_head":"<!-- This site is optimized with the Yoast SEO plugin v27.5 - https:\/\/yoast.com\/product\/yoast-seo-wordpress\/ -->\n<title>Paper Heart sculpture. 3d low poly papercraft. How to make a 3d heart out of paper. - SmagaPaperwood<\/title>\n<meta name=\"robots\" content=\"index, follow, max-snippet:-1, max-image-preview:large, max-video-preview:-1\" \/>\n<link rel=\"canonical\" href=\"https:\/\/www.smagapaperwood.com\/pl\/produkt\/paper-heart-sculpture-3d-low-poly-papercraft-how-to-make-a-3d-heart-out-of-paper\/\" \/>\n<meta property=\"og:locale\" content=\"pl_PL\" \/>\n<meta property=\"og:type\" content=\"article\" \/>\n<meta property=\"og:title\" content=\"Paper Heart sculpture. 3d low poly papercraft. How to make a 3d heart out of paper. - SmagaPaperwood\" \/>\n<meta property=\"og:description\" content=\"Paper sculpture to print and assemble yourself. DIGITAL DOWNLOAD\" \/>\n<meta property=\"og:url\" content=\"https:\/\/www.smagapaperwood.com\/pl\/produkt\/paper-heart-sculpture-3d-low-poly-papercraft-how-to-make-a-3d-heart-out-of-paper\/\" \/>\n<meta property=\"og:site_name\" content=\"SmagaPaperwood\" \/>\n<meta property=\"article:publisher\" content=\"https:\/\/www.facebook.com\/SmagaPaperWood\" \/>\n<meta property=\"article:modified_time\" content=\"2025-09-13T06:07:18+00:00\" \/>\n<meta property=\"og:image\" content=\"https:\/\/www.smagapaperwood.com\/wp-content\/uploads\/2023\/06\/paper-heart-sculpture.png\" \/>\n\t<meta property=\"og:image:width\" content=\"1080\" \/>\n\t<meta property=\"og:image:height\" content=\"1080\" \/>\n\t<meta property=\"og:image:type\" content=\"image\/png\" \/>\n<meta name=\"twitter:card\" content=\"summary_large_image\" \/>\n<meta name=\"twitter:label1\" content=\"Szacowany czas czytania\" \/>\n\t<meta name=\"twitter:data1\" content=\"2 minuty\" \/>\n<script type=\"application\/ld+json\" class=\"yoast-schema-graph\">{\"@context\":\"https:\\\/\\\/schema.org\",\"@graph\":[{\"@type\":\"WebPage\",\"@id\":\"https:\\\/\\\/www.smagapaperwood.com\\\/produkt\\\/paper-heart-sculpture-3d-low-poly-papercraft-how-to-make-a-3d-heart-out-of-paper\\\/\",\"url\":\"https:\\\/\\\/www.smagapaperwood.com\\\/produkt\\\/paper-heart-sculpture-3d-low-poly-papercraft-how-to-make-a-3d-heart-out-of-paper\\\/\",\"name\":\"Paper Heart sculpture. 3d low poly papercraft. How to make a 3d heart out of paper. - SmagaPaperwood\",\"isPartOf\":{\"@id\":\"https:\\\/\\\/www.smagapaperwood.com\\\/#website\"},\"primaryImageOfPage\":{\"@id\":\"https:\\\/\\\/www.smagapaperwood.com\\\/produkt\\\/paper-heart-sculpture-3d-low-poly-papercraft-how-to-make-a-3d-heart-out-of-paper\\\/#primaryimage\"},\"image\":{\"@id\":\"https:\\\/\\\/www.smagapaperwood.com\\\/produkt\\\/paper-heart-sculpture-3d-low-poly-papercraft-how-to-make-a-3d-heart-out-of-paper\\\/#primaryimage\"},\"thumbnailUrl\":\"https:\\\/\\\/i0.wp.com\\\/www.smagapaperwood.com\\\/wp-content\\\/uploads\\\/2023\\\/06\\\/paper-heart-sculpture.png?fit=1080%2C1080&ssl=1\",\"datePublished\":\"2023-07-01T09:42:41+00:00\",\"dateModified\":\"2025-09-13T06:07:18+00:00\",\"breadcrumb\":{\"@id\":\"https:\\\/\\\/www.smagapaperwood.com\\\/produkt\\\/paper-heart-sculpture-3d-low-poly-papercraft-how-to-make-a-3d-heart-out-of-paper\\\/#breadcrumb\"},\"inLanguage\":\"pl-PL\",\"potentialAction\":[{\"@type\":\"ReadAction\",\"target\":[\"https:\\\/\\\/www.smagapaperwood.com\\\/produkt\\\/paper-heart-sculpture-3d-low-poly-papercraft-how-to-make-a-3d-heart-out-of-paper\\\/\"]}]},{\"@type\":\"ImageObject\",\"inLanguage\":\"pl-PL\",\"@id\":\"https:\\\/\\\/www.smagapaperwood.com\\\/produkt\\\/paper-heart-sculpture-3d-low-poly-papercraft-how-to-make-a-3d-heart-out-of-paper\\\/#primaryimage\",\"url\":\"https:\\\/\\\/i0.wp.com\\\/www.smagapaperwood.com\\\/wp-content\\\/uploads\\\/2023\\\/06\\\/paper-heart-sculpture.png?fit=1080%2C1080&ssl=1\",\"contentUrl\":\"https:\\\/\\\/i0.wp.com\\\/www.smagapaperwood.com\\\/wp-content\\\/uploads\\\/2023\\\/06\\\/paper-heart-sculpture.png?fit=1080%2C1080&ssl=1\",\"width\":1080,\"height\":1080},{\"@type\":\"BreadcrumbList\",\"@id\":\"https:\\\/\\\/www.smagapaperwood.com\\\/produkt\\\/paper-heart-sculpture-3d-low-poly-papercraft-how-to-make-a-3d-heart-out-of-paper\\\/#breadcrumb\",\"itemListElement\":[{\"@type\":\"ListItem\",\"position\":1,\"name\":\"Strona g\u0142\u00f3wna\",\"item\":\"https:\\\/\\\/www.smagapaperwood.com\\\/\"},{\"@type\":\"ListItem\",\"position\":2,\"name\":\"Shop\",\"item\":\"https:\\\/\\\/www.smagapaperwood.com\\\/shop-papercrafts\\\/\"},{\"@type\":\"ListItem\",\"position\":3,\"name\":\"Paper Heart sculpture. 3d low poly papercraft. How to make a 3d heart out of paper.\"}]},{\"@type\":\"WebSite\",\"@id\":\"https:\\\/\\\/www.smagapaperwood.com\\\/#website\",\"url\":\"https:\\\/\\\/www.smagapaperwood.com\\\/\",\"name\":\"SmagaPaperwood\",\"description\":\"Papercraft &amp; Paper Masks Design, Easy DIY Craft Ideas.\",\"publisher\":{\"@id\":\"https:\\\/\\\/www.smagapaperwood.com\\\/#organization\"},\"potentialAction\":[{\"@type\":\"SearchAction\",\"target\":{\"@type\":\"EntryPoint\",\"urlTemplate\":\"https:\\\/\\\/www.smagapaperwood.com\\\/?s={search_term_string}\"},\"query-input\":{\"@type\":\"PropertyValueSpecification\",\"valueRequired\":true,\"valueName\":\"search_term_string\"}}],\"inLanguage\":\"pl-PL\"},{\"@type\":\"Organization\",\"@id\":\"https:\\\/\\\/www.smagapaperwood.com\\\/#organization\",\"name\":\"SmagaPaperwood\",\"url\":\"https:\\\/\\\/www.smagapaperwood.com\\\/\",\"logo\":{\"@type\":\"ImageObject\",\"inLanguage\":\"pl-PL\",\"@id\":\"https:\\\/\\\/www.smagapaperwood.com\\\/#\\\/schema\\\/logo\\\/image\\\/\",\"url\":\"https:\\\/\\\/i0.wp.com\\\/www.smagapaperwood.com\\\/wp-content\\\/uploads\\\/2023\\\/06\\\/logo-black.jpg?fit=1053%2C387&ssl=1\",\"contentUrl\":\"https:\\\/\\\/i0.wp.com\\\/www.smagapaperwood.com\\\/wp-content\\\/uploads\\\/2023\\\/06\\\/logo-black.jpg?fit=1053%2C387&ssl=1\",\"width\":1053,\"height\":387,\"caption\":\"SmagaPaperwood\"},\"image\":{\"@id\":\"https:\\\/\\\/www.smagapaperwood.com\\\/#\\\/schema\\\/logo\\\/image\\\/\"},\"sameAs\":[\"https:\\\/\\\/www.facebook.com\\\/SmagaPaperWood\",\"https:\\\/\\\/www.instagram.com\\\/smagapaperwood\\\/\"]}]}<\/script>\n<!-- \/ Yoast SEO plugin. -->","yoast_head_json":{"title":"Paper Heart sculpture. 3d low poly papercraft. How to make a 3d heart out of paper. - SmagaPaperwood","robots":{"index":"index","follow":"follow","max-snippet":"max-snippet:-1","max-image-preview":"max-image-preview:large","max-video-preview":"max-video-preview:-1"},"canonical":"https:\/\/www.smagapaperwood.com\/pl\/produkt\/paper-heart-sculpture-3d-low-poly-papercraft-how-to-make-a-3d-heart-out-of-paper\/","og_locale":"pl_PL","og_type":"article","og_title":"Paper Heart sculpture. 3d low poly papercraft. How to make a 3d heart out of paper. - SmagaPaperwood","og_description":"Paper sculpture to print and assemble yourself. DIGITAL DOWNLOAD","og_url":"https:\/\/www.smagapaperwood.com\/pl\/produkt\/paper-heart-sculpture-3d-low-poly-papercraft-how-to-make-a-3d-heart-out-of-paper\/","og_site_name":"SmagaPaperwood","article_publisher":"https:\/\/www.facebook.com\/SmagaPaperWood","article_modified_time":"2025-09-13T06:07:18+00:00","og_image":[{"width":1080,"height":1080,"url":"https:\/\/www.smagapaperwood.com\/wp-content\/uploads\/2023\/06\/paper-heart-sculpture.png","type":"image\/png"}],"twitter_card":"summary_large_image","twitter_misc":{"Szacowany czas czytania":"2 minuty"},"schema":{"@context":"https:\/\/schema.org","@graph":[{"@type":"WebPage","@id":"https:\/\/www.smagapaperwood.com\/produkt\/paper-heart-sculpture-3d-low-poly-papercraft-how-to-make-a-3d-heart-out-of-paper\/","url":"https:\/\/www.smagapaperwood.com\/produkt\/paper-heart-sculpture-3d-low-poly-papercraft-how-to-make-a-3d-heart-out-of-paper\/","name":"Paper Heart sculpture. 3d low poly papercraft. How to make a 3d heart out of paper. - SmagaPaperwood","isPartOf":{"@id":"https:\/\/www.smagapaperwood.com\/#website"},"primaryImageOfPage":{"@id":"https:\/\/www.smagapaperwood.com\/produkt\/paper-heart-sculpture-3d-low-poly-papercraft-how-to-make-a-3d-heart-out-of-paper\/#primaryimage"},"image":{"@id":"https:\/\/www.smagapaperwood.com\/produkt\/paper-heart-sculpture-3d-low-poly-papercraft-how-to-make-a-3d-heart-out-of-paper\/#primaryimage"},"thumbnailUrl":"https:\/\/i0.wp.com\/www.smagapaperwood.com\/wp-content\/uploads\/2023\/06\/paper-heart-sculpture.png?fit=1080%2C1080&ssl=1","datePublished":"2023-07-01T09:42:41+00:00","dateModified":"2025-09-13T06:07:18+00:00","breadcrumb":{"@id":"https:\/\/www.smagapaperwood.com\/produkt\/paper-heart-sculpture-3d-low-poly-papercraft-how-to-make-a-3d-heart-out-of-paper\/#breadcrumb"},"inLanguage":"pl-PL","potentialAction":[{"@type":"ReadAction","target":["https:\/\/www.smagapaperwood.com\/produkt\/paper-heart-sculpture-3d-low-poly-papercraft-how-to-make-a-3d-heart-out-of-paper\/"]}]},{"@type":"ImageObject","inLanguage":"pl-PL","@id":"https:\/\/www.smagapaperwood.com\/produkt\/paper-heart-sculpture-3d-low-poly-papercraft-how-to-make-a-3d-heart-out-of-paper\/#primaryimage","url":"https:\/\/i0.wp.com\/www.smagapaperwood.com\/wp-content\/uploads\/2023\/06\/paper-heart-sculpture.png?fit=1080%2C1080&ssl=1","contentUrl":"https:\/\/i0.wp.com\/www.smagapaperwood.com\/wp-content\/uploads\/2023\/06\/paper-heart-sculpture.png?fit=1080%2C1080&ssl=1","width":1080,"height":1080},{"@type":"BreadcrumbList","@id":"https:\/\/www.smagapaperwood.com\/produkt\/paper-heart-sculpture-3d-low-poly-papercraft-how-to-make-a-3d-heart-out-of-paper\/#breadcrumb","itemListElement":[{"@type":"ListItem","position":1,"name":"Strona g\u0142\u00f3wna","item":"https:\/\/www.smagapaperwood.com\/"},{"@type":"ListItem","position":2,"name":"Shop","item":"https:\/\/www.smagapaperwood.com\/shop-papercrafts\/"},{"@type":"ListItem","position":3,"name":"Paper Heart sculpture. 3d low poly papercraft. How to make a 3d heart out of paper."}]},{"@type":"WebSite","@id":"https:\/\/www.smagapaperwood.com\/#website","url":"https:\/\/www.smagapaperwood.com\/","name":"SmagaPaperwood","description":"Papercraft &amp; Paper Masks Design, Easy DIY Craft Ideas.","publisher":{"@id":"https:\/\/www.smagapaperwood.com\/#organization"},"potentialAction":[{"@type":"SearchAction","target":{"@type":"EntryPoint","urlTemplate":"https:\/\/www.smagapaperwood.com\/?s={search_term_string}"},"query-input":{"@type":"PropertyValueSpecification","valueRequired":true,"valueName":"search_term_string"}}],"inLanguage":"pl-PL"},{"@type":"Organization","@id":"https:\/\/www.smagapaperwood.com\/#organization","name":"SmagaPaperwood","url":"https:\/\/www.smagapaperwood.com\/","logo":{"@type":"ImageObject","inLanguage":"pl-PL","@id":"https:\/\/www.smagapaperwood.com\/#\/schema\/logo\/image\/","url":"https:\/\/i0.wp.com\/www.smagapaperwood.com\/wp-content\/uploads\/2023\/06\/logo-black.jpg?fit=1053%2C387&ssl=1","contentUrl":"https:\/\/i0.wp.com\/www.smagapaperwood.com\/wp-content\/uploads\/2023\/06\/logo-black.jpg?fit=1053%2C387&ssl=1","width":1053,"height":387,"caption":"SmagaPaperwood"},"image":{"@id":"https:\/\/www.smagapaperwood.com\/#\/schema\/logo\/image\/"},"sameAs":["https:\/\/www.facebook.com\/SmagaPaperWood","https:\/\/www.instagram.com\/smagapaperwood\/"]}]}},"_links":{"self":[{"href":"https:\/\/www.smagapaperwood.com\/pl\/wp-json\/wp\/v2\/product\/1153","targetHints":{"allow":["GET"]}}],"collection":[{"href":"https:\/\/www.smagapaperwood.com\/pl\/wp-json\/wp\/v2\/product"}],"about":[{"href":"https:\/\/www.smagapaperwood.com\/pl\/wp-json\/wp\/v2\/types\/product"}],"wp:featuredmedia":[{"embeddable":true,"href":"https:\/\/www.smagapaperwood.com\/pl\/wp-json\/wp\/v2\/media\/1093"}],"wp:attachment":[{"href":"https:\/\/www.smagapaperwood.com\/pl\/wp-json\/wp\/v2\/media?parent=1153"}],"wp:term":[{"taxonomy":"product_brand","embeddable":true,"href":"https:\/\/www.smagapaperwood.com\/pl\/wp-json\/wp\/v2\/product_brand?post=1153"},{"taxonomy":"product_cat","embeddable":true,"href":"https:\/\/www.smagapaperwood.com\/pl\/wp-json\/wp\/v2\/product_cat?post=1153"},{"taxonomy":"product_tag","embeddable":true,"href":"https:\/\/www.smagapaperwood.com\/pl\/wp-json\/wp\/v2\/product_tag?post=1153"}],"curies":[{"name":"wp","href":"https:\/\/api.w.org\/{rel}","templated":true}]}}