{"id":1188,"date":"2023-07-01T10:54:33","date_gmt":"2023-07-01T10:54:33","guid":{"rendered":"https:\/\/www.smagapaperwood.com\/?post_type=product&#038;p=1188"},"modified":"2025-09-13T06:07:18","modified_gmt":"2025-09-13T06:07:18","slug":"paper-bunny-mask-printable-rabbit-low-poly-mask","status":"publish","type":"product","link":"https:\/\/www.smagapaperwood.com\/pl\/produkt\/paper-bunny-mask-printable-rabbit-low-poly-mask\/","title":{"rendered":"Paper bunny mask. Printable rabbit low poly mask."},"content":{"rendered":"<div id=\"text-1928906128\" class=\"text\">\n\t\t\n<p class=\"thin-font alt-font\"><strong>A paper rabbit mask that you can make in any colour!<\/strong><\/p>\n\t\t\n<style>\n#text-1928906128 {\n  font-size: 1.3rem;\n  line-height: 1.25;\n  color: #186e9a;\n}\n#text-1928906128 > * {\n  color: #186e9a;\n}\n<\/style>\n\t<\/div>\n\t\n<p>Perfect for a fancy dress ball, school play or any party, you&#8217;ll be sure to surprise your friends. You can be an Easter bunny in just a few hours! This printable pattern includes papercraft templates and illustrated instructions to make a low-poly paper bunny mask yourself.<\/p>\n<div class=\"is-divider divider clearfix\" style=\"max-width:100%;\"><\/div>\n\t<div id=\"text-4028360622\" class=\"text\">\n\t\t\n<p class=\"thin-font alt-font\"><strong>Co kupujesz?<br \/>\n<\/strong><\/p>\n\t\t\n<style>\n#text-4028360622 {\n  font-size: 1.3rem;\n  line-height: 1.25;\n  color: #186e9a;\n}\n#text-4028360622 > * {\n  color: #186e9a;\n}\n<\/style>\n\t<\/div>\n\t\n<p>Wraz z zakupem otrzymasz dost\u0119p do:<br \/>\n- Natychmiastowe pobranie plik\u00f3w PDF i SVG z bia\u0142ymi szablonami, kompatybilnymi z papierem A4 i US LETTER.<br \/>\n- Ilustrowane instrukcje krok po kroku, w j\u0119zyku angielskim.<br \/>\n- Nasza pomoc zawsze, gdy jej potrzebujesz \ud83d\ude42<\/p>\n<div class=\"is-divider divider clearfix\" style=\"max-width:100%;\"><\/div>\n\t<div id=\"text-3586628806\" class=\"text\">\n\t\t\n<p class=\"thin-font alt-font\"><strong>Rozmiar<br \/>\n<\/strong><\/p>\n\t\t\n<style>\n#text-3586628806 {\n  font-size: 1.3rem;\n  line-height: 1.25;\n  color: #186e9a;\n}\n#text-3586628806 > * {\n  color: #186e9a;\n}\n<\/style>\n\t<\/div>\n\t\n<p>Ten wz\u00f3r jest w rozmiarze dla doros\u0142ych. Ale je\u015bli wydrukujesz go w skali 90%, b\u0119dzie pasowa\u0142 na mniejsze dzieci\u0119ce g\u0142owy<\/p>\n<div class=\"is-divider divider clearfix\" style=\"max-width:100%;\"><\/div>\n\t<div id=\"text-2641180322\" class=\"text\">\n\t\t\n<p class=\"thin-font alt-font\"><strong>Narz\u0119dzia i materia\u0142y:<\/strong><\/p>\n\t\t\n<style>\n#text-2641180322 {\n  font-size: 1.3rem;\n  line-height: 1.25;\n  color: #186e9a;\n}\n#text-2641180322 > * {\n  color: #186e9a;\n}\n<\/style>\n\t<\/div>\n\t\n<p>- Drukarka (format A4 lub US Letter)<br \/>\n&#8212; 6 sheets of thick A4 or US Letter size paper (190g-280g)<br \/>\nSpr\u00f3buj u\u017cy\u0107 grubszego kolorowego brystolu, metalicznego papieru lub brokatowej kartki typu craft.<br \/>\nMo\u017cesz u\u017cy\u0107 dowolnego kartonu, kt\u00f3ry mo\u017cna \u0142atwo ci\u0105\u0107 i zgina\u0107.<br \/>\n- No\u017cyczki i n\u00f3\u017c rzemie\u015blniczy.<br \/>\n- Linijka i n\u00f3\u017c z t\u0119p\u0105 kraw\u0119dzi\u0105 do bigowania.<br \/>\n- Uniwersalny klej z cienkim aplikatorem lub ta\u015bma dwustronna.<br \/>\n- Troch\u0119 wolnego czasu \ud83d\ude42<\/p>\n<div class=\"is-divider divider clearfix\" style=\"max-width:100%;\"><\/div>\n\t<div id=\"text-458951442\" class=\"text\">\n\t\t\n<p class=\"thin-font alt-font\"><strong>Poziom umiej\u0119tno\u015bci:<br \/>\n<\/strong><\/p>\n\t\t\n<style>\n#text-458951442 {\n  font-size: 1.3rem;\n  line-height: 1.25;\n  color: #186e9a;\n}\n#text-458951442 > * {\n  color: #186e9a;\n}\n<\/style>\n\t<\/div>\n\t\n<p>&#8212; Easy<br \/>\n&#8212; TAKES ABOUT 3 HOURS<br \/>\n&#8212; The pattern is ready to print on both A4 and US Letter-size paper. Use the actual size option in your printer preferences.<\/p>\n<div class=\"is-divider divider clearfix\" style=\"max-width:100%;\"><\/div>\n\t<div id=\"text-620606262\" class=\"text\">\n\t\t\n<p class=\"thin-font alt-font\"><strong>Jak zacz\u0105\u0107?<br \/>\n<\/strong><\/p>\n\t\t\n<style>\n#text-620606262 {\n  font-size: 1.3rem;\n  line-height: 1.25;\n  color: #186e9a;\n}\n#text-620606262 > * {\n  color: #186e9a;\n}\n<\/style>\n\t<\/div>\n\t\n<a href=\"https:\/\/www.smagapaperwood.com\/pl\/how-to-make\/\" class=\"button primary\" >\n\t\t<span>Odwied\u017a nasz\u0105 stron\u0119 \"Jak to si\u0119 robi \"<\/span>\n\t<\/a>\n\n<div class=\"is-divider divider clearfix\" style=\"max-width:100%;\"><\/div>\n<p>You can make as many copies as you like, but please use them for personal, non-profit purposes. Our sculptures are made on paper several times before they are ready. Each photo shows the actual object.<\/p>\n<p>WE ALWAYS TAKE INTO ACCOUNT ANY SUGGESTIONS AND CORRECTIONS YOU MAKE IN YOUR MESSAGES AND REVIEWS, SO WE ARE CONSTANTLY IMPROVING OUR MODELS AND CORRECTING ANY ERRORS THAT MAY OCCUR.<\/p>\n<p>\u00a92024 SmagaPaperwood<\/p>\n<p>Wszystkie projekty s\u0105 w\u0142asno\u015bci\u0105 Moniki i Krzysztofa Smaga<\/p>\n\n  <div class=\"banner has-hover\" id=\"banner-2027198812\">\n          <div class=\"banner-inner fill\">\n        <div class=\"banner-bg fill\" >\n                                                \n                    <\/div>\n\t\t\n        <div class=\"banner-layers container\">\n            <div class=\"fill banner-link\"><\/div>            \n   <div id=\"text-box-455910805\" class=\"text-box banner-layer x50 md-x50 lg-x50 y50 md-y50 lg-y50 res-text\">\n                                <div class=\"text-box-content text dark\">\n              \n              <div class=\"text-inner text-center\">\n                  \n<h5><strong>KUPUJ\u0104C I POBIERAJ\u0104C NASZE SZABLONY, ZGADZASZ SI\u0118 NA NASZE WARUNKI.<\/strong><\/h5>\n<h5 class=\"lead\"><strong>Our designs and files are copyrighted and may not be shared or distributed in any way. The templates and finished objects are for personal use only. If you wish to use them for other purposes (e.g. photo shoots, exhibitions, advertising) please contact us in advance.<\/strong> <strong>NIE U\u017bYWAJ ICH DO CEL\u00d3W KOMERCYJNYCH BEZ NASZEJ ZGODY.<\/strong><\/h5>\n              <\/div>\n           <\/div>\n                            \n<style>\n#text-box-455910805 {\n  width: 89%;\n}\n#text-box-455910805 .text-box-content {\n  font-size: 100%;\n}\n<\/style>\n    <\/div>\n \n        <\/div>\n      <\/div>\n\n            \n<style>\n#banner-2027198812 {\n  padding-top: 150px;\n}\n<\/style>\n  <\/div>","protected":false},"excerpt":{"rendered":"<p>Papercraft Rabbit mask.<\/p>\n<h1 class=\"uppercase\"><strong>Pobranie cyfrowe<\/strong><\/h1>","protected":false},"featured_media":1196,"template":"","meta":[],"product_brand":[],"product_cat":[136],"product_tag":[251,1077,169,722,490,841,173,162,843,141,844,908,909,145,846,910,848,911,150,849,871,850,176,851,179,852,913],"class_list":{"0":"post-1188","1":"product","2":"type-product","3":"status-publish","4":"has-post-thumbnail","6":"product_cat-paper-mask-for-adults","7":"product_tag-3d_papercraft","8":"product_tag-black-rabbit-mask","9":"product_tag-bunny_cosplay","10":"product_tag-bunny_ears","11":"product_tag-bunny_head","12":"product_tag-kostium-na-halloween","13":"product_tag-low_poly_mask","14":"product_tag-low_poly_papercraft","15":"product_tag-make-your-own","16":"product_tag-maska-do-druku","17":"product_tag-maska-do-wydrukowania","18":"product_tag-maska-kroliczka","19":"product_tag-maska-krolika","20":"product_tag-maska-low-poly","21":"product_tag-maska-na-twarz","22":"product_tag-maska-papierowa-do-druku","23":"product_tag-maska-papierowa-jak-zrobic","24":"product_tag-maska-zajaca","25":"product_tag-maska-zwierzeca","26":"product_tag-maski-na-halloween","27":"product_tag-paper-mask","28":"product_tag-papercraft-mask","29":"product_tag-peter_rabbit_costume","30":"product_tag-printable-mask","31":"product_tag-rabbit_mask","32":"product_tag-woodland-animals","33":"product_tag-zajaczek-wielkanocny","35":"first","36":"instock","37":"downloadable","38":"taxable","39":"shipping-taxable","40":"purchasable","41":"product-type-simple"},"yoast_head":"<!-- This site is optimized with the Yoast SEO plugin v27.3 - https:\/\/yoast.com\/product\/yoast-seo-wordpress\/ -->\n<title>Paper bunny mask. Printable rabbit low poly mask. - SmagaPaperwood<\/title>\n<meta name=\"robots\" content=\"index, follow, max-snippet:-1, max-image-preview:large, max-video-preview:-1\" \/>\n<link rel=\"canonical\" href=\"https:\/\/www.smagapaperwood.com\/pl\/produkt\/paper-bunny-mask-printable-rabbit-low-poly-mask\/\" \/>\n<meta property=\"og:locale\" content=\"pl_PL\" \/>\n<meta property=\"og:type\" content=\"article\" \/>\n<meta property=\"og:title\" content=\"Paper bunny mask. Printable rabbit low poly mask. - SmagaPaperwood\" \/>\n<meta property=\"og:description\" content=\"Papercraft Rabbit mask. DIGITAL DOWNLOAD\" \/>\n<meta property=\"og:url\" content=\"https:\/\/www.smagapaperwood.com\/pl\/produkt\/paper-bunny-mask-printable-rabbit-low-poly-mask\/\" \/>\n<meta property=\"og:site_name\" content=\"SmagaPaperwood\" \/>\n<meta property=\"article:publisher\" content=\"https:\/\/www.facebook.com\/SmagaPaperWood\" \/>\n<meta property=\"article:modified_time\" content=\"2025-09-13T06:07:18+00:00\" \/>\n<meta property=\"og:image\" content=\"https:\/\/www.smagapaperwood.com\/wp-content\/uploads\/2023\/07\/black-rabbit-paper-mask.png\" \/>\n\t<meta property=\"og:image:width\" content=\"1080\" \/>\n\t<meta property=\"og:image:height\" content=\"1080\" \/>\n\t<meta property=\"og:image:type\" content=\"image\/png\" \/>\n<meta name=\"twitter:card\" content=\"summary_large_image\" \/>\n<meta name=\"twitter:label1\" content=\"Szacowany czas czytania\" \/>\n\t<meta name=\"twitter:data1\" content=\"2 minuty\" \/>\n<script type=\"application\/ld+json\" class=\"yoast-schema-graph\">{\"@context\":\"https:\\\/\\\/schema.org\",\"@graph\":[{\"@type\":\"WebPage\",\"@id\":\"https:\\\/\\\/www.smagapaperwood.com\\\/produkt\\\/paper-bunny-mask-printable-rabbit-low-poly-mask\\\/\",\"url\":\"https:\\\/\\\/www.smagapaperwood.com\\\/produkt\\\/paper-bunny-mask-printable-rabbit-low-poly-mask\\\/\",\"name\":\"Paper bunny mask. Printable rabbit low poly mask. - SmagaPaperwood\",\"isPartOf\":{\"@id\":\"https:\\\/\\\/www.smagapaperwood.com\\\/#website\"},\"primaryImageOfPage\":{\"@id\":\"https:\\\/\\\/www.smagapaperwood.com\\\/produkt\\\/paper-bunny-mask-printable-rabbit-low-poly-mask\\\/#primaryimage\"},\"image\":{\"@id\":\"https:\\\/\\\/www.smagapaperwood.com\\\/produkt\\\/paper-bunny-mask-printable-rabbit-low-poly-mask\\\/#primaryimage\"},\"thumbnailUrl\":\"https:\\\/\\\/i0.wp.com\\\/www.smagapaperwood.com\\\/wp-content\\\/uploads\\\/2023\\\/07\\\/black-rabbit-paper-mask.png?fit=1080%2C1080&ssl=1\",\"datePublished\":\"2023-07-01T10:54:33+00:00\",\"dateModified\":\"2025-09-13T06:07:18+00:00\",\"breadcrumb\":{\"@id\":\"https:\\\/\\\/www.smagapaperwood.com\\\/produkt\\\/paper-bunny-mask-printable-rabbit-low-poly-mask\\\/#breadcrumb\"},\"inLanguage\":\"pl-PL\",\"potentialAction\":[{\"@type\":\"ReadAction\",\"target\":[\"https:\\\/\\\/www.smagapaperwood.com\\\/produkt\\\/paper-bunny-mask-printable-rabbit-low-poly-mask\\\/\"]}]},{\"@type\":\"ImageObject\",\"inLanguage\":\"pl-PL\",\"@id\":\"https:\\\/\\\/www.smagapaperwood.com\\\/produkt\\\/paper-bunny-mask-printable-rabbit-low-poly-mask\\\/#primaryimage\",\"url\":\"https:\\\/\\\/i0.wp.com\\\/www.smagapaperwood.com\\\/wp-content\\\/uploads\\\/2023\\\/07\\\/black-rabbit-paper-mask.png?fit=1080%2C1080&ssl=1\",\"contentUrl\":\"https:\\\/\\\/i0.wp.com\\\/www.smagapaperwood.com\\\/wp-content\\\/uploads\\\/2023\\\/07\\\/black-rabbit-paper-mask.png?fit=1080%2C1080&ssl=1\",\"width\":1080,\"height\":1080,\"caption\":\"black-rabbit-paper-mask\"},{\"@type\":\"BreadcrumbList\",\"@id\":\"https:\\\/\\\/www.smagapaperwood.com\\\/produkt\\\/paper-bunny-mask-printable-rabbit-low-poly-mask\\\/#breadcrumb\",\"itemListElement\":[{\"@type\":\"ListItem\",\"position\":1,\"name\":\"Strona g\u0142\u00f3wna\",\"item\":\"https:\\\/\\\/www.smagapaperwood.com\\\/\"},{\"@type\":\"ListItem\",\"position\":2,\"name\":\"Shop\",\"item\":\"https:\\\/\\\/www.smagapaperwood.com\\\/shop-papercrafts\\\/\"},{\"@type\":\"ListItem\",\"position\":3,\"name\":\"Paper bunny mask. Printable rabbit low poly mask.\"}]},{\"@type\":\"WebSite\",\"@id\":\"https:\\\/\\\/www.smagapaperwood.com\\\/#website\",\"url\":\"https:\\\/\\\/www.smagapaperwood.com\\\/\",\"name\":\"SmagaPaperwood\",\"description\":\"Papercraft &amp; Paper Masks Design, Easy DIY Craft Ideas.\",\"publisher\":{\"@id\":\"https:\\\/\\\/www.smagapaperwood.com\\\/#organization\"},\"potentialAction\":[{\"@type\":\"SearchAction\",\"target\":{\"@type\":\"EntryPoint\",\"urlTemplate\":\"https:\\\/\\\/www.smagapaperwood.com\\\/?s={search_term_string}\"},\"query-input\":{\"@type\":\"PropertyValueSpecification\",\"valueRequired\":true,\"valueName\":\"search_term_string\"}}],\"inLanguage\":\"pl-PL\"},{\"@type\":\"Organization\",\"@id\":\"https:\\\/\\\/www.smagapaperwood.com\\\/#organization\",\"name\":\"SmagaPaperwood\",\"url\":\"https:\\\/\\\/www.smagapaperwood.com\\\/\",\"logo\":{\"@type\":\"ImageObject\",\"inLanguage\":\"pl-PL\",\"@id\":\"https:\\\/\\\/www.smagapaperwood.com\\\/#\\\/schema\\\/logo\\\/image\\\/\",\"url\":\"https:\\\/\\\/i0.wp.com\\\/www.smagapaperwood.com\\\/wp-content\\\/uploads\\\/2023\\\/06\\\/logo-black.jpg?fit=1053%2C387&ssl=1\",\"contentUrl\":\"https:\\\/\\\/i0.wp.com\\\/www.smagapaperwood.com\\\/wp-content\\\/uploads\\\/2023\\\/06\\\/logo-black.jpg?fit=1053%2C387&ssl=1\",\"width\":1053,\"height\":387,\"caption\":\"SmagaPaperwood\"},\"image\":{\"@id\":\"https:\\\/\\\/www.smagapaperwood.com\\\/#\\\/schema\\\/logo\\\/image\\\/\"},\"sameAs\":[\"https:\\\/\\\/www.facebook.com\\\/SmagaPaperWood\",\"https:\\\/\\\/www.instagram.com\\\/smagapaperwood\\\/\"]}]}<\/script>\n<!-- \/ Yoast SEO plugin. -->","yoast_head_json":{"title":"Paper bunny mask. Printable rabbit low poly mask. - SmagaPaperwood","robots":{"index":"index","follow":"follow","max-snippet":"max-snippet:-1","max-image-preview":"max-image-preview:large","max-video-preview":"max-video-preview:-1"},"canonical":"https:\/\/www.smagapaperwood.com\/pl\/produkt\/paper-bunny-mask-printable-rabbit-low-poly-mask\/","og_locale":"pl_PL","og_type":"article","og_title":"Paper bunny mask. Printable rabbit low poly mask. - SmagaPaperwood","og_description":"Papercraft Rabbit mask. DIGITAL DOWNLOAD","og_url":"https:\/\/www.smagapaperwood.com\/pl\/produkt\/paper-bunny-mask-printable-rabbit-low-poly-mask\/","og_site_name":"SmagaPaperwood","article_publisher":"https:\/\/www.facebook.com\/SmagaPaperWood","article_modified_time":"2025-09-13T06:07:18+00:00","og_image":[{"width":1080,"height":1080,"url":"https:\/\/www.smagapaperwood.com\/wp-content\/uploads\/2023\/07\/black-rabbit-paper-mask.png","type":"image\/png"}],"twitter_card":"summary_large_image","twitter_misc":{"Szacowany czas czytania":"2 minuty"},"schema":{"@context":"https:\/\/schema.org","@graph":[{"@type":"WebPage","@id":"https:\/\/www.smagapaperwood.com\/produkt\/paper-bunny-mask-printable-rabbit-low-poly-mask\/","url":"https:\/\/www.smagapaperwood.com\/produkt\/paper-bunny-mask-printable-rabbit-low-poly-mask\/","name":"Paper bunny mask. Printable rabbit low poly mask. - SmagaPaperwood","isPartOf":{"@id":"https:\/\/www.smagapaperwood.com\/#website"},"primaryImageOfPage":{"@id":"https:\/\/www.smagapaperwood.com\/produkt\/paper-bunny-mask-printable-rabbit-low-poly-mask\/#primaryimage"},"image":{"@id":"https:\/\/www.smagapaperwood.com\/produkt\/paper-bunny-mask-printable-rabbit-low-poly-mask\/#primaryimage"},"thumbnailUrl":"https:\/\/i0.wp.com\/www.smagapaperwood.com\/wp-content\/uploads\/2023\/07\/black-rabbit-paper-mask.png?fit=1080%2C1080&ssl=1","datePublished":"2023-07-01T10:54:33+00:00","dateModified":"2025-09-13T06:07:18+00:00","breadcrumb":{"@id":"https:\/\/www.smagapaperwood.com\/produkt\/paper-bunny-mask-printable-rabbit-low-poly-mask\/#breadcrumb"},"inLanguage":"pl-PL","potentialAction":[{"@type":"ReadAction","target":["https:\/\/www.smagapaperwood.com\/produkt\/paper-bunny-mask-printable-rabbit-low-poly-mask\/"]}]},{"@type":"ImageObject","inLanguage":"pl-PL","@id":"https:\/\/www.smagapaperwood.com\/produkt\/paper-bunny-mask-printable-rabbit-low-poly-mask\/#primaryimage","url":"https:\/\/i0.wp.com\/www.smagapaperwood.com\/wp-content\/uploads\/2023\/07\/black-rabbit-paper-mask.png?fit=1080%2C1080&ssl=1","contentUrl":"https:\/\/i0.wp.com\/www.smagapaperwood.com\/wp-content\/uploads\/2023\/07\/black-rabbit-paper-mask.png?fit=1080%2C1080&ssl=1","width":1080,"height":1080,"caption":"black-rabbit-paper-mask"},{"@type":"BreadcrumbList","@id":"https:\/\/www.smagapaperwood.com\/produkt\/paper-bunny-mask-printable-rabbit-low-poly-mask\/#breadcrumb","itemListElement":[{"@type":"ListItem","position":1,"name":"Strona g\u0142\u00f3wna","item":"https:\/\/www.smagapaperwood.com\/"},{"@type":"ListItem","position":2,"name":"Shop","item":"https:\/\/www.smagapaperwood.com\/shop-papercrafts\/"},{"@type":"ListItem","position":3,"name":"Paper bunny mask. Printable rabbit low poly mask."}]},{"@type":"WebSite","@id":"https:\/\/www.smagapaperwood.com\/#website","url":"https:\/\/www.smagapaperwood.com\/","name":"SmagaPaperwood","description":"Papercraft &amp; Paper Masks Design, Easy DIY Craft Ideas.","publisher":{"@id":"https:\/\/www.smagapaperwood.com\/#organization"},"potentialAction":[{"@type":"SearchAction","target":{"@type":"EntryPoint","urlTemplate":"https:\/\/www.smagapaperwood.com\/?s={search_term_string}"},"query-input":{"@type":"PropertyValueSpecification","valueRequired":true,"valueName":"search_term_string"}}],"inLanguage":"pl-PL"},{"@type":"Organization","@id":"https:\/\/www.smagapaperwood.com\/#organization","name":"SmagaPaperwood","url":"https:\/\/www.smagapaperwood.com\/","logo":{"@type":"ImageObject","inLanguage":"pl-PL","@id":"https:\/\/www.smagapaperwood.com\/#\/schema\/logo\/image\/","url":"https:\/\/i0.wp.com\/www.smagapaperwood.com\/wp-content\/uploads\/2023\/06\/logo-black.jpg?fit=1053%2C387&ssl=1","contentUrl":"https:\/\/i0.wp.com\/www.smagapaperwood.com\/wp-content\/uploads\/2023\/06\/logo-black.jpg?fit=1053%2C387&ssl=1","width":1053,"height":387,"caption":"SmagaPaperwood"},"image":{"@id":"https:\/\/www.smagapaperwood.com\/#\/schema\/logo\/image\/"},"sameAs":["https:\/\/www.facebook.com\/SmagaPaperWood","https:\/\/www.instagram.com\/smagapaperwood\/"]}]}},"_links":{"self":[{"href":"https:\/\/www.smagapaperwood.com\/pl\/wp-json\/wp\/v2\/product\/1188","targetHints":{"allow":["GET"]}}],"collection":[{"href":"https:\/\/www.smagapaperwood.com\/pl\/wp-json\/wp\/v2\/product"}],"about":[{"href":"https:\/\/www.smagapaperwood.com\/pl\/wp-json\/wp\/v2\/types\/product"}],"wp:featuredmedia":[{"embeddable":true,"href":"https:\/\/www.smagapaperwood.com\/pl\/wp-json\/wp\/v2\/media\/1196"}],"wp:attachment":[{"href":"https:\/\/www.smagapaperwood.com\/pl\/wp-json\/wp\/v2\/media?parent=1188"}],"wp:term":[{"taxonomy":"product_brand","embeddable":true,"href":"https:\/\/www.smagapaperwood.com\/pl\/wp-json\/wp\/v2\/product_brand?post=1188"},{"taxonomy":"product_cat","embeddable":true,"href":"https:\/\/www.smagapaperwood.com\/pl\/wp-json\/wp\/v2\/product_cat?post=1188"},{"taxonomy":"product_tag","embeddable":true,"href":"https:\/\/www.smagapaperwood.com\/pl\/wp-json\/wp\/v2\/product_tag?post=1188"}],"curies":[{"name":"wp","href":"https:\/\/api.w.org\/{rel}","templated":true}]}}