{"id":1283,"date":"2023-07-01T20:41:02","date_gmt":"2023-07-01T20:41:02","guid":{"rendered":"https:\/\/www.smagapaperwood.com\/?post_type=product&#038;p=1283"},"modified":"2025-09-13T06:07:17","modified_gmt":"2025-09-13T06:07:17","slug":"swallow-bird-papercraft-sculpture-low-poly-bird","status":"publish","type":"product","link":"https:\/\/www.smagapaperwood.com\/pl\/produkt\/swallow-bird-papercraft-sculpture-low-poly-bird\/","title":{"rendered":"Swallow bird papercraft sculpture. Low poly bird"},"content":{"rendered":"<p><strong>Swallow bird papercraft sculpture<\/strong><\/p>\n<p>Printable 3D model of a paper swallow. You can easily make a sculpture of a flying bird out of paper.<br \/>\nIn cultures around the world, swallows are symbols of new beginnings, hope, love and loss.<br \/>\nWatch the video tutorial to learn how to make this low poly paper bird.<\/p>\n<div class=\"is-divider divider clearfix\" style=\"max-width:100%;\"><\/div>\n<p><strong>VIDEO TUTORIAL<br \/>\n<\/strong><\/p>\n<p><a href=\"https:\/\/youtu.be\/dVYXmzyLRsk\"><strong>Kliknij tu by przej\u015b\u0107 na stron\u0119 Youtube z tutorialem<\/strong><\/a><\/p>\n<div class=\"is-divider divider clearfix\" style=\"max-width:100%;\"><\/div>\n<p class=\"translation-block\"><strong>CO KUPUJESZ?<\/strong><br>\nZakup daje dost\u0119p do:<br>\n- Natychmiastowego pobrania plik\u00f3w PDF i SVG z przejrzystymi szablonami, KOMPATYBILNYMI Z PAPIEREM A4 I US LETTER.<br>\n- Ilustrowane instrukcje krok po kroku w j\u0119zyku angielskim<br>\n- Nasz\u0105 pomoc, kiedy tylko jej potrzebujesz \ud83d\ude42<br>\nNie wahaj si\u0119 napisa\u0107 do nas z jakimikolwiek pytaniami. Do\u0142o\u017cymy wszelkich stara\u0144, aby odpowiedzie\u0107 tak szybko, jak to mo\u017cliwe!<\/p>\n<div class=\"is-divider divider clearfix\" style=\"max-width:100%;\"><\/div>\n<p><strong>Jak to dzia\u0142a:<\/strong><br \/>\n-\u015aci\u0105gnij plik i wydrukuj szablon (na grubym papierze formatu A4 lub letter)<br \/>\n-Przeczytaj krok po kroku instrukcj\u0119.<br \/>\n-Zapoznaj si\u0119 z instrukcj\u0105 ilustrowan\u0105.<br \/>\nCzas zacz\u0105\u0107 sklejanie!<br \/>\n-Wytnij ka\u017cdy element.<br \/>\n-Zagnie\u0107 linie bigowania i zegnij zgodnie z zaznaczonym kierunkiem.<br \/>\n-Znajd\u017a kraw\u0119d\u017a i klap\u0119 z tym samym numerem i sklej je.<br \/>\n- Zacznij od klapy numer 1 i kontynuuj zgodnie z numeracj\u0105.<\/p>\n<div class=\"is-divider divider clearfix\" style=\"max-width:100%;\"><\/div>\n<p><strong>YOU WILL NEED<\/strong><br \/>\n- Drukarka (format A4 lub US Letter)<br \/>\n&#8212; 3 sheets of thick A4 or US Letter size paper (190g-280g)<br \/>\n&#8211; 1 black\/grey<br \/>\n&#8211; 1 white<br \/>\n&#8211; 1 red<br \/>\nTry using the thicker coloured card, metallic or glitter cardstock or bristol.<br \/>\nMo\u017cesz u\u017cy\u0107 dowolnego kartonu, kt\u00f3ry mo\u017cna \u0142atwo ci\u0105\u0107 i zgina\u0107.<br \/>\n- No\u017cyczki i n\u00f3\u017c rzemie\u015blniczy.<br \/>\n- Linijka i n\u00f3\u017c z t\u0119p\u0105 kraw\u0119dzi\u0105 do bigowania.<br \/>\n- Uniwersalny klej z cienkim aplikatorem lub ta\u015bma dwustronna.<br \/>\n- Troch\u0119 wolnego czasu \ud83d\ude42<\/p>\n<div class=\"is-divider divider clearfix\" style=\"max-width:100%;\"><\/div>\n<p><strong>Wymiary<\/strong><br \/>\nwymiary uko\u0144czonej rze\u017aby:<br \/>\n\u2014 Wysoko\u015b\u0107: 20 cm<br \/>\n\u2014 Szeroko\u015b\u0107:: 17 cm<br \/>\n\u2014 G\u0142\u0119boko\u015b\u0107 20 cm<\/p>\n<div class=\"is-divider divider clearfix\" style=\"max-width:100%;\"><\/div>\n<p><strong>SKILL LEVEL<\/strong><br \/>\n&#8212; Medium<br \/>\n&#8212; TAKES ABOUT 1-3 HOURS<br \/>\n&#8212; The pattern is ready to print on both A4 and US Letter size paper, use the actual size option in your printer preferences.<\/p>\n<div class=\"is-divider divider clearfix\" style=\"max-width:100%;\"><\/div>\n<p>WE ALWAYS TAKE INTO ACCOUNT ANY ADVICE AND CORRECTIONS YOU GIVE US IN YOUR MESSAGES AND REVIEWS, SO WE ARE CONSTANTLY IMPROVING OUR MODELS AND CORRECTING ANY ERRORS THAT APPEAR.<\/p>\n\n\t<section class=\"section dark\" id=\"section_1447864491\">\n\t\t<div class=\"section-bg fill\" >\n\t\t\t\t\t\t\t\t\t\n\t\t\t\n\n\t\t<\/div>\n\n\t\t\n\n\t\t<div class=\"section-content relative\">\n\t\t\t\n\t<div id=\"text-636849053\" class=\"text\">\n\t\t\n<h3><strong>KUPUJ\u0104C I POBIERAJ\u0104C NASZE SZABLONY, ZGADZASZ SI\u0118 NA NASZE WARUNKI.<\/strong><\/h3>\n<h4 class=\"lead\"><strong>Nasze projekty i pliki s\u0105 chronione prawami autorskimi i nie mog\u0105 by\u0107 udost\u0119pniane ani rozpowszechniane w \u017caden spos\u00f3b. Szablony i gotowe obiekty s\u0105 przeznaczone wy\u0142\u0105cznie do u\u017cytku osobistego. W przypadku ch\u0119ci wykorzystania ich do innych cel\u00f3w (np. sesje zdj\u0119ciowe, wystawy, reklama) prosimy o wcze\u015bniejszy kontakt.<\/strong><br \/>\n<strong>NIE U\u017bYWAJ ICH DO CEL\u00d3W KOMERCYJNYCH BEZ NASZEJ ZGODY.<\/strong><\/h4>\n\t\t\n<style>\n#text-636849053 {\n  font-size: 0.85rem;\n  line-height: 1.7;\n}\n<\/style>\n\t<\/div>\n\t\n\t\t<\/div>\n\n\t\t\n<style>\n#section_1447864491 {\n  padding-top: 100px;\n  padding-bottom: 100px;\n  background-color: rgb(245, 247, 251);\n}\n@media (min-width:550px) {\n  #section_1447864491 {\n    padding-top: 5px;\n    padding-bottom: 5px;\n  }\n}\n<\/style>\n\t<\/section>","protected":false},"excerpt":{"rendered":"<p><strong>Paper bird template.<br \/>\n<\/strong><\/p>\n<h1 class=\"uppercase\"><strong>Pobranie cyfrowe<\/strong><\/h1>","protected":false},"featured_media":1298,"template":"","meta":[],"product_brand":[],"product_cat":[135,62],"product_tag":[478,348,482,901,238,557,350,843,878,902,164,352,188,879,262,241,899,880,903,882,895,904,886,888,896,905,889,353,898,891],"class_list":{"0":"post-1283","1":"product","2":"type-product","3":"status-publish","4":"has-post-thumbnail","6":"product_cat-paper-craft-art","7":"product_cat-paper-craft-birds","8":"product_tag-barn_swallow","9":"product_tag-diy_kit","10":"product_tag-flying_swallow","11":"product_tag-jaskolka","12":"product_tag-low_poly_paper_craft","13":"product_tag-lowpoly","14":"product_tag-lowpoly_papercraft","15":"product_tag-make-your-own","16":"product_tag-paper-bird","17":"product_tag-paper-swallow","18":"product_tag-paper_anniversary","19":"product_tag-paper_decorations","20":"product_tag-paper_sculpture","21":"product_tag-papercraft-bird","22":"product_tag-papercraft_3d","23":"product_tag-papercraft_sculpture","24":"product_tag-papieroplastyla","25":"product_tag-papierowe-diy","26":"product_tag-papierowy-ptak","27":"product_tag-ptak-3d","28":"product_tag-ptaki-z-papieru","29":"product_tag-rzezba-jaskolki","30":"product_tag-rzezba-przestrzenna","31":"product_tag-rzezba-z-papieru","32":"product_tag-rzezba-z-papieru-i-kleju","33":"product_tag-swallow-sculpture","34":"product_tag-szablon-ptaka","35":"product_tag-taxidermy_bird","36":"product_tag-wzor-do-druku","37":"product_tag-wzor-ptaka","39":"first","40":"instock","41":"downloadable","42":"taxable","43":"shipping-taxable","44":"purchasable","45":"product-type-simple"},"yoast_head":"<!-- This site is optimized with the Yoast SEO plugin v27.3 - https:\/\/yoast.com\/product\/yoast-seo-wordpress\/ -->\n<title>Swallow bird papercraft sculpture. Low poly bird - SmagaPaperwood<\/title>\n<meta name=\"robots\" content=\"index, follow, max-snippet:-1, max-image-preview:large, max-video-preview:-1\" \/>\n<link rel=\"canonical\" href=\"https:\/\/www.smagapaperwood.com\/pl\/produkt\/swallow-bird-papercraft-sculpture-low-poly-bird\/\" \/>\n<meta property=\"og:locale\" content=\"pl_PL\" \/>\n<meta property=\"og:type\" content=\"article\" \/>\n<meta property=\"og:title\" content=\"Swallow bird papercraft sculpture. Low poly bird - SmagaPaperwood\" \/>\n<meta property=\"og:description\" content=\"Paper bird template.  DIGITAL DOWNLOAD\" \/>\n<meta property=\"og:url\" content=\"https:\/\/www.smagapaperwood.com\/pl\/produkt\/swallow-bird-papercraft-sculpture-low-poly-bird\/\" \/>\n<meta property=\"og:site_name\" content=\"SmagaPaperwood\" \/>\n<meta property=\"article:publisher\" content=\"https:\/\/www.facebook.com\/SmagaPaperWood\" \/>\n<meta property=\"article:modified_time\" content=\"2025-09-13T06:07:17+00:00\" \/>\n<meta property=\"og:image\" content=\"https:\/\/www.smagapaperwood.com\/wp-content\/uploads\/2023\/07\/paper-bird-swallow.png\" \/>\n\t<meta property=\"og:image:width\" content=\"1080\" \/>\n\t<meta property=\"og:image:height\" content=\"1080\" \/>\n\t<meta property=\"og:image:type\" content=\"image\/png\" \/>\n<meta name=\"twitter:card\" content=\"summary_large_image\" \/>\n<meta name=\"twitter:label1\" content=\"Szacowany czas czytania\" \/>\n\t<meta name=\"twitter:data1\" content=\"2 minuty\" \/>\n<script type=\"application\/ld+json\" class=\"yoast-schema-graph\">{\"@context\":\"https:\\\/\\\/schema.org\",\"@graph\":[{\"@type\":\"WebPage\",\"@id\":\"https:\\\/\\\/www.smagapaperwood.com\\\/produkt\\\/swallow-bird-papercraft-sculpture-low-poly-bird\\\/\",\"url\":\"https:\\\/\\\/www.smagapaperwood.com\\\/produkt\\\/swallow-bird-papercraft-sculpture-low-poly-bird\\\/\",\"name\":\"Swallow bird papercraft sculpture. Low poly bird - SmagaPaperwood\",\"isPartOf\":{\"@id\":\"https:\\\/\\\/www.smagapaperwood.com\\\/#website\"},\"primaryImageOfPage\":{\"@id\":\"https:\\\/\\\/www.smagapaperwood.com\\\/produkt\\\/swallow-bird-papercraft-sculpture-low-poly-bird\\\/#primaryimage\"},\"image\":{\"@id\":\"https:\\\/\\\/www.smagapaperwood.com\\\/produkt\\\/swallow-bird-papercraft-sculpture-low-poly-bird\\\/#primaryimage\"},\"thumbnailUrl\":\"https:\\\/\\\/i0.wp.com\\\/www.smagapaperwood.com\\\/wp-content\\\/uploads\\\/2023\\\/07\\\/paper-bird-swallow.png?fit=1080%2C1080&ssl=1\",\"datePublished\":\"2023-07-01T20:41:02+00:00\",\"dateModified\":\"2025-09-13T06:07:17+00:00\",\"breadcrumb\":{\"@id\":\"https:\\\/\\\/www.smagapaperwood.com\\\/produkt\\\/swallow-bird-papercraft-sculpture-low-poly-bird\\\/#breadcrumb\"},\"inLanguage\":\"pl-PL\",\"potentialAction\":[{\"@type\":\"ReadAction\",\"target\":[\"https:\\\/\\\/www.smagapaperwood.com\\\/produkt\\\/swallow-bird-papercraft-sculpture-low-poly-bird\\\/\"]}]},{\"@type\":\"ImageObject\",\"inLanguage\":\"pl-PL\",\"@id\":\"https:\\\/\\\/www.smagapaperwood.com\\\/produkt\\\/swallow-bird-papercraft-sculpture-low-poly-bird\\\/#primaryimage\",\"url\":\"https:\\\/\\\/i0.wp.com\\\/www.smagapaperwood.com\\\/wp-content\\\/uploads\\\/2023\\\/07\\\/paper-bird-swallow.png?fit=1080%2C1080&ssl=1\",\"contentUrl\":\"https:\\\/\\\/i0.wp.com\\\/www.smagapaperwood.com\\\/wp-content\\\/uploads\\\/2023\\\/07\\\/paper-bird-swallow.png?fit=1080%2C1080&ssl=1\",\"width\":1080,\"height\":1080},{\"@type\":\"BreadcrumbList\",\"@id\":\"https:\\\/\\\/www.smagapaperwood.com\\\/produkt\\\/swallow-bird-papercraft-sculpture-low-poly-bird\\\/#breadcrumb\",\"itemListElement\":[{\"@type\":\"ListItem\",\"position\":1,\"name\":\"Strona g\u0142\u00f3wna\",\"item\":\"https:\\\/\\\/www.smagapaperwood.com\\\/\"},{\"@type\":\"ListItem\",\"position\":2,\"name\":\"Shop\",\"item\":\"https:\\\/\\\/www.smagapaperwood.com\\\/shop-papercrafts\\\/\"},{\"@type\":\"ListItem\",\"position\":3,\"name\":\"Swallow bird papercraft sculpture. Low poly bird\"}]},{\"@type\":\"WebSite\",\"@id\":\"https:\\\/\\\/www.smagapaperwood.com\\\/#website\",\"url\":\"https:\\\/\\\/www.smagapaperwood.com\\\/\",\"name\":\"SmagaPaperwood\",\"description\":\"Papercraft &amp; Paper Masks Design, Easy DIY Craft Ideas.\",\"publisher\":{\"@id\":\"https:\\\/\\\/www.smagapaperwood.com\\\/#organization\"},\"potentialAction\":[{\"@type\":\"SearchAction\",\"target\":{\"@type\":\"EntryPoint\",\"urlTemplate\":\"https:\\\/\\\/www.smagapaperwood.com\\\/?s={search_term_string}\"},\"query-input\":{\"@type\":\"PropertyValueSpecification\",\"valueRequired\":true,\"valueName\":\"search_term_string\"}}],\"inLanguage\":\"pl-PL\"},{\"@type\":\"Organization\",\"@id\":\"https:\\\/\\\/www.smagapaperwood.com\\\/#organization\",\"name\":\"SmagaPaperwood\",\"url\":\"https:\\\/\\\/www.smagapaperwood.com\\\/\",\"logo\":{\"@type\":\"ImageObject\",\"inLanguage\":\"pl-PL\",\"@id\":\"https:\\\/\\\/www.smagapaperwood.com\\\/#\\\/schema\\\/logo\\\/image\\\/\",\"url\":\"https:\\\/\\\/i0.wp.com\\\/www.smagapaperwood.com\\\/wp-content\\\/uploads\\\/2023\\\/06\\\/logo-black.jpg?fit=1053%2C387&ssl=1\",\"contentUrl\":\"https:\\\/\\\/i0.wp.com\\\/www.smagapaperwood.com\\\/wp-content\\\/uploads\\\/2023\\\/06\\\/logo-black.jpg?fit=1053%2C387&ssl=1\",\"width\":1053,\"height\":387,\"caption\":\"SmagaPaperwood\"},\"image\":{\"@id\":\"https:\\\/\\\/www.smagapaperwood.com\\\/#\\\/schema\\\/logo\\\/image\\\/\"},\"sameAs\":[\"https:\\\/\\\/www.facebook.com\\\/SmagaPaperWood\",\"https:\\\/\\\/www.instagram.com\\\/smagapaperwood\\\/\"]}]}<\/script>\n<!-- \/ Yoast SEO plugin. -->","yoast_head_json":{"title":"Swallow bird papercraft sculpture. Low poly bird - SmagaPaperwood","robots":{"index":"index","follow":"follow","max-snippet":"max-snippet:-1","max-image-preview":"max-image-preview:large","max-video-preview":"max-video-preview:-1"},"canonical":"https:\/\/www.smagapaperwood.com\/pl\/produkt\/swallow-bird-papercraft-sculpture-low-poly-bird\/","og_locale":"pl_PL","og_type":"article","og_title":"Swallow bird papercraft sculpture. Low poly bird - SmagaPaperwood","og_description":"Paper bird template.  DIGITAL DOWNLOAD","og_url":"https:\/\/www.smagapaperwood.com\/pl\/produkt\/swallow-bird-papercraft-sculpture-low-poly-bird\/","og_site_name":"SmagaPaperwood","article_publisher":"https:\/\/www.facebook.com\/SmagaPaperWood","article_modified_time":"2025-09-13T06:07:17+00:00","og_image":[{"width":1080,"height":1080,"url":"https:\/\/www.smagapaperwood.com\/wp-content\/uploads\/2023\/07\/paper-bird-swallow.png","type":"image\/png"}],"twitter_card":"summary_large_image","twitter_misc":{"Szacowany czas czytania":"2 minuty"},"schema":{"@context":"https:\/\/schema.org","@graph":[{"@type":"WebPage","@id":"https:\/\/www.smagapaperwood.com\/produkt\/swallow-bird-papercraft-sculpture-low-poly-bird\/","url":"https:\/\/www.smagapaperwood.com\/produkt\/swallow-bird-papercraft-sculpture-low-poly-bird\/","name":"Swallow bird papercraft sculpture. Low poly bird - SmagaPaperwood","isPartOf":{"@id":"https:\/\/www.smagapaperwood.com\/#website"},"primaryImageOfPage":{"@id":"https:\/\/www.smagapaperwood.com\/produkt\/swallow-bird-papercraft-sculpture-low-poly-bird\/#primaryimage"},"image":{"@id":"https:\/\/www.smagapaperwood.com\/produkt\/swallow-bird-papercraft-sculpture-low-poly-bird\/#primaryimage"},"thumbnailUrl":"https:\/\/i0.wp.com\/www.smagapaperwood.com\/wp-content\/uploads\/2023\/07\/paper-bird-swallow.png?fit=1080%2C1080&ssl=1","datePublished":"2023-07-01T20:41:02+00:00","dateModified":"2025-09-13T06:07:17+00:00","breadcrumb":{"@id":"https:\/\/www.smagapaperwood.com\/produkt\/swallow-bird-papercraft-sculpture-low-poly-bird\/#breadcrumb"},"inLanguage":"pl-PL","potentialAction":[{"@type":"ReadAction","target":["https:\/\/www.smagapaperwood.com\/produkt\/swallow-bird-papercraft-sculpture-low-poly-bird\/"]}]},{"@type":"ImageObject","inLanguage":"pl-PL","@id":"https:\/\/www.smagapaperwood.com\/produkt\/swallow-bird-papercraft-sculpture-low-poly-bird\/#primaryimage","url":"https:\/\/i0.wp.com\/www.smagapaperwood.com\/wp-content\/uploads\/2023\/07\/paper-bird-swallow.png?fit=1080%2C1080&ssl=1","contentUrl":"https:\/\/i0.wp.com\/www.smagapaperwood.com\/wp-content\/uploads\/2023\/07\/paper-bird-swallow.png?fit=1080%2C1080&ssl=1","width":1080,"height":1080},{"@type":"BreadcrumbList","@id":"https:\/\/www.smagapaperwood.com\/produkt\/swallow-bird-papercraft-sculpture-low-poly-bird\/#breadcrumb","itemListElement":[{"@type":"ListItem","position":1,"name":"Strona g\u0142\u00f3wna","item":"https:\/\/www.smagapaperwood.com\/"},{"@type":"ListItem","position":2,"name":"Shop","item":"https:\/\/www.smagapaperwood.com\/shop-papercrafts\/"},{"@type":"ListItem","position":3,"name":"Swallow bird papercraft sculpture. Low poly bird"}]},{"@type":"WebSite","@id":"https:\/\/www.smagapaperwood.com\/#website","url":"https:\/\/www.smagapaperwood.com\/","name":"SmagaPaperwood","description":"Papercraft &amp; Paper Masks Design, Easy DIY Craft Ideas.","publisher":{"@id":"https:\/\/www.smagapaperwood.com\/#organization"},"potentialAction":[{"@type":"SearchAction","target":{"@type":"EntryPoint","urlTemplate":"https:\/\/www.smagapaperwood.com\/?s={search_term_string}"},"query-input":{"@type":"PropertyValueSpecification","valueRequired":true,"valueName":"search_term_string"}}],"inLanguage":"pl-PL"},{"@type":"Organization","@id":"https:\/\/www.smagapaperwood.com\/#organization","name":"SmagaPaperwood","url":"https:\/\/www.smagapaperwood.com\/","logo":{"@type":"ImageObject","inLanguage":"pl-PL","@id":"https:\/\/www.smagapaperwood.com\/#\/schema\/logo\/image\/","url":"https:\/\/i0.wp.com\/www.smagapaperwood.com\/wp-content\/uploads\/2023\/06\/logo-black.jpg?fit=1053%2C387&ssl=1","contentUrl":"https:\/\/i0.wp.com\/www.smagapaperwood.com\/wp-content\/uploads\/2023\/06\/logo-black.jpg?fit=1053%2C387&ssl=1","width":1053,"height":387,"caption":"SmagaPaperwood"},"image":{"@id":"https:\/\/www.smagapaperwood.com\/#\/schema\/logo\/image\/"},"sameAs":["https:\/\/www.facebook.com\/SmagaPaperWood","https:\/\/www.instagram.com\/smagapaperwood\/"]}]}},"_links":{"self":[{"href":"https:\/\/www.smagapaperwood.com\/pl\/wp-json\/wp\/v2\/product\/1283","targetHints":{"allow":["GET"]}}],"collection":[{"href":"https:\/\/www.smagapaperwood.com\/pl\/wp-json\/wp\/v2\/product"}],"about":[{"href":"https:\/\/www.smagapaperwood.com\/pl\/wp-json\/wp\/v2\/types\/product"}],"wp:featuredmedia":[{"embeddable":true,"href":"https:\/\/www.smagapaperwood.com\/pl\/wp-json\/wp\/v2\/media\/1298"}],"wp:attachment":[{"href":"https:\/\/www.smagapaperwood.com\/pl\/wp-json\/wp\/v2\/media?parent=1283"}],"wp:term":[{"taxonomy":"product_brand","embeddable":true,"href":"https:\/\/www.smagapaperwood.com\/pl\/wp-json\/wp\/v2\/product_brand?post=1283"},{"taxonomy":"product_cat","embeddable":true,"href":"https:\/\/www.smagapaperwood.com\/pl\/wp-json\/wp\/v2\/product_cat?post=1283"},{"taxonomy":"product_tag","embeddable":true,"href":"https:\/\/www.smagapaperwood.com\/pl\/wp-json\/wp\/v2\/product_tag?post=1283"}],"curies":[{"name":"wp","href":"https:\/\/api.w.org\/{rel}","templated":true}]}}