{"id":1300,"date":"2023-07-01T21:00:11","date_gmt":"2023-07-01T21:00:11","guid":{"rendered":"https:\/\/www.smagapaperwood.com\/?post_type=product&#038;p=1300"},"modified":"2025-09-13T06:07:17","modified_gmt":"2025-09-13T06:07:17","slug":"pigeon-paper-sculpture-papercraft-low-poly-bird","status":"publish","type":"product","link":"https:\/\/www.smagapaperwood.com\/pl\/produkt\/pigeon-paper-sculpture-papercraft-low-poly-bird\/","title":{"rendered":"Pigeon paper sculpture. Papercraft Low poly bird."},"content":{"rendered":"<p><strong>3d paper pigeon sculpture.<\/strong><\/p>\n<p>Use this PDF template to make a flying 3D paper pigeon,<br \/>\nthe world&#8217;s oldest domesticated bird. Pigeons have been important to humans throughout history as food, pets, sacred animals and messengers. Because of their ability to fly, pigeons have been used to deliver messages during world wars.<\/p>\n<p>It is a printable template with illustrated assembly instructions.<br \/>\nYou will be able to DOWNLOAD the template and instructions immediately after purchase.<\/p>\n<div class=\"is-divider divider clearfix\" style=\"max-width:100%;\"><\/div>\n<p class=\"translation-block\"><strong>CO KUPUJESZ?<\/strong><br>\nZakup daje dost\u0119p do:<br>\n- Natychmiastowego pobrania plik\u00f3w PDF i SVG z przejrzystymi szablonami, KOMPATYBILNYMI Z PAPIEREM A4 I US LETTER.<br>\n- Ilustrowane instrukcje krok po kroku w j\u0119zyku angielskim<br>\n- Nasz\u0105 pomoc, kiedy tylko jej potrzebujesz \ud83d\ude42<br>\nNie wahaj si\u0119 napisa\u0107 do nas z jakimikolwiek pytaniami. Do\u0142o\u017cymy wszelkich stara\u0144, aby odpowiedzie\u0107 tak szybko, jak to mo\u017cliwe!<\/p>\n<div class=\"is-divider divider clearfix\" style=\"max-width:100%;\"><\/div>\n<p><strong>Jak to dzia\u0142a:<\/strong><br \/>\n-\u015aci\u0105gnij plik i wydrukuj szablon (na grubym papierze formatu A4 lub letter)<br \/>\n-Przeczytaj krok po kroku instrukcj\u0119.<br \/>\n-Zapoznaj si\u0119 z instrukcj\u0105 ilustrowan\u0105.<br \/>\nCzas zacz\u0105\u0107 sklejanie!<br \/>\n-Wytnij ka\u017cdy element.<br \/>\n-Zagnie\u0107 linie bigowania i zegnij zgodnie z zaznaczonym kierunkiem.<br \/>\n-Znajd\u017a kraw\u0119d\u017a i klap\u0119 z tym samym numerem i sklej je.<br \/>\n- Zacznij od klapy numer 1 i kontynuuj zgodnie z numeracj\u0105.<\/p>\n<div class=\"is-divider divider clearfix\" style=\"max-width:100%;\"><\/div>\n<p><strong>YOU WILL NEED<\/strong><br \/>\n- Drukarka (format A4 lub US Letter)<br \/>\n&#8212; 5 sheets of thick A4 or US Letter size paper (190g-280g)<br \/>\n&#8211; 2 grey<br \/>\n&#8211; 1 light grey<br \/>\n&#8211; 1 light green<br \/>\n&#8211; 1 pink<br \/>\nTry using the thicker coloured card, metallic or glitter cardstock or bristol.<br \/>\nMo\u017cesz u\u017cy\u0107 dowolnego kartonu, kt\u00f3ry mo\u017cna \u0142atwo ci\u0105\u0107 i zgina\u0107.<br \/>\n- No\u017cyczki i n\u00f3\u017c rzemie\u015blniczy.<br \/>\n&#8212; A ruler and a blunt-edged knife for scoring.<br \/>\n- Uniwersalny klej z cienkim aplikatorem lub ta\u015bma dwustronna.<br \/>\n&#8212; Some free time \ud83d\ude42<\/p>\n<div class=\"is-divider divider clearfix\" style=\"max-width:100%;\"><\/div>\n<p><strong>Wymiary<\/strong><br \/>\nwymiary uko\u0144czonej rze\u017aby:<br \/>\n&#8212; Height: 30 cm \/ 11 \u00b3\/\u2084 in<br \/>\n&#8212; Width: 30 cm \/ 11 \u00b3\/\u2084 in<br \/>\n&#8212; Depth: 23 cm \/ 9 \u00b9\/\u2081\u2086 in<\/p>\n<div class=\"is-divider divider clearfix\" style=\"max-width:100%;\"><\/div>\n<p class=\"translation-block\"><strong>POZIOM TRUDNO\u015aCI<\/strong><br>\n- \u015arednio zaawansowany<br>\n- CZAS: OK. 1-3 GODZINY<br>\n- Wz\u00f3r jest gotowy do wydrukowania na papierze formatu A4 i Letter, u\u017cyj opcji rzeczywistego rozmiaru w preferencjach drukarki.<\/p>\n<div class=\"is-divider divider clearfix\" style=\"max-width:100%;\"><\/div>\n<p>ZAWSZE BIERZEMY POD UWAG\u0118 WSZYSTKIE KOMENTARZE I POPRAWKI W WIADOMO\u015aCIACH I RECENZJACH, DZI\u0118KI CZEMU MO\u017bEMY STALE ULEPSZA\u0106 NASZE MODELE I POPRAWIA\u0106 WSZELKIE POJAWIAJ\u0104CE SI\u0118 B\u0141\u0118DY.<\/p>\n\n\t<section class=\"section dark\" id=\"section_189730437\">\n\t\t<div class=\"section-bg fill\" >\n\t\t\t\t\t\t\t\t\t\n\t\t\t\n\n\t\t<\/div>\n\n\t\t\n\n\t\t<div class=\"section-content relative\">\n\t\t\t\n\t<div id=\"text-3649366184\" class=\"text\">\n\t\t\n<h3><strong>KUPUJ\u0104C I POBIERAJ\u0104C NASZE SZABLONY, ZGADZASZ SI\u0118 NA NASZE WARUNKI.<\/strong><\/h3>\n<h4 class=\"lead\"><strong>Nasze projekty i pliki s\u0105 chronione prawami autorskimi i nie mog\u0105 by\u0107 udost\u0119pniane ani rozpowszechniane w \u017caden spos\u00f3b. Szablony i gotowe obiekty s\u0105 przeznaczone wy\u0142\u0105cznie do u\u017cytku osobistego. W przypadku ch\u0119ci wykorzystania ich do innych cel\u00f3w (np. sesje zdj\u0119ciowe, wystawy, reklama) prosimy o wcze\u015bniejszy kontakt.<\/strong><br \/>\n<strong>NIE U\u017bYWAJ ICH DO CEL\u00d3W KOMERCYJNYCH BEZ NASZEJ ZGODY.<\/strong><\/h4>\n\t\t\n<style>\n#text-3649366184 {\n  font-size: 0.85rem;\n  line-height: 1.7;\n}\n<\/style>\n\t<\/div>\n\t\n\t\t<\/div>\n\n\t\t\n<style>\n#section_189730437 {\n  padding-top: 100px;\n  padding-bottom: 100px;\n  background-color: rgb(245, 247, 251);\n}\n@media (min-width:550px) {\n  #section_189730437 {\n    padding-top: 5px;\n    padding-bottom: 5px;\n  }\n}\n<\/style>\n\t<\/section>","protected":false},"excerpt":{"rendered":"<p><strong>Paper bird template. PDF and SVG files<br \/>\n<\/strong><\/p>\n<h1 class=\"uppercase\"><strong>Pobranie cyfrowe<\/strong><\/h1>","protected":false},"featured_media":1308,"template":"","meta":[],"product_brand":[],"product_cat":[135,62],"product_tag":[990,348,987,989,238,557,350,843,878,985,986,164,352,188,879,262,241,899,880,903,988,882,895,904,886,888,896,998,889,353,898],"class_list":{"0":"post-1300","1":"product","2":"type-product","3":"status-publish","4":"has-post-thumbnail","6":"product_cat-paper-craft-art","7":"product_cat-paper-craft-birds","8":"product_tag-bird-on-fly-sculpture","9":"product_tag-diy_kit","10":"product_tag-dove-sculpture","11":"product_tag-low-poly-dove","12":"product_tag-low_poly_paper_craft","13":"product_tag-lowpoly","14":"product_tag-lowpoly_papercraft","15":"product_tag-make-your-own","16":"product_tag-paper-bird","17":"product_tag-paper-dove","18":"product_tag-paper-pigeon","19":"product_tag-paper_anniversary","20":"product_tag-paper_decorations","21":"product_tag-paper_sculpture","22":"product_tag-papercraft-bird","23":"product_tag-papercraft_3d","24":"product_tag-papercraft_sculpture","25":"product_tag-papieroplastyla","26":"product_tag-papierowe-diy","27":"product_tag-papierowy-ptak","28":"product_tag-pigeon-papercraft","29":"product_tag-ptak-3d","30":"product_tag-ptaki-z-papieru","31":"product_tag-rzezba-jaskolki","32":"product_tag-rzezba-przestrzenna","33":"product_tag-rzezba-z-papieru","34":"product_tag-rzezba-z-papieru-i-kleju","35":"product_tag-svg-files","36":"product_tag-szablon-ptaka","37":"product_tag-taxidermy_bird","38":"product_tag-wzor-do-druku","40":"first","41":"instock","42":"downloadable","43":"taxable","44":"shipping-taxable","45":"purchasable","46":"product-type-simple"},"yoast_head":"<!-- This site is optimized with the Yoast SEO plugin v27.3 - https:\/\/yoast.com\/product\/yoast-seo-wordpress\/ -->\n<title>Pigeon paper sculpture. Papercraft Low poly bird. - SmagaPaperwood<\/title>\n<meta name=\"robots\" content=\"index, follow, max-snippet:-1, max-image-preview:large, max-video-preview:-1\" \/>\n<link rel=\"canonical\" href=\"https:\/\/www.smagapaperwood.com\/pl\/produkt\/pigeon-paper-sculpture-papercraft-low-poly-bird\/\" \/>\n<meta property=\"og:locale\" content=\"pl_PL\" \/>\n<meta property=\"og:type\" content=\"article\" \/>\n<meta property=\"og:title\" content=\"Pigeon paper sculpture. Papercraft Low poly bird. - SmagaPaperwood\" \/>\n<meta property=\"og:description\" content=\"Paper bird template. PDF and SVG files  DIGITAL DOWNLOAD\" \/>\n<meta property=\"og:url\" content=\"https:\/\/www.smagapaperwood.com\/pl\/produkt\/pigeon-paper-sculpture-papercraft-low-poly-bird\/\" \/>\n<meta property=\"og:site_name\" content=\"SmagaPaperwood\" \/>\n<meta property=\"article:publisher\" content=\"https:\/\/www.facebook.com\/SmagaPaperWood\" \/>\n<meta property=\"article:modified_time\" content=\"2025-09-13T06:07:17+00:00\" \/>\n<meta property=\"og:image\" content=\"https:\/\/www.smagapaperwood.com\/wp-content\/uploads\/2023\/07\/pigeon-papercraft.png\" \/>\n\t<meta property=\"og:image:width\" content=\"1080\" \/>\n\t<meta property=\"og:image:height\" content=\"1080\" \/>\n\t<meta property=\"og:image:type\" content=\"image\/png\" \/>\n<meta name=\"twitter:card\" content=\"summary_large_image\" \/>\n<meta name=\"twitter:label1\" content=\"Szacowany czas czytania\" \/>\n\t<meta name=\"twitter:data1\" content=\"2 minuty\" \/>\n<script type=\"application\/ld+json\" class=\"yoast-schema-graph\">{\"@context\":\"https:\\\/\\\/schema.org\",\"@graph\":[{\"@type\":\"WebPage\",\"@id\":\"https:\\\/\\\/www.smagapaperwood.com\\\/produkt\\\/pigeon-paper-sculpture-papercraft-low-poly-bird\\\/\",\"url\":\"https:\\\/\\\/www.smagapaperwood.com\\\/produkt\\\/pigeon-paper-sculpture-papercraft-low-poly-bird\\\/\",\"name\":\"Pigeon paper sculpture. Papercraft Low poly bird. - SmagaPaperwood\",\"isPartOf\":{\"@id\":\"https:\\\/\\\/www.smagapaperwood.com\\\/#website\"},\"primaryImageOfPage\":{\"@id\":\"https:\\\/\\\/www.smagapaperwood.com\\\/produkt\\\/pigeon-paper-sculpture-papercraft-low-poly-bird\\\/#primaryimage\"},\"image\":{\"@id\":\"https:\\\/\\\/www.smagapaperwood.com\\\/produkt\\\/pigeon-paper-sculpture-papercraft-low-poly-bird\\\/#primaryimage\"},\"thumbnailUrl\":\"https:\\\/\\\/i0.wp.com\\\/www.smagapaperwood.com\\\/wp-content\\\/uploads\\\/2023\\\/07\\\/pigeon-papercraft.png?fit=1080%2C1080&ssl=1\",\"datePublished\":\"2023-07-01T21:00:11+00:00\",\"dateModified\":\"2025-09-13T06:07:17+00:00\",\"breadcrumb\":{\"@id\":\"https:\\\/\\\/www.smagapaperwood.com\\\/produkt\\\/pigeon-paper-sculpture-papercraft-low-poly-bird\\\/#breadcrumb\"},\"inLanguage\":\"pl-PL\",\"potentialAction\":[{\"@type\":\"ReadAction\",\"target\":[\"https:\\\/\\\/www.smagapaperwood.com\\\/produkt\\\/pigeon-paper-sculpture-papercraft-low-poly-bird\\\/\"]}]},{\"@type\":\"ImageObject\",\"inLanguage\":\"pl-PL\",\"@id\":\"https:\\\/\\\/www.smagapaperwood.com\\\/produkt\\\/pigeon-paper-sculpture-papercraft-low-poly-bird\\\/#primaryimage\",\"url\":\"https:\\\/\\\/i0.wp.com\\\/www.smagapaperwood.com\\\/wp-content\\\/uploads\\\/2023\\\/07\\\/pigeon-papercraft.png?fit=1080%2C1080&ssl=1\",\"contentUrl\":\"https:\\\/\\\/i0.wp.com\\\/www.smagapaperwood.com\\\/wp-content\\\/uploads\\\/2023\\\/07\\\/pigeon-papercraft.png?fit=1080%2C1080&ssl=1\",\"width\":1080,\"height\":1080},{\"@type\":\"BreadcrumbList\",\"@id\":\"https:\\\/\\\/www.smagapaperwood.com\\\/produkt\\\/pigeon-paper-sculpture-papercraft-low-poly-bird\\\/#breadcrumb\",\"itemListElement\":[{\"@type\":\"ListItem\",\"position\":1,\"name\":\"Strona g\u0142\u00f3wna\",\"item\":\"https:\\\/\\\/www.smagapaperwood.com\\\/\"},{\"@type\":\"ListItem\",\"position\":2,\"name\":\"Shop\",\"item\":\"https:\\\/\\\/www.smagapaperwood.com\\\/shop-papercrafts\\\/\"},{\"@type\":\"ListItem\",\"position\":3,\"name\":\"Pigeon paper sculpture. Papercraft Low poly bird.\"}]},{\"@type\":\"WebSite\",\"@id\":\"https:\\\/\\\/www.smagapaperwood.com\\\/#website\",\"url\":\"https:\\\/\\\/www.smagapaperwood.com\\\/\",\"name\":\"SmagaPaperwood\",\"description\":\"Papercraft &amp; Paper Masks Design, Easy DIY Craft Ideas.\",\"publisher\":{\"@id\":\"https:\\\/\\\/www.smagapaperwood.com\\\/#organization\"},\"potentialAction\":[{\"@type\":\"SearchAction\",\"target\":{\"@type\":\"EntryPoint\",\"urlTemplate\":\"https:\\\/\\\/www.smagapaperwood.com\\\/?s={search_term_string}\"},\"query-input\":{\"@type\":\"PropertyValueSpecification\",\"valueRequired\":true,\"valueName\":\"search_term_string\"}}],\"inLanguage\":\"pl-PL\"},{\"@type\":\"Organization\",\"@id\":\"https:\\\/\\\/www.smagapaperwood.com\\\/#organization\",\"name\":\"SmagaPaperwood\",\"url\":\"https:\\\/\\\/www.smagapaperwood.com\\\/\",\"logo\":{\"@type\":\"ImageObject\",\"inLanguage\":\"pl-PL\",\"@id\":\"https:\\\/\\\/www.smagapaperwood.com\\\/#\\\/schema\\\/logo\\\/image\\\/\",\"url\":\"https:\\\/\\\/i0.wp.com\\\/www.smagapaperwood.com\\\/wp-content\\\/uploads\\\/2023\\\/06\\\/logo-black.jpg?fit=1053%2C387&ssl=1\",\"contentUrl\":\"https:\\\/\\\/i0.wp.com\\\/www.smagapaperwood.com\\\/wp-content\\\/uploads\\\/2023\\\/06\\\/logo-black.jpg?fit=1053%2C387&ssl=1\",\"width\":1053,\"height\":387,\"caption\":\"SmagaPaperwood\"},\"image\":{\"@id\":\"https:\\\/\\\/www.smagapaperwood.com\\\/#\\\/schema\\\/logo\\\/image\\\/\"},\"sameAs\":[\"https:\\\/\\\/www.facebook.com\\\/SmagaPaperWood\",\"https:\\\/\\\/www.instagram.com\\\/smagapaperwood\\\/\"]}]}<\/script>\n<!-- \/ Yoast SEO plugin. -->","yoast_head_json":{"title":"Pigeon paper sculpture. Papercraft Low poly bird. - SmagaPaperwood","robots":{"index":"index","follow":"follow","max-snippet":"max-snippet:-1","max-image-preview":"max-image-preview:large","max-video-preview":"max-video-preview:-1"},"canonical":"https:\/\/www.smagapaperwood.com\/pl\/produkt\/pigeon-paper-sculpture-papercraft-low-poly-bird\/","og_locale":"pl_PL","og_type":"article","og_title":"Pigeon paper sculpture. Papercraft Low poly bird. - SmagaPaperwood","og_description":"Paper bird template. PDF and SVG files  DIGITAL DOWNLOAD","og_url":"https:\/\/www.smagapaperwood.com\/pl\/produkt\/pigeon-paper-sculpture-papercraft-low-poly-bird\/","og_site_name":"SmagaPaperwood","article_publisher":"https:\/\/www.facebook.com\/SmagaPaperWood","article_modified_time":"2025-09-13T06:07:17+00:00","og_image":[{"width":1080,"height":1080,"url":"https:\/\/www.smagapaperwood.com\/wp-content\/uploads\/2023\/07\/pigeon-papercraft.png","type":"image\/png"}],"twitter_card":"summary_large_image","twitter_misc":{"Szacowany czas czytania":"2 minuty"},"schema":{"@context":"https:\/\/schema.org","@graph":[{"@type":"WebPage","@id":"https:\/\/www.smagapaperwood.com\/produkt\/pigeon-paper-sculpture-papercraft-low-poly-bird\/","url":"https:\/\/www.smagapaperwood.com\/produkt\/pigeon-paper-sculpture-papercraft-low-poly-bird\/","name":"Pigeon paper sculpture. Papercraft Low poly bird. - SmagaPaperwood","isPartOf":{"@id":"https:\/\/www.smagapaperwood.com\/#website"},"primaryImageOfPage":{"@id":"https:\/\/www.smagapaperwood.com\/produkt\/pigeon-paper-sculpture-papercraft-low-poly-bird\/#primaryimage"},"image":{"@id":"https:\/\/www.smagapaperwood.com\/produkt\/pigeon-paper-sculpture-papercraft-low-poly-bird\/#primaryimage"},"thumbnailUrl":"https:\/\/i0.wp.com\/www.smagapaperwood.com\/wp-content\/uploads\/2023\/07\/pigeon-papercraft.png?fit=1080%2C1080&ssl=1","datePublished":"2023-07-01T21:00:11+00:00","dateModified":"2025-09-13T06:07:17+00:00","breadcrumb":{"@id":"https:\/\/www.smagapaperwood.com\/produkt\/pigeon-paper-sculpture-papercraft-low-poly-bird\/#breadcrumb"},"inLanguage":"pl-PL","potentialAction":[{"@type":"ReadAction","target":["https:\/\/www.smagapaperwood.com\/produkt\/pigeon-paper-sculpture-papercraft-low-poly-bird\/"]}]},{"@type":"ImageObject","inLanguage":"pl-PL","@id":"https:\/\/www.smagapaperwood.com\/produkt\/pigeon-paper-sculpture-papercraft-low-poly-bird\/#primaryimage","url":"https:\/\/i0.wp.com\/www.smagapaperwood.com\/wp-content\/uploads\/2023\/07\/pigeon-papercraft.png?fit=1080%2C1080&ssl=1","contentUrl":"https:\/\/i0.wp.com\/www.smagapaperwood.com\/wp-content\/uploads\/2023\/07\/pigeon-papercraft.png?fit=1080%2C1080&ssl=1","width":1080,"height":1080},{"@type":"BreadcrumbList","@id":"https:\/\/www.smagapaperwood.com\/produkt\/pigeon-paper-sculpture-papercraft-low-poly-bird\/#breadcrumb","itemListElement":[{"@type":"ListItem","position":1,"name":"Strona g\u0142\u00f3wna","item":"https:\/\/www.smagapaperwood.com\/"},{"@type":"ListItem","position":2,"name":"Shop","item":"https:\/\/www.smagapaperwood.com\/shop-papercrafts\/"},{"@type":"ListItem","position":3,"name":"Pigeon paper sculpture. Papercraft Low poly bird."}]},{"@type":"WebSite","@id":"https:\/\/www.smagapaperwood.com\/#website","url":"https:\/\/www.smagapaperwood.com\/","name":"SmagaPaperwood","description":"Papercraft &amp; Paper Masks Design, Easy DIY Craft Ideas.","publisher":{"@id":"https:\/\/www.smagapaperwood.com\/#organization"},"potentialAction":[{"@type":"SearchAction","target":{"@type":"EntryPoint","urlTemplate":"https:\/\/www.smagapaperwood.com\/?s={search_term_string}"},"query-input":{"@type":"PropertyValueSpecification","valueRequired":true,"valueName":"search_term_string"}}],"inLanguage":"pl-PL"},{"@type":"Organization","@id":"https:\/\/www.smagapaperwood.com\/#organization","name":"SmagaPaperwood","url":"https:\/\/www.smagapaperwood.com\/","logo":{"@type":"ImageObject","inLanguage":"pl-PL","@id":"https:\/\/www.smagapaperwood.com\/#\/schema\/logo\/image\/","url":"https:\/\/i0.wp.com\/www.smagapaperwood.com\/wp-content\/uploads\/2023\/06\/logo-black.jpg?fit=1053%2C387&ssl=1","contentUrl":"https:\/\/i0.wp.com\/www.smagapaperwood.com\/wp-content\/uploads\/2023\/06\/logo-black.jpg?fit=1053%2C387&ssl=1","width":1053,"height":387,"caption":"SmagaPaperwood"},"image":{"@id":"https:\/\/www.smagapaperwood.com\/#\/schema\/logo\/image\/"},"sameAs":["https:\/\/www.facebook.com\/SmagaPaperWood","https:\/\/www.instagram.com\/smagapaperwood\/"]}]}},"_links":{"self":[{"href":"https:\/\/www.smagapaperwood.com\/pl\/wp-json\/wp\/v2\/product\/1300","targetHints":{"allow":["GET"]}}],"collection":[{"href":"https:\/\/www.smagapaperwood.com\/pl\/wp-json\/wp\/v2\/product"}],"about":[{"href":"https:\/\/www.smagapaperwood.com\/pl\/wp-json\/wp\/v2\/types\/product"}],"wp:featuredmedia":[{"embeddable":true,"href":"https:\/\/www.smagapaperwood.com\/pl\/wp-json\/wp\/v2\/media\/1308"}],"wp:attachment":[{"href":"https:\/\/www.smagapaperwood.com\/pl\/wp-json\/wp\/v2\/media?parent=1300"}],"wp:term":[{"taxonomy":"product_brand","embeddable":true,"href":"https:\/\/www.smagapaperwood.com\/pl\/wp-json\/wp\/v2\/product_brand?post=1300"},{"taxonomy":"product_cat","embeddable":true,"href":"https:\/\/www.smagapaperwood.com\/pl\/wp-json\/wp\/v2\/product_cat?post=1300"},{"taxonomy":"product_tag","embeddable":true,"href":"https:\/\/www.smagapaperwood.com\/pl\/wp-json\/wp\/v2\/product_tag?post=1300"}],"curies":[{"name":"wp","href":"https:\/\/api.w.org\/{rel}","templated":true}]}}