{"id":1412,"date":"2023-07-06T07:25:39","date_gmt":"2023-07-06T07:25:39","guid":{"rendered":"https:\/\/www.smagapaperwood.com\/?post_type=product&#038;p=1412"},"modified":"2025-09-13T06:07:17","modified_gmt":"2025-09-13T06:07:17","slug":"bear-mask-for-kids-papercraft-diy","status":"publish","type":"product","link":"https:\/\/www.smagapaperwood.com\/pl\/produkt\/bear-mask-for-kids-papercraft-diy\/","title":{"rendered":"Maska nied\u017awiedzia dla dzieci. Papierowe DIY."},"content":{"rendered":"<p><strong>Brown bear papercraft half-mask.<\/strong><\/p>\n<p><strong>This bear paper mask is an easy 3D paper craft project.<\/strong><br \/>\n<strong>It comes in PDF and SVG templates and is easy to assemble in just a few steps.<\/strong><br \/>\n<strong>This animal mask can be used for a school play or as part of a dress-up costume.<\/strong><br \/>\n<strong>Low poly masks are easy to assemble and are a great way to add a little fun and creativity to everyday life!<\/strong><\/p>\n<p><strong>If you have any questions along the way, we&#8217;re always here to help!<\/strong><\/p>\n<div class=\"is-divider divider clearfix\" style=\"max-width:100%;\"><\/div>\n<p><strong>VIDEO TUTORIAL<br \/>\n<\/strong><\/p>\n<p><a href=\"https:\/\/youtu.be\/S70maRFuH3U\"><strong>Kliknij tu by przej\u015b\u0107 na stron\u0119 Youtube z tutorialem<\/strong><\/a><\/p>\n<div class=\"is-divider divider clearfix\" style=\"max-width:100%;\"><\/div>\n<p class=\"translation-block\"><strong>CO KUPUJESZ?<\/strong><br>\nZakup daje dost\u0119p do:<br>\n- Natychmiastowego pobrania plik\u00f3w PDF i SVG z przejrzystymi szablonami, KOMPATYBILNYMI Z PAPIEREM A4 I US LETTER.<br>\n- Ilustrowane instrukcje krok po kroku w j\u0119zyku angielskim<br>\n- Nasz\u0105 pomoc, kiedy tylko jej potrzebujesz \ud83d\ude42<br>\nNie wahaj si\u0119 napisa\u0107 do nas z jakimikolwiek pytaniami. Do\u0142o\u017cymy wszelkich stara\u0144, aby odpowiedzie\u0107 tak szybko, jak to mo\u017cliwe!<\/p>\n<div class=\"is-divider divider clearfix\" style=\"max-width:100%;\"><\/div>\n<p><strong>Jak to dzia\u0142a:<\/strong><br \/>\n-\u015aci\u0105gnij plik i wydrukuj szablon (na grubym papierze formatu A4 lub letter)<br \/>\n-Przeczytaj krok po kroku instrukcj\u0119.<br \/>\n-Zapoznaj si\u0119 z instrukcj\u0105 ilustrowan\u0105.<br \/>\nCzas zacz\u0105\u0107 sklejanie!<br \/>\n-Wytnij ka\u017cdy element.<br \/>\n-Zagnie\u0107 linie bigowania i zegnij zgodnie z zaznaczonym kierunkiem.<br \/>\n-Znajd\u017a kraw\u0119d\u017a i klap\u0119 z tym samym numerem i sklej je.<br \/>\n- Zacznij od klapy numer 1 i kontynuuj zgodnie z numeracj\u0105.<\/p>\n<div class=\"is-divider divider clearfix\" style=\"max-width:100%;\"><\/div>\n<p class=\"translation-block\"><strong>YOU WILL NEED<\/strong><br>\r\n\u2014 Printer (A4 or US Letter size)<br>\r\n\u2014 5 sheets of thick A4 or US Letter size paper (190g-280g)<br>\r\n\u2013 1 dark grey\/black<br>\r\n\u2013 1 beige<br>\r\n\u2013 3 brown<br>\r\nTry using the thicker coloured card, metallic or glitter card, or bristol.<br>\r\nYou can use any card stock that is easy to cut and bend.<br>\r\n\u2014 Scissors and craft knife.<br>\r\n\u2014 A ruler and a knife with a blunt edge for scoring.<br>\r\n\u2014 Multi-purpose glue with a thin applicator or double-sided tape.<br>\r\n\u2014 Some spare time \ud83d\ude42<\/p>\n<div class=\"is-divider divider clearfix\" style=\"max-width:100%;\"><\/div>\n<p><strong>SIZE<\/strong><br \/>\nDimensions of the finished low poly mask:<br \/>\n&#8212; Height: 25 cm \/ 9.8 in.<br \/>\n&#8212; Width: 20 cm \/ 7.9 inches<br \/>\n&#8212; Depth: 25 cm \/ 9.8 inches<\/p>\n<div class=\"is-divider divider clearfix\" style=\"max-width:100%;\"><\/div>\n<p><strong>SKILL LEVEL<\/strong><br \/>\n&#8212; Easy<br \/>\n&#8212; TAKES ABOUT 1-3 HOURS<br \/>\n&#8212; The pattern is ready to print on both A4 and US Letter size paper, use the actual size option in your printer preferences.<\/p>\n<div class=\"is-divider divider clearfix\" style=\"max-width:100%;\"><\/div>\n<p>WE ALWAYS TAKE INTO ACCOUNT ANY ADVICE AND CORRECTIONS YOU GIVE US IN YOUR MESSAGES AND REVIEWS, SO WE ARE CONSTANTLY IMPROVING OUR MODELS AND CORRECTING ANY ERRORS THAT APPEAR.<\/p>\n\n\t<section class=\"section dark\" id=\"section_1880698729\">\n\t\t<div class=\"section-bg fill\" >\n\t\t\t\t\t\t\t\t\t\n\t\t\t\n\n\t\t<\/div>\n\n\t\t\n\n\t\t<div class=\"section-content relative\">\n\t\t\t\n\t<div id=\"text-2228924254\" class=\"text\">\n\t\t\n<h3 style=\"text-align: center;\"><strong>KUPUJ\u0104C I POBIERAJ\u0104C NASZE SZABLONY, ZGADZASZ SI\u0118 NA NASZE WARUNKI.<\/strong><\/h3>\n<h4 class=\"lead\" style=\"text-align: center;\"><strong>Nasze projekty i pliki s\u0105 chronione prawami autorskimi i nie mog\u0105 by\u0107 udost\u0119pniane ani rozpowszechniane w \u017caden spos\u00f3b. Szablony i gotowe obiekty s\u0105 przeznaczone wy\u0142\u0105cznie do u\u017cytku osobistego. W przypadku ch\u0119ci wykorzystania ich do innych cel\u00f3w (np. sesje zdj\u0119ciowe, wystawy, reklama) prosimy o wcze\u015bniejszy kontakt.<\/strong><br \/>\n<strong>NIE U\u017bYWAJ ICH DO CEL\u00d3W KOMERCYJNYCH BEZ NASZEJ ZGODY.<\/strong><\/h4>\n\t\t\n<style>\n#text-2228924254 {\n  font-size: 0.85rem;\n  line-height: 1.7;\n}\n<\/style>\n\t<\/div>\n\t\n\t\t<\/div>\n\n\t\t\n<style>\n#section_1880698729 {\n  padding-top: 100px;\n  padding-bottom: 100px;\n  background-color: rgb(245, 247, 251);\n}\n@media (min-width:550px) {\n  #section_1880698729 {\n    padding-top: 5px;\n    padding-bottom: 5px;\n  }\n}\n<\/style>\n\t<\/section>","protected":false},"excerpt":{"rendered":"<p><strong>Paper mask template. PDF snd SVG file.<\/strong><\/p>\n<h1 class=\"uppercase\"><strong>Pobranie cyfrowe<\/strong><\/h1>","protected":false},"featured_media":1423,"template":"","meta":[],"product_brand":[],"product_cat":[121,136],"product_tag":[979,181,839,1012,290,291,332,728,1011,789,981,972,453,841,842,970,162,843,1013,141,844,145,845,846,848,150,849,871,850,851,998,852],"class_list":{"0":"post-1412","1":"product","2":"type-product","3":"status-publish","4":"has-post-thumbnail","6":"product_cat-masks-for-kids","7":"product_cat-paper-mask-for-adults","8":"product_tag-3d-mask","9":"product_tag-3d_papercraft_pdf","10":"product_tag-bal-karnawalowy","11":"product_tag-bear-svg","12":"product_tag-bear_costume","13":"product_tag-bear_mask","14":"product_tag-bear_papercraft","15":"product_tag-bear_svg","16":"product_tag-brown-bear","17":"product_tag-brown_bear_birthday","18":"product_tag-card-mask","19":"product_tag-fancy-dress","20":"product_tag-geometric_animal","21":"product_tag-kostium-na-halloween","22":"product_tag-kostiumy-dla-dzieci","23":"product_tag-low-poly-mask","24":"product_tag-low_poly_papercraft","25":"product_tag-make-your-own","26":"product_tag-mask-svg","27":"product_tag-maska-do-druku","28":"product_tag-maska-do-wydrukowania","29":"product_tag-maska-low-poly","30":"product_tag-maska-misia","31":"product_tag-maska-na-twarz","32":"product_tag-maska-papierowa-jak-zrobic","33":"product_tag-maska-zwierzeca","34":"product_tag-maski-na-halloween","35":"product_tag-paper-mask","36":"product_tag-papercraft-mask","37":"product_tag-printable-mask","38":"product_tag-svg-files","39":"product_tag-woodland-animals","41":"first","42":"instock","43":"downloadable","44":"taxable","45":"shipping-taxable","46":"purchasable","47":"product-type-simple"},"yoast_head":"<!-- This site is optimized with the Yoast SEO plugin v27.3 - https:\/\/yoast.com\/product\/yoast-seo-wordpress\/ -->\n<title>Bear mask for Kids. Papercraft DIY - SmagaPaperwood<\/title>\n<meta name=\"robots\" content=\"index, follow, max-snippet:-1, max-image-preview:large, max-video-preview:-1\" \/>\n<link rel=\"canonical\" href=\"https:\/\/www.smagapaperwood.com\/pl\/produkt\/bear-mask-for-kids-papercraft-diy\/\" \/>\n<meta property=\"og:locale\" content=\"pl_PL\" \/>\n<meta property=\"og:type\" content=\"article\" \/>\n<meta property=\"og:title\" content=\"Bear mask for Kids. Papercraft DIY - SmagaPaperwood\" \/>\n<meta property=\"og:description\" content=\"Paper mask template. PDF snd SVG file. DIGITAL DOWNLOAD\" \/>\n<meta property=\"og:url\" content=\"https:\/\/www.smagapaperwood.com\/pl\/produkt\/bear-mask-for-kids-papercraft-diy\/\" \/>\n<meta property=\"og:site_name\" content=\"SmagaPaperwood\" \/>\n<meta property=\"article:publisher\" content=\"https:\/\/www.facebook.com\/SmagaPaperWood\" \/>\n<meta property=\"article:modified_time\" content=\"2025-09-13T06:07:17+00:00\" \/>\n<meta property=\"og:image\" content=\"https:\/\/www.smagapaperwood.com\/wp-content\/uploads\/2023\/07\/bear-mask-for-kids.png\" \/>\n\t<meta property=\"og:image:width\" content=\"1080\" \/>\n\t<meta property=\"og:image:height\" content=\"1080\" \/>\n\t<meta property=\"og:image:type\" content=\"image\/png\" \/>\n<meta name=\"twitter:card\" content=\"summary_large_image\" \/>\n<meta name=\"twitter:label1\" content=\"Szacowany czas czytania\" \/>\n\t<meta name=\"twitter:data1\" content=\"3 minuty\" \/>\n<script type=\"application\/ld+json\" class=\"yoast-schema-graph\">{\"@context\":\"https:\\\/\\\/schema.org\",\"@graph\":[{\"@type\":\"WebPage\",\"@id\":\"https:\\\/\\\/www.smagapaperwood.com\\\/produkt\\\/bear-mask-for-kids-papercraft-diy\\\/\",\"url\":\"https:\\\/\\\/www.smagapaperwood.com\\\/produkt\\\/bear-mask-for-kids-papercraft-diy\\\/\",\"name\":\"Bear mask for Kids. Papercraft DIY - SmagaPaperwood\",\"isPartOf\":{\"@id\":\"https:\\\/\\\/www.smagapaperwood.com\\\/#website\"},\"primaryImageOfPage\":{\"@id\":\"https:\\\/\\\/www.smagapaperwood.com\\\/produkt\\\/bear-mask-for-kids-papercraft-diy\\\/#primaryimage\"},\"image\":{\"@id\":\"https:\\\/\\\/www.smagapaperwood.com\\\/produkt\\\/bear-mask-for-kids-papercraft-diy\\\/#primaryimage\"},\"thumbnailUrl\":\"https:\\\/\\\/i0.wp.com\\\/www.smagapaperwood.com\\\/wp-content\\\/uploads\\\/2023\\\/07\\\/bear-mask-for-kids.png?fit=1080%2C1080&ssl=1\",\"datePublished\":\"2023-07-06T07:25:39+00:00\",\"dateModified\":\"2025-09-13T06:07:17+00:00\",\"breadcrumb\":{\"@id\":\"https:\\\/\\\/www.smagapaperwood.com\\\/produkt\\\/bear-mask-for-kids-papercraft-diy\\\/#breadcrumb\"},\"inLanguage\":\"pl-PL\",\"potentialAction\":[{\"@type\":\"ReadAction\",\"target\":[\"https:\\\/\\\/www.smagapaperwood.com\\\/produkt\\\/bear-mask-for-kids-papercraft-diy\\\/\"]}]},{\"@type\":\"ImageObject\",\"inLanguage\":\"pl-PL\",\"@id\":\"https:\\\/\\\/www.smagapaperwood.com\\\/produkt\\\/bear-mask-for-kids-papercraft-diy\\\/#primaryimage\",\"url\":\"https:\\\/\\\/i0.wp.com\\\/www.smagapaperwood.com\\\/wp-content\\\/uploads\\\/2023\\\/07\\\/bear-mask-for-kids.png?fit=1080%2C1080&ssl=1\",\"contentUrl\":\"https:\\\/\\\/i0.wp.com\\\/www.smagapaperwood.com\\\/wp-content\\\/uploads\\\/2023\\\/07\\\/bear-mask-for-kids.png?fit=1080%2C1080&ssl=1\",\"width\":1080,\"height\":1080},{\"@type\":\"BreadcrumbList\",\"@id\":\"https:\\\/\\\/www.smagapaperwood.com\\\/produkt\\\/bear-mask-for-kids-papercraft-diy\\\/#breadcrumb\",\"itemListElement\":[{\"@type\":\"ListItem\",\"position\":1,\"name\":\"Strona g\u0142\u00f3wna\",\"item\":\"https:\\\/\\\/www.smagapaperwood.com\\\/\"},{\"@type\":\"ListItem\",\"position\":2,\"name\":\"Shop\",\"item\":\"https:\\\/\\\/www.smagapaperwood.com\\\/shop-papercrafts\\\/\"},{\"@type\":\"ListItem\",\"position\":3,\"name\":\"Bear mask for Kids. Papercraft DIY\"}]},{\"@type\":\"WebSite\",\"@id\":\"https:\\\/\\\/www.smagapaperwood.com\\\/#website\",\"url\":\"https:\\\/\\\/www.smagapaperwood.com\\\/\",\"name\":\"SmagaPaperwood\",\"description\":\"Papercraft &amp; Paper Masks Design, Easy DIY Craft Ideas.\",\"publisher\":{\"@id\":\"https:\\\/\\\/www.smagapaperwood.com\\\/#organization\"},\"potentialAction\":[{\"@type\":\"SearchAction\",\"target\":{\"@type\":\"EntryPoint\",\"urlTemplate\":\"https:\\\/\\\/www.smagapaperwood.com\\\/?s={search_term_string}\"},\"query-input\":{\"@type\":\"PropertyValueSpecification\",\"valueRequired\":true,\"valueName\":\"search_term_string\"}}],\"inLanguage\":\"pl-PL\"},{\"@type\":\"Organization\",\"@id\":\"https:\\\/\\\/www.smagapaperwood.com\\\/#organization\",\"name\":\"SmagaPaperwood\",\"url\":\"https:\\\/\\\/www.smagapaperwood.com\\\/\",\"logo\":{\"@type\":\"ImageObject\",\"inLanguage\":\"pl-PL\",\"@id\":\"https:\\\/\\\/www.smagapaperwood.com\\\/#\\\/schema\\\/logo\\\/image\\\/\",\"url\":\"https:\\\/\\\/i0.wp.com\\\/www.smagapaperwood.com\\\/wp-content\\\/uploads\\\/2023\\\/06\\\/logo-black.jpg?fit=1053%2C387&ssl=1\",\"contentUrl\":\"https:\\\/\\\/i0.wp.com\\\/www.smagapaperwood.com\\\/wp-content\\\/uploads\\\/2023\\\/06\\\/logo-black.jpg?fit=1053%2C387&ssl=1\",\"width\":1053,\"height\":387,\"caption\":\"SmagaPaperwood\"},\"image\":{\"@id\":\"https:\\\/\\\/www.smagapaperwood.com\\\/#\\\/schema\\\/logo\\\/image\\\/\"},\"sameAs\":[\"https:\\\/\\\/www.facebook.com\\\/SmagaPaperWood\",\"https:\\\/\\\/www.instagram.com\\\/smagapaperwood\\\/\"]}]}<\/script>\n<!-- \/ Yoast SEO plugin. -->","yoast_head_json":{"title":"Bear mask for Kids. Papercraft DIY - SmagaPaperwood","robots":{"index":"index","follow":"follow","max-snippet":"max-snippet:-1","max-image-preview":"max-image-preview:large","max-video-preview":"max-video-preview:-1"},"canonical":"https:\/\/www.smagapaperwood.com\/pl\/produkt\/bear-mask-for-kids-papercraft-diy\/","og_locale":"pl_PL","og_type":"article","og_title":"Bear mask for Kids. Papercraft DIY - SmagaPaperwood","og_description":"Paper mask template. PDF snd SVG file. DIGITAL DOWNLOAD","og_url":"https:\/\/www.smagapaperwood.com\/pl\/produkt\/bear-mask-for-kids-papercraft-diy\/","og_site_name":"SmagaPaperwood","article_publisher":"https:\/\/www.facebook.com\/SmagaPaperWood","article_modified_time":"2025-09-13T06:07:17+00:00","og_image":[{"width":1080,"height":1080,"url":"https:\/\/www.smagapaperwood.com\/wp-content\/uploads\/2023\/07\/bear-mask-for-kids.png","type":"image\/png"}],"twitter_card":"summary_large_image","twitter_misc":{"Szacowany czas czytania":"3 minuty"},"schema":{"@context":"https:\/\/schema.org","@graph":[{"@type":"WebPage","@id":"https:\/\/www.smagapaperwood.com\/produkt\/bear-mask-for-kids-papercraft-diy\/","url":"https:\/\/www.smagapaperwood.com\/produkt\/bear-mask-for-kids-papercraft-diy\/","name":"Bear mask for Kids. Papercraft DIY - SmagaPaperwood","isPartOf":{"@id":"https:\/\/www.smagapaperwood.com\/#website"},"primaryImageOfPage":{"@id":"https:\/\/www.smagapaperwood.com\/produkt\/bear-mask-for-kids-papercraft-diy\/#primaryimage"},"image":{"@id":"https:\/\/www.smagapaperwood.com\/produkt\/bear-mask-for-kids-papercraft-diy\/#primaryimage"},"thumbnailUrl":"https:\/\/i0.wp.com\/www.smagapaperwood.com\/wp-content\/uploads\/2023\/07\/bear-mask-for-kids.png?fit=1080%2C1080&ssl=1","datePublished":"2023-07-06T07:25:39+00:00","dateModified":"2025-09-13T06:07:17+00:00","breadcrumb":{"@id":"https:\/\/www.smagapaperwood.com\/produkt\/bear-mask-for-kids-papercraft-diy\/#breadcrumb"},"inLanguage":"pl-PL","potentialAction":[{"@type":"ReadAction","target":["https:\/\/www.smagapaperwood.com\/produkt\/bear-mask-for-kids-papercraft-diy\/"]}]},{"@type":"ImageObject","inLanguage":"pl-PL","@id":"https:\/\/www.smagapaperwood.com\/produkt\/bear-mask-for-kids-papercraft-diy\/#primaryimage","url":"https:\/\/i0.wp.com\/www.smagapaperwood.com\/wp-content\/uploads\/2023\/07\/bear-mask-for-kids.png?fit=1080%2C1080&ssl=1","contentUrl":"https:\/\/i0.wp.com\/www.smagapaperwood.com\/wp-content\/uploads\/2023\/07\/bear-mask-for-kids.png?fit=1080%2C1080&ssl=1","width":1080,"height":1080},{"@type":"BreadcrumbList","@id":"https:\/\/www.smagapaperwood.com\/produkt\/bear-mask-for-kids-papercraft-diy\/#breadcrumb","itemListElement":[{"@type":"ListItem","position":1,"name":"Strona g\u0142\u00f3wna","item":"https:\/\/www.smagapaperwood.com\/"},{"@type":"ListItem","position":2,"name":"Shop","item":"https:\/\/www.smagapaperwood.com\/shop-papercrafts\/"},{"@type":"ListItem","position":3,"name":"Bear mask for Kids. Papercraft DIY"}]},{"@type":"WebSite","@id":"https:\/\/www.smagapaperwood.com\/#website","url":"https:\/\/www.smagapaperwood.com\/","name":"SmagaPaperwood","description":"Papercraft &amp; Paper Masks Design, Easy DIY Craft Ideas.","publisher":{"@id":"https:\/\/www.smagapaperwood.com\/#organization"},"potentialAction":[{"@type":"SearchAction","target":{"@type":"EntryPoint","urlTemplate":"https:\/\/www.smagapaperwood.com\/?s={search_term_string}"},"query-input":{"@type":"PropertyValueSpecification","valueRequired":true,"valueName":"search_term_string"}}],"inLanguage":"pl-PL"},{"@type":"Organization","@id":"https:\/\/www.smagapaperwood.com\/#organization","name":"SmagaPaperwood","url":"https:\/\/www.smagapaperwood.com\/","logo":{"@type":"ImageObject","inLanguage":"pl-PL","@id":"https:\/\/www.smagapaperwood.com\/#\/schema\/logo\/image\/","url":"https:\/\/i0.wp.com\/www.smagapaperwood.com\/wp-content\/uploads\/2023\/06\/logo-black.jpg?fit=1053%2C387&ssl=1","contentUrl":"https:\/\/i0.wp.com\/www.smagapaperwood.com\/wp-content\/uploads\/2023\/06\/logo-black.jpg?fit=1053%2C387&ssl=1","width":1053,"height":387,"caption":"SmagaPaperwood"},"image":{"@id":"https:\/\/www.smagapaperwood.com\/#\/schema\/logo\/image\/"},"sameAs":["https:\/\/www.facebook.com\/SmagaPaperWood","https:\/\/www.instagram.com\/smagapaperwood\/"]}]}},"_links":{"self":[{"href":"https:\/\/www.smagapaperwood.com\/pl\/wp-json\/wp\/v2\/product\/1412","targetHints":{"allow":["GET"]}}],"collection":[{"href":"https:\/\/www.smagapaperwood.com\/pl\/wp-json\/wp\/v2\/product"}],"about":[{"href":"https:\/\/www.smagapaperwood.com\/pl\/wp-json\/wp\/v2\/types\/product"}],"wp:featuredmedia":[{"embeddable":true,"href":"https:\/\/www.smagapaperwood.com\/pl\/wp-json\/wp\/v2\/media\/1423"}],"wp:attachment":[{"href":"https:\/\/www.smagapaperwood.com\/pl\/wp-json\/wp\/v2\/media?parent=1412"}],"wp:term":[{"taxonomy":"product_brand","embeddable":true,"href":"https:\/\/www.smagapaperwood.com\/pl\/wp-json\/wp\/v2\/product_brand?post=1412"},{"taxonomy":"product_cat","embeddable":true,"href":"https:\/\/www.smagapaperwood.com\/pl\/wp-json\/wp\/v2\/product_cat?post=1412"},{"taxonomy":"product_tag","embeddable":true,"href":"https:\/\/www.smagapaperwood.com\/pl\/wp-json\/wp\/v2\/product_tag?post=1412"}],"curies":[{"name":"wp","href":"https:\/\/api.w.org\/{rel}","templated":true}]}}