{"id":1569,"date":"2024-10-28T19:10:08","date_gmt":"2024-10-28T19:10:08","guid":{"rendered":"https:\/\/www.smagapaperwood.com\/?post_type=product&#038;p=1569"},"modified":"2025-09-13T06:06:42","modified_gmt":"2025-09-13T06:06:42","slug":"wizard-hat-pattern","status":"publish","type":"product","link":"https:\/\/www.smagapaperwood.com\/pl\/produkt\/wizard-hat-pattern\/","title":{"rendered":"Wizard Hat Pattern, Printable PDF and SVG files."},"content":{"rendered":"<p><strong>Wizard Hat Printable Pattern.<\/strong><\/p>\n<p>This collection includes high quality printable PDF and SVG files, perfect for your DIY witch or wizard costume. Whether you&#8217;re crafting for Halloween, a cosplay event or just for fun, our easy-to-follow pattern will help you create the perfect wizard hat. Just download, print and start assembling!<\/p>\n<p>If you have any questions along the way, we are always happy to help!<\/p>\n<div class=\"is-divider divider clearfix\" style=\"max-width:100%;\"><\/div>\n<p><strong>WHAT DO YOU BUY?<\/strong><br \/>\nWraz z zakupem otrzymasz dost\u0119p do:<br \/>\n&#8212; Instant download <b>PDF and SVG<\/b> files with WHITE templates, COMPATIBLE WITH A4 &amp; US LETTER PAPER. Ready to download immediately after purchase.<br \/>\n&#8212; Illustrated step-by-step instructions in English \/ French<br \/>\n- Nasza pomoc zawsze, gdy jej potrzebujesz \ud83d\ude42<\/p>\n<div class=\"is-divider divider clearfix\" style=\"max-width:100%;\"><\/div>\n<p><strong>SIZE<\/strong><br \/>\nThis is the Adult size.<\/p>\n<p>The Kids size you will find here:<\/p>\n<blockquote class=\"wp-embedded-content\" data-secret=\"s8jPOI2hiG\"><p><a href=\"https:\/\/www.smagapaperwood.com\/pl\/produkt\/witch-hat-template-papercraft\/\">Witch Hat Template, Papercraft DIY Wizard Costume for Halloween, Cosplay or Medieval Fantasy Fair<\/a><\/p><\/blockquote>\n<p><iframe loading=\"lazy\" class=\"wp-embedded-content\" sandbox=\"allow-scripts\" security=\"restricted\" style=\"position: absolute; visibility: hidden;\" title=\"&#8222;Witch Hat Template, Papercraft DIY Wizard Costume for Halloween, Cosplay or Medieval Fantasy Fair&#8221; &#8212; SmagaPaperwood\" src=\"https:\/\/www.smagapaperwood.com\/produkt\/witch-hat-template-papercraft\/embed\/#?secret=bk4LvcBiV8#?secret=s8jPOI2hiG\" data-secret=\"s8jPOI2hiG\" width=\"600\" height=\"338\" frameborder=\"0\" marginwidth=\"0\" marginheight=\"0\" scrolling=\"no\"><\/iframe><\/p>\n<div class=\"is-divider divider clearfix\" style=\"max-width:100%;\"><\/div>\n<p><strong>YOU WILL NEED<\/strong><br \/>\n- Drukarka (format A4 lub US Letter)<br \/>\n&#8212; 10 sheets of thick A4 or US Letter size paper (190g-280g)<br \/>\nSpr\u00f3buj u\u017cy\u0107 grubszego kolorowego brystolu, metalicznego papieru lub brokatowej kartki typu craft.<br \/>\nMo\u017cesz u\u017cy\u0107 dowolnego kartonu, kt\u00f3ry mo\u017cna \u0142atwo ci\u0105\u0107 i zgina\u0107.<br \/>\n- No\u017cyczki i n\u00f3\u017c rzemie\u015blniczy.<br \/>\n- Linijka i n\u00f3\u017c z t\u0119p\u0105 kraw\u0119dzi\u0105 do bigowania.<br \/>\n- Uniwersalny klej z cienkim aplikatorem lub ta\u015bma dwustronna.<br \/>\n- Troch\u0119 wolnego czasu \ud83d\ude42<\/p>\n<div class=\"is-divider divider clearfix\" style=\"max-width:100%;\"><\/div>\n<p><strong>Jak to dzia\u0142a:<\/strong><br \/>\n-\u015aci\u0105gnij plik i wydrukuj szablon (na grubym papierze formatu A4 lub letter)<br \/>\n-Przeczytaj krok po kroku instrukcj\u0119.<br \/>\n-Zapoznaj si\u0119 z instrukcj\u0105 ilustrowan\u0105.<br \/>\nCzas zacz\u0105\u0107 sklejanie!<br \/>\n-Wytnij ka\u017cdy element.<br \/>\n-Zagnie\u0107 linie bigowania i zegnij zgodnie z zaznaczonym kierunkiem.<br \/>\n-Znajd\u017a kraw\u0119d\u017a i klap\u0119 z tym samym numerem i sklej je.<br \/>\n- Zacznij od klapy numer 1 i kontynuuj zgodnie z numeracj\u0105.<\/p>\n<div class=\"is-divider divider clearfix\" style=\"max-width:100%;\"><\/div>\n<p>WE ALWAYS TAKE INTO ACCOUNT ANY ADVICE AND CORRECTIONS YOU GIVE US IN YOUR MESSAGES AND REVIEWS, SO WE ARE CONSTANTLY IMPROVING OUR MODELS AND CORRECTING ANY ERRORS THAT APPEAR.<\/p>\n\n\t<section class=\"section dark\" id=\"section_154796875\">\n\t\t<div class=\"section-bg fill\" >\n\t\t\t\t\t\t\t\t\t\n\t\t\t\n\n\t\t<\/div>\n\n\t\t\n\n\t\t<div class=\"section-content relative\">\n\t\t\t\n\t<div id=\"text-379805571\" class=\"text\">\n\t\t\n<h3 style=\"text-align: center;\"><strong>KUPUJ\u0104C I POBIERAJ\u0104C NASZE SZABLONY, ZGADZASZ SI\u0118 NA NASZE WARUNKI.<\/strong><\/h3>\n<h4 class=\"lead\" style=\"text-align: center;\"><strong>Nasze projekty i pliki s\u0105 chronione prawami autorskimi i nie mog\u0105 by\u0107 udost\u0119pniane ani rozpowszechniane w \u017caden spos\u00f3b. Szablony i gotowe obiekty s\u0105 przeznaczone wy\u0142\u0105cznie do u\u017cytku osobistego. W przypadku ch\u0119ci wykorzystania ich do innych cel\u00f3w (np. sesje zdj\u0119ciowe, wystawy, reklama) prosimy o wcze\u015bniejszy kontakt.<\/strong><br \/>\n<strong>NIE U\u017bYWAJ ICH DO CEL\u00d3W KOMERCYJNYCH BEZ NASZEJ ZGODY.<\/strong><\/h4>\n\t\t\n<style>\n#text-379805571 {\n  font-size: 0.85rem;\n  line-height: 1.7;\n}\n<\/style>\n\t<\/div>\n\t\n\t\t<\/div>\n\n\t\t\n<style>\n#section_154796875 {\n  padding-top: 100px;\n  padding-bottom: 100px;\n  background-color: rgb(245, 247, 251);\n}\n@media (min-width:550px) {\n  #section_154796875 {\n    padding-top: 5px;\n    padding-bottom: 5px;\n  }\n}\n<\/style>\n\t<\/section>","protected":false},"excerpt":{"rendered":"<p><strong>Witch hat papercraft.<\/strong><\/p>\n<h2 class=\"uppercase\"><strong>*** UWAGA<\/strong><strong>***<\/strong><\/h2>\n<h2 class=\"uppercase\"><strong>Pliki cyfrowe do pobrania.<\/strong><\/h2>\n<h1 class=\"uppercase\"><strong>\u00a0<\/strong><\/h1>","protected":false},"featured_media":1571,"template":"","meta":[],"product_brand":[],"product_cat":[136],"product_tag":[1049,839,397,1046,842,1042,970,162,843,141,844,145,846,848,849,1047,1043,1004,1045,1050,1039,1040,1048,1044],"class_list":{"0":"post-1569","1":"product","2":"type-product","3":"status-publish","4":"has-post-thumbnail","6":"product_cat-paper-mask-for-adults","7":"product_tag-adult-wizard-hat","8":"product_tag-bal-karnawalowy","9":"product_tag-cosplay_costume","10":"product_tag-cricut-project","11":"product_tag-kostiumy-dla-dzieci","12":"product_tag-low-cost-halloween-costume","13":"product_tag-low-poly-mask","14":"product_tag-low_poly_papercraft","15":"product_tag-make-your-own","16":"product_tag-maska-do-druku","17":"product_tag-maska-do-wydrukowania","18":"product_tag-maska-low-poly","19":"product_tag-maska-na-twarz","20":"product_tag-maska-papierowa-jak-zrobic","21":"product_tag-maski-na-halloween","22":"product_tag-medieval-costume","23":"product_tag-paper-hat","24":"product_tag-pdf-template","25":"product_tag-printable-pattern","26":"product_tag-printable-witch-hat-pattern","27":"product_tag-witch-hat","28":"product_tag-wizard-hat","29":"product_tag-wizard-hat-diy","30":"product_tag-worlock-costume","32":"first","33":"instock","34":"downloadable","35":"taxable","36":"shipping-taxable","37":"purchasable","38":"product-type-simple"},"yoast_head":"<!-- This site is optimized with the Yoast SEO plugin v27.3 - https:\/\/yoast.com\/product\/yoast-seo-wordpress\/ -->\n<title>Wizard Hat Pattern, Printable PDF and SVG files. - SmagaPaperwood<\/title>\n<meta name=\"robots\" content=\"index, follow, max-snippet:-1, max-image-preview:large, max-video-preview:-1\" \/>\n<link rel=\"canonical\" href=\"https:\/\/www.smagapaperwood.com\/pl\/produkt\/wizard-hat-pattern\/\" \/>\n<meta property=\"og:locale\" content=\"pl_PL\" \/>\n<meta property=\"og:type\" content=\"article\" \/>\n<meta property=\"og:title\" content=\"Wizard Hat Pattern, Printable PDF and SVG files. - SmagaPaperwood\" \/>\n<meta property=\"og:description\" content=\"Witch hat papercraft. ***PLEASE NOTE*** DIGITAL FILES ONLY \u00a0\" \/>\n<meta property=\"og:url\" content=\"https:\/\/www.smagapaperwood.com\/pl\/produkt\/wizard-hat-pattern\/\" \/>\n<meta property=\"og:site_name\" content=\"SmagaPaperwood\" \/>\n<meta property=\"article:publisher\" content=\"https:\/\/www.facebook.com\/SmagaPaperWood\" \/>\n<meta property=\"article:modified_time\" content=\"2025-09-13T06:06:42+00:00\" \/>\n<meta property=\"og:image\" content=\"https:\/\/www.smagapaperwood.com\/wp-content\/uploads\/2024\/10\/SmagaPaperwood-Printable-Files-Wizard-Hat-1040x800.png\" \/>\n\t<meta property=\"og:image:width\" content=\"1040\" \/>\n\t<meta property=\"og:image:height\" content=\"800\" \/>\n\t<meta property=\"og:image:type\" content=\"image\/png\" \/>\n<meta name=\"twitter:card\" content=\"summary_large_image\" \/>\n<meta name=\"twitter:label1\" content=\"Szacowany czas czytania\" \/>\n\t<meta name=\"twitter:data1\" content=\"2 minuty\" \/>\n<script type=\"application\/ld+json\" class=\"yoast-schema-graph\">{\"@context\":\"https:\\\/\\\/schema.org\",\"@graph\":[{\"@type\":\"WebPage\",\"@id\":\"https:\\\/\\\/www.smagapaperwood.com\\\/produkt\\\/wizard-hat-pattern\\\/\",\"url\":\"https:\\\/\\\/www.smagapaperwood.com\\\/produkt\\\/wizard-hat-pattern\\\/\",\"name\":\"Wizard Hat Pattern, Printable PDF and SVG files. - SmagaPaperwood\",\"isPartOf\":{\"@id\":\"https:\\\/\\\/www.smagapaperwood.com\\\/#website\"},\"primaryImageOfPage\":{\"@id\":\"https:\\\/\\\/www.smagapaperwood.com\\\/produkt\\\/wizard-hat-pattern\\\/#primaryimage\"},\"image\":{\"@id\":\"https:\\\/\\\/www.smagapaperwood.com\\\/produkt\\\/wizard-hat-pattern\\\/#primaryimage\"},\"thumbnailUrl\":\"https:\\\/\\\/i0.wp.com\\\/www.smagapaperwood.com\\\/wp-content\\\/uploads\\\/2024\\\/10\\\/SmagaPaperwood-Printable-Files-Wizard-Hat.png?fit=2560%2C1969&ssl=1\",\"datePublished\":\"2024-10-28T19:10:08+00:00\",\"dateModified\":\"2025-09-13T06:06:42+00:00\",\"breadcrumb\":{\"@id\":\"https:\\\/\\\/www.smagapaperwood.com\\\/produkt\\\/wizard-hat-pattern\\\/#breadcrumb\"},\"inLanguage\":\"pl-PL\",\"potentialAction\":[{\"@type\":\"ReadAction\",\"target\":[\"https:\\\/\\\/www.smagapaperwood.com\\\/produkt\\\/wizard-hat-pattern\\\/\"]}]},{\"@type\":\"ImageObject\",\"inLanguage\":\"pl-PL\",\"@id\":\"https:\\\/\\\/www.smagapaperwood.com\\\/produkt\\\/wizard-hat-pattern\\\/#primaryimage\",\"url\":\"https:\\\/\\\/i0.wp.com\\\/www.smagapaperwood.com\\\/wp-content\\\/uploads\\\/2024\\\/10\\\/SmagaPaperwood-Printable-Files-Wizard-Hat.png?fit=2560%2C1969&ssl=1\",\"contentUrl\":\"https:\\\/\\\/i0.wp.com\\\/www.smagapaperwood.com\\\/wp-content\\\/uploads\\\/2024\\\/10\\\/SmagaPaperwood-Printable-Files-Wizard-Hat.png?fit=2560%2C1969&ssl=1\",\"width\":2560,\"height\":1969},{\"@type\":\"BreadcrumbList\",\"@id\":\"https:\\\/\\\/www.smagapaperwood.com\\\/produkt\\\/wizard-hat-pattern\\\/#breadcrumb\",\"itemListElement\":[{\"@type\":\"ListItem\",\"position\":1,\"name\":\"Strona g\u0142\u00f3wna\",\"item\":\"https:\\\/\\\/www.smagapaperwood.com\\\/\"},{\"@type\":\"ListItem\",\"position\":2,\"name\":\"Shop\",\"item\":\"https:\\\/\\\/www.smagapaperwood.com\\\/shop-papercrafts\\\/\"},{\"@type\":\"ListItem\",\"position\":3,\"name\":\"Wizard Hat Pattern, Printable PDF and SVG files.\"}]},{\"@type\":\"WebSite\",\"@id\":\"https:\\\/\\\/www.smagapaperwood.com\\\/#website\",\"url\":\"https:\\\/\\\/www.smagapaperwood.com\\\/\",\"name\":\"SmagaPaperwood\",\"description\":\"Papercraft &amp; Paper Masks Design, Easy DIY Craft Ideas.\",\"publisher\":{\"@id\":\"https:\\\/\\\/www.smagapaperwood.com\\\/#organization\"},\"potentialAction\":[{\"@type\":\"SearchAction\",\"target\":{\"@type\":\"EntryPoint\",\"urlTemplate\":\"https:\\\/\\\/www.smagapaperwood.com\\\/?s={search_term_string}\"},\"query-input\":{\"@type\":\"PropertyValueSpecification\",\"valueRequired\":true,\"valueName\":\"search_term_string\"}}],\"inLanguage\":\"pl-PL\"},{\"@type\":\"Organization\",\"@id\":\"https:\\\/\\\/www.smagapaperwood.com\\\/#organization\",\"name\":\"SmagaPaperwood\",\"url\":\"https:\\\/\\\/www.smagapaperwood.com\\\/\",\"logo\":{\"@type\":\"ImageObject\",\"inLanguage\":\"pl-PL\",\"@id\":\"https:\\\/\\\/www.smagapaperwood.com\\\/#\\\/schema\\\/logo\\\/image\\\/\",\"url\":\"https:\\\/\\\/i0.wp.com\\\/www.smagapaperwood.com\\\/wp-content\\\/uploads\\\/2023\\\/06\\\/logo-black.jpg?fit=1053%2C387&ssl=1\",\"contentUrl\":\"https:\\\/\\\/i0.wp.com\\\/www.smagapaperwood.com\\\/wp-content\\\/uploads\\\/2023\\\/06\\\/logo-black.jpg?fit=1053%2C387&ssl=1\",\"width\":1053,\"height\":387,\"caption\":\"SmagaPaperwood\"},\"image\":{\"@id\":\"https:\\\/\\\/www.smagapaperwood.com\\\/#\\\/schema\\\/logo\\\/image\\\/\"},\"sameAs\":[\"https:\\\/\\\/www.facebook.com\\\/SmagaPaperWood\",\"https:\\\/\\\/www.instagram.com\\\/smagapaperwood\\\/\"]}]}<\/script>\n<!-- \/ Yoast SEO plugin. -->","yoast_head_json":{"title":"Wizard Hat Pattern, Printable PDF and SVG files. - SmagaPaperwood","robots":{"index":"index","follow":"follow","max-snippet":"max-snippet:-1","max-image-preview":"max-image-preview:large","max-video-preview":"max-video-preview:-1"},"canonical":"https:\/\/www.smagapaperwood.com\/pl\/produkt\/wizard-hat-pattern\/","og_locale":"pl_PL","og_type":"article","og_title":"Wizard Hat Pattern, Printable PDF and SVG files. - SmagaPaperwood","og_description":"Witch hat papercraft. ***PLEASE NOTE*** DIGITAL FILES ONLY \u00a0","og_url":"https:\/\/www.smagapaperwood.com\/pl\/produkt\/wizard-hat-pattern\/","og_site_name":"SmagaPaperwood","article_publisher":"https:\/\/www.facebook.com\/SmagaPaperWood","article_modified_time":"2025-09-13T06:06:42+00:00","og_image":[{"width":1040,"height":800,"url":"https:\/\/www.smagapaperwood.com\/wp-content\/uploads\/2024\/10\/SmagaPaperwood-Printable-Files-Wizard-Hat-1040x800.png","type":"image\/png"}],"twitter_card":"summary_large_image","twitter_misc":{"Szacowany czas czytania":"2 minuty"},"schema":{"@context":"https:\/\/schema.org","@graph":[{"@type":"WebPage","@id":"https:\/\/www.smagapaperwood.com\/produkt\/wizard-hat-pattern\/","url":"https:\/\/www.smagapaperwood.com\/produkt\/wizard-hat-pattern\/","name":"Wizard Hat Pattern, Printable PDF and SVG files. - SmagaPaperwood","isPartOf":{"@id":"https:\/\/www.smagapaperwood.com\/#website"},"primaryImageOfPage":{"@id":"https:\/\/www.smagapaperwood.com\/produkt\/wizard-hat-pattern\/#primaryimage"},"image":{"@id":"https:\/\/www.smagapaperwood.com\/produkt\/wizard-hat-pattern\/#primaryimage"},"thumbnailUrl":"https:\/\/i0.wp.com\/www.smagapaperwood.com\/wp-content\/uploads\/2024\/10\/SmagaPaperwood-Printable-Files-Wizard-Hat.png?fit=2560%2C1969&ssl=1","datePublished":"2024-10-28T19:10:08+00:00","dateModified":"2025-09-13T06:06:42+00:00","breadcrumb":{"@id":"https:\/\/www.smagapaperwood.com\/produkt\/wizard-hat-pattern\/#breadcrumb"},"inLanguage":"pl-PL","potentialAction":[{"@type":"ReadAction","target":["https:\/\/www.smagapaperwood.com\/produkt\/wizard-hat-pattern\/"]}]},{"@type":"ImageObject","inLanguage":"pl-PL","@id":"https:\/\/www.smagapaperwood.com\/produkt\/wizard-hat-pattern\/#primaryimage","url":"https:\/\/i0.wp.com\/www.smagapaperwood.com\/wp-content\/uploads\/2024\/10\/SmagaPaperwood-Printable-Files-Wizard-Hat.png?fit=2560%2C1969&ssl=1","contentUrl":"https:\/\/i0.wp.com\/www.smagapaperwood.com\/wp-content\/uploads\/2024\/10\/SmagaPaperwood-Printable-Files-Wizard-Hat.png?fit=2560%2C1969&ssl=1","width":2560,"height":1969},{"@type":"BreadcrumbList","@id":"https:\/\/www.smagapaperwood.com\/produkt\/wizard-hat-pattern\/#breadcrumb","itemListElement":[{"@type":"ListItem","position":1,"name":"Strona g\u0142\u00f3wna","item":"https:\/\/www.smagapaperwood.com\/"},{"@type":"ListItem","position":2,"name":"Shop","item":"https:\/\/www.smagapaperwood.com\/shop-papercrafts\/"},{"@type":"ListItem","position":3,"name":"Wizard Hat Pattern, Printable PDF and SVG files."}]},{"@type":"WebSite","@id":"https:\/\/www.smagapaperwood.com\/#website","url":"https:\/\/www.smagapaperwood.com\/","name":"SmagaPaperwood","description":"Papercraft &amp; Paper Masks Design, Easy DIY Craft Ideas.","publisher":{"@id":"https:\/\/www.smagapaperwood.com\/#organization"},"potentialAction":[{"@type":"SearchAction","target":{"@type":"EntryPoint","urlTemplate":"https:\/\/www.smagapaperwood.com\/?s={search_term_string}"},"query-input":{"@type":"PropertyValueSpecification","valueRequired":true,"valueName":"search_term_string"}}],"inLanguage":"pl-PL"},{"@type":"Organization","@id":"https:\/\/www.smagapaperwood.com\/#organization","name":"SmagaPaperwood","url":"https:\/\/www.smagapaperwood.com\/","logo":{"@type":"ImageObject","inLanguage":"pl-PL","@id":"https:\/\/www.smagapaperwood.com\/#\/schema\/logo\/image\/","url":"https:\/\/i0.wp.com\/www.smagapaperwood.com\/wp-content\/uploads\/2023\/06\/logo-black.jpg?fit=1053%2C387&ssl=1","contentUrl":"https:\/\/i0.wp.com\/www.smagapaperwood.com\/wp-content\/uploads\/2023\/06\/logo-black.jpg?fit=1053%2C387&ssl=1","width":1053,"height":387,"caption":"SmagaPaperwood"},"image":{"@id":"https:\/\/www.smagapaperwood.com\/#\/schema\/logo\/image\/"},"sameAs":["https:\/\/www.facebook.com\/SmagaPaperWood","https:\/\/www.instagram.com\/smagapaperwood\/"]}]}},"_links":{"self":[{"href":"https:\/\/www.smagapaperwood.com\/pl\/wp-json\/wp\/v2\/product\/1569","targetHints":{"allow":["GET"]}}],"collection":[{"href":"https:\/\/www.smagapaperwood.com\/pl\/wp-json\/wp\/v2\/product"}],"about":[{"href":"https:\/\/www.smagapaperwood.com\/pl\/wp-json\/wp\/v2\/types\/product"}],"wp:featuredmedia":[{"embeddable":true,"href":"https:\/\/www.smagapaperwood.com\/pl\/wp-json\/wp\/v2\/media\/1571"}],"wp:attachment":[{"href":"https:\/\/www.smagapaperwood.com\/pl\/wp-json\/wp\/v2\/media?parent=1569"}],"wp:term":[{"taxonomy":"product_brand","embeddable":true,"href":"https:\/\/www.smagapaperwood.com\/pl\/wp-json\/wp\/v2\/product_brand?post=1569"},{"taxonomy":"product_cat","embeddable":true,"href":"https:\/\/www.smagapaperwood.com\/pl\/wp-json\/wp\/v2\/product_cat?post=1569"},{"taxonomy":"product_tag","embeddable":true,"href":"https:\/\/www.smagapaperwood.com\/pl\/wp-json\/wp\/v2\/product_tag?post=1569"}],"curies":[{"name":"wp","href":"https:\/\/api.w.org\/{rel}","templated":true}]}}