{"id":1595,"date":"2024-10-30T06:50:56","date_gmt":"2024-10-30T06:50:56","guid":{"rendered":"https:\/\/www.smagapaperwood.com\/?post_type=product&#038;p=1595"},"modified":"2025-09-13T06:06:42","modified_gmt":"2025-09-13T06:06:42","slug":"dragon-mask-pattern","status":"publish","type":"product","link":"https:\/\/www.smagapaperwood.com\/pl\/produkt\/dragon-mask-pattern\/","title":{"rendered":"Dragon mask pattern: PDF and SVG files."},"content":{"rendered":"<div id=\"text-3988153242\" class=\"text\">\n\t\t\n<p class=\"thin-font alt-font\"><strong>Awake the dragon!<\/strong><\/p>\n\t\t\n<style>\n#text-3988153242 {\n  font-size: 1.3rem;\n  line-height: 1.25;\n  color: #186e9a;\n}\n#text-3988153242 > * {\n  color: #186e9a;\n}\n<\/style>\n\t<\/div>\n\t\n<p>This dragon mask pattern is perfect for anyone wanting to add extra magic to their look! With this headpiece, you can make an amazing dragon costume. Our Papercraft PDF and SVG templates make it easy to create. It&#8217;s ideal for DIY projects, and our detailed instructions make it a fun crafting experience. Perfect for parties, conventions, or any costume event, this dragon mask will take your ensemble to the next level!<\/p>\n<p>W razie jakichkolwiek pyta\u0144, zawsze ch\u0119tnie s\u0142u\u017cymy pomoc\u0105!<\/p>\n<div class=\"is-divider divider clearfix\" style=\"max-width:100%;\"><\/div>\n\t<div id=\"text-210769122\" class=\"text\">\n\t\t\n<p class=\"thin-font alt-font\"><strong>Co kupujesz?<br \/>\n<\/strong><\/p>\n\t\t\n<style>\n#text-210769122 {\n  font-size: 1.3rem;\n  line-height: 1.25;\n  color: #186e9a;\n}\n#text-210769122 > * {\n  color: #186e9a;\n}\n<\/style>\n\t<\/div>\n\t\n<p>Wraz z zakupem otrzymasz dost\u0119p do:<br \/>\n- Natychmiastowe pobranie plik\u00f3w PDF i SVG z bia\u0142ymi szablonami, kompatybilnymi z papierem A4 i US LETTER.<br \/>\n- Ilustrowane instrukcje krok po kroku, w j\u0119zyku angielskim.<br \/>\n- Nasza pomoc zawsze, gdy jej potrzebujesz \ud83d\ude42<br \/>\nW razie jakichkolwiek pyta\u0144 prosimy o kontakt.<\/p>\n<div class=\"is-divider divider clearfix\" style=\"max-width:100%;\"><\/div>\n\t<div id=\"text-16678135\" class=\"text\">\n\t\t\n<p class=\"thin-font alt-font\"><strong>Rozmiar<br \/>\n<\/strong><\/p>\n\t\t\n<style>\n#text-16678135 {\n  font-size: 1.3rem;\n  line-height: 1.25;\n  color: #186e9a;\n}\n#text-16678135 > * {\n  color: #186e9a;\n}\n<\/style>\n\t<\/div>\n\t\n<p>Ten wz\u00f3r jest w rozmiarze dla doros\u0142ych. Ale je\u015bli wydrukujesz go w skali 90%, b\u0119dzie pasowa\u0142 na mniejsze dzieci\u0119ce g\u0142owy<\/p>\n<div class=\"is-divider divider clearfix\" style=\"max-width:100%;\"><\/div>\n\t<div id=\"text-181618447\" class=\"text\">\n\t\t\n<p class=\"thin-font alt-font\"><strong>Narz\u0119dzia i materia\u0142y:<\/strong><\/p>\n\t\t\n<style>\n#text-181618447 {\n  font-size: 1.3rem;\n  line-height: 1.25;\n  color: #186e9a;\n}\n#text-181618447 > * {\n  color: #186e9a;\n}\n<\/style>\n\t<\/div>\n\t\n<p>- Drukarka (format A4 lub US Letter)<br \/>\n&#8212; 17 sheets of thick A4 or US Letter size paper (190g-280g)<br \/>\nSpr\u00f3buj u\u017cy\u0107 grubszego kolorowego brystolu, metalicznego papieru lub brokatowej kartki typu craft.<br \/>\nMo\u017cesz u\u017cy\u0107 dowolnego kartonu, kt\u00f3ry mo\u017cna \u0142atwo ci\u0105\u0107 i zgina\u0107.<br \/>\n- No\u017cyczki i n\u00f3\u017c rzemie\u015blniczy.<br \/>\n- Linijka i n\u00f3\u017c z t\u0119p\u0105 kraw\u0119dzi\u0105 do bigowania.<br \/>\n- Uniwersalny klej z cienkim aplikatorem lub ta\u015bma dwustronna.<br \/>\n- Troch\u0119 wolnego czasu \ud83d\ude42<\/p>\n<div class=\"is-divider divider clearfix\" style=\"max-width:100%;\"><\/div>\n\t<div id=\"text-2819454351\" class=\"text\">\n\t\t\n<p class=\"thin-font alt-font\"><strong>Poziom umiej\u0119tno\u015bci:<br \/>\n<\/strong><\/p>\n\t\t\n<style>\n#text-2819454351 {\n  font-size: 1.3rem;\n  line-height: 1.25;\n  color: #186e9a;\n}\n#text-2819454351 > * {\n  color: #186e9a;\n}\n<\/style>\n\t<\/div>\n\t\n<p>&#8212; Medium<br \/>\n&#8212; TAKES ABOUT 5-8 HOURS<br \/>\n&#8212; The pattern is ready to print on both A4 and US Letter size paper, use the actual size option in your printer preferences.<\/p>\n<div class=\"is-divider divider clearfix\" style=\"max-width:100%;\"><\/div>\n\t<div id=\"text-1404994665\" class=\"text\">\n\t\t\n<p class=\"thin-font alt-font\"><strong>Jak zacz\u0105\u0107?<br \/>\n<\/strong><\/p>\n\t\t\n<style>\n#text-1404994665 {\n  font-size: 1.3rem;\n  line-height: 1.25;\n  color: #186e9a;\n}\n#text-1404994665 > * {\n  color: #186e9a;\n}\n<\/style>\n\t<\/div>\n\t\n<a href=\"https:\/\/www.smagapaperwood.com\/pl\/how-to-make\/\" class=\"button primary\" >\n\t\t<span>Odwied\u017a nasz\u0105 stron\u0119 \"Jak to si\u0119 robi \"<\/span>\n\t<\/a>\n\n<div class=\"is-divider divider clearfix\" style=\"max-width:100%;\"><\/div>\n<p>You can make as many copies as you like, but please use them for personal, non-profit purposes. Our sculptures are made on paper several times before they are ready. Each photo shows the actual object.<\/p>\n<p>WE ALWAYS TAKE INTO ACCOUNT ANY SUGGESTIONS AND CORRECTIONS YOU MAKE IN YOUR MESSAGES AND REVIEWS, SO WE ARE CONSTANTLY IMPROVING OUR MODELS AND CORRECTING ANY ERRORS THAT MAY OCCUR.<\/p>\n<p>\u00a92024 SmagaPaperwood<\/p>\n<p>Wszystkie projekty s\u0105 w\u0142asno\u015bci\u0105 Moniki i Krzysztofa Smaga<\/p>\n\n  <div class=\"banner has-hover\" id=\"banner-802820166\">\n          <div class=\"banner-inner fill\">\n        <div class=\"banner-bg fill\" >\n                                                \n                    <\/div>\n\t\t\n        <div class=\"banner-layers container\">\n            <div class=\"fill banner-link\"><\/div>            \n   <div id=\"text-box-298847498\" class=\"text-box banner-layer x50 md-x50 lg-x50 y50 md-y50 lg-y50 res-text\">\n                                <div class=\"text-box-content text dark\">\n              \n              <div class=\"text-inner text-center\">\n                  \n<h5><strong>KUPUJ\u0104C I POBIERAJ\u0104C NASZE SZABLONY, ZGADZASZ SI\u0118 NA NASZE WARUNKI.<\/strong><\/h5>\n<h5 class=\"lead\"><strong>Nasze projekty i pliki s\u0105 chronione prawami autorskimi i nie mog\u0105 by\u0107 udost\u0119pniane ani rozpowszechniane w \u017caden spos\u00f3b. Szablony i gotowe obiekty s\u0105 przeznaczone wy\u0142\u0105cznie do u\u017cytku osobistego. W przypadku ch\u0119ci wykorzystania ich do innych cel\u00f3w (np. sesje zdj\u0119ciowe, wystawy, reklama) prosimy o wcze\u015bniejszy kontakt.<\/strong> <strong>NIE U\u017bYWAJ ICH DO CEL\u00d3W KOMERCYJNYCH BEZ NASZEJ ZGODY.<\/strong><\/h5>\n              <\/div>\n           <\/div>\n                            \n<style>\n#text-box-298847498 {\n  width: 89%;\n}\n#text-box-298847498 .text-box-content {\n  font-size: 100%;\n}\n<\/style>\n    <\/div>\n \n        <\/div>\n      <\/div>\n\n            \n<style>\n#banner-802820166 {\n  padding-top: 150px;\n}\n<\/style>\n  <\/div>","protected":false},"excerpt":{"rendered":"<p><strong>Paper mask template.<\/strong><\/p>\n<h1 class=\"uppercase\"><strong>Pobranie cyfrowe<\/strong><\/h1>","protected":false},"featured_media":1750,"template":"","meta":[],"product_brand":[],"product_cat":[136],"product_tag":[1057,979,839,1058,981,1054,1059,1051,1055,1056,972,841,842,970,162,843,141,844,846,848,150,849,871,850,1053,851,1052],"class_list":{"0":"post-1595","1":"product","2":"type-product","3":"status-publish","4":"has-post-thumbnail","6":"product_cat-paper-mask-for-adults","7":"product_tag-3d-dragon-head-template","8":"product_tag-3d-mask","9":"product_tag-bal-karnawalowy","10":"product_tag-big-dragon-head","11":"product_tag-card-mask","12":"product_tag-diy-dragon-costume","13":"product_tag-diy-halloween-costume","14":"product_tag-dragon-mask","15":"product_tag-dragon-mask-printable","16":"product_tag-dragon-mask-template-pdf","17":"product_tag-fancy-dress","18":"product_tag-kostium-na-halloween","19":"product_tag-kostiumy-dla-dzieci","20":"product_tag-low-poly-mask","21":"product_tag-low_poly_papercraft","22":"product_tag-make-your-own","23":"product_tag-maska-do-druku","24":"product_tag-maska-do-wydrukowania","25":"product_tag-maska-na-twarz","26":"product_tag-maska-papierowa-jak-zrobic","27":"product_tag-maska-zwierzeca","28":"product_tag-maski-na-halloween","29":"product_tag-paper-mask","30":"product_tag-papercraft-mask","31":"product_tag-printable-dragon","32":"product_tag-printable-mask","33":"product_tag-skyrim-cosplay","35":"first","36":"instock","37":"downloadable","38":"taxable","39":"shipping-taxable","40":"purchasable","41":"product-type-simple"},"yoast_head":"<!-- This site is optimized with the Yoast SEO plugin v27.3 - https:\/\/yoast.com\/product\/yoast-seo-wordpress\/ -->\n<title>Dragon mask pattern: PDF and SVG files. - SmagaPaperwood<\/title>\n<meta name=\"robots\" content=\"index, follow, max-snippet:-1, max-image-preview:large, max-video-preview:-1\" \/>\n<link rel=\"canonical\" href=\"https:\/\/www.smagapaperwood.com\/pl\/produkt\/dragon-mask-pattern\/\" \/>\n<meta property=\"og:locale\" content=\"pl_PL\" \/>\n<meta property=\"og:type\" content=\"article\" \/>\n<meta property=\"og:title\" content=\"Dragon mask pattern: PDF and SVG files. - SmagaPaperwood\" \/>\n<meta property=\"og:description\" content=\"Paper mask template. DIGITAL DOWNLOAD\" \/>\n<meta property=\"og:url\" content=\"https:\/\/www.smagapaperwood.com\/pl\/produkt\/dragon-mask-pattern\/\" \/>\n<meta property=\"og:site_name\" content=\"SmagaPaperwood\" \/>\n<meta property=\"article:publisher\" content=\"https:\/\/www.facebook.com\/SmagaPaperWood\" \/>\n<meta property=\"article:modified_time\" content=\"2025-09-13T06:06:42+00:00\" \/>\n<meta property=\"og:image\" content=\"https:\/\/www.smagapaperwood.com\/wp-content\/uploads\/2024\/10\/SmagaPaperwood-Digital-Files.jpg\" \/>\n\t<meta property=\"og:image:width\" content=\"1500\" \/>\n\t<meta property=\"og:image:height\" content=\"1500\" \/>\n\t<meta property=\"og:image:type\" content=\"image\/jpeg\" \/>\n<meta name=\"twitter:card\" content=\"summary_large_image\" \/>\n<meta name=\"twitter:label1\" content=\"Szacowany czas czytania\" \/>\n\t<meta name=\"twitter:data1\" content=\"3 minuty\" \/>\n<script type=\"application\/ld+json\" class=\"yoast-schema-graph\">{\"@context\":\"https:\\\/\\\/schema.org\",\"@graph\":[{\"@type\":\"WebPage\",\"@id\":\"https:\\\/\\\/www.smagapaperwood.com\\\/produkt\\\/dragon-mask-pattern\\\/\",\"url\":\"https:\\\/\\\/www.smagapaperwood.com\\\/produkt\\\/dragon-mask-pattern\\\/\",\"name\":\"Dragon mask pattern: PDF and SVG files. - SmagaPaperwood\",\"isPartOf\":{\"@id\":\"https:\\\/\\\/www.smagapaperwood.com\\\/#website\"},\"primaryImageOfPage\":{\"@id\":\"https:\\\/\\\/www.smagapaperwood.com\\\/produkt\\\/dragon-mask-pattern\\\/#primaryimage\"},\"image\":{\"@id\":\"https:\\\/\\\/www.smagapaperwood.com\\\/produkt\\\/dragon-mask-pattern\\\/#primaryimage\"},\"thumbnailUrl\":\"https:\\\/\\\/i0.wp.com\\\/www.smagapaperwood.com\\\/wp-content\\\/uploads\\\/2024\\\/10\\\/SmagaPaperwood-Digital-Files.jpg?fit=1500%2C1500&ssl=1\",\"datePublished\":\"2024-10-30T06:50:56+00:00\",\"dateModified\":\"2025-09-13T06:06:42+00:00\",\"breadcrumb\":{\"@id\":\"https:\\\/\\\/www.smagapaperwood.com\\\/produkt\\\/dragon-mask-pattern\\\/#breadcrumb\"},\"inLanguage\":\"pl-PL\",\"potentialAction\":[{\"@type\":\"ReadAction\",\"target\":[\"https:\\\/\\\/www.smagapaperwood.com\\\/produkt\\\/dragon-mask-pattern\\\/\"]}]},{\"@type\":\"ImageObject\",\"inLanguage\":\"pl-PL\",\"@id\":\"https:\\\/\\\/www.smagapaperwood.com\\\/produkt\\\/dragon-mask-pattern\\\/#primaryimage\",\"url\":\"https:\\\/\\\/i0.wp.com\\\/www.smagapaperwood.com\\\/wp-content\\\/uploads\\\/2024\\\/10\\\/SmagaPaperwood-Digital-Files.jpg?fit=1500%2C1500&ssl=1\",\"contentUrl\":\"https:\\\/\\\/i0.wp.com\\\/www.smagapaperwood.com\\\/wp-content\\\/uploads\\\/2024\\\/10\\\/SmagaPaperwood-Digital-Files.jpg?fit=1500%2C1500&ssl=1\",\"width\":1500,\"height\":1500},{\"@type\":\"BreadcrumbList\",\"@id\":\"https:\\\/\\\/www.smagapaperwood.com\\\/produkt\\\/dragon-mask-pattern\\\/#breadcrumb\",\"itemListElement\":[{\"@type\":\"ListItem\",\"position\":1,\"name\":\"Strona g\u0142\u00f3wna\",\"item\":\"https:\\\/\\\/www.smagapaperwood.com\\\/\"},{\"@type\":\"ListItem\",\"position\":2,\"name\":\"Shop\",\"item\":\"https:\\\/\\\/www.smagapaperwood.com\\\/shop-papercrafts\\\/\"},{\"@type\":\"ListItem\",\"position\":3,\"name\":\"Dragon mask pattern: PDF and SVG files.\"}]},{\"@type\":\"WebSite\",\"@id\":\"https:\\\/\\\/www.smagapaperwood.com\\\/#website\",\"url\":\"https:\\\/\\\/www.smagapaperwood.com\\\/\",\"name\":\"SmagaPaperwood\",\"description\":\"Papercraft &amp; Paper Masks Design, Easy DIY Craft Ideas.\",\"publisher\":{\"@id\":\"https:\\\/\\\/www.smagapaperwood.com\\\/#organization\"},\"potentialAction\":[{\"@type\":\"SearchAction\",\"target\":{\"@type\":\"EntryPoint\",\"urlTemplate\":\"https:\\\/\\\/www.smagapaperwood.com\\\/?s={search_term_string}\"},\"query-input\":{\"@type\":\"PropertyValueSpecification\",\"valueRequired\":true,\"valueName\":\"search_term_string\"}}],\"inLanguage\":\"pl-PL\"},{\"@type\":\"Organization\",\"@id\":\"https:\\\/\\\/www.smagapaperwood.com\\\/#organization\",\"name\":\"SmagaPaperwood\",\"url\":\"https:\\\/\\\/www.smagapaperwood.com\\\/\",\"logo\":{\"@type\":\"ImageObject\",\"inLanguage\":\"pl-PL\",\"@id\":\"https:\\\/\\\/www.smagapaperwood.com\\\/#\\\/schema\\\/logo\\\/image\\\/\",\"url\":\"https:\\\/\\\/i0.wp.com\\\/www.smagapaperwood.com\\\/wp-content\\\/uploads\\\/2023\\\/06\\\/logo-black.jpg?fit=1053%2C387&ssl=1\",\"contentUrl\":\"https:\\\/\\\/i0.wp.com\\\/www.smagapaperwood.com\\\/wp-content\\\/uploads\\\/2023\\\/06\\\/logo-black.jpg?fit=1053%2C387&ssl=1\",\"width\":1053,\"height\":387,\"caption\":\"SmagaPaperwood\"},\"image\":{\"@id\":\"https:\\\/\\\/www.smagapaperwood.com\\\/#\\\/schema\\\/logo\\\/image\\\/\"},\"sameAs\":[\"https:\\\/\\\/www.facebook.com\\\/SmagaPaperWood\",\"https:\\\/\\\/www.instagram.com\\\/smagapaperwood\\\/\"]}]}<\/script>\n<!-- \/ Yoast SEO plugin. -->","yoast_head_json":{"title":"Dragon mask pattern: PDF and SVG files. - SmagaPaperwood","robots":{"index":"index","follow":"follow","max-snippet":"max-snippet:-1","max-image-preview":"max-image-preview:large","max-video-preview":"max-video-preview:-1"},"canonical":"https:\/\/www.smagapaperwood.com\/pl\/produkt\/dragon-mask-pattern\/","og_locale":"pl_PL","og_type":"article","og_title":"Dragon mask pattern: PDF and SVG files. - SmagaPaperwood","og_description":"Paper mask template. DIGITAL DOWNLOAD","og_url":"https:\/\/www.smagapaperwood.com\/pl\/produkt\/dragon-mask-pattern\/","og_site_name":"SmagaPaperwood","article_publisher":"https:\/\/www.facebook.com\/SmagaPaperWood","article_modified_time":"2025-09-13T06:06:42+00:00","og_image":[{"width":1500,"height":1500,"url":"https:\/\/www.smagapaperwood.com\/wp-content\/uploads\/2024\/10\/SmagaPaperwood-Digital-Files.jpg","type":"image\/jpeg"}],"twitter_card":"summary_large_image","twitter_misc":{"Szacowany czas czytania":"3 minuty"},"schema":{"@context":"https:\/\/schema.org","@graph":[{"@type":"WebPage","@id":"https:\/\/www.smagapaperwood.com\/produkt\/dragon-mask-pattern\/","url":"https:\/\/www.smagapaperwood.com\/produkt\/dragon-mask-pattern\/","name":"Dragon mask pattern: PDF and SVG files. - SmagaPaperwood","isPartOf":{"@id":"https:\/\/www.smagapaperwood.com\/#website"},"primaryImageOfPage":{"@id":"https:\/\/www.smagapaperwood.com\/produkt\/dragon-mask-pattern\/#primaryimage"},"image":{"@id":"https:\/\/www.smagapaperwood.com\/produkt\/dragon-mask-pattern\/#primaryimage"},"thumbnailUrl":"https:\/\/i0.wp.com\/www.smagapaperwood.com\/wp-content\/uploads\/2024\/10\/SmagaPaperwood-Digital-Files.jpg?fit=1500%2C1500&ssl=1","datePublished":"2024-10-30T06:50:56+00:00","dateModified":"2025-09-13T06:06:42+00:00","breadcrumb":{"@id":"https:\/\/www.smagapaperwood.com\/produkt\/dragon-mask-pattern\/#breadcrumb"},"inLanguage":"pl-PL","potentialAction":[{"@type":"ReadAction","target":["https:\/\/www.smagapaperwood.com\/produkt\/dragon-mask-pattern\/"]}]},{"@type":"ImageObject","inLanguage":"pl-PL","@id":"https:\/\/www.smagapaperwood.com\/produkt\/dragon-mask-pattern\/#primaryimage","url":"https:\/\/i0.wp.com\/www.smagapaperwood.com\/wp-content\/uploads\/2024\/10\/SmagaPaperwood-Digital-Files.jpg?fit=1500%2C1500&ssl=1","contentUrl":"https:\/\/i0.wp.com\/www.smagapaperwood.com\/wp-content\/uploads\/2024\/10\/SmagaPaperwood-Digital-Files.jpg?fit=1500%2C1500&ssl=1","width":1500,"height":1500},{"@type":"BreadcrumbList","@id":"https:\/\/www.smagapaperwood.com\/produkt\/dragon-mask-pattern\/#breadcrumb","itemListElement":[{"@type":"ListItem","position":1,"name":"Strona g\u0142\u00f3wna","item":"https:\/\/www.smagapaperwood.com\/"},{"@type":"ListItem","position":2,"name":"Shop","item":"https:\/\/www.smagapaperwood.com\/shop-papercrafts\/"},{"@type":"ListItem","position":3,"name":"Dragon mask pattern: PDF and SVG files."}]},{"@type":"WebSite","@id":"https:\/\/www.smagapaperwood.com\/#website","url":"https:\/\/www.smagapaperwood.com\/","name":"SmagaPaperwood","description":"Papercraft &amp; Paper Masks Design, Easy DIY Craft Ideas.","publisher":{"@id":"https:\/\/www.smagapaperwood.com\/#organization"},"potentialAction":[{"@type":"SearchAction","target":{"@type":"EntryPoint","urlTemplate":"https:\/\/www.smagapaperwood.com\/?s={search_term_string}"},"query-input":{"@type":"PropertyValueSpecification","valueRequired":true,"valueName":"search_term_string"}}],"inLanguage":"pl-PL"},{"@type":"Organization","@id":"https:\/\/www.smagapaperwood.com\/#organization","name":"SmagaPaperwood","url":"https:\/\/www.smagapaperwood.com\/","logo":{"@type":"ImageObject","inLanguage":"pl-PL","@id":"https:\/\/www.smagapaperwood.com\/#\/schema\/logo\/image\/","url":"https:\/\/i0.wp.com\/www.smagapaperwood.com\/wp-content\/uploads\/2023\/06\/logo-black.jpg?fit=1053%2C387&ssl=1","contentUrl":"https:\/\/i0.wp.com\/www.smagapaperwood.com\/wp-content\/uploads\/2023\/06\/logo-black.jpg?fit=1053%2C387&ssl=1","width":1053,"height":387,"caption":"SmagaPaperwood"},"image":{"@id":"https:\/\/www.smagapaperwood.com\/#\/schema\/logo\/image\/"},"sameAs":["https:\/\/www.facebook.com\/SmagaPaperWood","https:\/\/www.instagram.com\/smagapaperwood\/"]}]}},"_links":{"self":[{"href":"https:\/\/www.smagapaperwood.com\/pl\/wp-json\/wp\/v2\/product\/1595","targetHints":{"allow":["GET"]}}],"collection":[{"href":"https:\/\/www.smagapaperwood.com\/pl\/wp-json\/wp\/v2\/product"}],"about":[{"href":"https:\/\/www.smagapaperwood.com\/pl\/wp-json\/wp\/v2\/types\/product"}],"wp:featuredmedia":[{"embeddable":true,"href":"https:\/\/www.smagapaperwood.com\/pl\/wp-json\/wp\/v2\/media\/1750"}],"wp:attachment":[{"href":"https:\/\/www.smagapaperwood.com\/pl\/wp-json\/wp\/v2\/media?parent=1595"}],"wp:term":[{"taxonomy":"product_brand","embeddable":true,"href":"https:\/\/www.smagapaperwood.com\/pl\/wp-json\/wp\/v2\/product_brand?post=1595"},{"taxonomy":"product_cat","embeddable":true,"href":"https:\/\/www.smagapaperwood.com\/pl\/wp-json\/wp\/v2\/product_cat?post=1595"},{"taxonomy":"product_tag","embeddable":true,"href":"https:\/\/www.smagapaperwood.com\/pl\/wp-json\/wp\/v2\/product_tag?post=1595"}],"curies":[{"name":"wp","href":"https:\/\/api.w.org\/{rel}","templated":true}]}}