{"id":1880,"date":"2025-02-12T09:59:17","date_gmt":"2025-02-12T09:59:17","guid":{"rendered":"https:\/\/www.smagapaperwood.com\/?post_type=product&#038;p=1880"},"modified":"2026-04-20T10:12:49","modified_gmt":"2026-04-20T10:12:49","slug":"wolf-mask-paper-craft","status":"publish","type":"product","link":"https:\/\/www.smagapaperwood.com\/pl\/produkt\/wolf-mask-paper-craft\/","title":{"rendered":"Wolf mask template: Papercraft PDF."},"content":{"rendered":"<div id=\"text-1240886931\" class=\"text\">\n\t\t\n<h3 class=\"thin-font alt-font\"><strong>Ujawnij swoj\u0105 dzik\u0105 stron\u0119!<\/strong><\/h3>\n\t\t\n<style>\n#text-1240886931 {\n  font-size: 1.5rem;\n  line-height: 1.25;\n  color: #186e9a;\n}\n#text-1240886931 > * {\n  color: #186e9a;\n}\n<\/style>\n\t<\/div>\n\t\n<p>Da\u0107 rozbudzi\u0107 si\u0119 swojej kreatywno\u015bci dzi\u0119ki temu szablonowi maski wilka! Ten papierowy szablon jest idealny do stworzenia w\u0142asnego, wyj\u0105tkowego kostiumu wilka! Niezale\u017cnie od tego, czy zbli\u017ca si\u0119 Halloween, czy Cosplay party, ten szablon pomo\u017ce ci stworzy\u0107 wygl\u0105da\u0107 imponuj\u0105co:)<\/p>\n<p><strong>W razie jakichkolwiek pyta\u0144, zawsze ch\u0119tnie s\u0142u\u017cymy pomoc\u0105!<\/strong><\/p>\n<a href=\"https:\/\/www.smagapaperwood.com\/pl\/elements\/pages__trashed\/contact\/\" target=\"_blank\" class=\"button secondary expand\" rel=\"noopener\" style=\"border-radius:37px;\">\n\t\t<span>MAM PYTANIE !<\/span>\n\t<\/a>\n\n<div class=\"is-divider divider clearfix\" style=\"max-width:100%;\"><\/div>\n\t<div id=\"text-2984069262\" class=\"text\">\n\t\t\n<h3 class=\"thin-font alt-font\"><strong>Wideo tutorial:<\/strong><\/h3>\n\t\t\n<style>\n#text-2984069262 {\n  font-size: 1.5rem;\n  line-height: 1.25;\n  color: #186e9a;\n}\n#text-2984069262 > * {\n  color: #186e9a;\n}\n<\/style>\n\t<\/div>\n\t\n<a href=\"https:\/\/www.youtube.com\/watch?v=G0ER4pUMLxs\" target=\"_blank\" class=\"button alert expand\" rel=\"noopener\" style=\"border-radius:37px;\">\n\t\t<span>Przejd\u017a do YouTube, aby obejrze\u0107 wideo instrukcj\u0119.<\/span>\n\t<\/a>\n\n<div class=\"is-divider divider clearfix\" style=\"max-width:100%;\"><\/div>\n\t<div id=\"text-1820550055\" class=\"text\">\n\t\t\n<h3 class=\"thin-font alt-font\"><strong>Co kupujesz? <\/strong><\/h3>\n\t\t\n<style>\n#text-1820550055 {\n  font-size: 1.5rem;\n  line-height: 1.25;\n  color: #186e9a;\n}\n#text-1820550055 > * {\n  color: #186e9a;\n}\n<\/style>\n\t<\/div>\n\t\n<div class=\"row\"  id=\"row-1612444763\">\n\n\t<div id=\"col-43522163\" class=\"col medium-6 small-12 large-6\"  >\n\t\t\t\t<div class=\"col-inner\"  >\n\t\t\t\n\t\t\t\n\t<div class=\"img has-hover x md-x lg-x y md-y lg-y\" id=\"image_1994933336\">\n\t\t\t\t\t\t\t\t<div class=\"img-inner dark\" >\n\t\t\t<img loading=\"lazy\" decoding=\"async\" width=\"992\" height=\"787\" src=\"https:\/\/i0.wp.com\/www.smagapaperwood.com\/wp-content\/uploads\/2025\/02\/Wolf-paper-mask-by-SmagaPaperwood.jpg?fit=992%2C787&amp;ssl=1\" class=\"attachment-1536x1536 size-1536x1536\" alt=\"\" srcset=\"https:\/\/i0.wp.com\/www.smagapaperwood.com\/wp-content\/uploads\/2025\/02\/Wolf-paper-mask-by-SmagaPaperwood.jpg?w=992&amp;ssl=1 992w, https:\/\/i0.wp.com\/www.smagapaperwood.com\/wp-content\/uploads\/2025\/02\/Wolf-paper-mask-by-SmagaPaperwood.jpg?resize=504%2C400&amp;ssl=1 504w, https:\/\/i0.wp.com\/www.smagapaperwood.com\/wp-content\/uploads\/2025\/02\/Wolf-paper-mask-by-SmagaPaperwood.jpg?resize=768%2C609&amp;ssl=1 768w, https:\/\/i0.wp.com\/www.smagapaperwood.com\/wp-content\/uploads\/2025\/02\/Wolf-paper-mask-by-SmagaPaperwood.jpg?resize=15%2C12&amp;ssl=1 15w, https:\/\/i0.wp.com\/www.smagapaperwood.com\/wp-content\/uploads\/2025\/02\/Wolf-paper-mask-by-SmagaPaperwood.jpg?resize=900%2C714&amp;ssl=1 900w\" sizes=\"auto, (max-width: 992px) 100vw, 992px\" \/>\t\t\t\t\t\t\n\t\t\t\t\t<\/div>\n\t\t\t\t\t\t\t\t\n<style>\n#image_1994933336 {\n  width: 100%;\n}\n<\/style>\n\t<\/div>\n\t\n\t\t<\/div>\n\t\t\t\t\t<\/div>\n\n\t\n\n\t<div id=\"col-76478434\" class=\"col medium-6 small-12 large-6\"  >\n\t\t\t\t<div class=\"col-inner\"  >\n\t\t\t\n\t\t\t\n\t<div id=\"text-530674130\" class=\"text\">\n\t\t\n<p><strong>Wraz z zakupem otrzymasz dost\u0119p do:<\/strong><\/p>\n<ul>\n<li>Natychmiastowe pobranie pliku PDF z bia\u0142ymi szablonami, kompatybilnymi z papierem A4 i US LETTER.<\/li>\n<li>Ilustrowane instrukcje krok po kroku, w j\u0119zyku angielskim.<\/li>\n<li>Nasz\u0105 pomoc zawsze, gdy jej potrzebujesz \ud83d\ude42<\/li>\n<\/ul>\n\t\t\n<style>\n#text-530674130 {\n  font-size: 1.1rem;\n  line-height: 1.55;\n}\n<\/style>\n\t<\/div>\n\t\n\t\t<\/div>\n\t\t\t\t\t<\/div>\n\n\t\n<\/div>\n<div class=\"is-divider divider clearfix\" style=\"max-width:100%;\"><\/div>\n\t<div id=\"text-2594570148\" class=\"text\">\n\t\t\n<h3 class=\"thin-font alt-font\"><strong>Rozmiar:<\/strong><\/h3>\n\t\t\n<style>\n#text-2594570148 {\n  font-size: 1.5rem;\n  line-height: 1.25;\n  color: #186e9a;\n}\n#text-2594570148 > * {\n  color: #186e9a;\n}\n<\/style>\n\t<\/div>\n\t\n<p><strong>Ten wz\u00f3r jest w rozmiarze dla doros\u0142ych. Ale je\u015bli wydrukujesz go w skali 90%, b\u0119dzie pasowa\u0142 na mniejsze dzieci\u0119ce g\u0142owy<\/strong><\/p>\n<div class=\"is-divider divider clearfix\" style=\"max-width:100%;\"><\/div>\n\t<div id=\"text-4114612560\" class=\"text\">\n\t\t\n<h3 class=\"thin-font alt-font\"><strong>Narz\u0119dzia i materia\u0142y:<\/strong><\/h3>\n\t\t\n<style>\n#text-4114612560 {\n  font-size: 1.5rem;\n  line-height: 1.25;\n  color: #186e9a;\n}\n#text-4114612560 > * {\n  color: #186e9a;\n}\n<\/style>\n\t<\/div>\n\t\n<ul>\n<li>Drukarka (format A4 lub US Letter)<\/li>\n<li>11 arkuszy grubego papieru formatu A4 lub US Letter (190g-280g)<\/li>\n<li>Spr\u00f3buj u\u017cy\u0107 grubszego kolorowego brystolu, metalicznego papieru lub brokatowej kartki typu craft.<br \/>\nMo\u017cesz u\u017cy\u0107 dowolnego kartonu, kt\u00f3ry mo\u017cna \u0142atwo ci\u0105\u0107 i zgina\u0107.<\/li>\n<li>No\u017cyczki i n\u00f3\u017c rzemie\u015blniczy.<\/li>\n<li>Linijka i n\u00f3\u017c z t\u0119p\u0105 kraw\u0119dzi\u0105 do bigowania.<\/li>\n<li>Uniwersalny klej z cienkim aplikatorem lub ta\u015bma dwustronna.<\/li>\n<li>Troch\u0119 wolnego czasu \ud83d\ude42<\/li>\n<\/ul>\n<div class=\"is-divider divider clearfix\" style=\"max-width:100%;\"><\/div>\n\t<div id=\"text-1608135028\" class=\"text\">\n\t\t\n<h3 class=\"thin-font alt-font\"><strong>Poziom umiej\u0119tno\u015bci: <\/strong><\/h3>\n\t\t\n<style>\n#text-1608135028 {\n  font-size: 1.5rem;\n  line-height: 1.25;\n  color: #186e9a;\n}\n#text-1608135028 > * {\n  color: #186e9a;\n}\n<\/style>\n\t<\/div>\n\t\n\n\t<section class=\"section\" id=\"section_1040165386\">\n\t\t<div class=\"section-bg fill\" >\n\t\t\t<img data-recalc-dims=\"1\" loading=\"lazy\" decoding=\"async\" width=\"1020\" height=\"255\" src=\"https:\/\/i0.wp.com\/www.smagapaperwood.com\/wp-content\/uploads\/2025\/02\/poziom-trudnosci.png?resize=1020%2C255&#038;ssl=1\" class=\"bg attachment-original size-original\" alt=\"\" \/>\t\t\t\t\t\t\n\t\t\t\n\n\t\t<\/div>\n\n\t\t\n\n\t\t<div class=\"section-content relative\">\n\t\t\t\n\t\t<\/div>\n\n\t\t\n<style>\n#section_1040165386 {\n  padding-top: 0px;\n  padding-bottom: 0px;\n  min-height: 170px;\n}\n#section_1040165386 .section-bg img {\n  object-position: 0% 48%;\n}\n<\/style>\n\t<\/section>\n\t\n<div class=\"is-divider divider clearfix\" style=\"max-width:100%;\"><\/div>\n\t<div id=\"text-1801370923\" class=\"text\">\n\t\t\n<h3 class=\"thin-font alt-font\"><strong>Jak zacz\u0105\u0107? <\/strong><\/h3>\n\t\t\n<style>\n#text-1801370923 {\n  font-size: 1.5rem;\n  line-height: 1.25;\n  color: #186e9a;\n}\n#text-1801370923 > * {\n  color: #186e9a;\n}\n<\/style>\n\t<\/div>\n\t\n<a href=\"https:\/\/www.smagapaperwood.com\/pl\/how-to-make\/\" class=\"button secondary expand\" style=\"border-radius:26px;\">\n\t\t<span>Odwied\u017a nasz\u0105 stron\u0119 \"Jak to si\u0119 robi \"<\/span>\n\t<\/a>\n\n<div class=\"is-divider divider clearfix\" style=\"max-width:100%;\"><\/div>\n<p><strong>Mo\u017cesz wykona\u0107 dowoln\u0105 liczb\u0119 kopii, ale u\u017cywaj ich do cel\u00f3w osobistych, niekomercyjnych.<\/strong><\/p>\n<p><strong>Ka\u017cde zdj\u0119cie przedstawia rzeczywisty obiekt.<\/strong><\/p>\n<p><strong>Zawsze doceniamy Wasz wk\u0142ad w postaci wskaz\u00f3wek i poprawek w wiadomo\u015bciach i opiniach. Dzi\u0119ki temu mo\u017cemy ulepsza\u0107 nasze modele i poprawia\u0107 wszelkie b\u0142\u0119dy.<\/strong><\/p>\n\n  <div class=\"banner has-hover\" id=\"banner-375293809\">\n          <div class=\"banner-inner fill\">\n        <div class=\"banner-bg fill\" >\n                                                \n                    <\/div>\n\t\t\n        <div class=\"banner-layers container\">\n            <div class=\"fill banner-link\"><\/div>            \n   <div id=\"text-box-245429948\" class=\"text-box banner-layer x50 md-x50 lg-x50 y50 md-y50 lg-y50 res-text\">\n                                <div class=\"text-box-content text dark\">\n              \n              <div class=\"text-inner text-center\">\n                  \n\t<div id=\"text-1095132009\" class=\"text\">\n\t\t\n<p class=\"lead\"><strong>\u00a92024 SmagaPaperwood<\/strong><\/p>\n<p class=\"lead\"><strong>Wszystkie projekty s\u0105 w\u0142asno\u015bci\u0105 Moniki i Krzysztofa Smaga<\/strong><\/p>\n<p class=\"lead\"><strong>KUPUJ\u0104C I POBIERAJ\u0104C NASZE SZABLONY, ZGADZASZ SI\u0118 NA NASZE WARUNKI.<\/strong><\/p>\n<p class=\"lead\">Our designs and files are copyrighted and may not be shared or distributed in any way. The templates and finished objects are for personal use only. If you wish to use them for any other purpose (e.g. photo shoots, exhibitions, advertising) please get in touch with us in advance. PLEASE DO NOT USE THEM FOR COMMERCIAL PURPOSES WITHOUT OUR PERMISSION.<\/p>\n\t\t\n<style>\n#text-1095132009 {\n  font-size: 0.8rem;\n}\n<\/style>\n\t<\/div>\n\t\n              <\/div>\n           <\/div>\n                            \n<style>\n#text-box-245429948 {\n  width: 89%;\n}\n#text-box-245429948 .text-box-content {\n  font-size: 100%;\n}\n<\/style>\n    <\/div>\n \n        <\/div>\n      <\/div>\n\n            \n<style>\n#banner-375293809 {\n  padding-top: 250px;\n}\n<\/style>\n  <\/div>\n\n\n<div class=\"is-divider divider clearfix\" style=\"max-width:100%;\"><\/div>","protected":false},"excerpt":{"rendered":"<p><strong>Paper mask template.<br \/>\n<\/strong><\/p>\n<h3 class=\"uppercase\"><strong>*** <\/strong><strong>Pliki cyfrowe do pobrania. <\/strong><strong>***<\/strong><\/h3>\n<h3 class=\"uppercase\"><strong>\u017baden fizyczny przedmiot nie zostanie wys\u0142any.<\/strong><\/h3>","protected":false},"featured_media":1892,"template":"","meta":[],"product_brand":[],"product_cat":[136],"product_tag":[979,981,1084,1059,1085,972,970,162,843,1083,141,844,848,150,849,871,850,851,1081,1082],"class_list":{"0":"post-1880","1":"product","2":"type-product","3":"status-publish","4":"has-post-thumbnail","6":"product_cat-paper-mask-for-adults","7":"product_tag-3d-mask","8":"product_tag-card-mask","9":"product_tag-coyote-mask-pattern","10":"product_tag-diy-halloween-costume","11":"product_tag-dog-mask-pattern","12":"product_tag-fancy-dress","13":"product_tag-low-poly-mask","14":"product_tag-low_poly_papercraft","15":"product_tag-make-your-own","16":"product_tag-mascara-de-lobo","17":"product_tag-maska-do-druku","18":"product_tag-maska-do-wydrukowania","19":"product_tag-maska-papierowa-jak-zrobic","20":"product_tag-maska-zwierzeca","21":"product_tag-maski-na-halloween","22":"product_tag-paper-mask","23":"product_tag-papercraft-mask","24":"product_tag-printable-mask","25":"product_tag-wolf-mask-papercraft","26":"product_tag-wolf-mask-template","28":"first","29":"instock","30":"downloadable","31":"taxable","32":"shipping-taxable","33":"purchasable","34":"product-type-simple"},"yoast_head":"<!-- This site is optimized with the Yoast SEO plugin v27.5 - https:\/\/yoast.com\/product\/yoast-seo-wordpress\/ -->\n<title>Wolf mask template: Papercraft PDF. - SmagaPaperwood<\/title>\n<meta name=\"robots\" content=\"index, follow, max-snippet:-1, max-image-preview:large, max-video-preview:-1\" \/>\n<link rel=\"canonical\" href=\"https:\/\/www.smagapaperwood.com\/pl\/produkt\/wolf-mask-paper-craft\/\" \/>\n<meta property=\"og:locale\" content=\"pl_PL\" \/>\n<meta property=\"og:type\" content=\"article\" \/>\n<meta property=\"og:title\" content=\"Wolf mask template: Papercraft PDF. - SmagaPaperwood\" \/>\n<meta property=\"og:description\" content=\"Paper mask template.  *** DIGITAL FILES ONLY *** Please note that no physical item will be shipped.\" \/>\n<meta property=\"og:url\" content=\"https:\/\/www.smagapaperwood.com\/pl\/produkt\/wolf-mask-paper-craft\/\" \/>\n<meta property=\"og:site_name\" content=\"SmagaPaperwood\" \/>\n<meta property=\"article:publisher\" content=\"https:\/\/www.facebook.com\/SmagaPaperWood\" \/>\n<meta property=\"article:modified_time\" content=\"2026-04-20T10:12:49+00:00\" \/>\n<meta property=\"og:image\" content=\"https:\/\/www.smagapaperwood.com\/wp-content\/uploads\/2025\/02\/SmagaPaperwood-Digital-Files-Wolf-template-800x800.png\" \/>\n\t<meta property=\"og:image:width\" content=\"800\" \/>\n\t<meta property=\"og:image:height\" content=\"800\" \/>\n\t<meta property=\"og:image:type\" content=\"image\/png\" \/>\n<meta name=\"twitter:card\" content=\"summary_large_image\" \/>\n<meta name=\"twitter:label1\" content=\"Szacowany czas czytania\" \/>\n\t<meta name=\"twitter:data1\" content=\"3 minuty\" \/>\n<script type=\"application\/ld+json\" class=\"yoast-schema-graph\">{\"@context\":\"https:\\\/\\\/schema.org\",\"@graph\":[{\"@type\":\"WebPage\",\"@id\":\"https:\\\/\\\/www.smagapaperwood.com\\\/produkt\\\/wolf-mask-paper-craft\\\/\",\"url\":\"https:\\\/\\\/www.smagapaperwood.com\\\/produkt\\\/wolf-mask-paper-craft\\\/\",\"name\":\"Wolf mask template: Papercraft PDF. - SmagaPaperwood\",\"isPartOf\":{\"@id\":\"https:\\\/\\\/www.smagapaperwood.com\\\/#website\"},\"primaryImageOfPage\":{\"@id\":\"https:\\\/\\\/www.smagapaperwood.com\\\/produkt\\\/wolf-mask-paper-craft\\\/#primaryimage\"},\"image\":{\"@id\":\"https:\\\/\\\/www.smagapaperwood.com\\\/produkt\\\/wolf-mask-paper-craft\\\/#primaryimage\"},\"thumbnailUrl\":\"https:\\\/\\\/i0.wp.com\\\/www.smagapaperwood.com\\\/wp-content\\\/uploads\\\/2025\\\/02\\\/SmagaPaperwood-Digital-Files-Wolf-template.png?fit=1500%2C1500&ssl=1\",\"datePublished\":\"2025-02-12T09:59:17+00:00\",\"dateModified\":\"2026-04-20T10:12:49+00:00\",\"breadcrumb\":{\"@id\":\"https:\\\/\\\/www.smagapaperwood.com\\\/produkt\\\/wolf-mask-paper-craft\\\/#breadcrumb\"},\"inLanguage\":\"pl-PL\",\"potentialAction\":[{\"@type\":\"ReadAction\",\"target\":[\"https:\\\/\\\/www.smagapaperwood.com\\\/produkt\\\/wolf-mask-paper-craft\\\/\"]}]},{\"@type\":\"ImageObject\",\"inLanguage\":\"pl-PL\",\"@id\":\"https:\\\/\\\/www.smagapaperwood.com\\\/produkt\\\/wolf-mask-paper-craft\\\/#primaryimage\",\"url\":\"https:\\\/\\\/i0.wp.com\\\/www.smagapaperwood.com\\\/wp-content\\\/uploads\\\/2025\\\/02\\\/SmagaPaperwood-Digital-Files-Wolf-template.png?fit=1500%2C1500&ssl=1\",\"contentUrl\":\"https:\\\/\\\/i0.wp.com\\\/www.smagapaperwood.com\\\/wp-content\\\/uploads\\\/2025\\\/02\\\/SmagaPaperwood-Digital-Files-Wolf-template.png?fit=1500%2C1500&ssl=1\",\"width\":1500,\"height\":1500},{\"@type\":\"BreadcrumbList\",\"@id\":\"https:\\\/\\\/www.smagapaperwood.com\\\/produkt\\\/wolf-mask-paper-craft\\\/#breadcrumb\",\"itemListElement\":[{\"@type\":\"ListItem\",\"position\":1,\"name\":\"Strona g\u0142\u00f3wna\",\"item\":\"https:\\\/\\\/www.smagapaperwood.com\\\/\"},{\"@type\":\"ListItem\",\"position\":2,\"name\":\"Shop\",\"item\":\"https:\\\/\\\/www.smagapaperwood.com\\\/shop-papercrafts\\\/\"},{\"@type\":\"ListItem\",\"position\":3,\"name\":\"Wolf mask template: Papercraft PDF.\"}]},{\"@type\":\"WebSite\",\"@id\":\"https:\\\/\\\/www.smagapaperwood.com\\\/#website\",\"url\":\"https:\\\/\\\/www.smagapaperwood.com\\\/\",\"name\":\"SmagaPaperwood\",\"description\":\"Papercraft &amp; Paper Masks Design, Easy DIY Craft Ideas.\",\"publisher\":{\"@id\":\"https:\\\/\\\/www.smagapaperwood.com\\\/#organization\"},\"potentialAction\":[{\"@type\":\"SearchAction\",\"target\":{\"@type\":\"EntryPoint\",\"urlTemplate\":\"https:\\\/\\\/www.smagapaperwood.com\\\/?s={search_term_string}\"},\"query-input\":{\"@type\":\"PropertyValueSpecification\",\"valueRequired\":true,\"valueName\":\"search_term_string\"}}],\"inLanguage\":\"pl-PL\"},{\"@type\":\"Organization\",\"@id\":\"https:\\\/\\\/www.smagapaperwood.com\\\/#organization\",\"name\":\"SmagaPaperwood\",\"url\":\"https:\\\/\\\/www.smagapaperwood.com\\\/\",\"logo\":{\"@type\":\"ImageObject\",\"inLanguage\":\"pl-PL\",\"@id\":\"https:\\\/\\\/www.smagapaperwood.com\\\/#\\\/schema\\\/logo\\\/image\\\/\",\"url\":\"https:\\\/\\\/i0.wp.com\\\/www.smagapaperwood.com\\\/wp-content\\\/uploads\\\/2023\\\/06\\\/logo-black.jpg?fit=1053%2C387&ssl=1\",\"contentUrl\":\"https:\\\/\\\/i0.wp.com\\\/www.smagapaperwood.com\\\/wp-content\\\/uploads\\\/2023\\\/06\\\/logo-black.jpg?fit=1053%2C387&ssl=1\",\"width\":1053,\"height\":387,\"caption\":\"SmagaPaperwood\"},\"image\":{\"@id\":\"https:\\\/\\\/www.smagapaperwood.com\\\/#\\\/schema\\\/logo\\\/image\\\/\"},\"sameAs\":[\"https:\\\/\\\/www.facebook.com\\\/SmagaPaperWood\",\"https:\\\/\\\/www.instagram.com\\\/smagapaperwood\\\/\"]}]}<\/script>\n<!-- \/ Yoast SEO plugin. -->","yoast_head_json":{"title":"Wolf mask template: Papercraft PDF. - SmagaPaperwood","robots":{"index":"index","follow":"follow","max-snippet":"max-snippet:-1","max-image-preview":"max-image-preview:large","max-video-preview":"max-video-preview:-1"},"canonical":"https:\/\/www.smagapaperwood.com\/pl\/produkt\/wolf-mask-paper-craft\/","og_locale":"pl_PL","og_type":"article","og_title":"Wolf mask template: Papercraft PDF. - SmagaPaperwood","og_description":"Paper mask template.  *** DIGITAL FILES ONLY *** Please note that no physical item will be shipped.","og_url":"https:\/\/www.smagapaperwood.com\/pl\/produkt\/wolf-mask-paper-craft\/","og_site_name":"SmagaPaperwood","article_publisher":"https:\/\/www.facebook.com\/SmagaPaperWood","article_modified_time":"2026-04-20T10:12:49+00:00","og_image":[{"width":800,"height":800,"url":"https:\/\/www.smagapaperwood.com\/wp-content\/uploads\/2025\/02\/SmagaPaperwood-Digital-Files-Wolf-template-800x800.png","type":"image\/png"}],"twitter_card":"summary_large_image","twitter_misc":{"Szacowany czas czytania":"3 minuty"},"schema":{"@context":"https:\/\/schema.org","@graph":[{"@type":"WebPage","@id":"https:\/\/www.smagapaperwood.com\/produkt\/wolf-mask-paper-craft\/","url":"https:\/\/www.smagapaperwood.com\/produkt\/wolf-mask-paper-craft\/","name":"Wolf mask template: Papercraft PDF. - SmagaPaperwood","isPartOf":{"@id":"https:\/\/www.smagapaperwood.com\/#website"},"primaryImageOfPage":{"@id":"https:\/\/www.smagapaperwood.com\/produkt\/wolf-mask-paper-craft\/#primaryimage"},"image":{"@id":"https:\/\/www.smagapaperwood.com\/produkt\/wolf-mask-paper-craft\/#primaryimage"},"thumbnailUrl":"https:\/\/i0.wp.com\/www.smagapaperwood.com\/wp-content\/uploads\/2025\/02\/SmagaPaperwood-Digital-Files-Wolf-template.png?fit=1500%2C1500&ssl=1","datePublished":"2025-02-12T09:59:17+00:00","dateModified":"2026-04-20T10:12:49+00:00","breadcrumb":{"@id":"https:\/\/www.smagapaperwood.com\/produkt\/wolf-mask-paper-craft\/#breadcrumb"},"inLanguage":"pl-PL","potentialAction":[{"@type":"ReadAction","target":["https:\/\/www.smagapaperwood.com\/produkt\/wolf-mask-paper-craft\/"]}]},{"@type":"ImageObject","inLanguage":"pl-PL","@id":"https:\/\/www.smagapaperwood.com\/produkt\/wolf-mask-paper-craft\/#primaryimage","url":"https:\/\/i0.wp.com\/www.smagapaperwood.com\/wp-content\/uploads\/2025\/02\/SmagaPaperwood-Digital-Files-Wolf-template.png?fit=1500%2C1500&ssl=1","contentUrl":"https:\/\/i0.wp.com\/www.smagapaperwood.com\/wp-content\/uploads\/2025\/02\/SmagaPaperwood-Digital-Files-Wolf-template.png?fit=1500%2C1500&ssl=1","width":1500,"height":1500},{"@type":"BreadcrumbList","@id":"https:\/\/www.smagapaperwood.com\/produkt\/wolf-mask-paper-craft\/#breadcrumb","itemListElement":[{"@type":"ListItem","position":1,"name":"Strona g\u0142\u00f3wna","item":"https:\/\/www.smagapaperwood.com\/"},{"@type":"ListItem","position":2,"name":"Shop","item":"https:\/\/www.smagapaperwood.com\/shop-papercrafts\/"},{"@type":"ListItem","position":3,"name":"Wolf mask template: Papercraft PDF."}]},{"@type":"WebSite","@id":"https:\/\/www.smagapaperwood.com\/#website","url":"https:\/\/www.smagapaperwood.com\/","name":"SmagaPaperwood","description":"Papercraft &amp; Paper Masks Design, Easy DIY Craft Ideas.","publisher":{"@id":"https:\/\/www.smagapaperwood.com\/#organization"},"potentialAction":[{"@type":"SearchAction","target":{"@type":"EntryPoint","urlTemplate":"https:\/\/www.smagapaperwood.com\/?s={search_term_string}"},"query-input":{"@type":"PropertyValueSpecification","valueRequired":true,"valueName":"search_term_string"}}],"inLanguage":"pl-PL"},{"@type":"Organization","@id":"https:\/\/www.smagapaperwood.com\/#organization","name":"SmagaPaperwood","url":"https:\/\/www.smagapaperwood.com\/","logo":{"@type":"ImageObject","inLanguage":"pl-PL","@id":"https:\/\/www.smagapaperwood.com\/#\/schema\/logo\/image\/","url":"https:\/\/i0.wp.com\/www.smagapaperwood.com\/wp-content\/uploads\/2023\/06\/logo-black.jpg?fit=1053%2C387&ssl=1","contentUrl":"https:\/\/i0.wp.com\/www.smagapaperwood.com\/wp-content\/uploads\/2023\/06\/logo-black.jpg?fit=1053%2C387&ssl=1","width":1053,"height":387,"caption":"SmagaPaperwood"},"image":{"@id":"https:\/\/www.smagapaperwood.com\/#\/schema\/logo\/image\/"},"sameAs":["https:\/\/www.facebook.com\/SmagaPaperWood","https:\/\/www.instagram.com\/smagapaperwood\/"]}]}},"_links":{"self":[{"href":"https:\/\/www.smagapaperwood.com\/pl\/wp-json\/wp\/v2\/product\/1880","targetHints":{"allow":["GET"]}}],"collection":[{"href":"https:\/\/www.smagapaperwood.com\/pl\/wp-json\/wp\/v2\/product"}],"about":[{"href":"https:\/\/www.smagapaperwood.com\/pl\/wp-json\/wp\/v2\/types\/product"}],"wp:featuredmedia":[{"embeddable":true,"href":"https:\/\/www.smagapaperwood.com\/pl\/wp-json\/wp\/v2\/media\/1892"}],"wp:attachment":[{"href":"https:\/\/www.smagapaperwood.com\/pl\/wp-json\/wp\/v2\/media?parent=1880"}],"wp:term":[{"taxonomy":"product_brand","embeddable":true,"href":"https:\/\/www.smagapaperwood.com\/pl\/wp-json\/wp\/v2\/product_brand?post=1880"},{"taxonomy":"product_cat","embeddable":true,"href":"https:\/\/www.smagapaperwood.com\/pl\/wp-json\/wp\/v2\/product_cat?post=1880"},{"taxonomy":"product_tag","embeddable":true,"href":"https:\/\/www.smagapaperwood.com\/pl\/wp-json\/wp\/v2\/product_tag?post=1880"}],"curies":[{"name":"wp","href":"https:\/\/api.w.org\/{rel}","templated":true}]}}