{"id":1894,"date":"2025-02-12T17:22:40","date_gmt":"2025-02-12T17:22:40","guid":{"rendered":"https:\/\/www.smagapaperwood.com\/?post_type=product&#038;p=1894"},"modified":"2025-09-13T06:06:42","modified_gmt":"2025-09-13T06:06:42","slug":"rat-mask-paper-craft","status":"publish","type":"product","link":"https:\/\/www.smagapaperwood.com\/pl\/produkt\/rat-mask-paper-craft\/","title":{"rendered":"Rat mask template: PDF and SVG files."},"content":{"rendered":"<div id=\"text-2038498860\" class=\"text\">\n\t\t\n<p class=\"thin-font alt-font\"><strong>Uwolnij swoj\u0105 kreatywno\u015b\u0107!<\/strong><\/p>\n\t\t\n<style>\n#text-2038498860 {\n  font-size: 1.5rem;\n  line-height: 1.25;\n  color: #186e9a;\n}\n#text-2038498860 > * {\n  color: #186e9a;\n}\n<\/style>\n\t<\/div>\n\t\n<p>Stw\u00f3rz swoj\u0105 papierow\u0105 mask\u0119 szczura u\u017cywaj\u0105c naszych wzor\u00f3w, kt\u00f3re z \u0142atwo\u015bci\u0105 wydrukujesz lub wytniesz na swoim ploterze, dzi\u0119ki formatom PDF i SVG. Maska ta jest \u0142atwa do z\u0142o\u017cenia, nawet dla pocz\u0105tkuj\u0105cych. Zmie\u0144 zwyk\u0142y papier w oryginalne przebranie, idealne na Halloween, Cosplay night lub dowoln\u0105 imprez\u0119!<\/p>\n<p><strong>W razie jakichkolwiek pyta\u0144, zawsze ch\u0119tnie s\u0142u\u017cymy pomoc\u0105!<\/strong><\/p>\n<a href=\"https:\/\/www.smagapaperwood.com\/pl\/elements\/pages__trashed\/contact\/\" target=\"_blank\" class=\"button secondary expand\" rel=\"noopener\" style=\"border-radius:37px;\">\n\t\t<span>MAM PYTANIE !<\/span>\n\t<\/a>\n\n<div class=\"is-divider divider clearfix\" style=\"max-width:100%;\"><\/div>\n\t<div id=\"text-1603494677\" class=\"text\">\n\t\t\n<p class=\"thin-font alt-font\"><strong>Co kupujesz? <\/strong><\/p>\n\t\t\n<style>\n#text-1603494677 {\n  font-size: 1.5rem;\n  line-height: 1.25;\n  color: #186e9a;\n}\n#text-1603494677 > * {\n  color: #186e9a;\n}\n<\/style>\n\t<\/div>\n\t\n<div class=\"row\"  id=\"row-261302508\">\n\n\t<div id=\"col-400518685\" class=\"col medium-6 small-12 large-6\"  >\n\t\t\t\t<div class=\"col-inner\"  >\n\t\t\t\n\t\t\t\n\t<div class=\"img has-hover x md-x lg-x y md-y lg-y\" id=\"image_1176835879\">\n\t\t\t\t\t\t\t\t<div class=\"img-inner dark\" >\n\t\t\t<img loading=\"lazy\" decoding=\"async\" width=\"940\" height=\"788\" src=\"https:\/\/i0.wp.com\/www.smagapaperwood.com\/wp-content\/uploads\/2025\/02\/Digital-Dowload-SmagaPaperwood2-1.png?fit=940%2C788&amp;ssl=1\" class=\"attachment-1536x1536 size-1536x1536\" alt=\"\" srcset=\"https:\/\/i0.wp.com\/www.smagapaperwood.com\/wp-content\/uploads\/2025\/02\/Digital-Dowload-SmagaPaperwood2-1.png?w=940&amp;ssl=1 940w, https:\/\/i0.wp.com\/www.smagapaperwood.com\/wp-content\/uploads\/2025\/02\/Digital-Dowload-SmagaPaperwood2-1.png?resize=477%2C400&amp;ssl=1 477w, https:\/\/i0.wp.com\/www.smagapaperwood.com\/wp-content\/uploads\/2025\/02\/Digital-Dowload-SmagaPaperwood2-1.png?resize=768%2C644&amp;ssl=1 768w, https:\/\/i0.wp.com\/www.smagapaperwood.com\/wp-content\/uploads\/2025\/02\/Digital-Dowload-SmagaPaperwood2-1.png?resize=14%2C12&amp;ssl=1 14w, https:\/\/i0.wp.com\/www.smagapaperwood.com\/wp-content\/uploads\/2025\/02\/Digital-Dowload-SmagaPaperwood2-1.png?resize=900%2C754&amp;ssl=1 900w\" sizes=\"auto, (max-width: 940px) 100vw, 940px\" \/>\t\t\t\t\t\t\n\t\t\t\t\t<\/div>\n\t\t\t\t\t\t\t\t\n<style>\n#image_1176835879 {\n  width: 100%;\n}\n<\/style>\n\t<\/div>\n\t\n\t\t<\/div>\n\t\t\t\t\t<\/div>\n\n\t\n\n\t<div id=\"col-1074804642\" class=\"col medium-6 small-12 large-6\"  >\n\t\t\t\t<div class=\"col-inner\"  >\n\t\t\t\n\t\t\t\n\t<div id=\"text-1180094916\" class=\"text\">\n\t\t\n<p><strong>Wraz z zakupem otrzymasz dost\u0119p do:<\/strong><\/p>\n<ul>\n<li>Natychmiastowego pobrania plik\u00f3w PDF i SVG z bia\u0142ymi szablonami, kompatybilnymi z papierem A4 i US LETTER.<\/li>\n<li>Ilustrowane instrukcje krok po kroku, w j\u0119zyku angielskim.<\/li>\n<li>Nasz\u0105 pomoc zawsze, gdy jej potrzebujesz \ud83d\ude42<\/li>\n<\/ul>\n\t\t\n<style>\n#text-1180094916 {\n  font-size: 1.1rem;\n  line-height: 1.55;\n}\n<\/style>\n\t<\/div>\n\t\n\t\t<\/div>\n\t\t\t\t\t<\/div>\n\n\t\n<\/div>\n<div class=\"is-divider divider clearfix\" style=\"max-width:100%;\"><\/div>\n\t<div id=\"text-3858817588\" class=\"text\">\n\t\t\n<p class=\"thin-font alt-font\"><strong>Rozmiar:<\/strong><\/p>\n\t\t\n<style>\n#text-3858817588 {\n  font-size: 1.5rem;\n  line-height: 1.25;\n  color: #186e9a;\n}\n#text-3858817588 > * {\n  color: #186e9a;\n}\n<\/style>\n\t<\/div>\n\t\n<p><strong>Ten wz\u00f3r jest w rozmiarze dla doros\u0142ych.<\/strong><\/p>\n<a href=\"https:\/\/www.smagapaperwood.com\/pl\/produkt\/rat-mask-for-kids-diy-papercraft\/\" class=\"button primary expand\" style=\"border-radius:99px;\">\n\t\t<span>Kliknij tu po rozmiar dla dzieci.<\/span>\n\t<\/a>\n\n<div class=\"is-divider divider clearfix\" style=\"max-width:100%;\"><\/div>\n\t<div id=\"text-3855001468\" class=\"text\">\n\t\t\n<p class=\"thin-font alt-font\"><strong>Narz\u0119dzia i materia\u0142y:<\/strong><\/p>\n\t\t\n<style>\n#text-3855001468 {\n  font-size: 1.5rem;\n  line-height: 1.25;\n  color: #186e9a;\n}\n#text-3855001468 > * {\n  color: #186e9a;\n}\n<\/style>\n\t<\/div>\n\t\n<ul>\n<li>Drukarka (format A4 lub US Letter)<\/li>\n<li>8 arkuszy grubego papieru formatu A4 lub US Letter (190g-280g)<\/li>\n<li>Spr\u00f3buj u\u017cy\u0107 grubszego kolorowego brystolu, metalicznego papieru lub brokatowej kartki typu craft.<br \/>\nMo\u017cesz u\u017cy\u0107 dowolnego kartonu, kt\u00f3ry mo\u017cna \u0142atwo ci\u0105\u0107 i zgina\u0107.<\/li>\n<li>No\u017cyczki i n\u00f3\u017c rzemie\u015blniczy.<\/li>\n<li>Linijka i n\u00f3\u017c z t\u0119p\u0105 kraw\u0119dzi\u0105 do bigowania.<\/li>\n<li>Uniwersalny klej z cienkim aplikatorem lub ta\u015bma dwustronna.<\/li>\n<li>Troch\u0119 wolnego czasu \ud83d\ude42<\/li>\n<\/ul>\n<div class=\"is-divider divider clearfix\" style=\"max-width:100%;\"><\/div>\n\t<div id=\"text-3647054963\" class=\"text\">\n\t\t\n<p class=\"thin-font alt-font\"><strong>Poziom umiej\u0119tno\u015bci:<br \/>\n<\/strong><\/p>\n\t\t\n<style>\n#text-3647054963 {\n  font-size: 1.5rem;\n  line-height: 1.25;\n  color: #186e9a;\n}\n#text-3647054963 > * {\n  color: #186e9a;\n}\n<\/style>\n\t<\/div>\n\t\n\n\t<section class=\"section\" id=\"section_1687440025\">\n\t\t<div class=\"section-bg fill\" >\n\t\t\t<img data-recalc-dims=\"1\" loading=\"lazy\" decoding=\"async\" width=\"1020\" height=\"255\" src=\"https:\/\/i0.wp.com\/www.smagapaperwood.com\/wp-content\/uploads\/2025\/02\/skill-lever-medium.png?resize=1020%2C255&#038;ssl=1\" class=\"bg attachment-original size-original\" alt=\"skill level medium\" \/>\t\t\t\t\t\t\n\t\t\t\n\n\t\t<\/div>\n\n\t\t\n\n\t\t<div class=\"section-content relative\">\n\t\t\t\n\t\t<\/div>\n\n\t\t\n<style>\n#section_1687440025 {\n  padding-top: 0px;\n  padding-bottom: 0px;\n  min-height: 170px;\n}\n#section_1687440025 .section-bg img {\n  object-position: 0% 48%;\n}\n<\/style>\n\t<\/section>\n\t\n<div class=\"is-divider divider clearfix\" style=\"max-width:100%;\"><\/div>\n\t<div id=\"text-4264935445\" class=\"text\">\n\t\t\n<p class=\"thin-font alt-font\"><strong>Jak zacz\u0105\u0107?<br \/>\n<\/strong><\/p>\n\t\t\n<style>\n#text-4264935445 {\n  font-size: 1.5rem;\n  line-height: 1.25;\n  color: #186e9a;\n}\n#text-4264935445 > * {\n  color: #186e9a;\n}\n<\/style>\n\t<\/div>\n\t\n<a href=\"https:\/\/www.smagapaperwood.com\/pl\/how-to-make\/\" class=\"button secondary expand\" style=\"border-radius:26px;\">\n\t\t<span>Odwied\u017a nasz\u0105 stron\u0119 \"Jak to si\u0119 robi \"<\/span>\n\t<\/a>\n\n<div class=\"is-divider divider clearfix\" style=\"max-width:100%;\"><\/div>\n<p><strong>Mo\u017cesz wykona\u0107 dowoln\u0105 liczb\u0119 kopii, ale u\u017cywaj ich do cel\u00f3w osobistych, niekomercyjnych.<\/strong><\/p>\n<p><strong>Ka\u017cde zdj\u0119cie przedstawia rzeczywisty obiekt.<\/strong><\/p>\n<p><strong>Zawsze doceniamy Wasz wk\u0142ad w postaci wskaz\u00f3wek i poprawek w wiadomo\u015bciach i opiniach. Dzi\u0119ki temu mo\u017cemy ulepsza\u0107 nasze modele i poprawia\u0107 wszelkie b\u0142\u0119dy.<\/strong><\/p>\n\n  <div class=\"banner has-hover\" id=\"banner-450606870\">\n          <div class=\"banner-inner fill\">\n        <div class=\"banner-bg fill\" >\n                                                \n                    <\/div>\n\t\t\n        <div class=\"banner-layers container\">\n            <div class=\"fill banner-link\"><\/div>            \n   <div id=\"text-box-1474905793\" class=\"text-box banner-layer x50 md-x50 lg-x50 y50 md-y50 lg-y50 res-text\">\n                                <div class=\"text-box-content text dark\">\n              \n              <div class=\"text-inner text-center\">\n                  \n<p>\u00a92024 SmagaPaperwood<\/p>\n<p>Wszystkie projekty s\u0105 w\u0142asno\u015bci\u0105 Moniki i Krzysztofa Smaga<\/p>\n<h5><strong>KUPUJ\u0104C I POBIERAJ\u0104C NASZE SZABLONY, ZGADZASZ SI\u0118 NA NASZE WARUNKI.<\/strong><\/h5>\n<h5 class=\"lead\"><strong>Nasze projekty i pliki s\u0105 chronione prawami autorskimi i nie mog\u0105 by\u0107 udost\u0119pniane ani rozpowszechniane w \u017caden spos\u00f3b. Szablony i gotowe obiekty s\u0105 przeznaczone wy\u0142\u0105cznie do u\u017cytku osobistego. W przypadku ch\u0119ci wykorzystania ich do innych cel\u00f3w (np. sesje zdj\u0119ciowe, wystawy, reklama) prosimy o wcze\u015bniejszy kontakt.<\/strong> <strong>NIE U\u017bYWAJ ICH DO CEL\u00d3W KOMERCYJNYCH BEZ NASZEJ ZGODY.<\/strong><\/h5>\n              <\/div>\n           <\/div>\n                            \n<style>\n#text-box-1474905793 {\n  width: 89%;\n}\n#text-box-1474905793 .text-box-content {\n  font-size: 100%;\n}\n<\/style>\n    <\/div>\n \n        <\/div>\n      <\/div>\n\n            \n<style>\n#banner-450606870 {\n  padding-top: 250px;\n}\n<\/style>\n  <\/div>\n\n\n<p>&nbsp;<\/p>","protected":false},"excerpt":{"rendered":"<p><strong>Szablon maski szczura.<\/strong><\/p>\n<h3 class=\"uppercase\"><strong>*** <\/strong><strong>Pliki cyfrowe do pobrania. <\/strong><strong>***<\/strong><\/h3>\n<h3 class=\"uppercase\"><strong>\u017baden fizyczny przedmiot nie zostanie wys\u0142any.<\/strong><\/h3>\n<h3 class=\"uppercase\"><\/h3>","protected":false},"featured_media":1896,"template":"","meta":[],"product_brand":[],"product_cat":[136],"product_tag":[979,1097,981,1059,972,970,162,843,141,844,848,150,849,871,850,851,1095,1087,1093,1094,1096],"class_list":{"0":"post-1894","1":"product","2":"type-product","3":"status-publish","4":"has-post-thumbnail","6":"product_cat-paper-mask-for-adults","7":"product_tag-3d-mask","8":"product_tag-3d-mouse-head","9":"product_tag-card-mask","10":"product_tag-diy-halloween-costume","11":"product_tag-fancy-dress","12":"product_tag-low-poly-mask","13":"product_tag-low_poly_papercraft","14":"product_tag-make-your-own","15":"product_tag-maska-do-druku","16":"product_tag-maska-do-wydrukowania","17":"product_tag-maska-papierowa-jak-zrobic","18":"product_tag-maska-zwierzeca","19":"product_tag-maski-na-halloween","20":"product_tag-paper-mask","21":"product_tag-papercraft-mask","22":"product_tag-printable-mask","23":"product_tag-rat-costume","24":"product_tag-rat-mask-papercraft","25":"product_tag-rat-mask-pattern","26":"product_tag-rat-mask-template","27":"product_tag-svg-mouse-mask","29":"first","30":"instock","31":"downloadable","32":"taxable","33":"shipping-taxable","34":"purchasable","35":"product-type-simple"},"yoast_head":"<!-- This site is optimized with the Yoast SEO plugin v27.4 - https:\/\/yoast.com\/product\/yoast-seo-wordpress\/ -->\n<title>Rat mask template: PDF and SVG files. - SmagaPaperwood<\/title>\n<meta name=\"robots\" content=\"index, follow, max-snippet:-1, max-image-preview:large, max-video-preview:-1\" \/>\n<link rel=\"canonical\" href=\"https:\/\/www.smagapaperwood.com\/pl\/produkt\/rat-mask-paper-craft\/\" \/>\n<meta property=\"og:locale\" content=\"pl_PL\" \/>\n<meta property=\"og:type\" content=\"article\" \/>\n<meta property=\"og:title\" content=\"Rat mask template: PDF and SVG files. - SmagaPaperwood\" \/>\n<meta property=\"og:description\" content=\"Rat mask template. *** DIGITAL FILES ONLY *** Please note that no physical item will be shipped.\" \/>\n<meta property=\"og:url\" content=\"https:\/\/www.smagapaperwood.com\/pl\/produkt\/rat-mask-paper-craft\/\" \/>\n<meta property=\"og:site_name\" content=\"SmagaPaperwood\" \/>\n<meta property=\"article:publisher\" content=\"https:\/\/www.facebook.com\/SmagaPaperWood\" \/>\n<meta property=\"article:modified_time\" content=\"2025-09-13T06:06:42+00:00\" \/>\n<meta property=\"og:image\" content=\"https:\/\/www.smagapaperwood.com\/wp-content\/uploads\/2025\/02\/SmagaPaperwood-Digital-Files-Rat-mask-800x800.png\" \/>\n\t<meta property=\"og:image:width\" content=\"800\" \/>\n\t<meta property=\"og:image:height\" content=\"800\" \/>\n\t<meta property=\"og:image:type\" content=\"image\/png\" \/>\n<meta name=\"twitter:card\" content=\"summary_large_image\" \/>\n<meta name=\"twitter:label1\" content=\"Szacowany czas czytania\" \/>\n\t<meta name=\"twitter:data1\" content=\"3 minuty\" \/>\n<script type=\"application\/ld+json\" class=\"yoast-schema-graph\">{\"@context\":\"https:\\\/\\\/schema.org\",\"@graph\":[{\"@type\":\"WebPage\",\"@id\":\"https:\\\/\\\/www.smagapaperwood.com\\\/produkt\\\/rat-mask-paper-craft\\\/\",\"url\":\"https:\\\/\\\/www.smagapaperwood.com\\\/produkt\\\/rat-mask-paper-craft\\\/\",\"name\":\"Rat mask template: PDF and SVG files. - SmagaPaperwood\",\"isPartOf\":{\"@id\":\"https:\\\/\\\/www.smagapaperwood.com\\\/#website\"},\"primaryImageOfPage\":{\"@id\":\"https:\\\/\\\/www.smagapaperwood.com\\\/produkt\\\/rat-mask-paper-craft\\\/#primaryimage\"},\"image\":{\"@id\":\"https:\\\/\\\/www.smagapaperwood.com\\\/produkt\\\/rat-mask-paper-craft\\\/#primaryimage\"},\"thumbnailUrl\":\"https:\\\/\\\/i0.wp.com\\\/www.smagapaperwood.com\\\/wp-content\\\/uploads\\\/2025\\\/02\\\/SmagaPaperwood-Digital-Files-Rat-mask.png?fit=1500%2C1500&ssl=1\",\"datePublished\":\"2025-02-12T17:22:40+00:00\",\"dateModified\":\"2025-09-13T06:06:42+00:00\",\"breadcrumb\":{\"@id\":\"https:\\\/\\\/www.smagapaperwood.com\\\/produkt\\\/rat-mask-paper-craft\\\/#breadcrumb\"},\"inLanguage\":\"pl-PL\",\"potentialAction\":[{\"@type\":\"ReadAction\",\"target\":[\"https:\\\/\\\/www.smagapaperwood.com\\\/produkt\\\/rat-mask-paper-craft\\\/\"]}]},{\"@type\":\"ImageObject\",\"inLanguage\":\"pl-PL\",\"@id\":\"https:\\\/\\\/www.smagapaperwood.com\\\/produkt\\\/rat-mask-paper-craft\\\/#primaryimage\",\"url\":\"https:\\\/\\\/i0.wp.com\\\/www.smagapaperwood.com\\\/wp-content\\\/uploads\\\/2025\\\/02\\\/SmagaPaperwood-Digital-Files-Rat-mask.png?fit=1500%2C1500&ssl=1\",\"contentUrl\":\"https:\\\/\\\/i0.wp.com\\\/www.smagapaperwood.com\\\/wp-content\\\/uploads\\\/2025\\\/02\\\/SmagaPaperwood-Digital-Files-Rat-mask.png?fit=1500%2C1500&ssl=1\",\"width\":1500,\"height\":1500},{\"@type\":\"BreadcrumbList\",\"@id\":\"https:\\\/\\\/www.smagapaperwood.com\\\/produkt\\\/rat-mask-paper-craft\\\/#breadcrumb\",\"itemListElement\":[{\"@type\":\"ListItem\",\"position\":1,\"name\":\"Strona g\u0142\u00f3wna\",\"item\":\"https:\\\/\\\/www.smagapaperwood.com\\\/\"},{\"@type\":\"ListItem\",\"position\":2,\"name\":\"Shop\",\"item\":\"https:\\\/\\\/www.smagapaperwood.com\\\/shop-papercrafts\\\/\"},{\"@type\":\"ListItem\",\"position\":3,\"name\":\"Rat mask template: PDF and SVG files.\"}]},{\"@type\":\"WebSite\",\"@id\":\"https:\\\/\\\/www.smagapaperwood.com\\\/#website\",\"url\":\"https:\\\/\\\/www.smagapaperwood.com\\\/\",\"name\":\"SmagaPaperwood\",\"description\":\"Papercraft &amp; Paper Masks Design, Easy DIY Craft Ideas.\",\"publisher\":{\"@id\":\"https:\\\/\\\/www.smagapaperwood.com\\\/#organization\"},\"potentialAction\":[{\"@type\":\"SearchAction\",\"target\":{\"@type\":\"EntryPoint\",\"urlTemplate\":\"https:\\\/\\\/www.smagapaperwood.com\\\/?s={search_term_string}\"},\"query-input\":{\"@type\":\"PropertyValueSpecification\",\"valueRequired\":true,\"valueName\":\"search_term_string\"}}],\"inLanguage\":\"pl-PL\"},{\"@type\":\"Organization\",\"@id\":\"https:\\\/\\\/www.smagapaperwood.com\\\/#organization\",\"name\":\"SmagaPaperwood\",\"url\":\"https:\\\/\\\/www.smagapaperwood.com\\\/\",\"logo\":{\"@type\":\"ImageObject\",\"inLanguage\":\"pl-PL\",\"@id\":\"https:\\\/\\\/www.smagapaperwood.com\\\/#\\\/schema\\\/logo\\\/image\\\/\",\"url\":\"https:\\\/\\\/i0.wp.com\\\/www.smagapaperwood.com\\\/wp-content\\\/uploads\\\/2023\\\/06\\\/logo-black.jpg?fit=1053%2C387&ssl=1\",\"contentUrl\":\"https:\\\/\\\/i0.wp.com\\\/www.smagapaperwood.com\\\/wp-content\\\/uploads\\\/2023\\\/06\\\/logo-black.jpg?fit=1053%2C387&ssl=1\",\"width\":1053,\"height\":387,\"caption\":\"SmagaPaperwood\"},\"image\":{\"@id\":\"https:\\\/\\\/www.smagapaperwood.com\\\/#\\\/schema\\\/logo\\\/image\\\/\"},\"sameAs\":[\"https:\\\/\\\/www.facebook.com\\\/SmagaPaperWood\",\"https:\\\/\\\/www.instagram.com\\\/smagapaperwood\\\/\"]}]}<\/script>\n<!-- \/ Yoast SEO plugin. -->","yoast_head_json":{"title":"Rat mask template: PDF and SVG files. - SmagaPaperwood","robots":{"index":"index","follow":"follow","max-snippet":"max-snippet:-1","max-image-preview":"max-image-preview:large","max-video-preview":"max-video-preview:-1"},"canonical":"https:\/\/www.smagapaperwood.com\/pl\/produkt\/rat-mask-paper-craft\/","og_locale":"pl_PL","og_type":"article","og_title":"Rat mask template: PDF and SVG files. - SmagaPaperwood","og_description":"Rat mask template. *** DIGITAL FILES ONLY *** Please note that no physical item will be shipped.","og_url":"https:\/\/www.smagapaperwood.com\/pl\/produkt\/rat-mask-paper-craft\/","og_site_name":"SmagaPaperwood","article_publisher":"https:\/\/www.facebook.com\/SmagaPaperWood","article_modified_time":"2025-09-13T06:06:42+00:00","og_image":[{"width":800,"height":800,"url":"https:\/\/www.smagapaperwood.com\/wp-content\/uploads\/2025\/02\/SmagaPaperwood-Digital-Files-Rat-mask-800x800.png","type":"image\/png"}],"twitter_card":"summary_large_image","twitter_misc":{"Szacowany czas czytania":"3 minuty"},"schema":{"@context":"https:\/\/schema.org","@graph":[{"@type":"WebPage","@id":"https:\/\/www.smagapaperwood.com\/produkt\/rat-mask-paper-craft\/","url":"https:\/\/www.smagapaperwood.com\/produkt\/rat-mask-paper-craft\/","name":"Rat mask template: PDF and SVG files. - SmagaPaperwood","isPartOf":{"@id":"https:\/\/www.smagapaperwood.com\/#website"},"primaryImageOfPage":{"@id":"https:\/\/www.smagapaperwood.com\/produkt\/rat-mask-paper-craft\/#primaryimage"},"image":{"@id":"https:\/\/www.smagapaperwood.com\/produkt\/rat-mask-paper-craft\/#primaryimage"},"thumbnailUrl":"https:\/\/i0.wp.com\/www.smagapaperwood.com\/wp-content\/uploads\/2025\/02\/SmagaPaperwood-Digital-Files-Rat-mask.png?fit=1500%2C1500&ssl=1","datePublished":"2025-02-12T17:22:40+00:00","dateModified":"2025-09-13T06:06:42+00:00","breadcrumb":{"@id":"https:\/\/www.smagapaperwood.com\/produkt\/rat-mask-paper-craft\/#breadcrumb"},"inLanguage":"pl-PL","potentialAction":[{"@type":"ReadAction","target":["https:\/\/www.smagapaperwood.com\/produkt\/rat-mask-paper-craft\/"]}]},{"@type":"ImageObject","inLanguage":"pl-PL","@id":"https:\/\/www.smagapaperwood.com\/produkt\/rat-mask-paper-craft\/#primaryimage","url":"https:\/\/i0.wp.com\/www.smagapaperwood.com\/wp-content\/uploads\/2025\/02\/SmagaPaperwood-Digital-Files-Rat-mask.png?fit=1500%2C1500&ssl=1","contentUrl":"https:\/\/i0.wp.com\/www.smagapaperwood.com\/wp-content\/uploads\/2025\/02\/SmagaPaperwood-Digital-Files-Rat-mask.png?fit=1500%2C1500&ssl=1","width":1500,"height":1500},{"@type":"BreadcrumbList","@id":"https:\/\/www.smagapaperwood.com\/produkt\/rat-mask-paper-craft\/#breadcrumb","itemListElement":[{"@type":"ListItem","position":1,"name":"Strona g\u0142\u00f3wna","item":"https:\/\/www.smagapaperwood.com\/"},{"@type":"ListItem","position":2,"name":"Shop","item":"https:\/\/www.smagapaperwood.com\/shop-papercrafts\/"},{"@type":"ListItem","position":3,"name":"Rat mask template: PDF and SVG files."}]},{"@type":"WebSite","@id":"https:\/\/www.smagapaperwood.com\/#website","url":"https:\/\/www.smagapaperwood.com\/","name":"SmagaPaperwood","description":"Papercraft &amp; Paper Masks Design, Easy DIY Craft Ideas.","publisher":{"@id":"https:\/\/www.smagapaperwood.com\/#organization"},"potentialAction":[{"@type":"SearchAction","target":{"@type":"EntryPoint","urlTemplate":"https:\/\/www.smagapaperwood.com\/?s={search_term_string}"},"query-input":{"@type":"PropertyValueSpecification","valueRequired":true,"valueName":"search_term_string"}}],"inLanguage":"pl-PL"},{"@type":"Organization","@id":"https:\/\/www.smagapaperwood.com\/#organization","name":"SmagaPaperwood","url":"https:\/\/www.smagapaperwood.com\/","logo":{"@type":"ImageObject","inLanguage":"pl-PL","@id":"https:\/\/www.smagapaperwood.com\/#\/schema\/logo\/image\/","url":"https:\/\/i0.wp.com\/www.smagapaperwood.com\/wp-content\/uploads\/2023\/06\/logo-black.jpg?fit=1053%2C387&ssl=1","contentUrl":"https:\/\/i0.wp.com\/www.smagapaperwood.com\/wp-content\/uploads\/2023\/06\/logo-black.jpg?fit=1053%2C387&ssl=1","width":1053,"height":387,"caption":"SmagaPaperwood"},"image":{"@id":"https:\/\/www.smagapaperwood.com\/#\/schema\/logo\/image\/"},"sameAs":["https:\/\/www.facebook.com\/SmagaPaperWood","https:\/\/www.instagram.com\/smagapaperwood\/"]}]}},"_links":{"self":[{"href":"https:\/\/www.smagapaperwood.com\/pl\/wp-json\/wp\/v2\/product\/1894","targetHints":{"allow":["GET"]}}],"collection":[{"href":"https:\/\/www.smagapaperwood.com\/pl\/wp-json\/wp\/v2\/product"}],"about":[{"href":"https:\/\/www.smagapaperwood.com\/pl\/wp-json\/wp\/v2\/types\/product"}],"wp:featuredmedia":[{"embeddable":true,"href":"https:\/\/www.smagapaperwood.com\/pl\/wp-json\/wp\/v2\/media\/1896"}],"wp:attachment":[{"href":"https:\/\/www.smagapaperwood.com\/pl\/wp-json\/wp\/v2\/media?parent=1894"}],"wp:term":[{"taxonomy":"product_brand","embeddable":true,"href":"https:\/\/www.smagapaperwood.com\/pl\/wp-json\/wp\/v2\/product_brand?post=1894"},{"taxonomy":"product_cat","embeddable":true,"href":"https:\/\/www.smagapaperwood.com\/pl\/wp-json\/wp\/v2\/product_cat?post=1894"},{"taxonomy":"product_tag","embeddable":true,"href":"https:\/\/www.smagapaperwood.com\/pl\/wp-json\/wp\/v2\/product_tag?post=1894"}],"curies":[{"name":"wp","href":"https:\/\/api.w.org\/{rel}","templated":true}]}}