{"id":2009,"date":"2025-02-27T13:16:44","date_gmt":"2025-02-27T13:16:44","guid":{"rendered":"https:\/\/www.smagapaperwood.com\/?post_type=product&#038;p=2009"},"modified":"2025-09-13T06:06:42","modified_gmt":"2025-09-13T06:06:42","slug":"dog-paper-mask","status":"publish","type":"product","link":"https:\/\/www.smagapaperwood.com\/pl\/produkt\/dog-paper-mask\/","title":{"rendered":"MASKA PSA DLA DZIECI"},"content":{"rendered":"<div id=\"text-1672491920\" class=\"text\">\n\t\t\n<h2><strong>Wz\u00f3r psiej maski na bal przebiera\u0144c\u00f3w!<\/strong><\/h2>\n\t\t\n<style>\n#text-1672491920 {\n  font-size: 1.2rem;\n  line-height: 1.25;\n  color: #186e9a;\n}\n#text-1672491920 > * {\n  color: #186e9a;\n}\n<\/style>\n\t<\/div>\n\t\n<p>Stw\u00f3rz uroczy kostium szczeniaka na nast\u0119pny cosplay lub bal przebiera\u0144c\u00f3w! Dzi\u0119ki naszemu prostemu szablonowi w formatach PDF i SVG, mo\u017cesz szybko wydrukowa\u0107 lub wyci\u0105\u0107 na swoim ploterze elementy i stworzy\u0107 urocz\u0105 mask\u0119 psa! Pozw\u00f3l swojej kreatywno\u015bci rozb\u0142ysn\u0105\u0107! Idealna dla mi\u0142o\u015bnik\u00f3w ps\u00f3w w ka\u017cdym wieku.<\/p>\n<p><strong>W razie jakichkolwiek pyta\u0144, zawsze ch\u0119tnie s\u0142u\u017cymy pomoc\u0105!<\/strong><\/p>\n<a href=\"https:\/\/www.smagapaperwood.com\/pl\/papercraft-paper-craft\/contact-smagapaperwood\/\" target=\"_blank\" class=\"button secondary expand\" rel=\"noopener\" style=\"border-radius:37px;\">\n\t\t<span>MAM PYTANIE !<\/span>\n\t<\/a>\n\n<div class=\"is-divider divider clearfix\" style=\"max-width:100%;\"><\/div>\n\t<div id=\"text-1707392975\" class=\"text\">\n\t\t\n<h2><strong>Co kupujesz? <\/strong><\/h2>\n\t\t\n<style>\n#text-1707392975 {\n  font-size: 1.2rem;\n  line-height: 1.25;\n  color: #186e9a;\n}\n#text-1707392975 > * {\n  color: #186e9a;\n}\n<\/style>\n\t<\/div>\n\t\n<div class=\"row\"  id=\"row-1738506495\">\n\n\t<div id=\"col-1840095392\" class=\"col medium-6 small-12 large-6\"  >\n\t\t\t\t<div class=\"col-inner\"  >\n\t\t\t\n\t\t\t\n\t<div class=\"img has-hover x md-x lg-x y md-y lg-y\" id=\"image_99221445\">\n\t\t\t\t\t\t\t\t<div class=\"img-inner dark\" >\n\t\t\t\t\t\t\t\t\t\n\t\t\t\t\t<\/div>\n\t\t\t\t\t\t\t\t\n<style>\n#image_99221445 {\n  width: 100%;\n}\n<\/style>\n\t<\/div>\n\t\n\t<div class=\"img has-hover x md-x lg-x y md-y lg-y\" id=\"image_416501084\">\n\t\t\t\t\t\t\t\t<div class=\"img-inner dark\" >\n\t\t\t<img data-recalc-dims=\"1\" loading=\"lazy\" decoding=\"async\" width=\"1020\" height=\"1020\" src=\"https:\/\/i0.wp.com\/www.smagapaperwood.com\/wp-content\/uploads\/2025\/02\/Dog-mask-half-SmagaPaperwood2.jpg?resize=1020%2C1020&#038;ssl=1\" class=\"attachment-original size-original\" alt=\"\" srcset=\"https:\/\/i0.wp.com\/www.smagapaperwood.com\/wp-content\/uploads\/2025\/02\/Dog-mask-half-SmagaPaperwood2.jpg?w=1200&amp;ssl=1 1200w, https:\/\/i0.wp.com\/www.smagapaperwood.com\/wp-content\/uploads\/2025\/02\/Dog-mask-half-SmagaPaperwood2.jpg?resize=400%2C400&amp;ssl=1 400w, https:\/\/i0.wp.com\/www.smagapaperwood.com\/wp-content\/uploads\/2025\/02\/Dog-mask-half-SmagaPaperwood2.jpg?resize=800%2C800&amp;ssl=1 800w, https:\/\/i0.wp.com\/www.smagapaperwood.com\/wp-content\/uploads\/2025\/02\/Dog-mask-half-SmagaPaperwood2.jpg?resize=280%2C280&amp;ssl=1 280w, https:\/\/i0.wp.com\/www.smagapaperwood.com\/wp-content\/uploads\/2025\/02\/Dog-mask-half-SmagaPaperwood2.jpg?resize=768%2C768&amp;ssl=1 768w, https:\/\/i0.wp.com\/www.smagapaperwood.com\/wp-content\/uploads\/2025\/02\/Dog-mask-half-SmagaPaperwood2.jpg?resize=12%2C12&amp;ssl=1 12w, https:\/\/i0.wp.com\/www.smagapaperwood.com\/wp-content\/uploads\/2025\/02\/Dog-mask-half-SmagaPaperwood2.jpg?resize=450%2C450&amp;ssl=1 450w, https:\/\/i0.wp.com\/www.smagapaperwood.com\/wp-content\/uploads\/2025\/02\/Dog-mask-half-SmagaPaperwood2.jpg?resize=900%2C900&amp;ssl=1 900w, https:\/\/i0.wp.com\/www.smagapaperwood.com\/wp-content\/uploads\/2025\/02\/Dog-mask-half-SmagaPaperwood2.jpg?resize=100%2C100&amp;ssl=1 100w\" sizes=\"auto, (max-width: 1020px) 100vw, 1020px\" \/>\t\t\t\t\t\t\n\t\t\t\t\t<\/div>\n\t\t\t\t\t\t\t\t\n<style>\n#image_416501084 {\n  width: 90%;\n}\n<\/style>\n\t<\/div>\n\t\n\t\t<\/div>\n\t\t\t\t\t<\/div>\n\n\t\n\n\t<div id=\"col-589600121\" class=\"col medium-6 small-12 large-6\"  >\n\t\t\t\t<div class=\"col-inner\"  >\n\t\t\t\n\t\t\t\n\t<div id=\"text-1827156525\" class=\"text\">\n\t\t\n<p><strong>Wraz z zakupem otrzymasz dost\u0119p do:<\/strong><\/p>\n<ul>\n<li>Natychmiastowego pobrania plik\u00f3w PDF i SVG z bia\u0142ymi szablonami, kompatybilnymi z papierem A4 i US LETTER.<\/li>\n<li>Ilustrowane instrukcje krok po kroku, w j\u0119zyku angielskim.<\/li>\n<li>Nasz\u0105 pomoc zawsze, gdy jej potrzebujesz \ud83d\ude42<\/li>\n<\/ul>\n\t\t\n<style>\n#text-1827156525 {\n  font-size: 1.2rem;\n  line-height: 1.55;\n}\n<\/style>\n\t<\/div>\n\t\n<div class=\"is-divider divider clearfix\" style=\"max-width:100%;\"><\/div>\n\t<div id=\"text-447898014\" class=\"text\">\n\t\t\n<h2><strong>Rozmiar maski:<\/strong><\/h2>\n\t\t\n<style>\n#text-447898014 {\n  font-size: 1.2rem;\n  line-height: 1.25;\n  color: #186e9a;\n}\n#text-447898014 > * {\n  color: #186e9a;\n}\n<\/style>\n\t<\/div>\n\t\n<h3>To jest wz\u00f3r w rozmiarze dzieci\u0119cym.<\/h3>\n<a href=\"https:\/\/www.smagapaperwood.com\/pl\/produkt\/dog-mask-paper-craft\/\" target=\"_blank\" class=\"button secondary expand\" rel=\"noopener\" style=\"border-radius:37px;\">\n\t\t<span>Rozmiar dla doros\u0142ych znajdziesz tu.<\/span>\n\t<\/a>\n\n\t\t<\/div>\n\t\t\t\t\t<\/div>\n\n\t\n<\/div>\n<div class=\"is-divider divider clearfix\" style=\"max-width:100%;\"><\/div>\n\t<div id=\"text-3822871872\" class=\"text\">\n\t\t\n<h2><strong>Narz\u0119dzia i materia\u0142y:<\/strong><\/h2>\n\t\t\n<style>\n#text-3822871872 {\n  font-size: 1.2rem;\n  line-height: 1.25;\n  color: #186e9a;\n}\n#text-3822871872 > * {\n  color: #186e9a;\n}\n<\/style>\n\t<\/div>\n\t\n<ul>\n<li>Domowa drukarka (format A4 lub US Letter)<\/li>\n<li>7 arkuszy grubego papieru formatu A4 lub US Letter (190g-280g)<\/li>\n<\/ul>\n<p>Spr\u00f3buj u\u017cy\u0107 grubszego kolorowego brystolu, metalicznego papieru lub brokatowej kartki typu craft.<br \/>\nMo\u017cesz u\u017cy\u0107 dowolnego kartonu, kt\u00f3ry mo\u017cna \u0142atwo ci\u0105\u0107 i zgina\u0107.<\/p>\n<ul>\n<li>No\u017cyczki i n\u00f3\u017c rzemie\u015blniczy.<\/li>\n<li>Linijka i n\u00f3\u017c z t\u0119p\u0105 kraw\u0119dzi\u0105 do bigowania.<\/li>\n<li>Uniwersalny klej z cienkim aplikatorem lub ta\u015bma dwustronna.<\/li>\n<li>Troch\u0119 wolnego czasu \ud83d\ude42<\/li>\n<\/ul>\n<div class=\"is-divider divider clearfix\" style=\"max-width:100%;\"><\/div>\n\t<div id=\"text-437834945\" class=\"text\">\n\t\t\n<h2><strong>Poziom umiej\u0119tno\u015bci manualnych: <\/strong><\/h2>\n\t\t\n<style>\n#text-437834945 {\n  font-size: 1.2rem;\n  line-height: 1.25;\n  color: #186e9a;\n}\n#text-437834945 > * {\n  color: #186e9a;\n}\n<\/style>\n\t<\/div>\n\t\n\n\t<section class=\"section\" id=\"section_962110200\">\n\t\t<div class=\"section-bg fill\" >\n\t\t\t<img data-recalc-dims=\"1\" loading=\"lazy\" decoding=\"async\" width=\"1000\" height=\"250\" src=\"https:\/\/i0.wp.com\/www.smagapaperwood.com\/wp-content\/uploads\/2025\/02\/skill-level-easy.jpg?resize=1000%2C250&#038;ssl=1\" class=\"bg attachment-original size-original\" alt=\"\" \/>\t\t\t\t\t\t\n\t\t\t\n\n\t\t<\/div>\n\n\t\t\n\n\t\t<div class=\"section-content relative\">\n\t\t\t\n\t\t<\/div>\n\n\t\t\n<style>\n#section_962110200 {\n  padding-top: 0px;\n  padding-bottom: 0px;\n  min-height: 170px;\n}\n#section_962110200 .section-bg img {\n  object-position: 0% 48%;\n}\n<\/style>\n\t<\/section>\n\t\n<div class=\"is-divider divider clearfix\" style=\"max-width:100%;\"><\/div>\n\t<div id=\"text-4115208656\" class=\"text\">\n\t\t\n<h2><strong>Jak prozpocz\u0105\u0107: <\/strong><\/h2>\n\t\t\n<style>\n#text-4115208656 {\n  font-size: 1.2rem;\n  line-height: 1.25;\n  color: #186e9a;\n}\n#text-4115208656 > * {\n  color: #186e9a;\n}\n<\/style>\n\t<\/div>\n\t\n<a href=\"https:\/\/www.smagapaperwood.com\/pl\/how-to-make\/\" class=\"button secondary expand\" style=\"border-radius:26px;\">\n\t\t<span>Odwied\u017a nasz\u0105 stron\u0119 \"Jak to si\u0119 robi \"<\/span>\n\t<\/a>\n\n<div class=\"is-divider divider clearfix\" style=\"max-width:100%;\"><\/div>\n\t<div id=\"text-86216244\" class=\"text\">\n\t\t\n<p class=\"uppercase\"><strong>KUPUJ\u0104C I POBIERAJ\u0104C NASZE SZABLONY, ZGADZASZ SI\u0118 NA NASZE WARUNKI.<\/strong><\/p>\n<ul>\n<li><strong>Mo\u017cesz wykona\u0107 dowoln\u0105 liczb\u0119 kopii, ale u\u017cywaj ich do cel\u00f3w osobistych, niekomercyjnych.<\/strong><\/li>\n<li><strong>Nasze projekty i pliki s\u0105 chronione prawami autorskimi i nie mog\u0105 by\u0107 udost\u0119pniane ani rozpowszechniane w \u017caden spos\u00f3b. Szablony i gotowe obiekty s\u0105 przeznaczone wy\u0142\u0105cznie do u\u017cytku osobistego. W przypadku ch\u0119ci wykorzystania ich do innych cel\u00f3w (np. sesje zdj\u0119ciowe, wystawy, reklama) prosimy o wcze\u015bniejszy kontakt.<\/strong><\/li>\n<li><strong>NIE U\u017bYWAJ ICH DO CEL\u00d3W KOMERCYJNYCH BEZ NASZEJ ZGODY.<\/strong><\/li>\n<\/ul>\n\t\t\n<style>\n#text-86216244 {\n  font-size: 1.1rem;\n  line-height: 1.25;\n  text-align: left;\n  color: rgb(26, 30, 31);\n}\n#text-86216244 > * {\n  color: rgb(26, 30, 31);\n}\n<\/style>\n\t<\/div>","protected":false},"excerpt":{"rendered":"<h2><strong>Szablon papierowej maski<\/strong><\/h2>\n<h3>Pobranie cyfrowe<\/h3>\n<p class=\"uppercase\">\u017caden fizyczny przedmiot nie zostanie wys\u0142any.<\/p>","protected":false},"featured_media":2173,"template":"","meta":[],"product_brand":[],"product_cat":[121],"product_tag":[1089,1091,1123,1120,1100,1101,1059,1098,1085,1099,972,1122,970,843,1118,150,849,1121,1124,871,287,850,851,1092],"class_list":{"0":"post-2009","1":"product","2":"type-product","3":"status-publish","4":"has-post-thumbnail","6":"product_cat-masks-for-kids","7":"product_tag-3d-mask-animal","8":"product_tag-cosplay-costume","9":"product_tag-costumes-for-kids","10":"product_tag-craft-with-paper","11":"product_tag-dalmatian-mask-svg-files","12":"product_tag-diy-dog-mask-template","13":"product_tag-diy-halloween-costume","14":"product_tag-dog-mask-papercraft","15":"product_tag-dog-mask-pattern","16":"product_tag-dog-mask-template","17":"product_tag-fancy-dress","18":"product_tag-halloween-mask","19":"product_tag-low-poly-mask","20":"product_tag-make-your-own","21":"product_tag-mask-design","22":"product_tag-maska-zwierzeca","23":"product_tag-maski-na-halloween","24":"product_tag-paper-craft","25":"product_tag-paper-craft-ideas","26":"product_tag-paper-mask","27":"product_tag-papercraft","28":"product_tag-papercraft-mask","29":"product_tag-printable-mask","30":"product_tag-printable-template","32":"first","33":"instock","34":"downloadable","35":"taxable","36":"shipping-taxable","37":"purchasable","38":"product-type-simple"},"yoast_head":"<!-- This site is optimized with the Yoast SEO plugin v27.4 - https:\/\/yoast.com\/product\/yoast-seo-wordpress\/ -->\n<title>Dog paper mask for Kids: Papercraft PDF &amp; SVG.<\/title>\n<meta name=\"description\" content=\"Create a fun dog paper mask with this easy papercraft! Download the PDF &amp; SVG template for a creative craft: perfect for festivals, cosplay, or dress-up.\" \/>\n<meta name=\"robots\" content=\"index, follow, max-snippet:-1, max-image-preview:large, max-video-preview:-1\" \/>\n<link rel=\"canonical\" href=\"https:\/\/www.smagapaperwood.com\/pl\/produkt\/dog-paper-mask\/\" \/>\n<meta property=\"og:locale\" content=\"pl_PL\" \/>\n<meta property=\"og:type\" content=\"article\" \/>\n<meta property=\"og:title\" content=\"Dog paper mask for Kids: Papercraft PDF &amp; SVG.\" \/>\n<meta property=\"og:description\" content=\"Create a fun dog paper mask with this easy papercraft! Download the PDF &amp; SVG template for a creative craft: perfect for festivals, cosplay, or dress-up.\" \/>\n<meta property=\"og:url\" content=\"https:\/\/www.smagapaperwood.com\/pl\/produkt\/dog-paper-mask\/\" \/>\n<meta property=\"og:site_name\" content=\"SmagaPaperwood\" \/>\n<meta property=\"article:publisher\" content=\"https:\/\/www.facebook.com\/SmagaPaperWood\" \/>\n<meta property=\"article:modified_time\" content=\"2025-09-13T06:06:42+00:00\" \/>\n<meta property=\"og:image\" content=\"https:\/\/www.smagapaperwood.com\/wp-content\/uploads\/2025\/02\/Dog-mask-SmagaPaperwood-Digital-Files-1.jpg\" \/>\n\t<meta property=\"og:image:width\" content=\"900\" \/>\n\t<meta property=\"og:image:height\" content=\"900\" \/>\n\t<meta property=\"og:image:type\" content=\"image\/jpeg\" \/>\n<meta name=\"twitter:card\" content=\"summary_large_image\" \/>\n<meta name=\"twitter:label1\" content=\"Szacowany czas czytania\" \/>\n\t<meta name=\"twitter:data1\" content=\"2 minuty\" \/>\n<script type=\"application\/ld+json\" class=\"yoast-schema-graph\">{\"@context\":\"https:\\\/\\\/schema.org\",\"@graph\":[{\"@type\":\"WebPage\",\"@id\":\"https:\\\/\\\/www.smagapaperwood.com\\\/produkt\\\/dog-paper-mask\\\/\",\"url\":\"https:\\\/\\\/www.smagapaperwood.com\\\/produkt\\\/dog-paper-mask\\\/\",\"name\":\"Dog paper mask for Kids: Papercraft PDF & SVG.\",\"isPartOf\":{\"@id\":\"https:\\\/\\\/www.smagapaperwood.com\\\/#website\"},\"primaryImageOfPage\":{\"@id\":\"https:\\\/\\\/www.smagapaperwood.com\\\/produkt\\\/dog-paper-mask\\\/#primaryimage\"},\"image\":{\"@id\":\"https:\\\/\\\/www.smagapaperwood.com\\\/produkt\\\/dog-paper-mask\\\/#primaryimage\"},\"thumbnailUrl\":\"https:\\\/\\\/i0.wp.com\\\/www.smagapaperwood.com\\\/wp-content\\\/uploads\\\/2025\\\/02\\\/Dog-mask-SmagaPaperwood-Digital-Files-1.jpg?fit=900%2C900&ssl=1\",\"datePublished\":\"2025-02-27T13:16:44+00:00\",\"dateModified\":\"2025-09-13T06:06:42+00:00\",\"description\":\"Create a fun dog paper mask with this easy papercraft! Download the PDF & SVG template for a creative craft: perfect for festivals, cosplay, or dress-up.\",\"breadcrumb\":{\"@id\":\"https:\\\/\\\/www.smagapaperwood.com\\\/produkt\\\/dog-paper-mask\\\/#breadcrumb\"},\"inLanguage\":\"pl-PL\",\"potentialAction\":[{\"@type\":\"ReadAction\",\"target\":[\"https:\\\/\\\/www.smagapaperwood.com\\\/produkt\\\/dog-paper-mask\\\/\"]}]},{\"@type\":\"ImageObject\",\"inLanguage\":\"pl-PL\",\"@id\":\"https:\\\/\\\/www.smagapaperwood.com\\\/produkt\\\/dog-paper-mask\\\/#primaryimage\",\"url\":\"https:\\\/\\\/i0.wp.com\\\/www.smagapaperwood.com\\\/wp-content\\\/uploads\\\/2025\\\/02\\\/Dog-mask-SmagaPaperwood-Digital-Files-1.jpg?fit=900%2C900&ssl=1\",\"contentUrl\":\"https:\\\/\\\/i0.wp.com\\\/www.smagapaperwood.com\\\/wp-content\\\/uploads\\\/2025\\\/02\\\/Dog-mask-SmagaPaperwood-Digital-Files-1.jpg?fit=900%2C900&ssl=1\",\"width\":900,\"height\":900,\"caption\":\"Dalmatian Dog mask SmagaPaperwood Digital Files\"},{\"@type\":\"BreadcrumbList\",\"@id\":\"https:\\\/\\\/www.smagapaperwood.com\\\/produkt\\\/dog-paper-mask\\\/#breadcrumb\",\"itemListElement\":[{\"@type\":\"ListItem\",\"position\":1,\"name\":\"Strona g\u0142\u00f3wna\",\"item\":\"https:\\\/\\\/www.smagapaperwood.com\\\/\"},{\"@type\":\"ListItem\",\"position\":2,\"name\":\"Shop\",\"item\":\"https:\\\/\\\/www.smagapaperwood.com\\\/shop-papercrafts\\\/\"},{\"@type\":\"ListItem\",\"position\":3,\"name\":\"DOG MASK FOR KIDS\"}]},{\"@type\":\"WebSite\",\"@id\":\"https:\\\/\\\/www.smagapaperwood.com\\\/#website\",\"url\":\"https:\\\/\\\/www.smagapaperwood.com\\\/\",\"name\":\"SmagaPaperwood\",\"description\":\"Papercraft &amp; Paper Masks Design, Easy DIY Craft Ideas.\",\"publisher\":{\"@id\":\"https:\\\/\\\/www.smagapaperwood.com\\\/#organization\"},\"potentialAction\":[{\"@type\":\"SearchAction\",\"target\":{\"@type\":\"EntryPoint\",\"urlTemplate\":\"https:\\\/\\\/www.smagapaperwood.com\\\/?s={search_term_string}\"},\"query-input\":{\"@type\":\"PropertyValueSpecification\",\"valueRequired\":true,\"valueName\":\"search_term_string\"}}],\"inLanguage\":\"pl-PL\"},{\"@type\":\"Organization\",\"@id\":\"https:\\\/\\\/www.smagapaperwood.com\\\/#organization\",\"name\":\"SmagaPaperwood\",\"url\":\"https:\\\/\\\/www.smagapaperwood.com\\\/\",\"logo\":{\"@type\":\"ImageObject\",\"inLanguage\":\"pl-PL\",\"@id\":\"https:\\\/\\\/www.smagapaperwood.com\\\/#\\\/schema\\\/logo\\\/image\\\/\",\"url\":\"https:\\\/\\\/i0.wp.com\\\/www.smagapaperwood.com\\\/wp-content\\\/uploads\\\/2023\\\/06\\\/logo-black.jpg?fit=1053%2C387&ssl=1\",\"contentUrl\":\"https:\\\/\\\/i0.wp.com\\\/www.smagapaperwood.com\\\/wp-content\\\/uploads\\\/2023\\\/06\\\/logo-black.jpg?fit=1053%2C387&ssl=1\",\"width\":1053,\"height\":387,\"caption\":\"SmagaPaperwood\"},\"image\":{\"@id\":\"https:\\\/\\\/www.smagapaperwood.com\\\/#\\\/schema\\\/logo\\\/image\\\/\"},\"sameAs\":[\"https:\\\/\\\/www.facebook.com\\\/SmagaPaperWood\",\"https:\\\/\\\/www.instagram.com\\\/smagapaperwood\\\/\"]}]}<\/script>\n<!-- \/ Yoast SEO plugin. -->","yoast_head_json":{"title":"Dog paper mask for Kids: Papercraft PDF & SVG.","description":"Create a fun dog paper mask with this easy papercraft! Download the PDF & SVG template for a creative craft: perfect for festivals, cosplay, or dress-up.","robots":{"index":"index","follow":"follow","max-snippet":"max-snippet:-1","max-image-preview":"max-image-preview:large","max-video-preview":"max-video-preview:-1"},"canonical":"https:\/\/www.smagapaperwood.com\/pl\/produkt\/dog-paper-mask\/","og_locale":"pl_PL","og_type":"article","og_title":"Dog paper mask for Kids: Papercraft PDF & SVG.","og_description":"Create a fun dog paper mask with this easy papercraft! Download the PDF & SVG template for a creative craft: perfect for festivals, cosplay, or dress-up.","og_url":"https:\/\/www.smagapaperwood.com\/pl\/produkt\/dog-paper-mask\/","og_site_name":"SmagaPaperwood","article_publisher":"https:\/\/www.facebook.com\/SmagaPaperWood","article_modified_time":"2025-09-13T06:06:42+00:00","og_image":[{"width":900,"height":900,"url":"https:\/\/www.smagapaperwood.com\/wp-content\/uploads\/2025\/02\/Dog-mask-SmagaPaperwood-Digital-Files-1.jpg","type":"image\/jpeg"}],"twitter_card":"summary_large_image","twitter_misc":{"Szacowany czas czytania":"2 minuty"},"schema":{"@context":"https:\/\/schema.org","@graph":[{"@type":"WebPage","@id":"https:\/\/www.smagapaperwood.com\/produkt\/dog-paper-mask\/","url":"https:\/\/www.smagapaperwood.com\/produkt\/dog-paper-mask\/","name":"Dog paper mask for Kids: Papercraft PDF & SVG.","isPartOf":{"@id":"https:\/\/www.smagapaperwood.com\/#website"},"primaryImageOfPage":{"@id":"https:\/\/www.smagapaperwood.com\/produkt\/dog-paper-mask\/#primaryimage"},"image":{"@id":"https:\/\/www.smagapaperwood.com\/produkt\/dog-paper-mask\/#primaryimage"},"thumbnailUrl":"https:\/\/i0.wp.com\/www.smagapaperwood.com\/wp-content\/uploads\/2025\/02\/Dog-mask-SmagaPaperwood-Digital-Files-1.jpg?fit=900%2C900&ssl=1","datePublished":"2025-02-27T13:16:44+00:00","dateModified":"2025-09-13T06:06:42+00:00","description":"Create a fun dog paper mask with this easy papercraft! Download the PDF & SVG template for a creative craft: perfect for festivals, cosplay, or dress-up.","breadcrumb":{"@id":"https:\/\/www.smagapaperwood.com\/produkt\/dog-paper-mask\/#breadcrumb"},"inLanguage":"pl-PL","potentialAction":[{"@type":"ReadAction","target":["https:\/\/www.smagapaperwood.com\/produkt\/dog-paper-mask\/"]}]},{"@type":"ImageObject","inLanguage":"pl-PL","@id":"https:\/\/www.smagapaperwood.com\/produkt\/dog-paper-mask\/#primaryimage","url":"https:\/\/i0.wp.com\/www.smagapaperwood.com\/wp-content\/uploads\/2025\/02\/Dog-mask-SmagaPaperwood-Digital-Files-1.jpg?fit=900%2C900&ssl=1","contentUrl":"https:\/\/i0.wp.com\/www.smagapaperwood.com\/wp-content\/uploads\/2025\/02\/Dog-mask-SmagaPaperwood-Digital-Files-1.jpg?fit=900%2C900&ssl=1","width":900,"height":900,"caption":"Dalmatian Dog mask SmagaPaperwood Digital Files"},{"@type":"BreadcrumbList","@id":"https:\/\/www.smagapaperwood.com\/produkt\/dog-paper-mask\/#breadcrumb","itemListElement":[{"@type":"ListItem","position":1,"name":"Strona g\u0142\u00f3wna","item":"https:\/\/www.smagapaperwood.com\/"},{"@type":"ListItem","position":2,"name":"Shop","item":"https:\/\/www.smagapaperwood.com\/shop-papercrafts\/"},{"@type":"ListItem","position":3,"name":"DOG MASK FOR KIDS"}]},{"@type":"WebSite","@id":"https:\/\/www.smagapaperwood.com\/#website","url":"https:\/\/www.smagapaperwood.com\/","name":"SmagaPaperwood","description":"Papercraft &amp; Paper Masks Design, Easy DIY Craft Ideas.","publisher":{"@id":"https:\/\/www.smagapaperwood.com\/#organization"},"potentialAction":[{"@type":"SearchAction","target":{"@type":"EntryPoint","urlTemplate":"https:\/\/www.smagapaperwood.com\/?s={search_term_string}"},"query-input":{"@type":"PropertyValueSpecification","valueRequired":true,"valueName":"search_term_string"}}],"inLanguage":"pl-PL"},{"@type":"Organization","@id":"https:\/\/www.smagapaperwood.com\/#organization","name":"SmagaPaperwood","url":"https:\/\/www.smagapaperwood.com\/","logo":{"@type":"ImageObject","inLanguage":"pl-PL","@id":"https:\/\/www.smagapaperwood.com\/#\/schema\/logo\/image\/","url":"https:\/\/i0.wp.com\/www.smagapaperwood.com\/wp-content\/uploads\/2023\/06\/logo-black.jpg?fit=1053%2C387&ssl=1","contentUrl":"https:\/\/i0.wp.com\/www.smagapaperwood.com\/wp-content\/uploads\/2023\/06\/logo-black.jpg?fit=1053%2C387&ssl=1","width":1053,"height":387,"caption":"SmagaPaperwood"},"image":{"@id":"https:\/\/www.smagapaperwood.com\/#\/schema\/logo\/image\/"},"sameAs":["https:\/\/www.facebook.com\/SmagaPaperWood","https:\/\/www.instagram.com\/smagapaperwood\/"]}]}},"_links":{"self":[{"href":"https:\/\/www.smagapaperwood.com\/pl\/wp-json\/wp\/v2\/product\/2009","targetHints":{"allow":["GET"]}}],"collection":[{"href":"https:\/\/www.smagapaperwood.com\/pl\/wp-json\/wp\/v2\/product"}],"about":[{"href":"https:\/\/www.smagapaperwood.com\/pl\/wp-json\/wp\/v2\/types\/product"}],"wp:featuredmedia":[{"embeddable":true,"href":"https:\/\/www.smagapaperwood.com\/pl\/wp-json\/wp\/v2\/media\/2173"}],"wp:attachment":[{"href":"https:\/\/www.smagapaperwood.com\/pl\/wp-json\/wp\/v2\/media?parent=2009"}],"wp:term":[{"taxonomy":"product_brand","embeddable":true,"href":"https:\/\/www.smagapaperwood.com\/pl\/wp-json\/wp\/v2\/product_brand?post=2009"},{"taxonomy":"product_cat","embeddable":true,"href":"https:\/\/www.smagapaperwood.com\/pl\/wp-json\/wp\/v2\/product_cat?post=2009"},{"taxonomy":"product_tag","embeddable":true,"href":"https:\/\/www.smagapaperwood.com\/pl\/wp-json\/wp\/v2\/product_tag?post=2009"}],"curies":[{"name":"wp","href":"https:\/\/api.w.org\/{rel}","templated":true}]}}