{"id":2028,"date":"2025-03-04T14:10:55","date_gmt":"2025-03-04T14:10:55","guid":{"rendered":"https:\/\/www.smagapaperwood.com\/?post_type=product&#038;p=2028"},"modified":"2025-09-13T06:06:41","modified_gmt":"2025-09-13T06:06:41","slug":"dog-mask-paper-craft","status":"publish","type":"product","link":"https:\/\/www.smagapaperwood.com\/pl\/produkt\/dog-mask-paper-craft\/","title":{"rendered":"Dog mask template: PDF &#038; SVG files."},"content":{"rendered":"<div id=\"text-3491103049\" class=\"text\">\n\t\t\n<p class=\"thin-font alt-font\"><strong>Czas na przebieran\u0105 imprez\u0119!<\/strong><\/p>\n\t\t\n<style>\n#text-3491103049 {\n  font-size: 1.35rem;\n  line-height: 1.25;\n  color: #186e9a;\n}\n#text-3491103049 > * {\n  color: #186e9a;\n}\n<\/style>\n\t<\/div>\n\t\n<p>Rozbud\u017a swoja kreatywno\u015b\u0107 z naszym wzorem maski psa DIY! Ten szablon do wydrukowania i wyci\u0119cia zawiera pliki PDF i SVG u\u0142atwiaj\u0105ce proces tw\u00f3rczy. Idealna na Halloween lub ka\u017cd\u0105 inn\u0105 okazj\u0119. Nie musisz by\u0107 ekspertem w papierowych rze\u017abach. Nasze instrukcje poprowadz\u0105 Ci\u0119 nawet je\u015bli nie masz \u017cadnego do\u015bwiadczenia! Pu\u015b\u0107 wodze fantazji!<\/p>\n<p><strong>W razie jakichkolwiek pyta\u0144, zawsze ch\u0119tnie s\u0142u\u017cymy pomoc\u0105!<\/strong><\/p>\n<a href=\"https:\/\/www.smagapaperwood.com\/pl\/elements\/pages__trashed\/contact\/\" target=\"_blank\" class=\"button secondary expand\" rel=\"noopener\" style=\"border-radius:37px;\">\n\t\t<span>MAM PYTANIE !<\/span>\n\t<\/a>\n\n<div class=\"is-divider divider clearfix\" style=\"max-width:100%;\"><\/div>\n\t<div id=\"text-889646813\" class=\"text\">\n\t\t\n<p class=\"thin-font alt-font\"><strong>Co kupujesz? <\/strong><\/p>\n\t\t\n<style>\n#text-889646813 {\n  font-size: 1.5rem;\n  line-height: 1.25;\n  color: #186e9a;\n}\n#text-889646813 > * {\n  color: #186e9a;\n}\n<\/style>\n\t<\/div>\n\t\n<div class=\"row\"  id=\"row-991564650\">\n\n\t<div id=\"col-1545253405\" class=\"col medium-6 small-12 large-6\"  >\n\t\t\t\t<div class=\"col-inner\"  >\n\t\t\t\n\t\t\t\n\t<div class=\"img has-hover x md-x lg-x y md-y lg-y\" id=\"image_1853326368\">\n\t\t\t\t\t\t\t\t<div class=\"img-inner dark\" >\n\t\t\t\t\t\t\t\t\t\n\t\t\t\t\t<\/div>\n\t\t\t\t\t\t\t\t\n<style>\n#image_1853326368 {\n  width: 100%;\n}\n<\/style>\n\t<\/div>\n\t\n\t\t<\/div>\n\t\t\t\t\t<\/div>\n\n\t\n\n\t<div id=\"col-870932613\" class=\"col medium-6 small-12 large-6\"  >\n\t\t\t\t<div class=\"col-inner\"  >\n\t\t\t\n\t\t\t\n\t<div id=\"text-2116667363\" class=\"text\">\n\t\t\n<p><strong>Wraz z zakupem otrzymasz dost\u0119p do:<\/strong><\/p>\n<ul>\n<li>Natychmiastowego pobrania plik\u00f3w PDF i SVG z bia\u0142ymi szablonami, kompatybilnymi z papierem A4 i US LETTER.<\/li>\n<li>Ilustrowane instrukcje krok po kroku, w j\u0119zyku angielskim.<\/li>\n<li>Nasz\u0105 pomoc zawsze, gdy jej potrzebujesz \ud83d\ude42<\/li>\n<\/ul>\n\t\t\n<style>\n#text-2116667363 {\n  font-size: 1.1rem;\n  line-height: 1.55;\n}\n<\/style>\n\t<\/div>\n\t\n\t\t<\/div>\n\t\t\t\t\t<\/div>\n\n\t\n<\/div>\n<div class=\"is-divider divider clearfix\" style=\"max-width:100%;\"><\/div>\n\t<div id=\"text-483401421\" class=\"text\">\n\t\t\n<p class=\"thin-font alt-font\"><strong>Rozmiar:<\/strong><\/p>\n\t\t\n<style>\n#text-483401421 {\n  font-size: 1.5rem;\n  line-height: 1.25;\n  color: #186e9a;\n}\n#text-483401421 > * {\n  color: #186e9a;\n}\n<\/style>\n\t<\/div>\n\t\n<p><strong>Ten szablon jest w rozmiarze dla doros\u0142ego.<\/strong><\/p>\n<a href=\"https:\/\/www.smagapaperwood.com\/pl\/produkt\/dog-mask-for-kids-papercraft-pdf-and-svg-templates\/\" class=\"button primary expand\" style=\"border-radius:99px;\">\n\t\t<span>Kliknij tu po rozmiar dla dzieci.<\/span>\n\t<\/a>\n\n<div class=\"is-divider divider clearfix\" style=\"max-width:100%;\"><\/div>\n\t<div id=\"text-2406369271\" class=\"text\">\n\t\t\n<p class=\"thin-font alt-font\"><strong>Narz\u0119dzia i materia\u0142y:<\/strong><\/p>\n\t\t\n<style>\n#text-2406369271 {\n  font-size: 1.5rem;\n  line-height: 1.25;\n  color: #186e9a;\n}\n#text-2406369271 > * {\n  color: #186e9a;\n}\n<\/style>\n\t<\/div>\n\t\n<ul>\n<li>Drukarka (format A4 lub US Letter)<\/li>\n<li>7 arkuszy grubego papieru formatu A4 lub US Letter (190g-280g)<\/li>\n<li>Spr\u00f3buj u\u017cy\u0107 grubszego kolorowego brystolu, metalicznego papieru lub brokatowej kartki typu craft.<br \/>\nMo\u017cesz u\u017cy\u0107 dowolnego kartonu, kt\u00f3ry mo\u017cna \u0142atwo ci\u0105\u0107 i zgina\u0107.<\/li>\n<li>No\u017cyczki i n\u00f3\u017c rzemie\u015blniczy.<\/li>\n<li>Linijka i n\u00f3\u017c z t\u0119p\u0105 kraw\u0119dzi\u0105 do bigowania.<\/li>\n<li>Uniwersalny klej z cienkim aplikatorem lub ta\u015bma dwustronna.<\/li>\n<li>Troch\u0119 wolnego czasu \ud83d\ude42<\/li>\n<\/ul>\n<div class=\"is-divider divider clearfix\" style=\"max-width:100%;\"><\/div>\n\t<div id=\"text-780102424\" class=\"text\">\n\t\t\n<p class=\"thin-font alt-font\"><strong>Poziom umiej\u0119tno\u015bci:<br \/>\n<\/strong><\/p>\n\t\t\n<style>\n#text-780102424 {\n  font-size: 1.5rem;\n  line-height: 1.25;\n  color: #186e9a;\n}\n#text-780102424 > * {\n  color: #186e9a;\n}\n<\/style>\n\t<\/div>\n\t\n\n\t<section class=\"section\" id=\"section_796423333\">\n\t\t<div class=\"section-bg fill\" >\n\t\t\t<img data-recalc-dims=\"1\" loading=\"lazy\" decoding=\"async\" width=\"1020\" height=\"255\" src=\"https:\/\/i0.wp.com\/www.smagapaperwood.com\/wp-content\/uploads\/2025\/02\/skill-level-easy.png?resize=1020%2C255&#038;ssl=1\" class=\"bg attachment-original size-original\" alt=\"skill level easy\" \/>\t\t\t\t\t\t\n\t\t\t\n\n\t\t<\/div>\n\n\t\t\n\n\t\t<div class=\"section-content relative\">\n\t\t\t\n\t\t<\/div>\n\n\t\t\n<style>\n#section_796423333 {\n  padding-top: 0px;\n  padding-bottom: 0px;\n  min-height: 170px;\n}\n#section_796423333 .section-bg img {\n  object-position: 0% 48%;\n}\n<\/style>\n\t<\/section>\n\t\n<div class=\"is-divider divider clearfix\" style=\"max-width:100%;\"><\/div>\n\t<div id=\"text-1283765549\" class=\"text\">\n\t\t\n<p class=\"thin-font alt-font\"><strong>Jak zacz\u0105\u0107?<br \/>\n<\/strong><\/p>\n\t\t\n<style>\n#text-1283765549 {\n  font-size: 1.5rem;\n  line-height: 1.25;\n  color: #186e9a;\n}\n#text-1283765549 > * {\n  color: #186e9a;\n}\n<\/style>\n\t<\/div>\n\t\n<a href=\"https:\/\/www.smagapaperwood.com\/pl\/how-to-make\/\" class=\"button secondary expand\" style=\"border-radius:26px;\">\n\t\t<span>Odwied\u017a nasz\u0105 stron\u0119 \"Jak to si\u0119 robi \"<\/span>\n\t<\/a>\n\n<div class=\"is-divider divider clearfix\" style=\"max-width:100%;\"><\/div>\n<p style=\"text-align: left;\"><strong>Mo\u017cesz wykona\u0107 dowoln\u0105 liczb\u0119 kopii, ale u\u017cywaj ich do cel\u00f3w osobistych, niekomercyjnych.<\/strong><\/p>\n<p style=\"text-align: left;\"><strong>Ka\u017cde zdj\u0119cie przedstawia rzeczywisty obiekt.<\/strong><\/p>\n<p style=\"text-align: left;\"><strong>Zawsze doceniamy Wasz wk\u0142ad w postaci wskaz\u00f3wek i poprawek w wiadomo\u015bciach i opiniach. Dzi\u0119ki temu mo\u017cemy ulepsza\u0107 nasze modele i poprawia\u0107 wszelkie b\u0142\u0119dy.<\/strong><\/p>\n\n  <div class=\"banner has-hover\" id=\"banner-1127366645\">\n          <div class=\"banner-inner fill\">\n        <div class=\"banner-bg fill\" >\n                                                \n                    <\/div>\n\t\t\n        <div class=\"banner-layers container\">\n            <div class=\"fill banner-link\"><\/div>            \n   <div id=\"text-box-604318644\" class=\"text-box banner-layer x50 md-x50 lg-x50 y50 md-y50 lg-y50 res-text\">\n                                <div class=\"text-box-content text dark\">\n              \n              <div class=\"text-inner text-center\">\n                  \n<p style=\"text-align: center;\">\u00a92024 SmagaPaperwood<\/p>\n<p style=\"text-align: center;\">Wszystkie projekty s\u0105 w\u0142asno\u015bci\u0105 Moniki i Krzysztofa Smaga<\/p>\n<h5 style=\"text-align: center;\"><strong>KUPUJ\u0104C I POBIERAJ\u0104C NASZE SZABLONY, ZGADZASZ SI\u0118 NA NASZE WARUNKI.<\/strong><\/h5>\n<h5 class=\"lead\" style=\"text-align: center;\"><strong>Nasze projekty i pliki s\u0105 chronione prawami autorskimi i nie mog\u0105 by\u0107 udost\u0119pniane ani rozpowszechniane w \u017caden spos\u00f3b. Szablony i gotowe obiekty s\u0105 przeznaczone wy\u0142\u0105cznie do u\u017cytku osobistego. W przypadku ch\u0119ci wykorzystania ich do innych cel\u00f3w (np. sesje zdj\u0119ciowe, wystawy, reklama) prosimy o wcze\u015bniejszy kontakt.<\/strong> <strong>NIE U\u017bYWAJ ICH DO CEL\u00d3W KOMERCYJNYCH BEZ NASZEJ ZGODY.<\/strong><\/h5>\n              <\/div>\n           <\/div>\n                            \n<style>\n#text-box-604318644 {\n  width: 89%;\n}\n#text-box-604318644 .text-box-content {\n  font-size: 100%;\n}\n<\/style>\n    <\/div>\n \n        <\/div>\n      <\/div>\n\n            \n<style>\n#banner-1127366645 {\n  padding-top: 250px;\n}\n<\/style>\n  <\/div>","protected":false},"excerpt":{"rendered":"<h2><strong>Paper mask template.<\/strong><\/h2>\n<h3><strong>*** <\/strong><strong>Pliki cyfrowe do pobrania. <\/strong><strong>***<\/strong><\/h3>\n<p class=\"uppercase\"><strong>\u017baden fizyczny przedmiot nie zostanie wys\u0142any.<\/strong><\/p>\n<p>&nbsp;<\/p>\n<h3 class=\"uppercase\"><\/h3>","protected":false},"featured_media":2030,"template":"","meta":[],"product_brand":[],"product_cat":[136],"product_tag":[1110,973,1076,1112,1105,1101,1059,1111,1102,1098,1085,1099,972,1115,1103,970,1116,850,1092,1113,1114],"class_list":{"0":"post-2028","1":"product","2":"type-product","3":"status-publish","4":"has-post-thumbnail","6":"product_cat-paper-mask-for-adults","7":"product_tag-3d-dog-mask","8":"product_tag-animal-mask","9":"product_tag-cosplay-mask","10":"product_tag-dalmatian-mask","11":"product_tag-dalmatiner-maske","12":"product_tag-diy-dog-mask-template","13":"product_tag-diy-halloween-costume","14":"product_tag-dog-cosplay-costume","15":"product_tag-dog-mask-diy","16":"product_tag-dog-mask-papercraft","17":"product_tag-dog-mask-pattern","18":"product_tag-dog-mask-template","19":"product_tag-fancy-dress","20":"product_tag-how-to-make","21":"product_tag-hunde-maske","22":"product_tag-low-poly-mask","23":"product_tag-paper-mask-craft","24":"product_tag-papercraft-mask","25":"product_tag-printable-template","26":"product_tag-svg-files-for-cricut","27":"product_tag-things-to-do-with-paper","29":"first","30":"instock","31":"downloadable","32":"taxable","33":"shipping-taxable","34":"purchasable","35":"product-type-simple"},"yoast_head":"<!-- This site is optimized with the Yoast SEO plugin v27.4 - https:\/\/yoast.com\/product\/yoast-seo-wordpress\/ -->\n<title>Dog mask template: PDF &amp; SVG files.<\/title>\n<meta name=\"description\" content=\"Start a new paper craft project with our DIY dog mask! With this easy PDF and SVG papercraft template, you can print, cut, assemble, and wear it quickly!\" \/>\n<meta name=\"robots\" content=\"index, follow, max-snippet:-1, max-image-preview:large, max-video-preview:-1\" \/>\n<link rel=\"canonical\" href=\"https:\/\/www.smagapaperwood.com\/pl\/produkt\/dog-mask-paper-craft\/\" \/>\n<meta property=\"og:locale\" content=\"pl_PL\" \/>\n<meta property=\"og:type\" content=\"article\" \/>\n<meta property=\"og:title\" content=\"Dog mask template: PDF &amp; SVG files.\" \/>\n<meta property=\"og:description\" content=\"Start a new paper craft project with our DIY dog mask! With this easy PDF and SVG papercraft template, you can print, cut, assemble, and wear it quickly!\" \/>\n<meta property=\"og:url\" content=\"https:\/\/www.smagapaperwood.com\/pl\/produkt\/dog-mask-paper-craft\/\" \/>\n<meta property=\"og:site_name\" content=\"SmagaPaperwood\" \/>\n<meta property=\"article:publisher\" content=\"https:\/\/www.facebook.com\/SmagaPaperWood\" \/>\n<meta property=\"article:modified_time\" content=\"2025-09-13T06:06:41+00:00\" \/>\n<meta property=\"og:image\" content=\"https:\/\/www.smagapaperwood.com\/wp-content\/uploads\/2025\/03\/SmagaPaperwood-Digital-Files-Dog-mask-Adult-800x800.png\" \/>\n\t<meta property=\"og:image:width\" content=\"800\" \/>\n\t<meta property=\"og:image:height\" content=\"800\" \/>\n\t<meta property=\"og:image:type\" content=\"image\/png\" \/>\n<meta name=\"twitter:card\" content=\"summary_large_image\" \/>\n<meta name=\"twitter:label1\" content=\"Szacowany czas czytania\" \/>\n\t<meta name=\"twitter:data1\" content=\"3 minuty\" \/>\n<script type=\"application\/ld+json\" class=\"yoast-schema-graph\">{\"@context\":\"https:\\\/\\\/schema.org\",\"@graph\":[{\"@type\":\"WebPage\",\"@id\":\"https:\\\/\\\/www.smagapaperwood.com\\\/produkt\\\/dog-mask-paper-craft\\\/\",\"url\":\"https:\\\/\\\/www.smagapaperwood.com\\\/produkt\\\/dog-mask-paper-craft\\\/\",\"name\":\"Dog mask template: PDF & SVG files.\",\"isPartOf\":{\"@id\":\"https:\\\/\\\/www.smagapaperwood.com\\\/#website\"},\"primaryImageOfPage\":{\"@id\":\"https:\\\/\\\/www.smagapaperwood.com\\\/produkt\\\/dog-mask-paper-craft\\\/#primaryimage\"},\"image\":{\"@id\":\"https:\\\/\\\/www.smagapaperwood.com\\\/produkt\\\/dog-mask-paper-craft\\\/#primaryimage\"},\"thumbnailUrl\":\"https:\\\/\\\/i0.wp.com\\\/www.smagapaperwood.com\\\/wp-content\\\/uploads\\\/2025\\\/03\\\/SmagaPaperwood-Digital-Files-Dog-mask-Adult.png?fit=1500%2C1500&ssl=1\",\"datePublished\":\"2025-03-04T14:10:55+00:00\",\"dateModified\":\"2025-09-13T06:06:41+00:00\",\"description\":\"Start a new paper craft project with our DIY dog mask! With this easy PDF and SVG papercraft template, you can print, cut, assemble, and wear it quickly!\",\"breadcrumb\":{\"@id\":\"https:\\\/\\\/www.smagapaperwood.com\\\/produkt\\\/dog-mask-paper-craft\\\/#breadcrumb\"},\"inLanguage\":\"pl-PL\",\"potentialAction\":[{\"@type\":\"ReadAction\",\"target\":[\"https:\\\/\\\/www.smagapaperwood.com\\\/produkt\\\/dog-mask-paper-craft\\\/\"]}]},{\"@type\":\"ImageObject\",\"inLanguage\":\"pl-PL\",\"@id\":\"https:\\\/\\\/www.smagapaperwood.com\\\/produkt\\\/dog-mask-paper-craft\\\/#primaryimage\",\"url\":\"https:\\\/\\\/i0.wp.com\\\/www.smagapaperwood.com\\\/wp-content\\\/uploads\\\/2025\\\/03\\\/SmagaPaperwood-Digital-Files-Dog-mask-Adult.png?fit=1500%2C1500&ssl=1\",\"contentUrl\":\"https:\\\/\\\/i0.wp.com\\\/www.smagapaperwood.com\\\/wp-content\\\/uploads\\\/2025\\\/03\\\/SmagaPaperwood-Digital-Files-Dog-mask-Adult.png?fit=1500%2C1500&ssl=1\",\"width\":1500,\"height\":1500,\"caption\":\"Paper dog mask, DIY papercraft project.\"},{\"@type\":\"BreadcrumbList\",\"@id\":\"https:\\\/\\\/www.smagapaperwood.com\\\/produkt\\\/dog-mask-paper-craft\\\/#breadcrumb\",\"itemListElement\":[{\"@type\":\"ListItem\",\"position\":1,\"name\":\"Strona g\u0142\u00f3wna\",\"item\":\"https:\\\/\\\/www.smagapaperwood.com\\\/\"},{\"@type\":\"ListItem\",\"position\":2,\"name\":\"Shop\",\"item\":\"https:\\\/\\\/www.smagapaperwood.com\\\/shop-papercrafts\\\/\"},{\"@type\":\"ListItem\",\"position\":3,\"name\":\"Dog mask template: PDF &#038; SVG files.\"}]},{\"@type\":\"WebSite\",\"@id\":\"https:\\\/\\\/www.smagapaperwood.com\\\/#website\",\"url\":\"https:\\\/\\\/www.smagapaperwood.com\\\/\",\"name\":\"SmagaPaperwood\",\"description\":\"Papercraft &amp; Paper Masks Design, Easy DIY Craft Ideas.\",\"publisher\":{\"@id\":\"https:\\\/\\\/www.smagapaperwood.com\\\/#organization\"},\"potentialAction\":[{\"@type\":\"SearchAction\",\"target\":{\"@type\":\"EntryPoint\",\"urlTemplate\":\"https:\\\/\\\/www.smagapaperwood.com\\\/?s={search_term_string}\"},\"query-input\":{\"@type\":\"PropertyValueSpecification\",\"valueRequired\":true,\"valueName\":\"search_term_string\"}}],\"inLanguage\":\"pl-PL\"},{\"@type\":\"Organization\",\"@id\":\"https:\\\/\\\/www.smagapaperwood.com\\\/#organization\",\"name\":\"SmagaPaperwood\",\"url\":\"https:\\\/\\\/www.smagapaperwood.com\\\/\",\"logo\":{\"@type\":\"ImageObject\",\"inLanguage\":\"pl-PL\",\"@id\":\"https:\\\/\\\/www.smagapaperwood.com\\\/#\\\/schema\\\/logo\\\/image\\\/\",\"url\":\"https:\\\/\\\/i0.wp.com\\\/www.smagapaperwood.com\\\/wp-content\\\/uploads\\\/2023\\\/06\\\/logo-black.jpg?fit=1053%2C387&ssl=1\",\"contentUrl\":\"https:\\\/\\\/i0.wp.com\\\/www.smagapaperwood.com\\\/wp-content\\\/uploads\\\/2023\\\/06\\\/logo-black.jpg?fit=1053%2C387&ssl=1\",\"width\":1053,\"height\":387,\"caption\":\"SmagaPaperwood\"},\"image\":{\"@id\":\"https:\\\/\\\/www.smagapaperwood.com\\\/#\\\/schema\\\/logo\\\/image\\\/\"},\"sameAs\":[\"https:\\\/\\\/www.facebook.com\\\/SmagaPaperWood\",\"https:\\\/\\\/www.instagram.com\\\/smagapaperwood\\\/\"]}]}<\/script>\n<!-- \/ Yoast SEO plugin. -->","yoast_head_json":{"title":"Dog mask template: PDF & SVG files.","description":"Start a new paper craft project with our DIY dog mask! With this easy PDF and SVG papercraft template, you can print, cut, assemble, and wear it quickly!","robots":{"index":"index","follow":"follow","max-snippet":"max-snippet:-1","max-image-preview":"max-image-preview:large","max-video-preview":"max-video-preview:-1"},"canonical":"https:\/\/www.smagapaperwood.com\/pl\/produkt\/dog-mask-paper-craft\/","og_locale":"pl_PL","og_type":"article","og_title":"Dog mask template: PDF & SVG files.","og_description":"Start a new paper craft project with our DIY dog mask! With this easy PDF and SVG papercraft template, you can print, cut, assemble, and wear it quickly!","og_url":"https:\/\/www.smagapaperwood.com\/pl\/produkt\/dog-mask-paper-craft\/","og_site_name":"SmagaPaperwood","article_publisher":"https:\/\/www.facebook.com\/SmagaPaperWood","article_modified_time":"2025-09-13T06:06:41+00:00","og_image":[{"width":800,"height":800,"url":"https:\/\/www.smagapaperwood.com\/wp-content\/uploads\/2025\/03\/SmagaPaperwood-Digital-Files-Dog-mask-Adult-800x800.png","type":"image\/png"}],"twitter_card":"summary_large_image","twitter_misc":{"Szacowany czas czytania":"3 minuty"},"schema":{"@context":"https:\/\/schema.org","@graph":[{"@type":"WebPage","@id":"https:\/\/www.smagapaperwood.com\/produkt\/dog-mask-paper-craft\/","url":"https:\/\/www.smagapaperwood.com\/produkt\/dog-mask-paper-craft\/","name":"Dog mask template: PDF & SVG files.","isPartOf":{"@id":"https:\/\/www.smagapaperwood.com\/#website"},"primaryImageOfPage":{"@id":"https:\/\/www.smagapaperwood.com\/produkt\/dog-mask-paper-craft\/#primaryimage"},"image":{"@id":"https:\/\/www.smagapaperwood.com\/produkt\/dog-mask-paper-craft\/#primaryimage"},"thumbnailUrl":"https:\/\/i0.wp.com\/www.smagapaperwood.com\/wp-content\/uploads\/2025\/03\/SmagaPaperwood-Digital-Files-Dog-mask-Adult.png?fit=1500%2C1500&ssl=1","datePublished":"2025-03-04T14:10:55+00:00","dateModified":"2025-09-13T06:06:41+00:00","description":"Start a new paper craft project with our DIY dog mask! With this easy PDF and SVG papercraft template, you can print, cut, assemble, and wear it quickly!","breadcrumb":{"@id":"https:\/\/www.smagapaperwood.com\/produkt\/dog-mask-paper-craft\/#breadcrumb"},"inLanguage":"pl-PL","potentialAction":[{"@type":"ReadAction","target":["https:\/\/www.smagapaperwood.com\/produkt\/dog-mask-paper-craft\/"]}]},{"@type":"ImageObject","inLanguage":"pl-PL","@id":"https:\/\/www.smagapaperwood.com\/produkt\/dog-mask-paper-craft\/#primaryimage","url":"https:\/\/i0.wp.com\/www.smagapaperwood.com\/wp-content\/uploads\/2025\/03\/SmagaPaperwood-Digital-Files-Dog-mask-Adult.png?fit=1500%2C1500&ssl=1","contentUrl":"https:\/\/i0.wp.com\/www.smagapaperwood.com\/wp-content\/uploads\/2025\/03\/SmagaPaperwood-Digital-Files-Dog-mask-Adult.png?fit=1500%2C1500&ssl=1","width":1500,"height":1500,"caption":"Paper dog mask, DIY papercraft project."},{"@type":"BreadcrumbList","@id":"https:\/\/www.smagapaperwood.com\/produkt\/dog-mask-paper-craft\/#breadcrumb","itemListElement":[{"@type":"ListItem","position":1,"name":"Strona g\u0142\u00f3wna","item":"https:\/\/www.smagapaperwood.com\/"},{"@type":"ListItem","position":2,"name":"Shop","item":"https:\/\/www.smagapaperwood.com\/shop-papercrafts\/"},{"@type":"ListItem","position":3,"name":"Dog mask template: PDF &#038; SVG files."}]},{"@type":"WebSite","@id":"https:\/\/www.smagapaperwood.com\/#website","url":"https:\/\/www.smagapaperwood.com\/","name":"SmagaPaperwood","description":"Papercraft &amp; Paper Masks Design, Easy DIY Craft Ideas.","publisher":{"@id":"https:\/\/www.smagapaperwood.com\/#organization"},"potentialAction":[{"@type":"SearchAction","target":{"@type":"EntryPoint","urlTemplate":"https:\/\/www.smagapaperwood.com\/?s={search_term_string}"},"query-input":{"@type":"PropertyValueSpecification","valueRequired":true,"valueName":"search_term_string"}}],"inLanguage":"pl-PL"},{"@type":"Organization","@id":"https:\/\/www.smagapaperwood.com\/#organization","name":"SmagaPaperwood","url":"https:\/\/www.smagapaperwood.com\/","logo":{"@type":"ImageObject","inLanguage":"pl-PL","@id":"https:\/\/www.smagapaperwood.com\/#\/schema\/logo\/image\/","url":"https:\/\/i0.wp.com\/www.smagapaperwood.com\/wp-content\/uploads\/2023\/06\/logo-black.jpg?fit=1053%2C387&ssl=1","contentUrl":"https:\/\/i0.wp.com\/www.smagapaperwood.com\/wp-content\/uploads\/2023\/06\/logo-black.jpg?fit=1053%2C387&ssl=1","width":1053,"height":387,"caption":"SmagaPaperwood"},"image":{"@id":"https:\/\/www.smagapaperwood.com\/#\/schema\/logo\/image\/"},"sameAs":["https:\/\/www.facebook.com\/SmagaPaperWood","https:\/\/www.instagram.com\/smagapaperwood\/"]}]}},"_links":{"self":[{"href":"https:\/\/www.smagapaperwood.com\/pl\/wp-json\/wp\/v2\/product\/2028","targetHints":{"allow":["GET"]}}],"collection":[{"href":"https:\/\/www.smagapaperwood.com\/pl\/wp-json\/wp\/v2\/product"}],"about":[{"href":"https:\/\/www.smagapaperwood.com\/pl\/wp-json\/wp\/v2\/types\/product"}],"wp:featuredmedia":[{"embeddable":true,"href":"https:\/\/www.smagapaperwood.com\/pl\/wp-json\/wp\/v2\/media\/2030"}],"wp:attachment":[{"href":"https:\/\/www.smagapaperwood.com\/pl\/wp-json\/wp\/v2\/media?parent=2028"}],"wp:term":[{"taxonomy":"product_brand","embeddable":true,"href":"https:\/\/www.smagapaperwood.com\/pl\/wp-json\/wp\/v2\/product_brand?post=2028"},{"taxonomy":"product_cat","embeddable":true,"href":"https:\/\/www.smagapaperwood.com\/pl\/wp-json\/wp\/v2\/product_cat?post=2028"},{"taxonomy":"product_tag","embeddable":true,"href":"https:\/\/www.smagapaperwood.com\/pl\/wp-json\/wp\/v2\/product_tag?post=2028"}],"curies":[{"name":"wp","href":"https:\/\/api.w.org\/{rel}","templated":true}]}}