{"id":2034,"date":"2025-03-04T18:42:09","date_gmt":"2025-03-04T18:42:09","guid":{"rendered":"https:\/\/www.smagapaperwood.com\/?post_type=product&#038;p=2034"},"modified":"2025-09-13T06:06:41","modified_gmt":"2025-09-13T06:06:41","slug":"squirrel-mask-for-kids","status":"publish","type":"product","link":"https:\/\/www.smagapaperwood.com\/pl\/produkt\/squirrel-mask-for-kids\/","title":{"rendered":"Maska wiewi\u00f3rki dla dzieci: Wz\u00f3r Papercraft PDF i SVG."},"content":{"rendered":"<div id=\"text-861811740\" class=\"text\">\n\t\t\n<h2 class=\"thin-font alt-font\"><strong>Paper mask design: Invasion of cute Woodland Creatures!<\/strong><\/h2>\n\t\t\n<style>\n#text-861811740 {\n  font-size: 1.1rem;\n  line-height: 1.1;\n  color: #186e9a;\n}\n#text-861811740 > * {\n  color: #186e9a;\n}\n<\/style>\n\t<\/div>\n\t\n<p>Stw\u00f3rz uroczy kostium wiewi\u00f3rki dla siebie lub swojego dziecka na bal przebiera\u0144c\u00f3w! Dzi\u0119ki temu prostemu, ale wyj\u0105tkowemu wzorowi w formatach PDF i SVG mo\u017cesz szybko wydrukowa\u0107 lub wyci\u0105\u0107 elementy na ploterze. Pu\u015b\u0107 wodze fantazji! Idealny dla mi\u0142o\u015bnik\u00f3w le\u015bnych zwierz\u0105t w ka\u017cdym wieku!<\/p>\n<p><strong>W razie jakichkolwiek pyta\u0144, zawsze ch\u0119tnie s\u0142u\u017cymy pomoc\u0105!<\/strong><\/p>\n<a href=\"https:\/\/www.smagapaperwood.com\/pl\/elements\/pages__trashed\/contact\/\" target=\"_blank\" class=\"button secondary expand\" rel=\"noopener\" style=\"border-radius:37px;\">\n\t\t<span>MAM PYTANIE !<\/span>\n\t<\/a>\n\n<div class=\"is-divider divider clearfix\" style=\"max-width:100%;\"><\/div>\n\t<div id=\"text-3373730074\" class=\"text\">\n\t\t\n<p class=\"thin-font alt-font\"><strong>Co kupujesz? <\/strong><\/p>\n\t\t\n<style>\n#text-3373730074 {\n  font-size: 1.5rem;\n  line-height: 1.25;\n  color: #186e9a;\n}\n#text-3373730074 > * {\n  color: #186e9a;\n}\n<\/style>\n\t<\/div>\n\t\n<div class=\"row\"  id=\"row-731125514\">\n\n\t<div id=\"col-1413236259\" class=\"col medium-6 small-12 large-6\"  >\n\t\t\t\t<div class=\"col-inner\"  >\n\t\t\t\n\t\t\t\n\t<div class=\"img has-hover x md-x lg-x y md-y lg-y\" id=\"image_282595527\">\n\t\t\t\t\t\t\t\t<div class=\"img-inner dark\" >\n\t\t\t<img loading=\"lazy\" decoding=\"async\" width=\"1134\" height=\"850\" src=\"https:\/\/i0.wp.com\/www.smagapaperwood.com\/wp-content\/uploads\/2025\/03\/Squirrel-half-mask-by-SmagaPaperwood.jpg?fit=1134%2C850&amp;ssl=1\" class=\"attachment-1536x1536 size-1536x1536\" alt=\"\" srcset=\"https:\/\/i0.wp.com\/www.smagapaperwood.com\/wp-content\/uploads\/2025\/03\/Squirrel-half-mask-by-SmagaPaperwood.jpg?w=1134&amp;ssl=1 1134w, https:\/\/i0.wp.com\/www.smagapaperwood.com\/wp-content\/uploads\/2025\/03\/Squirrel-half-mask-by-SmagaPaperwood.jpg?resize=534%2C400&amp;ssl=1 534w, https:\/\/i0.wp.com\/www.smagapaperwood.com\/wp-content\/uploads\/2025\/03\/Squirrel-half-mask-by-SmagaPaperwood.jpg?resize=1067%2C800&amp;ssl=1 1067w, https:\/\/i0.wp.com\/www.smagapaperwood.com\/wp-content\/uploads\/2025\/03\/Squirrel-half-mask-by-SmagaPaperwood.jpg?resize=768%2C576&amp;ssl=1 768w, https:\/\/i0.wp.com\/www.smagapaperwood.com\/wp-content\/uploads\/2025\/03\/Squirrel-half-mask-by-SmagaPaperwood.jpg?resize=16%2C12&amp;ssl=1 16w, https:\/\/i0.wp.com\/www.smagapaperwood.com\/wp-content\/uploads\/2025\/03\/Squirrel-half-mask-by-SmagaPaperwood.jpg?resize=900%2C675&amp;ssl=1 900w\" sizes=\"auto, (max-width: 1020px) 100vw, 1020px\" \/>\t\t\t\t\t\t\n\t\t\t\t\t<\/div>\n\t\t\t\t\t\t\t\t\n<style>\n#image_282595527 {\n  width: 100%;\n}\n<\/style>\n\t<\/div>\n\t\n\t\t<\/div>\n\t\t\t\t\t<\/div>\n\n\t\n\n\t<div id=\"col-920105215\" class=\"col medium-6 small-12 large-6\"  >\n\t\t\t\t<div class=\"col-inner\"  >\n\t\t\t\n\t\t\t\n\t<div id=\"text-2091579489\" class=\"text\">\n\t\t\n<h4><strong>Wraz z zakupem otrzymasz dost\u0119p do:<\/strong><\/h4>\n<ul>\n<li>\n<h4>Natychmiastowego pobrania plik\u00f3w PDF i SVG z bia\u0142ymi szablonami, kompatybilnymi z papierem A4 i US LETTER.<\/h4>\n<\/li>\n<li>\n<h4>Ilustrowane instrukcje krok po kroku, w j\u0119zyku angielskim.<\/h4>\n<\/li>\n<li>\n<h4>Nasz\u0105 pomoc zawsze, gdy jej potrzebujesz \ud83d\ude42<\/h4>\n<\/li>\n<\/ul>\n\t\t\n<style>\n#text-2091579489 {\n  font-size: 1.1rem;\n  line-height: 1.55;\n}\n<\/style>\n\t<\/div>\n\t\n\t\t<\/div>\n\t\t\t\t\t<\/div>\n\n\t\n<\/div>\n<div class=\"is-divider divider clearfix\" style=\"max-width:100%;\"><\/div>\n\t<div id=\"text-3853440847\" class=\"text\">\n\t\t\n<p class=\"thin-font alt-font\"><strong>Rozmiar:<\/strong><\/p>\n\t\t\n<style>\n#text-3853440847 {\n  font-size: 1.5rem;\n  line-height: 1.25;\n  color: #186e9a;\n}\n#text-3853440847 > * {\n  color: #186e9a;\n}\n<\/style>\n\t<\/div>\n\t\n\t<div id=\"text-3040648481\" class=\"text\">\n\t\t\n<h3><strong>Ten wz\u00f3r jest w rozmiarze dzieci\u0119cym.<\/strong><\/h3>\n\t\t\n<style>\n#text-3040648481 {\n  font-size: 1rem;\n}\n<\/style>\n\t<\/div>\n\t\n<div class=\"is-divider divider clearfix\" style=\"max-width:100%;\"><\/div>\n\t<div id=\"text-3774682119\" class=\"text\">\n\t\t\n<p class=\"thin-font alt-font\"><strong>Narz\u0119dzia i materia\u0142y:<\/strong><\/p>\n\t\t\n<style>\n#text-3774682119 {\n  font-size: 1.5rem;\n  line-height: 1.25;\n  color: #186e9a;\n}\n#text-3774682119 > * {\n  color: #186e9a;\n}\n<\/style>\n\t<\/div>\n\t\n<ul>\n<li>Drukarka (format A4 lub US Letter)<\/li>\n<li>4 arkuszy grubego papieru formatu A4 lub US Letter (190g-280g)<\/li>\n<li>Spr\u00f3buj u\u017cy\u0107 grubszego kolorowego brystolu, metalicznego papieru lub brokatowej kartki typu craft.<br \/>\nMo\u017cesz u\u017cy\u0107 dowolnego kartonu, kt\u00f3ry mo\u017cna \u0142atwo ci\u0105\u0107 i zgina\u0107.<\/li>\n<li>No\u017cyczki i n\u00f3\u017c rzemie\u015blniczy.<\/li>\n<li>Linijka i n\u00f3\u017c z t\u0119p\u0105 kraw\u0119dzi\u0105 do bigowania.<\/li>\n<li>Uniwersalny klej z cienkim aplikatorem lub ta\u015bma dwustronna.<\/li>\n<li>Troch\u0119 wolnego czasu \ud83d\ude42<\/li>\n<\/ul>\n<div class=\"is-divider divider clearfix\" style=\"max-width:100%;\"><\/div>\n\t<div id=\"text-2356737613\" class=\"text\">\n\t\t\n<p class=\"thin-font alt-font\"><strong>Poziom umiej\u0119tno\u015bci:<br \/>\n<\/strong><\/p>\n\t\t\n<style>\n#text-2356737613 {\n  font-size: 1.5rem;\n  line-height: 1.25;\n  color: #186e9a;\n}\n#text-2356737613 > * {\n  color: #186e9a;\n}\n<\/style>\n\t<\/div>\n\t\n\n\t<section class=\"section\" id=\"section_1190466726\">\n\t\t<div class=\"section-bg fill\" >\n\t\t\t<img data-recalc-dims=\"1\" loading=\"lazy\" decoding=\"async\" width=\"1020\" height=\"255\" src=\"https:\/\/i0.wp.com\/www.smagapaperwood.com\/wp-content\/uploads\/2025\/02\/skill-level-easy.png?resize=1020%2C255&#038;ssl=1\" class=\"bg attachment-original size-original\" alt=\"skill level easy\" \/>\t\t\t\t\t\t\n\t\t\t\n\n\t\t<\/div>\n\n\t\t\n\n\t\t<div class=\"section-content relative\">\n\t\t\t\n\t\t<\/div>\n\n\t\t\n<style>\n#section_1190466726 {\n  padding-top: 0px;\n  padding-bottom: 0px;\n  min-height: 170px;\n}\n#section_1190466726 .section-bg img {\n  object-position: 0% 48%;\n}\n<\/style>\n\t<\/section>\n\t\n<div class=\"is-divider divider clearfix\" style=\"max-width:100%;\"><\/div>\n\t<div id=\"text-2358833451\" class=\"text\">\n\t\t\n<p class=\"thin-font alt-font\"><strong>Jak zacz\u0105\u0107?<br \/>\n<\/strong><\/p>\n\t\t\n<style>\n#text-2358833451 {\n  font-size: 1.5rem;\n  line-height: 1.25;\n  color: #186e9a;\n}\n#text-2358833451 > * {\n  color: #186e9a;\n}\n<\/style>\n\t<\/div>\n\t\n<a href=\"https:\/\/www.smagapaperwood.com\/pl\/how-to-make\/\" class=\"button secondary expand\" style=\"border-radius:26px;\">\n\t\t<span>Odwied\u017a nasz\u0105 stron\u0119 \"Jak to si\u0119 robi \"<\/span>\n\t<\/a>\n\n<div class=\"is-divider divider clearfix\" style=\"max-width:100%;\"><\/div>\n<p><strong>Mo\u017cesz wykona\u0107 dowoln\u0105 liczb\u0119 kopii, ale u\u017cywaj ich do cel\u00f3w osobistych, niekomercyjnych.<\/strong><\/p>\n<p><strong>Ka\u017cde zdj\u0119cie przedstawia rzeczywisty obiekt.<\/strong><\/p>\n<p><strong>Zawsze doceniamy Wasz wk\u0142ad w postaci wskaz\u00f3wek i poprawek w wiadomo\u015bciach i opiniach. Dzi\u0119ki temu mo\u017cemy ulepsza\u0107 nasze modele i poprawia\u0107 wszelkie b\u0142\u0119dy.<\/strong><\/p>\n\n  <div class=\"banner has-hover\" id=\"banner-146768848\">\n          <div class=\"banner-inner fill\">\n        <div class=\"banner-bg fill\" >\n                                                \n                    <\/div>\n\t\t\n        <div class=\"banner-layers container\">\n            <div class=\"fill banner-link\"><\/div>            \n   <div id=\"text-box-849106140\" class=\"text-box banner-layer x50 md-x50 lg-x50 y50 md-y50 lg-y50 res-text\">\n                                <div class=\"text-box-content text dark\">\n              \n              <div class=\"text-inner text-center\">\n                  \n<h5 style=\"text-align: center;\"><strong>\u00a92024 SmagaPaperwood<\/strong><\/h5>\n<p style=\"text-align: center;\">Wszystkie projekty s\u0105 w\u0142asno\u015bci\u0105 Moniki i Krzysztofa Smaga<\/p>\n<h5 style=\"text-align: center;\"><strong>KUPUJ\u0104C I POBIERAJ\u0104C NASZE SZABLONY, ZGADZASZ SI\u0118 NA NASZE WARUNKI.<\/strong><\/h5>\n<h5 class=\"lead\" style=\"text-align: center;\"><strong>Nasze projekty i pliki s\u0105 chronione prawami autorskimi i nie mog\u0105 by\u0107 udost\u0119pniane ani rozpowszechniane w \u017caden spos\u00f3b. Szablony i gotowe obiekty s\u0105 przeznaczone wy\u0142\u0105cznie do u\u017cytku osobistego. W przypadku ch\u0119ci wykorzystania ich do innych cel\u00f3w (np. sesje zdj\u0119ciowe, wystawy, reklama) prosimy o wcze\u015bniejszy kontakt.<\/strong> <strong>NIE U\u017bYWAJ ICH DO CEL\u00d3W KOMERCYJNYCH BEZ NASZEJ ZGODY.<\/strong><\/h5>\n              <\/div>\n           <\/div>\n                            \n<style>\n#text-box-849106140 {\n  width: 89%;\n}\n#text-box-849106140 .text-box-content {\n  font-size: 100%;\n}\n<\/style>\n    <\/div>\n \n        <\/div>\n      <\/div>\n\n            \n<style>\n#banner-146768848 {\n  padding-top: 250px;\n}\n<\/style>\n  <\/div>","protected":false},"excerpt":{"rendered":"<h2><strong>Paper mask template.<\/strong><\/h2>\n<h3><strong>*** <\/strong><strong>Pliki cyfrowe do pobrania. <\/strong><strong>***<\/strong><\/h3>\n<p class=\"uppercase\"><strong>\u017baden fizyczny przedmiot nie zostanie wys\u0142any.<\/strong><\/p>\n<h3 class=\"uppercase\"><\/h3>","protected":false},"featured_media":2035,"template":"","meta":[],"product_brand":[],"product_cat":[121],"product_tag":[1119,979,981,1091,1117,1059,1106,972,295,212,970,843,1118,150,871,850,851,1092,1108,1114],"class_list":{"0":"post-2034","1":"product","2":"type-product","3":"status-publish","4":"has-post-thumbnail","6":"product_cat-masks-for-kids","7":"product_tag-3d-animal-mask","8":"product_tag-3d-mask","9":"product_tag-card-mask","10":"product_tag-cosplay-costume","11":"product_tag-cute-squirrel-mask","12":"product_tag-diy-halloween-costume","13":"product_tag-dress-up-party","14":"product_tag-fancy-dress","15":"product_tag-festival_mask","16":"product_tag-halloween_mask","17":"product_tag-low-poly-mask","18":"product_tag-make-your-own","19":"product_tag-mask-design","20":"product_tag-maska-zwierzeca","21":"product_tag-paper-mask","22":"product_tag-papercraft-mask","23":"product_tag-printable-mask","24":"product_tag-printable-template","25":"product_tag-squirrel-pattern","26":"product_tag-things-to-do-with-paper","28":"first","29":"instock","30":"downloadable","31":"taxable","32":"shipping-taxable","33":"purchasable","34":"product-type-simple"},"yoast_head":"<!-- This site is optimized with the Yoast SEO plugin v27.4 - https:\/\/yoast.com\/product\/yoast-seo-wordpress\/ -->\n<title>Squirrel mask for Kids: Papercraft digital files | SmagaPaperwood<\/title>\n<meta name=\"description\" content=\"Make a cute squirrel mask for your child&#039;s animal costume. With this easy template, you can quickly print, cut, assemble and wear!\" \/>\n<meta name=\"robots\" content=\"index, follow, max-snippet:-1, max-image-preview:large, max-video-preview:-1\" \/>\n<link rel=\"canonical\" href=\"https:\/\/www.smagapaperwood.com\/pl\/produkt\/squirrel-mask-for-kids\/\" \/>\n<meta property=\"og:locale\" content=\"pl_PL\" \/>\n<meta property=\"og:type\" content=\"article\" \/>\n<meta property=\"og:title\" content=\"Squirrel mask for Kids: Papercraft digital files | SmagaPaperwood\" \/>\n<meta property=\"og:description\" content=\"Make a cute squirrel mask for your child&#039;s animal costume. With this easy template, you can quickly print, cut, assemble and wear!\" \/>\n<meta property=\"og:url\" content=\"https:\/\/www.smagapaperwood.com\/pl\/produkt\/squirrel-mask-for-kids\/\" \/>\n<meta property=\"og:site_name\" content=\"SmagaPaperwood\" \/>\n<meta property=\"article:publisher\" content=\"https:\/\/www.facebook.com\/SmagaPaperWood\" \/>\n<meta property=\"article:modified_time\" content=\"2025-09-13T06:06:41+00:00\" \/>\n<meta property=\"og:image\" content=\"https:\/\/www.smagapaperwood.com\/wp-content\/uploads\/2025\/03\/SmagaPaperwood-Squirrell-mask.png\" \/>\n\t<meta property=\"og:image:width\" content=\"1500\" \/>\n\t<meta property=\"og:image:height\" content=\"1500\" \/>\n\t<meta property=\"og:image:type\" content=\"image\/png\" \/>\n<meta name=\"twitter:card\" content=\"summary_large_image\" \/>\n<meta name=\"twitter:label1\" content=\"Szacowany czas czytania\" \/>\n\t<meta name=\"twitter:data1\" content=\"3 minuty\" \/>\n<script type=\"application\/ld+json\" class=\"yoast-schema-graph\">{\"@context\":\"https:\\\/\\\/schema.org\",\"@graph\":[{\"@type\":\"WebPage\",\"@id\":\"https:\\\/\\\/www.smagapaperwood.com\\\/produkt\\\/squirrel-mask-for-kids\\\/\",\"url\":\"https:\\\/\\\/www.smagapaperwood.com\\\/produkt\\\/squirrel-mask-for-kids\\\/\",\"name\":\"Squirrel mask for Kids: Papercraft digital files | SmagaPaperwood\",\"isPartOf\":{\"@id\":\"https:\\\/\\\/www.smagapaperwood.com\\\/#website\"},\"primaryImageOfPage\":{\"@id\":\"https:\\\/\\\/www.smagapaperwood.com\\\/produkt\\\/squirrel-mask-for-kids\\\/#primaryimage\"},\"image\":{\"@id\":\"https:\\\/\\\/www.smagapaperwood.com\\\/produkt\\\/squirrel-mask-for-kids\\\/#primaryimage\"},\"thumbnailUrl\":\"https:\\\/\\\/i0.wp.com\\\/www.smagapaperwood.com\\\/wp-content\\\/uploads\\\/2025\\\/03\\\/SmagaPaperwood-Squirrell-mask.png?fit=1500%2C1500&ssl=1\",\"datePublished\":\"2025-03-04T18:42:09+00:00\",\"dateModified\":\"2025-09-13T06:06:41+00:00\",\"description\":\"Make a cute squirrel mask for your child's animal costume. With this easy template, you can quickly print, cut, assemble and wear!\",\"breadcrumb\":{\"@id\":\"https:\\\/\\\/www.smagapaperwood.com\\\/produkt\\\/squirrel-mask-for-kids\\\/#breadcrumb\"},\"inLanguage\":\"pl-PL\",\"potentialAction\":[{\"@type\":\"ReadAction\",\"target\":[\"https:\\\/\\\/www.smagapaperwood.com\\\/produkt\\\/squirrel-mask-for-kids\\\/\"]}]},{\"@type\":\"ImageObject\",\"inLanguage\":\"pl-PL\",\"@id\":\"https:\\\/\\\/www.smagapaperwood.com\\\/produkt\\\/squirrel-mask-for-kids\\\/#primaryimage\",\"url\":\"https:\\\/\\\/i0.wp.com\\\/www.smagapaperwood.com\\\/wp-content\\\/uploads\\\/2025\\\/03\\\/SmagaPaperwood-Squirrell-mask.png?fit=1500%2C1500&ssl=1\",\"contentUrl\":\"https:\\\/\\\/i0.wp.com\\\/www.smagapaperwood.com\\\/wp-content\\\/uploads\\\/2025\\\/03\\\/SmagaPaperwood-Squirrell-mask.png?fit=1500%2C1500&ssl=1\",\"width\":1500,\"height\":1500,\"caption\":\"Girl in orange paper mask of a squirrell\"},{\"@type\":\"BreadcrumbList\",\"@id\":\"https:\\\/\\\/www.smagapaperwood.com\\\/produkt\\\/squirrel-mask-for-kids\\\/#breadcrumb\",\"itemListElement\":[{\"@type\":\"ListItem\",\"position\":1,\"name\":\"Strona g\u0142\u00f3wna\",\"item\":\"https:\\\/\\\/www.smagapaperwood.com\\\/\"},{\"@type\":\"ListItem\",\"position\":2,\"name\":\"Shop\",\"item\":\"https:\\\/\\\/www.smagapaperwood.com\\\/shop-papercrafts\\\/\"},{\"@type\":\"ListItem\",\"position\":3,\"name\":\"Squirrel mask for Kids: Papercraft PDF and SVG pattern.\"}]},{\"@type\":\"WebSite\",\"@id\":\"https:\\\/\\\/www.smagapaperwood.com\\\/#website\",\"url\":\"https:\\\/\\\/www.smagapaperwood.com\\\/\",\"name\":\"SmagaPaperwood\",\"description\":\"Papercraft &amp; Paper Masks Design, Easy DIY Craft Ideas.\",\"publisher\":{\"@id\":\"https:\\\/\\\/www.smagapaperwood.com\\\/#organization\"},\"potentialAction\":[{\"@type\":\"SearchAction\",\"target\":{\"@type\":\"EntryPoint\",\"urlTemplate\":\"https:\\\/\\\/www.smagapaperwood.com\\\/?s={search_term_string}\"},\"query-input\":{\"@type\":\"PropertyValueSpecification\",\"valueRequired\":true,\"valueName\":\"search_term_string\"}}],\"inLanguage\":\"pl-PL\"},{\"@type\":\"Organization\",\"@id\":\"https:\\\/\\\/www.smagapaperwood.com\\\/#organization\",\"name\":\"SmagaPaperwood\",\"url\":\"https:\\\/\\\/www.smagapaperwood.com\\\/\",\"logo\":{\"@type\":\"ImageObject\",\"inLanguage\":\"pl-PL\",\"@id\":\"https:\\\/\\\/www.smagapaperwood.com\\\/#\\\/schema\\\/logo\\\/image\\\/\",\"url\":\"https:\\\/\\\/i0.wp.com\\\/www.smagapaperwood.com\\\/wp-content\\\/uploads\\\/2023\\\/06\\\/logo-black.jpg?fit=1053%2C387&ssl=1\",\"contentUrl\":\"https:\\\/\\\/i0.wp.com\\\/www.smagapaperwood.com\\\/wp-content\\\/uploads\\\/2023\\\/06\\\/logo-black.jpg?fit=1053%2C387&ssl=1\",\"width\":1053,\"height\":387,\"caption\":\"SmagaPaperwood\"},\"image\":{\"@id\":\"https:\\\/\\\/www.smagapaperwood.com\\\/#\\\/schema\\\/logo\\\/image\\\/\"},\"sameAs\":[\"https:\\\/\\\/www.facebook.com\\\/SmagaPaperWood\",\"https:\\\/\\\/www.instagram.com\\\/smagapaperwood\\\/\"]}]}<\/script>\n<!-- \/ Yoast SEO plugin. -->","yoast_head_json":{"title":"Squirrel mask for Kids: Papercraft digital files | SmagaPaperwood","description":"Make a cute squirrel mask for your child's animal costume. With this easy template, you can quickly print, cut, assemble and wear!","robots":{"index":"index","follow":"follow","max-snippet":"max-snippet:-1","max-image-preview":"max-image-preview:large","max-video-preview":"max-video-preview:-1"},"canonical":"https:\/\/www.smagapaperwood.com\/pl\/produkt\/squirrel-mask-for-kids\/","og_locale":"pl_PL","og_type":"article","og_title":"Squirrel mask for Kids: Papercraft digital files | SmagaPaperwood","og_description":"Make a cute squirrel mask for your child's animal costume. With this easy template, you can quickly print, cut, assemble and wear!","og_url":"https:\/\/www.smagapaperwood.com\/pl\/produkt\/squirrel-mask-for-kids\/","og_site_name":"SmagaPaperwood","article_publisher":"https:\/\/www.facebook.com\/SmagaPaperWood","article_modified_time":"2025-09-13T06:06:41+00:00","og_image":[{"width":1500,"height":1500,"url":"https:\/\/www.smagapaperwood.com\/wp-content\/uploads\/2025\/03\/SmagaPaperwood-Squirrell-mask.png","type":"image\/png"}],"twitter_card":"summary_large_image","twitter_misc":{"Szacowany czas czytania":"3 minuty"},"schema":{"@context":"https:\/\/schema.org","@graph":[{"@type":"WebPage","@id":"https:\/\/www.smagapaperwood.com\/produkt\/squirrel-mask-for-kids\/","url":"https:\/\/www.smagapaperwood.com\/produkt\/squirrel-mask-for-kids\/","name":"Squirrel mask for Kids: Papercraft digital files | SmagaPaperwood","isPartOf":{"@id":"https:\/\/www.smagapaperwood.com\/#website"},"primaryImageOfPage":{"@id":"https:\/\/www.smagapaperwood.com\/produkt\/squirrel-mask-for-kids\/#primaryimage"},"image":{"@id":"https:\/\/www.smagapaperwood.com\/produkt\/squirrel-mask-for-kids\/#primaryimage"},"thumbnailUrl":"https:\/\/i0.wp.com\/www.smagapaperwood.com\/wp-content\/uploads\/2025\/03\/SmagaPaperwood-Squirrell-mask.png?fit=1500%2C1500&ssl=1","datePublished":"2025-03-04T18:42:09+00:00","dateModified":"2025-09-13T06:06:41+00:00","description":"Make a cute squirrel mask for your child's animal costume. With this easy template, you can quickly print, cut, assemble and wear!","breadcrumb":{"@id":"https:\/\/www.smagapaperwood.com\/produkt\/squirrel-mask-for-kids\/#breadcrumb"},"inLanguage":"pl-PL","potentialAction":[{"@type":"ReadAction","target":["https:\/\/www.smagapaperwood.com\/produkt\/squirrel-mask-for-kids\/"]}]},{"@type":"ImageObject","inLanguage":"pl-PL","@id":"https:\/\/www.smagapaperwood.com\/produkt\/squirrel-mask-for-kids\/#primaryimage","url":"https:\/\/i0.wp.com\/www.smagapaperwood.com\/wp-content\/uploads\/2025\/03\/SmagaPaperwood-Squirrell-mask.png?fit=1500%2C1500&ssl=1","contentUrl":"https:\/\/i0.wp.com\/www.smagapaperwood.com\/wp-content\/uploads\/2025\/03\/SmagaPaperwood-Squirrell-mask.png?fit=1500%2C1500&ssl=1","width":1500,"height":1500,"caption":"Girl in orange paper mask of a squirrell"},{"@type":"BreadcrumbList","@id":"https:\/\/www.smagapaperwood.com\/produkt\/squirrel-mask-for-kids\/#breadcrumb","itemListElement":[{"@type":"ListItem","position":1,"name":"Strona g\u0142\u00f3wna","item":"https:\/\/www.smagapaperwood.com\/"},{"@type":"ListItem","position":2,"name":"Shop","item":"https:\/\/www.smagapaperwood.com\/shop-papercrafts\/"},{"@type":"ListItem","position":3,"name":"Squirrel mask for Kids: Papercraft PDF and SVG pattern."}]},{"@type":"WebSite","@id":"https:\/\/www.smagapaperwood.com\/#website","url":"https:\/\/www.smagapaperwood.com\/","name":"SmagaPaperwood","description":"Papercraft &amp; Paper Masks Design, Easy DIY Craft Ideas.","publisher":{"@id":"https:\/\/www.smagapaperwood.com\/#organization"},"potentialAction":[{"@type":"SearchAction","target":{"@type":"EntryPoint","urlTemplate":"https:\/\/www.smagapaperwood.com\/?s={search_term_string}"},"query-input":{"@type":"PropertyValueSpecification","valueRequired":true,"valueName":"search_term_string"}}],"inLanguage":"pl-PL"},{"@type":"Organization","@id":"https:\/\/www.smagapaperwood.com\/#organization","name":"SmagaPaperwood","url":"https:\/\/www.smagapaperwood.com\/","logo":{"@type":"ImageObject","inLanguage":"pl-PL","@id":"https:\/\/www.smagapaperwood.com\/#\/schema\/logo\/image\/","url":"https:\/\/i0.wp.com\/www.smagapaperwood.com\/wp-content\/uploads\/2023\/06\/logo-black.jpg?fit=1053%2C387&ssl=1","contentUrl":"https:\/\/i0.wp.com\/www.smagapaperwood.com\/wp-content\/uploads\/2023\/06\/logo-black.jpg?fit=1053%2C387&ssl=1","width":1053,"height":387,"caption":"SmagaPaperwood"},"image":{"@id":"https:\/\/www.smagapaperwood.com\/#\/schema\/logo\/image\/"},"sameAs":["https:\/\/www.facebook.com\/SmagaPaperWood","https:\/\/www.instagram.com\/smagapaperwood\/"]}]}},"_links":{"self":[{"href":"https:\/\/www.smagapaperwood.com\/pl\/wp-json\/wp\/v2\/product\/2034","targetHints":{"allow":["GET"]}}],"collection":[{"href":"https:\/\/www.smagapaperwood.com\/pl\/wp-json\/wp\/v2\/product"}],"about":[{"href":"https:\/\/www.smagapaperwood.com\/pl\/wp-json\/wp\/v2\/types\/product"}],"wp:featuredmedia":[{"embeddable":true,"href":"https:\/\/www.smagapaperwood.com\/pl\/wp-json\/wp\/v2\/media\/2035"}],"wp:attachment":[{"href":"https:\/\/www.smagapaperwood.com\/pl\/wp-json\/wp\/v2\/media?parent=2034"}],"wp:term":[{"taxonomy":"product_brand","embeddable":true,"href":"https:\/\/www.smagapaperwood.com\/pl\/wp-json\/wp\/v2\/product_brand?post=2034"},{"taxonomy":"product_cat","embeddable":true,"href":"https:\/\/www.smagapaperwood.com\/pl\/wp-json\/wp\/v2\/product_cat?post=2034"},{"taxonomy":"product_tag","embeddable":true,"href":"https:\/\/www.smagapaperwood.com\/pl\/wp-json\/wp\/v2\/product_tag?post=2034"}],"curies":[{"name":"wp","href":"https:\/\/api.w.org\/{rel}","templated":true}]}}