{"id":2274,"date":"2025-03-18T07:08:28","date_gmt":"2025-03-18T07:08:28","guid":{"rendered":"https:\/\/www.smagapaperwood.com\/?post_type=product&#038;p=2274"},"modified":"2025-09-13T06:06:41","modified_gmt":"2025-09-13T06:06:41","slug":"crow-paper-craft","status":"publish","type":"product","link":"https:\/\/www.smagapaperwood.com\/pl\/produkt\/crow-paper-craft\/","title":{"rendered":"CROW PAPER CRAFT"},"content":{"rendered":"<div id=\"text-3427024361\" class=\"text\">\n\t\t\n<h2><strong>Spooky 3D Papercraft Crow: DIY Halloween Decor &amp; Paper Craft Fun!<\/strong><\/h2>\n\t\t\n<style>\n#text-3427024361 {\n  font-size: 1.2rem;\n  line-height: 1.25;\n  color: #186e9a;\n}\n#text-3427024361 > * {\n  color: #186e9a;\n}\n<\/style>\n\t<\/div>\n\t\n<p>Did you know that Crows can recognize human faces, hold grudges, and even teach their friends who to avoid! <\/p>\n<p>Create a striking 3D paper crow with this papercraft crow template! Perfect for Halloween decor or year-round display, this DIY project lets you craft with paper to make a unique papercraft bird. Download the PDF and SVG files and enjoy making your paper craft art, ideal for creative crafters and spooky decor lovers!<\/p>\n<p><strong>W razie jakichkolwiek pyta\u0144, zawsze ch\u0119tnie s\u0142u\u017cymy pomoc\u0105!<\/strong><\/p>\n<a href=\"https:\/\/www.smagapaperwood.com\/pl\/papercraft-paper-craft\/contact-smagapaperwood\/\" target=\"_blank\" class=\"button secondary expand\" rel=\"noopener\" style=\"border-radius:37px;\">\n\t\t<span>MAM PYTANIE !<\/span>\n\t<\/a>\n\n<div class=\"is-divider divider clearfix\" style=\"max-width:100%;\"><\/div>\n\t<div id=\"text-614539533\" class=\"text\">\n\t\t\n<h2><strong>Co kupujesz? <\/strong><\/h2>\n\t\t\n<style>\n#text-614539533 {\n  font-size: 1.2rem;\n  line-height: 1.25;\n  color: #186e9a;\n}\n#text-614539533 > * {\n  color: #186e9a;\n}\n<\/style>\n\t<\/div>\n\t\n<div class=\"row\"  id=\"row-75755979\">\n\n\t<div id=\"col-576162431\" class=\"col medium-6 small-12 large-6\"  >\n\t\t\t\t<div class=\"col-inner\"  >\n\t\t\t\n\t\t\t\n\t<div class=\"img has-hover x md-x lg-x y md-y lg-y\" id=\"image_808591111\">\n\t\t\t\t\t\t\t\t<div class=\"img-inner dark\" >\n\t\t\t<img loading=\"lazy\" decoding=\"async\" width=\"768\" height=\"644\" src=\"https:\/\/i0.wp.com\/www.smagapaperwood.com\/wp-content\/uploads\/2025\/03\/Digital-Dowload-SmagaPaperwood3.png?fit=768%2C644&amp;ssl=1\" class=\"attachment-medium_large size-medium_large\" alt=\"\" srcset=\"https:\/\/i0.wp.com\/www.smagapaperwood.com\/wp-content\/uploads\/2025\/03\/Digital-Dowload-SmagaPaperwood3.png?w=940&amp;ssl=1 940w, https:\/\/i0.wp.com\/www.smagapaperwood.com\/wp-content\/uploads\/2025\/03\/Digital-Dowload-SmagaPaperwood3.png?resize=477%2C400&amp;ssl=1 477w, https:\/\/i0.wp.com\/www.smagapaperwood.com\/wp-content\/uploads\/2025\/03\/Digital-Dowload-SmagaPaperwood3.png?resize=768%2C644&amp;ssl=1 768w, https:\/\/i0.wp.com\/www.smagapaperwood.com\/wp-content\/uploads\/2025\/03\/Digital-Dowload-SmagaPaperwood3.png?resize=14%2C12&amp;ssl=1 14w, https:\/\/i0.wp.com\/www.smagapaperwood.com\/wp-content\/uploads\/2025\/03\/Digital-Dowload-SmagaPaperwood3.png?resize=900%2C754&amp;ssl=1 900w\" sizes=\"auto, (max-width: 768px) 100vw, 768px\" \/>\t\t\t\t\t\t\n\t\t\t\t\t<\/div>\n\t\t\t\t\t\t\t\t\n<style>\n#image_808591111 {\n  width: 100%;\n}\n<\/style>\n\t<\/div>\n\t\n\t\t<\/div>\n\t\t\t\t\t<\/div>\n\n\t\n\n\t<div id=\"col-639175116\" class=\"col medium-6 small-12 large-6\"  >\n\t\t\t\t<div class=\"col-inner\"  >\n\t\t\t\n\t\t\t\n\t<div id=\"text-3023064516\" class=\"text\">\n\t\t\n<p><strong>Wraz z zakupem otrzymasz dost\u0119p do:<\/strong><\/p>\n<ul>\n<li>Natychmiastowego pobrania plik\u00f3w PDF i SVG z bia\u0142ymi szablonami, kompatybilnymi z papierem A4 i US LETTER.<\/li>\n<li>Illustrated step-by-step instructions in English and Polish.<\/li>\n<li>Nasz\u0105 pomoc zawsze, gdy jej potrzebujesz \ud83d\ude42<\/li>\n<\/ul>\n\t\t\n<style>\n#text-3023064516 {\n  font-size: 1.2rem;\n  line-height: 1.55;\n}\n<\/style>\n\t<\/div>\n\t\n<div class=\"is-divider divider clearfix\" style=\"max-width:100%;\"><\/div>\n\t<div id=\"gap-875696685\" class=\"gap-element clearfix\" style=\"display:block; height:auto;\">\n\t\t\n<style>\n#gap-875696685 {\n  padding-top: 40px;\n}\n<\/style>\n\t<\/div>\n\t\n\t<div id=\"text-4189396420\" class=\"text\">\n\t\t\n<h2><strong>Wi\u0119cej papierowych ptak\u00f3w:<\/strong><\/h2>\n\t\t\n<style>\n#text-4189396420 {\n  font-size: 1.2rem;\n  line-height: 1.25;\n  color: #186e9a;\n}\n#text-4189396420 > * {\n  color: #186e9a;\n}\n<\/style>\n\t<\/div>\n\t\n<a href=\"http:\/\/www.smagapaperwood.com\/pl\/kategoria-produktu\/paper-craft-birds\/\" target=\"_blank\" class=\"button secondary expand\" rel=\"noopener\" style=\"border-radius:37px;\">\n\t\t<span>Wi\u0119cej wzor\u00f3w ptak\u00f3w znajdziesz tutaj.<\/span>\n\t<\/a>\n\n\t\t<\/div>\n\t\t\t\t\t<\/div>\n\n\t\n<\/div>\n<div class=\"is-divider divider clearfix\" style=\"max-width:100%;\"><\/div>\n\t<div id=\"text-2105467666\" class=\"text\">\n\t\t\n<h2><strong>Wideo tutorial: <\/strong><\/h2>\n\t\t\n<style>\n#text-2105467666 {\n  font-size: 1.2rem;\n  line-height: 1.25;\n  color: #186e9a;\n}\n#text-2105467666 > * {\n  color: #186e9a;\n}\n<\/style>\n\t<\/div>\n\t\n\n\t<section class=\"section\" id=\"section_5926243\">\n\t\t<div class=\"section-bg fill\" >\n\t\t\t<img data-recalc-dims=\"1\" loading=\"lazy\" decoding=\"async\" width=\"900\" height=\"900\" src=\"https:\/\/i0.wp.com\/www.smagapaperwood.com\/wp-content\/uploads\/2025\/03\/Crow-papercraft-bird-tutorial-SmagaPaperwood-Digital-Files.jpg?resize=900%2C900&#038;ssl=1\" class=\"bg attachment-original size-original\" alt=\"\" \/>\t\t\t\t\t\t\n\t\t\t\n\n\t\t<\/div>\n\n\t\t\n\n\t\t<div class=\"section-content relative\">\n\t\t\t\n<a href=\"https:\/\/www.youtube.com\/watch?v=lSV_GSkVNQc\" class=\"button primary is-large box-shadow-3 expand\" style=\"border-radius:99px;\">\n\t\t<span>Video tutorial<\/span>\n\t<\/a>\n\n\t\t<\/div>\n\n\t\t\n<style>\n#section_5926243 {\n  padding-top: 0px;\n  padding-bottom: 0px;\n  min-height: 370px;\n}\n#section_5926243 .section-bg img {\n  object-position: 53% 38%;\n}\n<\/style>\n\t<\/section>\n\t\n<div class=\"is-divider divider clearfix\" style=\"max-width:100%;\"><\/div>\n\t<div id=\"text-3231183456\" class=\"text\">\n\t\t\n<h2><strong>Narz\u0119dzia i materia\u0142y:<\/strong><\/h2>\n\t\t\n<style>\n#text-3231183456 {\n  font-size: 1.2rem;\n  line-height: 1.25;\n  color: #186e9a;\n}\n#text-3231183456 > * {\n  color: #186e9a;\n}\n<\/style>\n\t<\/div>\n\t\n<ul>\n<li>Domowa drukarka (format A4 lub US Letter)<\/li>\n<li>4 arkuszy grubego papieru formatu A4 lub US Letter (190g-280g)<\/li>\n<\/ul>\n<p>Spr\u00f3buj u\u017cy\u0107 grubszego kolorowego brystolu, metalicznego papieru lub brokatowej kartki typu craft.<br \/>\nMo\u017cesz u\u017cy\u0107 dowolnego kartonu, kt\u00f3ry mo\u017cna \u0142atwo ci\u0105\u0107 i zgina\u0107.<\/p>\n<ul>\n<li>No\u017cyczki i n\u00f3\u017c rzemie\u015blniczy.<\/li>\n<li>Linijka i n\u00f3\u017c z t\u0119p\u0105 kraw\u0119dzi\u0105 do bigowania.<\/li>\n<li>Uniwersalny klej z cienkim aplikatorem lub ta\u015bma dwustronna.<\/li>\n<li>Troch\u0119 wolnego czasu \ud83d\ude42<\/li>\n<\/ul>\n<div class=\"is-divider divider clearfix\" style=\"max-width:100%;\"><\/div>\n\t<div id=\"text-2219946064\" class=\"text\">\n\t\t\n<h2><strong>Poziom umiej\u0119tno\u015bci manualnych: <\/strong><\/h2>\n\t\t\n<style>\n#text-2219946064 {\n  font-size: 1.2rem;\n  line-height: 1.25;\n  color: #186e9a;\n}\n#text-2219946064 > * {\n  color: #186e9a;\n}\n<\/style>\n\t<\/div>\n\t\n\n\t<section class=\"section\" id=\"section_227030801\">\n\t\t<div class=\"section-bg fill\" >\n\t\t\t<img data-recalc-dims=\"1\" loading=\"lazy\" decoding=\"async\" width=\"1000\" height=\"250\" src=\"https:\/\/i0.wp.com\/www.smagapaperwood.com\/wp-content\/uploads\/2025\/02\/skill-lever-medium.jpg?resize=1000%2C250&#038;ssl=1\" class=\"bg attachment-original size-original\" alt=\"\" \/>\t\t\t\t\t\t\n\t\t\t\n\n\t\t<\/div>\n\n\t\t\n\n\t\t<div class=\"section-content relative\">\n\t\t\t\n\t\t<\/div>\n\n\t\t\n<style>\n#section_227030801 {\n  padding-top: 0px;\n  padding-bottom: 0px;\n  min-height: 170px;\n}\n#section_227030801 .section-bg img {\n  object-position: 0% 48%;\n}\n<\/style>\n\t<\/section>\n\t\n<div class=\"is-divider divider clearfix\" style=\"max-width:100%;\"><\/div>\n\t<div id=\"text-2381138632\" class=\"text\">\n\t\t\n<h2><strong>Jak prozpocz\u0105\u0107: <\/strong><\/h2>\n\t\t\n<style>\n#text-2381138632 {\n  font-size: 1.2rem;\n  line-height: 1.25;\n  color: #186e9a;\n}\n#text-2381138632 > * {\n  color: #186e9a;\n}\n<\/style>\n\t<\/div>\n\t\n<a href=\"https:\/\/www.smagapaperwood.com\/pl\/how-to-make\/\" class=\"button secondary expand\" style=\"border-radius:26px;\">\n\t\t<span>Odwied\u017a nasz\u0105 stron\u0119 \"Jak to si\u0119 robi \"<\/span>\n\t<\/a>\n\n<div class=\"is-divider divider clearfix\" style=\"max-width:100%;\"><\/div>\n\t<div id=\"text-1645667403\" class=\"text\">\n\t\t\n<p class=\"uppercase\"><strong>KUPUJ\u0104C I POBIERAJ\u0104C NASZE SZABLONY, ZGADZASZ SI\u0118 NA NASZE WARUNKI.<\/strong><\/p>\n<ul>\n<li><strong>Mo\u017cesz wykona\u0107 dowoln\u0105 liczb\u0119 kopii, ale u\u017cywaj ich do cel\u00f3w osobistych, niekomercyjnych.<\/strong><\/li>\n<li><strong>Nasze projekty i pliki s\u0105 chronione prawami autorskimi i nie mog\u0105 by\u0107 udost\u0119pniane ani rozpowszechniane w \u017caden spos\u00f3b. Szablony i gotowe obiekty s\u0105 przeznaczone wy\u0142\u0105cznie do u\u017cytku osobistego. W przypadku ch\u0119ci wykorzystania ich do innych cel\u00f3w (np. sesje zdj\u0119ciowe, wystawy, reklama) prosimy o wcze\u015bniejszy kontakt.<\/strong><\/li>\n<li><strong>NIE U\u017bYWAJ ICH DO CEL\u00d3W KOMERCYJNYCH BEZ NASZEJ ZGODY.<\/strong><\/li>\n<\/ul>\n\t\t\n<style>\n#text-1645667403 {\n  font-size: 1.1rem;\n  line-height: 1.25;\n  text-align: left;\n  color: rgb(26, 30, 31);\n}\n#text-1645667403 > * {\n  color: rgb(26, 30, 31);\n}\n<\/style>\n\t<\/div>","protected":false},"excerpt":{"rendered":"<h2><strong>Szablon papierowego ptaka.<\/strong><\/h2>\n<h3>Pobranie cyfrowe<\/h3>\n<p class=\"uppercase\">\u017caden fizyczny przedmiot nie zostanie wys\u0142any.<\/p>","protected":false},"featured_media":2286,"template":"","meta":[],"product_brand":[],"product_cat":[135,62],"product_tag":[1127,1067,1125,1126,512,1120,1131,992,1130,994,139,843,1128,1129,1121,1124,287,850,851,1092,882,1114],"class_list":{"0":"post-2274","1":"product","2":"type-product","3":"status-publish","4":"has-post-thumbnail","6":"product_cat-paper-craft-art","7":"product_cat-paper-craft-birds","8":"product_tag-3d-papercraft-bird","9":"product_tag-bird-lover-gift","10":"product_tag-bird-paper-craft","11":"product_tag-bird-papercraft","12":"product_tag-blue_tit","13":"product_tag-craft-with-paper","14":"product_tag-crow-paper-sculpture","15":"product_tag-crow-papercraft","16":"product_tag-halloween-decor","17":"product_tag-low-poly-bird","18":"product_tag-low-poly-papercraft","19":"product_tag-make-your-own","20":"product_tag-paper-bird-mobile","21":"product_tag-paper-bird-pattern","22":"product_tag-paper-craft","23":"product_tag-paper-craft-ideas","24":"product_tag-papercraft","25":"product_tag-papercraft-mask","26":"product_tag-printable-mask","27":"product_tag-printable-template","28":"product_tag-ptak-3d","29":"product_tag-things-to-do-with-paper","31":"first","32":"instock","33":"downloadable","34":"taxable","35":"shipping-taxable","36":"purchasable","37":"product-type-simple"},"yoast_head":"<!-- This site is optimized with the Yoast SEO plugin v27.4 - https:\/\/yoast.com\/product\/yoast-seo-wordpress\/ -->\n<title>Crow Papercraft: 3d easy paper bird craft.<\/title>\n<meta name=\"description\" content=\"Make a 3D papercraft crow with this DIY craft! Perfect for Halloween decor or year-round display. Download the PDF &amp; SVG template to craft with paper today!\" \/>\n<meta name=\"robots\" content=\"index, follow, max-snippet:-1, max-image-preview:large, max-video-preview:-1\" \/>\n<link rel=\"canonical\" href=\"https:\/\/www.smagapaperwood.com\/pl\/produkt\/crow-paper-craft\/\" \/>\n<meta property=\"og:locale\" content=\"pl_PL\" \/>\n<meta property=\"og:type\" content=\"article\" \/>\n<meta property=\"og:title\" content=\"Crow Papercraft: 3d easy paper bird craft.\" \/>\n<meta property=\"og:description\" content=\"Make a 3D papercraft crow with this DIY craft! Perfect for Halloween decor or year-round display. Download the PDF &amp; SVG template to craft with paper today!\" \/>\n<meta property=\"og:url\" content=\"https:\/\/www.smagapaperwood.com\/pl\/produkt\/crow-paper-craft\/\" \/>\n<meta property=\"og:site_name\" content=\"SmagaPaperwood\" \/>\n<meta property=\"article:publisher\" content=\"https:\/\/www.facebook.com\/SmagaPaperWood\" \/>\n<meta property=\"article:modified_time\" content=\"2025-09-13T06:06:41+00:00\" \/>\n<meta property=\"og:image\" content=\"https:\/\/www.smagapaperwood.com\/wp-content\/uploads\/2025\/03\/Crow-papercraft-SmagaPaperwood-Digital-Files.png\" \/>\n\t<meta property=\"og:image:width\" content=\"1500\" \/>\n\t<meta property=\"og:image:height\" content=\"1500\" \/>\n\t<meta property=\"og:image:type\" content=\"image\/png\" \/>\n<meta name=\"twitter:card\" content=\"summary_large_image\" \/>\n<meta name=\"twitter:label1\" content=\"Szacowany czas czytania\" \/>\n\t<meta name=\"twitter:data1\" content=\"3 minuty\" \/>\n<script type=\"application\/ld+json\" class=\"yoast-schema-graph\">{\"@context\":\"https:\\\/\\\/schema.org\",\"@graph\":[{\"@type\":\"WebPage\",\"@id\":\"https:\\\/\\\/www.smagapaperwood.com\\\/produkt\\\/crow-paper-craft\\\/\",\"url\":\"https:\\\/\\\/www.smagapaperwood.com\\\/produkt\\\/crow-paper-craft\\\/\",\"name\":\"Crow Papercraft: 3d easy paper bird craft.\",\"isPartOf\":{\"@id\":\"https:\\\/\\\/www.smagapaperwood.com\\\/#website\"},\"primaryImageOfPage\":{\"@id\":\"https:\\\/\\\/www.smagapaperwood.com\\\/produkt\\\/crow-paper-craft\\\/#primaryimage\"},\"image\":{\"@id\":\"https:\\\/\\\/www.smagapaperwood.com\\\/produkt\\\/crow-paper-craft\\\/#primaryimage\"},\"thumbnailUrl\":\"https:\\\/\\\/i0.wp.com\\\/www.smagapaperwood.com\\\/wp-content\\\/uploads\\\/2025\\\/03\\\/Crow-papercraft-SmagaPaperwood-Digital-Files.png?fit=1500%2C1500&ssl=1\",\"datePublished\":\"2025-03-18T07:08:28+00:00\",\"dateModified\":\"2025-09-13T06:06:41+00:00\",\"description\":\"Make a 3D papercraft crow with this DIY craft! Perfect for Halloween decor or year-round display. Download the PDF & SVG template to craft with paper today!\",\"breadcrumb\":{\"@id\":\"https:\\\/\\\/www.smagapaperwood.com\\\/produkt\\\/crow-paper-craft\\\/#breadcrumb\"},\"inLanguage\":\"pl-PL\",\"potentialAction\":[{\"@type\":\"ReadAction\",\"target\":[\"https:\\\/\\\/www.smagapaperwood.com\\\/produkt\\\/crow-paper-craft\\\/\"]}]},{\"@type\":\"ImageObject\",\"inLanguage\":\"pl-PL\",\"@id\":\"https:\\\/\\\/www.smagapaperwood.com\\\/produkt\\\/crow-paper-craft\\\/#primaryimage\",\"url\":\"https:\\\/\\\/i0.wp.com\\\/www.smagapaperwood.com\\\/wp-content\\\/uploads\\\/2025\\\/03\\\/Crow-papercraft-SmagaPaperwood-Digital-Files.png?fit=1500%2C1500&ssl=1\",\"contentUrl\":\"https:\\\/\\\/i0.wp.com\\\/www.smagapaperwood.com\\\/wp-content\\\/uploads\\\/2025\\\/03\\\/Crow-papercraft-SmagaPaperwood-Digital-Files.png?fit=1500%2C1500&ssl=1\",\"width\":1500,\"height\":1500,\"caption\":\"Geometric papercraft crow in mid-flight, crafted from black and gray paper. The bird features angular, faceted wings and a streamlined body, giving it a striking, modern look. Designed as a DIY printable template for assembly.\"},{\"@type\":\"BreadcrumbList\",\"@id\":\"https:\\\/\\\/www.smagapaperwood.com\\\/produkt\\\/crow-paper-craft\\\/#breadcrumb\",\"itemListElement\":[{\"@type\":\"ListItem\",\"position\":1,\"name\":\"Strona g\u0142\u00f3wna\",\"item\":\"https:\\\/\\\/www.smagapaperwood.com\\\/\"},{\"@type\":\"ListItem\",\"position\":2,\"name\":\"Shop\",\"item\":\"https:\\\/\\\/www.smagapaperwood.com\\\/shop-papercrafts\\\/\"},{\"@type\":\"ListItem\",\"position\":3,\"name\":\"CROW PAPER CRAFT\"}]},{\"@type\":\"WebSite\",\"@id\":\"https:\\\/\\\/www.smagapaperwood.com\\\/#website\",\"url\":\"https:\\\/\\\/www.smagapaperwood.com\\\/\",\"name\":\"SmagaPaperwood\",\"description\":\"Papercraft &amp; Paper Masks Design, Easy DIY Craft Ideas.\",\"publisher\":{\"@id\":\"https:\\\/\\\/www.smagapaperwood.com\\\/#organization\"},\"potentialAction\":[{\"@type\":\"SearchAction\",\"target\":{\"@type\":\"EntryPoint\",\"urlTemplate\":\"https:\\\/\\\/www.smagapaperwood.com\\\/?s={search_term_string}\"},\"query-input\":{\"@type\":\"PropertyValueSpecification\",\"valueRequired\":true,\"valueName\":\"search_term_string\"}}],\"inLanguage\":\"pl-PL\"},{\"@type\":\"Organization\",\"@id\":\"https:\\\/\\\/www.smagapaperwood.com\\\/#organization\",\"name\":\"SmagaPaperwood\",\"url\":\"https:\\\/\\\/www.smagapaperwood.com\\\/\",\"logo\":{\"@type\":\"ImageObject\",\"inLanguage\":\"pl-PL\",\"@id\":\"https:\\\/\\\/www.smagapaperwood.com\\\/#\\\/schema\\\/logo\\\/image\\\/\",\"url\":\"https:\\\/\\\/i0.wp.com\\\/www.smagapaperwood.com\\\/wp-content\\\/uploads\\\/2023\\\/06\\\/logo-black.jpg?fit=1053%2C387&ssl=1\",\"contentUrl\":\"https:\\\/\\\/i0.wp.com\\\/www.smagapaperwood.com\\\/wp-content\\\/uploads\\\/2023\\\/06\\\/logo-black.jpg?fit=1053%2C387&ssl=1\",\"width\":1053,\"height\":387,\"caption\":\"SmagaPaperwood\"},\"image\":{\"@id\":\"https:\\\/\\\/www.smagapaperwood.com\\\/#\\\/schema\\\/logo\\\/image\\\/\"},\"sameAs\":[\"https:\\\/\\\/www.facebook.com\\\/SmagaPaperWood\",\"https:\\\/\\\/www.instagram.com\\\/smagapaperwood\\\/\"]}]}<\/script>\n<!-- \/ Yoast SEO plugin. -->","yoast_head_json":{"title":"Crow Papercraft: 3d easy paper bird craft.","description":"Make a 3D papercraft crow with this DIY craft! Perfect for Halloween decor or year-round display. Download the PDF & SVG template to craft with paper today!","robots":{"index":"index","follow":"follow","max-snippet":"max-snippet:-1","max-image-preview":"max-image-preview:large","max-video-preview":"max-video-preview:-1"},"canonical":"https:\/\/www.smagapaperwood.com\/pl\/produkt\/crow-paper-craft\/","og_locale":"pl_PL","og_type":"article","og_title":"Crow Papercraft: 3d easy paper bird craft.","og_description":"Make a 3D papercraft crow with this DIY craft! Perfect for Halloween decor or year-round display. Download the PDF & SVG template to craft with paper today!","og_url":"https:\/\/www.smagapaperwood.com\/pl\/produkt\/crow-paper-craft\/","og_site_name":"SmagaPaperwood","article_publisher":"https:\/\/www.facebook.com\/SmagaPaperWood","article_modified_time":"2025-09-13T06:06:41+00:00","og_image":[{"width":1500,"height":1500,"url":"https:\/\/www.smagapaperwood.com\/wp-content\/uploads\/2025\/03\/Crow-papercraft-SmagaPaperwood-Digital-Files.png","type":"image\/png"}],"twitter_card":"summary_large_image","twitter_misc":{"Szacowany czas czytania":"3 minuty"},"schema":{"@context":"https:\/\/schema.org","@graph":[{"@type":"WebPage","@id":"https:\/\/www.smagapaperwood.com\/produkt\/crow-paper-craft\/","url":"https:\/\/www.smagapaperwood.com\/produkt\/crow-paper-craft\/","name":"Crow Papercraft: 3d easy paper bird craft.","isPartOf":{"@id":"https:\/\/www.smagapaperwood.com\/#website"},"primaryImageOfPage":{"@id":"https:\/\/www.smagapaperwood.com\/produkt\/crow-paper-craft\/#primaryimage"},"image":{"@id":"https:\/\/www.smagapaperwood.com\/produkt\/crow-paper-craft\/#primaryimage"},"thumbnailUrl":"https:\/\/i0.wp.com\/www.smagapaperwood.com\/wp-content\/uploads\/2025\/03\/Crow-papercraft-SmagaPaperwood-Digital-Files.png?fit=1500%2C1500&ssl=1","datePublished":"2025-03-18T07:08:28+00:00","dateModified":"2025-09-13T06:06:41+00:00","description":"Make a 3D papercraft crow with this DIY craft! Perfect for Halloween decor or year-round display. Download the PDF & SVG template to craft with paper today!","breadcrumb":{"@id":"https:\/\/www.smagapaperwood.com\/produkt\/crow-paper-craft\/#breadcrumb"},"inLanguage":"pl-PL","potentialAction":[{"@type":"ReadAction","target":["https:\/\/www.smagapaperwood.com\/produkt\/crow-paper-craft\/"]}]},{"@type":"ImageObject","inLanguage":"pl-PL","@id":"https:\/\/www.smagapaperwood.com\/produkt\/crow-paper-craft\/#primaryimage","url":"https:\/\/i0.wp.com\/www.smagapaperwood.com\/wp-content\/uploads\/2025\/03\/Crow-papercraft-SmagaPaperwood-Digital-Files.png?fit=1500%2C1500&ssl=1","contentUrl":"https:\/\/i0.wp.com\/www.smagapaperwood.com\/wp-content\/uploads\/2025\/03\/Crow-papercraft-SmagaPaperwood-Digital-Files.png?fit=1500%2C1500&ssl=1","width":1500,"height":1500,"caption":"Geometric papercraft crow in mid-flight, crafted from black and gray paper. The bird features angular, faceted wings and a streamlined body, giving it a striking, modern look. Designed as a DIY printable template for assembly."},{"@type":"BreadcrumbList","@id":"https:\/\/www.smagapaperwood.com\/produkt\/crow-paper-craft\/#breadcrumb","itemListElement":[{"@type":"ListItem","position":1,"name":"Strona g\u0142\u00f3wna","item":"https:\/\/www.smagapaperwood.com\/"},{"@type":"ListItem","position":2,"name":"Shop","item":"https:\/\/www.smagapaperwood.com\/shop-papercrafts\/"},{"@type":"ListItem","position":3,"name":"CROW PAPER CRAFT"}]},{"@type":"WebSite","@id":"https:\/\/www.smagapaperwood.com\/#website","url":"https:\/\/www.smagapaperwood.com\/","name":"SmagaPaperwood","description":"Papercraft &amp; Paper Masks Design, Easy DIY Craft Ideas.","publisher":{"@id":"https:\/\/www.smagapaperwood.com\/#organization"},"potentialAction":[{"@type":"SearchAction","target":{"@type":"EntryPoint","urlTemplate":"https:\/\/www.smagapaperwood.com\/?s={search_term_string}"},"query-input":{"@type":"PropertyValueSpecification","valueRequired":true,"valueName":"search_term_string"}}],"inLanguage":"pl-PL"},{"@type":"Organization","@id":"https:\/\/www.smagapaperwood.com\/#organization","name":"SmagaPaperwood","url":"https:\/\/www.smagapaperwood.com\/","logo":{"@type":"ImageObject","inLanguage":"pl-PL","@id":"https:\/\/www.smagapaperwood.com\/#\/schema\/logo\/image\/","url":"https:\/\/i0.wp.com\/www.smagapaperwood.com\/wp-content\/uploads\/2023\/06\/logo-black.jpg?fit=1053%2C387&ssl=1","contentUrl":"https:\/\/i0.wp.com\/www.smagapaperwood.com\/wp-content\/uploads\/2023\/06\/logo-black.jpg?fit=1053%2C387&ssl=1","width":1053,"height":387,"caption":"SmagaPaperwood"},"image":{"@id":"https:\/\/www.smagapaperwood.com\/#\/schema\/logo\/image\/"},"sameAs":["https:\/\/www.facebook.com\/SmagaPaperWood","https:\/\/www.instagram.com\/smagapaperwood\/"]}]}},"_links":{"self":[{"href":"https:\/\/www.smagapaperwood.com\/pl\/wp-json\/wp\/v2\/product\/2274","targetHints":{"allow":["GET"]}}],"collection":[{"href":"https:\/\/www.smagapaperwood.com\/pl\/wp-json\/wp\/v2\/product"}],"about":[{"href":"https:\/\/www.smagapaperwood.com\/pl\/wp-json\/wp\/v2\/types\/product"}],"wp:featuredmedia":[{"embeddable":true,"href":"https:\/\/www.smagapaperwood.com\/pl\/wp-json\/wp\/v2\/media\/2286"}],"wp:attachment":[{"href":"https:\/\/www.smagapaperwood.com\/pl\/wp-json\/wp\/v2\/media?parent=2274"}],"wp:term":[{"taxonomy":"product_brand","embeddable":true,"href":"https:\/\/www.smagapaperwood.com\/pl\/wp-json\/wp\/v2\/product_brand?post=2274"},{"taxonomy":"product_cat","embeddable":true,"href":"https:\/\/www.smagapaperwood.com\/pl\/wp-json\/wp\/v2\/product_cat?post=2274"},{"taxonomy":"product_tag","embeddable":true,"href":"https:\/\/www.smagapaperwood.com\/pl\/wp-json\/wp\/v2\/product_tag?post=2274"}],"curies":[{"name":"wp","href":"https:\/\/api.w.org\/{rel}","templated":true}]}}