{"id":855,"date":"2023-06-30T10:55:15","date_gmt":"2023-06-30T10:55:15","guid":{"rendered":"https:\/\/www.smagapaperwood.com\/?post_type=product&#038;p=855"},"modified":"2025-02-24T15:10:24","modified_gmt":"2025-02-24T15:10:24","slug":"horse-head-papercraft","status":"publish","type":"product","link":"https:\/\/www.smagapaperwood.com\/pl\/produkt\/horse-head-papercraft\/","title":{"rendered":"Horse head: 3d papercraft, paper sculpture."},"content":{"rendered":"<p><strong>This 3D horse head papercraft is perfect for any experienced paper crafter! <\/strong><strong>It offers a higher level of complexity and a more realistic result. Once you download the files, you&#8217;ll receive an instant digital download package with a template and illustrated step-by-step assembly instructions. All you need to assemble this realistic 3D papercraft horse model is a printer, paper, scissors, and glue. Get creative and try different types of paper and techniques! You&#8217;ll love the results.<\/strong><\/p>\n<div class=\"is-divider divider clearfix\" style=\"max-width:100%;\"><\/div>\n\t<div id=\"text-3252907677\" class=\"text\">\n\t\t\n<p class=\"thin-font alt-font\"><strong>Co kupujesz?<br \/>\n<\/strong><\/p>\n\t\t\n<style>\n#text-3252907677 {\n  font-size: 1.3rem;\n  line-height: 1.25;\n  color: #186e9a;\n}\n#text-3252907677 > * {\n  color: #186e9a;\n}\n<\/style>\n\t<\/div>\n\t\n<p>Wraz z zakupem otrzymasz dost\u0119p do:<br \/>\n&#8212; Instant download of PDF files with WHITE templates, COMPATIBLE WITH A4 PAPER AND US LETTER.<br \/>\n- Ilustrowane instrukcje krok po kroku, w j\u0119zyku angielskim.<br \/>\n- Nasza pomoc zawsze, gdy jej potrzebujesz \ud83d\ude42<\/p>\n<div class=\"is-divider divider clearfix\" style=\"max-width:100%;\"><\/div>\n\t<div id=\"text-63866935\" class=\"text\">\n\t\t\n<p class=\"thin-font alt-font\"><strong>Domensions:<br \/>\n<\/strong><\/p>\n\t\t\n<style>\n#text-63866935 {\n  font-size: 1.3rem;\n  line-height: 1.25;\n  color: #186e9a;\n}\n#text-63866935 > * {\n  color: #186e9a;\n}\n<\/style>\n\t<\/div>\n\t\n<p>&#8212; Height: 52 cm \/ 20.5 inches<br \/>\n&#8212; Width: 24 cm \/ 9.5 inches<br \/>\n&#8212; Depth: 44 cm \/ 17.3 inches<\/p>\n<div class=\"is-divider divider clearfix\" style=\"max-width:100%;\"><\/div>\n\t<div id=\"text-995366590\" class=\"text\">\n\t\t\n<p class=\"thin-font alt-font\"><strong>Narz\u0119dzia i materia\u0142y:<\/strong><\/p>\n\t\t\n<style>\n#text-995366590 {\n  font-size: 1.3rem;\n  line-height: 1.25;\n  color: #186e9a;\n}\n#text-995366590 > * {\n  color: #186e9a;\n}\n<\/style>\n\t<\/div>\n\t\n<p>- Drukarka (format A4 lub US Letter)<br \/>\n&#8212; 21 sheets of A4 or US Letter paper or cardboard (180gsm-240gsm)<br \/>\nSpr\u00f3buj u\u017cy\u0107 grubszego kolorowego brystolu, metalicznego papieru lub brokatowej kartki typu craft.<br \/>\nMo\u017cesz u\u017cy\u0107 dowolnego kartonu, kt\u00f3ry mo\u017cna \u0142atwo ci\u0105\u0107 i zgina\u0107.<br \/>\n- No\u017cyczki i n\u00f3\u017c rzemie\u015blniczy.<br \/>\n- Linijka i n\u00f3\u017c z t\u0119p\u0105 kraw\u0119dzi\u0105 do bigowania.<br \/>\n- Uniwersalny klej z cienkim aplikatorem lub ta\u015bma dwustronna.<br \/>\n- Troch\u0119 wolnego czasu \ud83d\ude42<\/p>\n<div class=\"is-divider divider clearfix\" style=\"max-width:100%;\"><\/div>\n\t<div id=\"text-3569965536\" class=\"text\">\n\t\t\n<p class=\"thin-font alt-font\"><strong>Poziom umiej\u0119tno\u015bci:<br \/>\n<\/strong><\/p>\n\t\t\n<style>\n#text-3569965536 {\n  font-size: 1.3rem;\n  line-height: 1.25;\n  color: #186e9a;\n}\n#text-3569965536 > * {\n  color: #186e9a;\n}\n<\/style>\n\t<\/div>\n\t\n<p>&#8212; Medium<br \/>\n&#8212; TAKES ABOUT 5-8 HOURS<br \/>\n&#8212; The pattern is ready to print on both A4 and US Letter size paper, use the actual size option in your printer preferences.<\/p>\n<div class=\"is-divider divider clearfix\" style=\"max-width:100%;\"><\/div>\n\t<div id=\"text-2477184356\" class=\"text\">\n\t\t\n<p class=\"thin-font alt-font\"><strong>Jak zacz\u0105\u0107?<br \/>\n<\/strong><\/p>\n\t\t\n<style>\n#text-2477184356 {\n  font-size: 1.3rem;\n  line-height: 1.25;\n  color: #186e9a;\n}\n#text-2477184356 > * {\n  color: #186e9a;\n}\n<\/style>\n\t<\/div>\n\t\n<a href=\"https:\/\/www.smagapaperwood.com\/pl\/how-to-make\/\" class=\"button primary\" >\n\t\t<span>Odwied\u017a nasz\u0105 stron\u0119 \"Jak to si\u0119 robi \"<\/span>\n\t<\/a>\n\n<div class=\"is-divider divider clearfix\" style=\"max-width:100%;\"><\/div>\n<p>You can make as many copies as you like, but please use them for personal, non-profit purposes. Our sculptures are made on paper several times before they are ready. Each photo shows the actual object.<\/p>\n<p>WE ALWAYS TAKE INTO ACCOUNT ANY SUGGESTIONS AND CORRECTIONS YOU MAKE IN YOUR MESSAGES AND REVIEWS, SO WE ARE CONSTANTLY IMPROVING OUR MODELS AND CORRECTING ANY ERRORS THAT MAY OCCUR.<\/p>\n<p>\u00a92024 SmagaPaperwood<\/p>\n<p>Wszystkie projekty s\u0105 w\u0142asno\u015bci\u0105 Moniki i Krzysztofa Smaga<\/p>\n\n  <div class=\"banner has-hover\" id=\"banner-253314069\">\n          <div class=\"banner-inner fill\">\n        <div class=\"banner-bg fill\" >\n                                                \n                    <\/div>\n\t\t\n        <div class=\"banner-layers container\">\n            <div class=\"fill banner-link\"><\/div>            \n   <div id=\"text-box-1275198364\" class=\"text-box banner-layer x50 md-x50 lg-x50 y50 md-y50 lg-y50 res-text\">\n                                <div class=\"text-box-content text dark\">\n              \n              <div class=\"text-inner text-center\">\n                  \n<h5><strong>KUPUJ\u0104C I POBIERAJ\u0104C NASZE SZABLONY, ZGADZASZ SI\u0118 NA NASZE WARUNKI.<\/strong><\/h5>\n<h5 class=\"lead\"><strong>Nasze projekty i pliki s\u0105 chronione prawami autorskimi i nie mog\u0105 by\u0107 udost\u0119pniane ani rozpowszechniane w \u017caden spos\u00f3b. Szablony i gotowe obiekty s\u0105 przeznaczone wy\u0142\u0105cznie do u\u017cytku osobistego. W przypadku ch\u0119ci wykorzystania ich do innych cel\u00f3w (np. sesje zdj\u0119ciowe, wystawy, reklama) prosimy o wcze\u015bniejszy kontakt.<\/strong> <strong>NIE U\u017bYWAJ ICH DO CEL\u00d3W KOMERCYJNYCH BEZ NASZEJ ZGODY.<\/strong><\/h5>\n              <\/div>\n           <\/div>\n                            \n<style>\n#text-box-1275198364 {\n  width: 89%;\n}\n#text-box-1275198364 .text-box-content {\n  font-size: 100%;\n}\n<\/style>\n    <\/div>\n \n        <\/div>\n      <\/div>\n\n            \n<style>\n#banner-253314069 {\n  padding-top: 150px;\n}\n<\/style>\n  <\/div>","protected":false},"excerpt":{"rendered":"<p><strong>Paper animal template. PDF file.<br \/>\n<\/strong><\/p>\n<h1 class=\"uppercase\"><strong>Pobranie cyfrowe<\/strong><\/h1>","protected":false},"featured_media":1774,"template":"","meta":[],"product_brand":[],"product_cat":[135],"product_tag":[155,250,251,252,1030,586,1027,193,253,254,432,255,256,197,199,257,1028,1029,258,259],"class_list":{"0":"post-855","1":"product","2":"type-product","3":"status-publish","4":"has-post-thumbnail","6":"product_cat-paper-craft-art","7":"product_tag-3d_horse_wall_art","8":"product_tag-3d_paper_art","9":"product_tag-3d_papercraft","10":"product_tag-3d_wall_art","11":"product_tag-animal-trophy-paper","12":"product_tag-arabian_horse","13":"product_tag-diy-papercraft","14":"product_tag-equestrian_decor","15":"product_tag-farmhouse_wall_decor","16":"product_tag-gift_for_horse_lover","17":"product_tag-horse_bust","18":"product_tag-horse_decor","19":"product_tag-horse_gifts","20":"product_tag-horse_head","21":"product_tag-horse_papercraft","22":"product_tag-instant_download","23":"product_tag-low-poly-horse","24":"product_tag-paper-animal","25":"product_tag-paper_trophy","26":"product_tag-wall_hanging","28":"first","29":"instock","30":"downloadable","31":"taxable","32":"shipping-taxable","33":"purchasable","34":"product-type-simple"},"yoast_head":"<!-- This site is optimized with the Yoast SEO plugin v27.3 - https:\/\/yoast.com\/product\/yoast-seo-wordpress\/ -->\n<title>Horse head: 3d papercraft, paper sculpture. - SmagaPaperwood<\/title>\n<meta name=\"robots\" content=\"index, follow, max-snippet:-1, max-image-preview:large, max-video-preview:-1\" \/>\n<link rel=\"canonical\" href=\"https:\/\/www.smagapaperwood.com\/pl\/produkt\/horse-head-papercraft\/\" \/>\n<meta property=\"og:locale\" content=\"pl_PL\" \/>\n<meta property=\"og:type\" content=\"article\" \/>\n<meta property=\"og:title\" content=\"Horse head: 3d papercraft, paper sculpture. - SmagaPaperwood\" \/>\n<meta property=\"og:description\" content=\"Paper animal template. PDF file.  DIGITAL DOWNLOAD\" \/>\n<meta property=\"og:url\" content=\"https:\/\/www.smagapaperwood.com\/pl\/produkt\/horse-head-papercraft\/\" \/>\n<meta property=\"og:site_name\" content=\"SmagaPaperwood\" \/>\n<meta property=\"article:publisher\" content=\"https:\/\/www.facebook.com\/SmagaPaperWood\" \/>\n<meta property=\"article:modified_time\" content=\"2025-02-24T15:10:24+00:00\" \/>\n<meta property=\"og:image\" content=\"https:\/\/www.smagapaperwood.com\/wp-content\/uploads\/2023\/06\/SmagaPaperwood-Digital-Files.png\" \/>\n\t<meta property=\"og:image:width\" content=\"1500\" \/>\n\t<meta property=\"og:image:height\" content=\"1500\" \/>\n\t<meta property=\"og:image:type\" content=\"image\/png\" \/>\n<meta name=\"twitter:card\" content=\"summary_large_image\" \/>\n<meta name=\"twitter:label1\" content=\"Szacowany czas czytania\" \/>\n\t<meta name=\"twitter:data1\" content=\"2 minuty\" \/>\n<script type=\"application\/ld+json\" class=\"yoast-schema-graph\">{\"@context\":\"https:\\\/\\\/schema.org\",\"@graph\":[{\"@type\":\"WebPage\",\"@id\":\"https:\\\/\\\/www.smagapaperwood.com\\\/produkt\\\/horse-head-papercraft\\\/\",\"url\":\"https:\\\/\\\/www.smagapaperwood.com\\\/produkt\\\/horse-head-papercraft\\\/\",\"name\":\"Horse head: 3d papercraft, paper sculpture. - SmagaPaperwood\",\"isPartOf\":{\"@id\":\"https:\\\/\\\/www.smagapaperwood.com\\\/#website\"},\"primaryImageOfPage\":{\"@id\":\"https:\\\/\\\/www.smagapaperwood.com\\\/produkt\\\/horse-head-papercraft\\\/#primaryimage\"},\"image\":{\"@id\":\"https:\\\/\\\/www.smagapaperwood.com\\\/produkt\\\/horse-head-papercraft\\\/#primaryimage\"},\"thumbnailUrl\":\"https:\\\/\\\/i0.wp.com\\\/www.smagapaperwood.com\\\/wp-content\\\/uploads\\\/2023\\\/06\\\/SmagaPaperwood-Digital-Files.png?fit=1500%2C1500&ssl=1\",\"datePublished\":\"2023-06-30T10:55:15+00:00\",\"dateModified\":\"2025-02-24T15:10:24+00:00\",\"breadcrumb\":{\"@id\":\"https:\\\/\\\/www.smagapaperwood.com\\\/produkt\\\/horse-head-papercraft\\\/#breadcrumb\"},\"inLanguage\":\"pl-PL\",\"potentialAction\":[{\"@type\":\"ReadAction\",\"target\":[\"https:\\\/\\\/www.smagapaperwood.com\\\/produkt\\\/horse-head-papercraft\\\/\"]}]},{\"@type\":\"ImageObject\",\"inLanguage\":\"pl-PL\",\"@id\":\"https:\\\/\\\/www.smagapaperwood.com\\\/produkt\\\/horse-head-papercraft\\\/#primaryimage\",\"url\":\"https:\\\/\\\/i0.wp.com\\\/www.smagapaperwood.com\\\/wp-content\\\/uploads\\\/2023\\\/06\\\/SmagaPaperwood-Digital-Files.png?fit=1500%2C1500&ssl=1\",\"contentUrl\":\"https:\\\/\\\/i0.wp.com\\\/www.smagapaperwood.com\\\/wp-content\\\/uploads\\\/2023\\\/06\\\/SmagaPaperwood-Digital-Files.png?fit=1500%2C1500&ssl=1\",\"width\":1500,\"height\":1500},{\"@type\":\"BreadcrumbList\",\"@id\":\"https:\\\/\\\/www.smagapaperwood.com\\\/produkt\\\/horse-head-papercraft\\\/#breadcrumb\",\"itemListElement\":[{\"@type\":\"ListItem\",\"position\":1,\"name\":\"Strona g\u0142\u00f3wna\",\"item\":\"https:\\\/\\\/www.smagapaperwood.com\\\/\"},{\"@type\":\"ListItem\",\"position\":2,\"name\":\"Shop\",\"item\":\"https:\\\/\\\/www.smagapaperwood.com\\\/shop-papercrafts\\\/\"},{\"@type\":\"ListItem\",\"position\":3,\"name\":\"Horse head: 3d papercraft, paper sculpture.\"}]},{\"@type\":\"WebSite\",\"@id\":\"https:\\\/\\\/www.smagapaperwood.com\\\/#website\",\"url\":\"https:\\\/\\\/www.smagapaperwood.com\\\/\",\"name\":\"SmagaPaperwood\",\"description\":\"Papercraft &amp; Paper Masks Design, Easy DIY Craft Ideas.\",\"publisher\":{\"@id\":\"https:\\\/\\\/www.smagapaperwood.com\\\/#organization\"},\"potentialAction\":[{\"@type\":\"SearchAction\",\"target\":{\"@type\":\"EntryPoint\",\"urlTemplate\":\"https:\\\/\\\/www.smagapaperwood.com\\\/?s={search_term_string}\"},\"query-input\":{\"@type\":\"PropertyValueSpecification\",\"valueRequired\":true,\"valueName\":\"search_term_string\"}}],\"inLanguage\":\"pl-PL\"},{\"@type\":\"Organization\",\"@id\":\"https:\\\/\\\/www.smagapaperwood.com\\\/#organization\",\"name\":\"SmagaPaperwood\",\"url\":\"https:\\\/\\\/www.smagapaperwood.com\\\/\",\"logo\":{\"@type\":\"ImageObject\",\"inLanguage\":\"pl-PL\",\"@id\":\"https:\\\/\\\/www.smagapaperwood.com\\\/#\\\/schema\\\/logo\\\/image\\\/\",\"url\":\"https:\\\/\\\/i0.wp.com\\\/www.smagapaperwood.com\\\/wp-content\\\/uploads\\\/2023\\\/06\\\/logo-black.jpg?fit=1053%2C387&ssl=1\",\"contentUrl\":\"https:\\\/\\\/i0.wp.com\\\/www.smagapaperwood.com\\\/wp-content\\\/uploads\\\/2023\\\/06\\\/logo-black.jpg?fit=1053%2C387&ssl=1\",\"width\":1053,\"height\":387,\"caption\":\"SmagaPaperwood\"},\"image\":{\"@id\":\"https:\\\/\\\/www.smagapaperwood.com\\\/#\\\/schema\\\/logo\\\/image\\\/\"},\"sameAs\":[\"https:\\\/\\\/www.facebook.com\\\/SmagaPaperWood\",\"https:\\\/\\\/www.instagram.com\\\/smagapaperwood\\\/\"]}]}<\/script>\n<!-- \/ Yoast SEO plugin. -->","yoast_head_json":{"title":"Horse head: 3d papercraft, paper sculpture. - SmagaPaperwood","robots":{"index":"index","follow":"follow","max-snippet":"max-snippet:-1","max-image-preview":"max-image-preview:large","max-video-preview":"max-video-preview:-1"},"canonical":"https:\/\/www.smagapaperwood.com\/pl\/produkt\/horse-head-papercraft\/","og_locale":"pl_PL","og_type":"article","og_title":"Horse head: 3d papercraft, paper sculpture. - SmagaPaperwood","og_description":"Paper animal template. PDF file.  DIGITAL DOWNLOAD","og_url":"https:\/\/www.smagapaperwood.com\/pl\/produkt\/horse-head-papercraft\/","og_site_name":"SmagaPaperwood","article_publisher":"https:\/\/www.facebook.com\/SmagaPaperWood","article_modified_time":"2025-02-24T15:10:24+00:00","og_image":[{"width":1500,"height":1500,"url":"https:\/\/www.smagapaperwood.com\/wp-content\/uploads\/2023\/06\/SmagaPaperwood-Digital-Files.png","type":"image\/png"}],"twitter_card":"summary_large_image","twitter_misc":{"Szacowany czas czytania":"2 minuty"},"schema":{"@context":"https:\/\/schema.org","@graph":[{"@type":"WebPage","@id":"https:\/\/www.smagapaperwood.com\/produkt\/horse-head-papercraft\/","url":"https:\/\/www.smagapaperwood.com\/produkt\/horse-head-papercraft\/","name":"Horse head: 3d papercraft, paper sculpture. - SmagaPaperwood","isPartOf":{"@id":"https:\/\/www.smagapaperwood.com\/#website"},"primaryImageOfPage":{"@id":"https:\/\/www.smagapaperwood.com\/produkt\/horse-head-papercraft\/#primaryimage"},"image":{"@id":"https:\/\/www.smagapaperwood.com\/produkt\/horse-head-papercraft\/#primaryimage"},"thumbnailUrl":"https:\/\/i0.wp.com\/www.smagapaperwood.com\/wp-content\/uploads\/2023\/06\/SmagaPaperwood-Digital-Files.png?fit=1500%2C1500&ssl=1","datePublished":"2023-06-30T10:55:15+00:00","dateModified":"2025-02-24T15:10:24+00:00","breadcrumb":{"@id":"https:\/\/www.smagapaperwood.com\/produkt\/horse-head-papercraft\/#breadcrumb"},"inLanguage":"pl-PL","potentialAction":[{"@type":"ReadAction","target":["https:\/\/www.smagapaperwood.com\/produkt\/horse-head-papercraft\/"]}]},{"@type":"ImageObject","inLanguage":"pl-PL","@id":"https:\/\/www.smagapaperwood.com\/produkt\/horse-head-papercraft\/#primaryimage","url":"https:\/\/i0.wp.com\/www.smagapaperwood.com\/wp-content\/uploads\/2023\/06\/SmagaPaperwood-Digital-Files.png?fit=1500%2C1500&ssl=1","contentUrl":"https:\/\/i0.wp.com\/www.smagapaperwood.com\/wp-content\/uploads\/2023\/06\/SmagaPaperwood-Digital-Files.png?fit=1500%2C1500&ssl=1","width":1500,"height":1500},{"@type":"BreadcrumbList","@id":"https:\/\/www.smagapaperwood.com\/produkt\/horse-head-papercraft\/#breadcrumb","itemListElement":[{"@type":"ListItem","position":1,"name":"Strona g\u0142\u00f3wna","item":"https:\/\/www.smagapaperwood.com\/"},{"@type":"ListItem","position":2,"name":"Shop","item":"https:\/\/www.smagapaperwood.com\/shop-papercrafts\/"},{"@type":"ListItem","position":3,"name":"Horse head: 3d papercraft, paper sculpture."}]},{"@type":"WebSite","@id":"https:\/\/www.smagapaperwood.com\/#website","url":"https:\/\/www.smagapaperwood.com\/","name":"SmagaPaperwood","description":"Papercraft &amp; Paper Masks Design, Easy DIY Craft Ideas.","publisher":{"@id":"https:\/\/www.smagapaperwood.com\/#organization"},"potentialAction":[{"@type":"SearchAction","target":{"@type":"EntryPoint","urlTemplate":"https:\/\/www.smagapaperwood.com\/?s={search_term_string}"},"query-input":{"@type":"PropertyValueSpecification","valueRequired":true,"valueName":"search_term_string"}}],"inLanguage":"pl-PL"},{"@type":"Organization","@id":"https:\/\/www.smagapaperwood.com\/#organization","name":"SmagaPaperwood","url":"https:\/\/www.smagapaperwood.com\/","logo":{"@type":"ImageObject","inLanguage":"pl-PL","@id":"https:\/\/www.smagapaperwood.com\/#\/schema\/logo\/image\/","url":"https:\/\/i0.wp.com\/www.smagapaperwood.com\/wp-content\/uploads\/2023\/06\/logo-black.jpg?fit=1053%2C387&ssl=1","contentUrl":"https:\/\/i0.wp.com\/www.smagapaperwood.com\/wp-content\/uploads\/2023\/06\/logo-black.jpg?fit=1053%2C387&ssl=1","width":1053,"height":387,"caption":"SmagaPaperwood"},"image":{"@id":"https:\/\/www.smagapaperwood.com\/#\/schema\/logo\/image\/"},"sameAs":["https:\/\/www.facebook.com\/SmagaPaperWood","https:\/\/www.instagram.com\/smagapaperwood\/"]}]}},"_links":{"self":[{"href":"https:\/\/www.smagapaperwood.com\/pl\/wp-json\/wp\/v2\/product\/855","targetHints":{"allow":["GET"]}}],"collection":[{"href":"https:\/\/www.smagapaperwood.com\/pl\/wp-json\/wp\/v2\/product"}],"about":[{"href":"https:\/\/www.smagapaperwood.com\/pl\/wp-json\/wp\/v2\/types\/product"}],"wp:featuredmedia":[{"embeddable":true,"href":"https:\/\/www.smagapaperwood.com\/pl\/wp-json\/wp\/v2\/media\/1774"}],"wp:attachment":[{"href":"https:\/\/www.smagapaperwood.com\/pl\/wp-json\/wp\/v2\/media?parent=855"}],"wp:term":[{"taxonomy":"product_brand","embeddable":true,"href":"https:\/\/www.smagapaperwood.com\/pl\/wp-json\/wp\/v2\/product_brand?post=855"},{"taxonomy":"product_cat","embeddable":true,"href":"https:\/\/www.smagapaperwood.com\/pl\/wp-json\/wp\/v2\/product_cat?post=855"},{"taxonomy":"product_tag","embeddable":true,"href":"https:\/\/www.smagapaperwood.com\/pl\/wp-json\/wp\/v2\/product_tag?post=855"}],"curies":[{"name":"wp","href":"https:\/\/api.w.org\/{rel}","templated":true}]}}